{"id":13948,"date":"2025-04-14T03:34:14","date_gmt":"2025-04-14T01:34:14","guid":{"rendered":"https:\/\/www.hutter.nl\/home-1\/"},"modified":"2025-10-13T09:46:07","modified_gmt":"2025-10-13T07:46:07","slug":"home-1","status":"publish","type":"page","link":"https:\/\/www.hutter.nl\/en\/","title":{"rendered":"HOME"},"content":{"rendered":"<div class=\"row \"><\/div>\n<h1><em><span class=\"zn-fontweight\">WELCOME TO H\u00dcTTER SAFETY &#8211; YOUR SPECIALIST IN FALL PROTECTION<\/span><\/em><\/h1>\n<section id=\"eluid92b5d9e1\" class=\"zn_section eluid92b5d9e1 section-sidemargins section--no \">\n<div class=\"zn_section_size container zn-section-height--auto zn-section-content_algn--top \">\n<div class=\"row \">\n<div id=\"eluidbc1dfab8\" class=\"eluidbc1dfab8 col-md-12 col-sm-8 col-xs-12 znColumnElement\">\n<div class=\"znColumnElement-innerWrapper-eluidbc1dfab8 znColumnElement-innerWrapper znColumnElement-innerWrapper--valign-top znColumnElement-innerWrapper--halign-left \">\n<div class=\"znColumnElement-innerContent\">\n<div class=\"zn_text_box eluidac7ab5d0 zn_text_box-light element-scheme--light\">\n<p>H\u00fctter Safety, the trade name of H\u00fctter Veiligheid B.V. and H\u00fctter Safety International (export), is a family-owned company founded in 1909. Originally established as an optical business with retail stores, we later shifted our focus to safety glasses and personal protective equipment (PPE). For over 50 years, ensuring safe working conditions has been at the core of our mission. We specialize in fall protection and develop lifeline systems for both horizontal and vertical applications, known as our proprietary product line &#8220;Scope&#8221;. With our extensive knowledge and experience, we set ourselves apart by delivering exceptional products and service.<\/p>\n<\/div>\n<\/div>\n<\/div>\n<\/div>\n<\/div>\n<\/div>\n<\/section>\n<div class=\"row \"><\/div>\n","protected":false},"excerpt":{"rendered":"<p>WELCOME TO H\u00dcTTER SAFETY &#8211; YOUR SPECIALIST IN FALL PROTECTION H\u00fctter Safety, the trade name of H\u00fctter Veiligheid B.V. and H\u00fctter Safety International (export), is a family-owned company founded in 1909. Originally established as an optical business with retail stores, we later shifted our focus to safety glasses and personal protective equipment (PPE). For over<\/p>\n","protected":false},"author":882,"featured_media":0,"parent":0,"menu_order":0,"comment_status":"closed","ping_status":"closed","template":"","meta":{"footnotes":""},"class_list":["post-13948","page","type-page","status-publish","hentry","prodpage-classic"],"yoast_head":"<!-- This site is optimized with the Yoast SEO plugin v27.4 - https:\/\/yoast.com\/product\/yoast-seo-wordpress\/ -->\n<title>H\u00fctter Safety \u2013 Supplier and specialist in fall protection since 1909.<\/title>\n<meta name=\"description\" content=\"H\u00fctter Safety is a specialized manufacturer and supplier of fall protection systems and PPE. Our mission is to ensure safe working conditions for all your employees.\" \/>\n<meta name=\"robots\" content=\"index, follow, max-snippet:-1, max-image-preview:large, max-video-preview:-1\" \/>\n<link rel=\"canonical\" href=\"https:\/\/www.hutter.nl\/en\/\" \/>\n<meta property=\"og:locale\" content=\"en_US\" \/>\n<meta property=\"og:type\" content=\"article\" \/>\n<meta property=\"og:title\" content=\"H\u00fctter Safety \u2013 Supplier and specialist in fall protection since 1909.\" \/>\n<meta property=\"og:description\" content=\"H\u00fctter Safety is a specialized manufacturer and supplier of fall protection systems and PPE. Our mission is to ensure safe working conditions for all your employees.\" \/>\n<meta property=\"og:url\" content=\"https:\/\/www.hutter.nl\/en\/\" \/>\n<meta property=\"og:site_name\" content=\"H\u00fctter Veiligheid B.V.\" \/>\n<meta property=\"article:modified_time\" content=\"2025-10-13T07:46:07+00:00\" \/>\n<meta name=\"twitter:card\" content=\"summary_large_image\" \/>\n<meta name=\"twitter:site\" content=\"@hutter_safety\" \/>\n<meta name=\"twitter:label1\" content=\"Est. reading time\" \/>\n\t<meta name=\"twitter:data1\" content=\"1 minute\" \/>\n<script type=\"application\/ld+json\" class=\"yoast-schema-graph\">{\"@context\":\"https:\\\/\\\/schema.org\",\"@graph\":[{\"@type\":\"WebPage\",\"@id\":\"https:\\\/\\\/www.hutter.nl\\\/en\\\/\",\"url\":\"https:\\\/\\\/www.hutter.nl\\\/en\\\/\",\"name\":\"H\u00fctter Safety \u2013 Supplier and specialist in fall protection since 1909.\",\"isPartOf\":{\"@id\":\"https:\\\/\\\/www.hutter.nl\\\/#website\"},\"datePublished\":\"2025-04-14T01:34:14+00:00\",\"dateModified\":\"2025-10-13T07:46:07+00:00\",\"description\":\"H\u00fctter Safety is a specialized manufacturer and supplier of fall protection systems and PPE. Our mission is to ensure safe working conditions for all your employees.\",\"breadcrumb\":{\"@id\":\"https:\\\/\\\/www.hutter.nl\\\/en\\\/#breadcrumb\"},\"inLanguage\":\"en-US\",\"potentialAction\":[{\"@type\":\"ReadAction\",\"target\":[\"https:\\\/\\\/www.hutter.nl\\\/en\\\/\"]}]},{\"@type\":\"BreadcrumbList\",\"@id\":\"https:\\\/\\\/www.hutter.nl\\\/en\\\/#breadcrumb\",\"itemListElement\":[{\"@type\":\"ListItem\",\"position\":1,\"name\":\"Home\",\"item\":\"https:\\\/\\\/www.hutter.nl\\\/en\\\/\"},{\"@type\":\"ListItem\",\"position\":2,\"name\":\"HOME\"}]},{\"@type\":\"WebSite\",\"@id\":\"https:\\\/\\\/www.hutter.nl\\\/#website\",\"url\":\"https:\\\/\\\/www.hutter.nl\\\/\",\"name\":\"H\u00fctter Safety\",\"description\":\"Specialist in arbeidsveiligheid sinds 1909\",\"publisher\":{\"@id\":\"https:\\\/\\\/www.hutter.nl\\\/#organization\"},\"potentialAction\":[{\"@type\":\"SearchAction\",\"target\":{\"@type\":\"EntryPoint\",\"urlTemplate\":\"https:\\\/\\\/www.hutter.nl\\\/?s={search_term_string}\"},\"query-input\":{\"@type\":\"PropertyValueSpecification\",\"valueRequired\":true,\"valueName\":\"search_term_string\"}}],\"inLanguage\":\"en-US\"},{\"@type\":\"Organization\",\"@id\":\"https:\\\/\\\/www.hutter.nl\\\/#organization\",\"name\":\"H\u00fctter Veiligheid B.V.\",\"url\":\"https:\\\/\\\/www.hutter.nl\\\/\",\"logo\":{\"@type\":\"ImageObject\",\"inLanguage\":\"en-US\",\"@id\":\"https:\\\/\\\/www.hutter.nl\\\/#\\\/schema\\\/logo\\\/image\\\/\",\"url\":\"https:\\\/\\\/www.hutter.nl\\\/wp-content\\\/uploads\\\/2016\\\/10\\\/Hutter_Veiligheid_logo-email.png\",\"contentUrl\":\"https:\\\/\\\/www.hutter.nl\\\/wp-content\\\/uploads\\\/2016\\\/10\\\/Hutter_Veiligheid_logo-email.png\",\"width\":150,\"height\":104,\"caption\":\"H\u00fctter Veiligheid B.V.\"},\"image\":{\"@id\":\"https:\\\/\\\/www.hutter.nl\\\/#\\\/schema\\\/logo\\\/image\\\/\"},\"sameAs\":[\"https:\\\/\\\/x.com\\\/hutter_safety\",\"https:\\\/\\\/www.linkedin.com\\\/company\\\/h\u00fctter-veiligheid-bv?trk=company_logo\"]}]}<\/script>\n<!-- \/ Yoast SEO plugin. -->","yoast_head_json":{"title":"H\u00fctter Safety \u2013 Supplier and specialist in fall protection since 1909.","description":"H\u00fctter Safety is a specialized manufacturer and supplier of fall protection systems and PPE. Our mission is to ensure safe working conditions for all your employees.","robots":{"index":"index","follow":"follow","max-snippet":"max-snippet:-1","max-image-preview":"max-image-preview:large","max-video-preview":"max-video-preview:-1"},"canonical":"https:\/\/www.hutter.nl\/en\/","og_locale":"en_US","og_type":"article","og_title":"H\u00fctter Safety \u2013 Supplier and specialist in fall protection since 1909.","og_description":"H\u00fctter Safety is a specialized manufacturer and supplier of fall protection systems and PPE. Our mission is to ensure safe working conditions for all your employees.","og_url":"https:\/\/www.hutter.nl\/en\/","og_site_name":"H\u00fctter Veiligheid B.V.","article_modified_time":"2025-10-13T07:46:07+00:00","twitter_card":"summary_large_image","twitter_site":"@hutter_safety","twitter_misc":{"Est. reading time":"1 minute"},"schema":{"@context":"https:\/\/schema.org","@graph":[{"@type":"WebPage","@id":"https:\/\/www.hutter.nl\/en\/","url":"https:\/\/www.hutter.nl\/en\/","name":"H\u00fctter Safety \u2013 Supplier and specialist in fall protection since 1909.","isPartOf":{"@id":"https:\/\/www.hutter.nl\/#website"},"datePublished":"2025-04-14T01:34:14+00:00","dateModified":"2025-10-13T07:46:07+00:00","description":"H\u00fctter Safety is a specialized manufacturer and supplier of fall protection systems and PPE. Our mission is to ensure safe working conditions for all your employees.","breadcrumb":{"@id":"https:\/\/www.hutter.nl\/en\/#breadcrumb"},"inLanguage":"en-US","potentialAction":[{"@type":"ReadAction","target":["https:\/\/www.hutter.nl\/en\/"]}]},{"@type":"BreadcrumbList","@id":"https:\/\/www.hutter.nl\/en\/#breadcrumb","itemListElement":[{"@type":"ListItem","position":1,"name":"Home","item":"https:\/\/www.hutter.nl\/en\/"},{"@type":"ListItem","position":2,"name":"HOME"}]},{"@type":"WebSite","@id":"https:\/\/www.hutter.nl\/#website","url":"https:\/\/www.hutter.nl\/","name":"H\u00fctter Safety","description":"Specialist in arbeidsveiligheid sinds 1909","publisher":{"@id":"https:\/\/www.hutter.nl\/#organization"},"potentialAction":[{"@type":"SearchAction","target":{"@type":"EntryPoint","urlTemplate":"https:\/\/www.hutter.nl\/?s={search_term_string}"},"query-input":{"@type":"PropertyValueSpecification","valueRequired":true,"valueName":"search_term_string"}}],"inLanguage":"en-US"},{"@type":"Organization","@id":"https:\/\/www.hutter.nl\/#organization","name":"H\u00fctter Veiligheid B.V.","url":"https:\/\/www.hutter.nl\/","logo":{"@type":"ImageObject","inLanguage":"en-US","@id":"https:\/\/www.hutter.nl\/#\/schema\/logo\/image\/","url":"https:\/\/www.hutter.nl\/wp-content\/uploads\/2016\/10\/Hutter_Veiligheid_logo-email.png","contentUrl":"https:\/\/www.hutter.nl\/wp-content\/uploads\/2016\/10\/Hutter_Veiligheid_logo-email.png","width":150,"height":104,"caption":"H\u00fctter Veiligheid B.V."},"image":{"@id":"https:\/\/www.hutter.nl\/#\/schema\/logo\/image\/"},"sameAs":["https:\/\/x.com\/hutter_safety","https:\/\/www.linkedin.com\/company\/h\u00fctter-veiligheid-bv?trk=company_logo"]}]}},"_links":{"self":[{"href":"https:\/\/www.hutter.nl\/en\/wp-json\/wp\/v2\/pages\/13948","targetHints":{"allow":["GET"]}}],"collection":[{"href":"https:\/\/www.hutter.nl\/en\/wp-json\/wp\/v2\/pages"}],"about":[{"href":"https:\/\/www.hutter.nl\/en\/wp-json\/wp\/v2\/types\/page"}],"author":[{"embeddable":true,"href":"https:\/\/www.hutter.nl\/en\/wp-json\/wp\/v2\/users\/882"}],"replies":[{"embeddable":true,"href":"https:\/\/www.hutter.nl\/en\/wp-json\/wp\/v2\/comments?post=13948"}],"version-history":[{"count":5,"href":"https:\/\/www.hutter.nl\/en\/wp-json\/wp\/v2\/pages\/13948\/revisions"}],"predecessor-version":[{"id":14947,"href":"https:\/\/www.hutter.nl\/en\/wp-json\/wp\/v2\/pages\/13948\/revisions\/14947"}],"wp:attachment":[{"href":"https:\/\/www.hutter.nl\/en\/wp-json\/wp\/v2\/media?parent=13948"}],"curies":[{"name":"wp","href":"https:\/\/api.w.org\/{rel}","templated":true}]}}