{"id":13953,"date":"2025-04-14T03:44:53","date_gmt":"2025-04-14T01:44:53","guid":{"rendered":"https:\/\/www.hutter.nl\/privacy-statement\/"},"modified":"2025-04-14T03:50:03","modified_gmt":"2025-04-14T01:50:03","slug":"privacy-statement","status":"publish","type":"page","link":"https:\/\/www.hutter.nl\/en\/privacy-statement\/","title":{"rendered":"PRIVACY STATEMENT"},"content":{"rendered":"<div class=\"row \">\n<div class=\"col-sm-6\">\n<p>H\u00fctter Safety is committed to protecting personal data. Every effort is made to keep the personal data of the individuals involved confidential. By keeping the privacy policy transparent, H\u00fctter Safety expects to improve its services. Please take the time to read the policy and understand how personal information is handled.<\/p>\n<p>H\u00fctter Safety collects information through visits to and the use of its website(s) in order to provide excellent customer service, make products and services easily accessible, and ensure the proper alignment of the product range with customer preferences.<\/p>\n<p>H\u00fctter Safety uses the personal data of the individuals involved to provide them with information about the latest products, special offers, and other materials that may be of interest to them. From time to time, personal information may be used to invite participation in market research, which results in improved customer satisfaction and the development of better products and services.<\/p>\n<p>There are various methods for collecting personal data and storing it in H\u00fctter Safety&#8217;s (electronic) database. For example, information is requested when individuals contact us, call to make a purchase, or register for a seminar via an application.<\/p>\n<p>Information is also collected when a purchased product is registered using a warranty card or by subscribing to the email newsletter. The data is only used by H\u00fctter Safety and will only be made available to third parties in exceptional cases, as outlined below. H\u00fctter Safety collaborates with other companies to provide products, information, and services. Personal information may be shared with carriers or agents to facilitate efficient product transportation. This information is solely intended for transportation and delivery purposes. These companies are required to ensure that the personal information shared is protected in accordance with H\u00fctter Safety&#8217;s policy.<\/p>\n<p>H\u00fctter Safety may be required by law or legal proceedings to disclose stored personal data. Information may also be disclosed if H\u00fctter Safety deems it necessary in the interest of public welfare.<\/p>\n<p>H\u00fctter Safety protects data through physical, electronic, and administrative procedures. However, individuals should be aware that in some cases, data may be received through unsecured sources, such as response cards without envelopes or unsecured online application forms.<\/p>\n<p>Anyone whose personal information has been stored by H\u00fctter Safety has the right to request access to the database containing their personal data. To obtain access, an email must be sent to info@hutter.nl<\/p>\n<p>The H\u00fctter website can be visited anonymously. In principle, no information is collected through website visits or email addresses. However, the visitor&#8217;s browser provides information about the type of computer and operating system used.<\/p>\n<p>Like many other, the H\u00fctter website uses &#8220;cookie technology&#8221;. When the website is visited for the first time, the cookie assigns the visitor&#8217;s browser a unique, randomly generated number. The cookie used do not provide any personal information about the visitor. They indicate which parts of the H\u00fctter Safety website are most popular, where visitors navigate, and how long they stay. Cookies are used to analyze traffic patterns on the site to improve its functionality.<\/p>\n<p>Some emails contain a &#8220;click-through URL.&#8221; When this URL is clicked, the user is directed to the intended location on the H\u00fctter Safety website. These clicks movements are tracked to measure the effectiveness of customer communication and to determine which topics are of interest to them.<\/p>\n<p>To ensure that personal information remains confidential, every H\u00fctter Safety employee is aware of these privacy guidelines. The H\u00fctter Safety website contains links to other sites. H\u00fctter Safety does not share information with these websites and is not responsible for their privacy policies. H\u00fctter Safety encourages users to familiarize themselves with the privacy policies of those companies.<\/p>\n<p>If H\u00fctter Safety uses personal data for purposes other than initially \u00a0stated, individuals will be contacted at the most recent email adress on record. H\u00fctter Safety will not reach out without prior consent. Personal data will not be used for purposes not specified in this privacy policy. H\u00fctter Safety&#8217;s privacy policy regarding the protection of customer personal data is subject to change at any time. We recommend regularly reviewing the privacy policy for any updates.<\/p>\n<\/div>\n<\/div>\n","protected":false},"excerpt":{"rendered":"","protected":false},"author":14,"featured_media":0,"parent":0,"menu_order":0,"comment_status":"closed","ping_status":"closed","template":"","meta":{"footnotes":""},"class_list":["post-13953","page","type-page","status-publish","hentry","prodpage-classic"],"yoast_head":"<!-- This site is optimized with the Yoast SEO plugin v27.4 - https:\/\/yoast.com\/product\/yoast-seo-wordpress\/ -->\n<title>PRIVACY STATEMENT - H\u00fctter Veiligheid B.V.<\/title>\n<meta name=\"robots\" content=\"noindex, follow\" \/>\n<meta property=\"og:locale\" content=\"en_US\" \/>\n<meta property=\"og:type\" content=\"article\" \/>\n<meta property=\"og:title\" content=\"PRIVACY STATEMENT - H\u00fctter Veiligheid B.V.\" \/>\n<meta property=\"og:url\" content=\"https:\/\/www.hutter.nl\/en\/privacy-statement\/\" \/>\n<meta property=\"og:site_name\" content=\"H\u00fctter Veiligheid B.V.\" \/>\n<meta property=\"article:modified_time\" content=\"2025-04-14T01:50:03+00:00\" \/>\n<meta name=\"twitter:card\" content=\"summary_large_image\" \/>\n<meta name=\"twitter:site\" content=\"@hutter_safety\" \/>\n<meta name=\"twitter:label1\" content=\"Est. reading time\" \/>\n\t<meta name=\"twitter:data1\" content=\"4 minutes\" \/>\n<script type=\"application\/ld+json\" class=\"yoast-schema-graph\">{\"@context\":\"https:\\\/\\\/schema.org\",\"@graph\":[{\"@type\":\"WebPage\",\"@id\":\"https:\\\/\\\/www.hutter.nl\\\/en\\\/privacy-statement\\\/\",\"url\":\"https:\\\/\\\/www.hutter.nl\\\/en\\\/privacy-statement\\\/\",\"name\":\"PRIVACY STATEMENT - H\u00fctter Veiligheid B.V.\",\"isPartOf\":{\"@id\":\"https:\\\/\\\/www.hutter.nl\\\/#website\"},\"datePublished\":\"2025-04-14T01:44:53+00:00\",\"dateModified\":\"2025-04-14T01:50:03+00:00\",\"breadcrumb\":{\"@id\":\"https:\\\/\\\/www.hutter.nl\\\/en\\\/privacy-statement\\\/#breadcrumb\"},\"inLanguage\":\"en-US\",\"potentialAction\":[{\"@type\":\"ReadAction\",\"target\":[\"https:\\\/\\\/www.hutter.nl\\\/en\\\/privacy-statement\\\/\"]}]},{\"@type\":\"BreadcrumbList\",\"@id\":\"https:\\\/\\\/www.hutter.nl\\\/en\\\/privacy-statement\\\/#breadcrumb\",\"itemListElement\":[{\"@type\":\"ListItem\",\"position\":1,\"name\":\"Home\",\"item\":\"https:\\\/\\\/www.hutter.nl\\\/en\\\/\"},{\"@type\":\"ListItem\",\"position\":2,\"name\":\"PRIVACY STATEMENT\"}]},{\"@type\":\"WebSite\",\"@id\":\"https:\\\/\\\/www.hutter.nl\\\/#website\",\"url\":\"https:\\\/\\\/www.hutter.nl\\\/\",\"name\":\"H\u00fctter Safety\",\"description\":\"Specialist in arbeidsveiligheid sinds 1909\",\"publisher\":{\"@id\":\"https:\\\/\\\/www.hutter.nl\\\/#organization\"},\"potentialAction\":[{\"@type\":\"SearchAction\",\"target\":{\"@type\":\"EntryPoint\",\"urlTemplate\":\"https:\\\/\\\/www.hutter.nl\\\/?s={search_term_string}\"},\"query-input\":{\"@type\":\"PropertyValueSpecification\",\"valueRequired\":true,\"valueName\":\"search_term_string\"}}],\"inLanguage\":\"en-US\"},{\"@type\":\"Organization\",\"@id\":\"https:\\\/\\\/www.hutter.nl\\\/#organization\",\"name\":\"H\u00fctter Veiligheid B.V.\",\"url\":\"https:\\\/\\\/www.hutter.nl\\\/\",\"logo\":{\"@type\":\"ImageObject\",\"inLanguage\":\"en-US\",\"@id\":\"https:\\\/\\\/www.hutter.nl\\\/#\\\/schema\\\/logo\\\/image\\\/\",\"url\":\"https:\\\/\\\/www.hutter.nl\\\/wp-content\\\/uploads\\\/2016\\\/10\\\/Hutter_Veiligheid_logo-email.png\",\"contentUrl\":\"https:\\\/\\\/www.hutter.nl\\\/wp-content\\\/uploads\\\/2016\\\/10\\\/Hutter_Veiligheid_logo-email.png\",\"width\":150,\"height\":104,\"caption\":\"H\u00fctter Veiligheid B.V.\"},\"image\":{\"@id\":\"https:\\\/\\\/www.hutter.nl\\\/#\\\/schema\\\/logo\\\/image\\\/\"},\"sameAs\":[\"https:\\\/\\\/x.com\\\/hutter_safety\",\"https:\\\/\\\/www.linkedin.com\\\/company\\\/h\u00fctter-veiligheid-bv?trk=company_logo\"]}]}<\/script>\n<!-- \/ Yoast SEO plugin. -->","yoast_head_json":{"title":"PRIVACY STATEMENT - H\u00fctter Veiligheid B.V.","robots":{"index":"noindex","follow":"follow"},"og_locale":"en_US","og_type":"article","og_title":"PRIVACY STATEMENT - H\u00fctter Veiligheid B.V.","og_url":"https:\/\/www.hutter.nl\/en\/privacy-statement\/","og_site_name":"H\u00fctter Veiligheid B.V.","article_modified_time":"2025-04-14T01:50:03+00:00","twitter_card":"summary_large_image","twitter_site":"@hutter_safety","twitter_misc":{"Est. reading time":"4 minutes"},"schema":{"@context":"https:\/\/schema.org","@graph":[{"@type":"WebPage","@id":"https:\/\/www.hutter.nl\/en\/privacy-statement\/","url":"https:\/\/www.hutter.nl\/en\/privacy-statement\/","name":"PRIVACY STATEMENT - H\u00fctter Veiligheid B.V.","isPartOf":{"@id":"https:\/\/www.hutter.nl\/#website"},"datePublished":"2025-04-14T01:44:53+00:00","dateModified":"2025-04-14T01:50:03+00:00","breadcrumb":{"@id":"https:\/\/www.hutter.nl\/en\/privacy-statement\/#breadcrumb"},"inLanguage":"en-US","potentialAction":[{"@type":"ReadAction","target":["https:\/\/www.hutter.nl\/en\/privacy-statement\/"]}]},{"@type":"BreadcrumbList","@id":"https:\/\/www.hutter.nl\/en\/privacy-statement\/#breadcrumb","itemListElement":[{"@type":"ListItem","position":1,"name":"Home","item":"https:\/\/www.hutter.nl\/en\/"},{"@type":"ListItem","position":2,"name":"PRIVACY STATEMENT"}]},{"@type":"WebSite","@id":"https:\/\/www.hutter.nl\/#website","url":"https:\/\/www.hutter.nl\/","name":"H\u00fctter Safety","description":"Specialist in arbeidsveiligheid sinds 1909","publisher":{"@id":"https:\/\/www.hutter.nl\/#organization"},"potentialAction":[{"@type":"SearchAction","target":{"@type":"EntryPoint","urlTemplate":"https:\/\/www.hutter.nl\/?s={search_term_string}"},"query-input":{"@type":"PropertyValueSpecification","valueRequired":true,"valueName":"search_term_string"}}],"inLanguage":"en-US"},{"@type":"Organization","@id":"https:\/\/www.hutter.nl\/#organization","name":"H\u00fctter Veiligheid B.V.","url":"https:\/\/www.hutter.nl\/","logo":{"@type":"ImageObject","inLanguage":"en-US","@id":"https:\/\/www.hutter.nl\/#\/schema\/logo\/image\/","url":"https:\/\/www.hutter.nl\/wp-content\/uploads\/2016\/10\/Hutter_Veiligheid_logo-email.png","contentUrl":"https:\/\/www.hutter.nl\/wp-content\/uploads\/2016\/10\/Hutter_Veiligheid_logo-email.png","width":150,"height":104,"caption":"H\u00fctter Veiligheid B.V."},"image":{"@id":"https:\/\/www.hutter.nl\/#\/schema\/logo\/image\/"},"sameAs":["https:\/\/x.com\/hutter_safety","https:\/\/www.linkedin.com\/company\/h\u00fctter-veiligheid-bv?trk=company_logo"]}]}},"_links":{"self":[{"href":"https:\/\/www.hutter.nl\/en\/wp-json\/wp\/v2\/pages\/13953","targetHints":{"allow":["GET"]}}],"collection":[{"href":"https:\/\/www.hutter.nl\/en\/wp-json\/wp\/v2\/pages"}],"about":[{"href":"https:\/\/www.hutter.nl\/en\/wp-json\/wp\/v2\/types\/page"}],"author":[{"embeddable":true,"href":"https:\/\/www.hutter.nl\/en\/wp-json\/wp\/v2\/users\/14"}],"replies":[{"embeddable":true,"href":"https:\/\/www.hutter.nl\/en\/wp-json\/wp\/v2\/comments?post=13953"}],"version-history":[{"count":4,"href":"https:\/\/www.hutter.nl\/en\/wp-json\/wp\/v2\/pages\/13953\/revisions"}],"predecessor-version":[{"id":13959,"href":"https:\/\/www.hutter.nl\/en\/wp-json\/wp\/v2\/pages\/13953\/revisions\/13959"}],"wp:attachment":[{"href":"https:\/\/www.hutter.nl\/en\/wp-json\/wp\/v2\/media?parent=13953"}],"curies":[{"name":"wp","href":"https:\/\/api.w.org\/{rel}","templated":true}]}}