{"id":14566,"date":"2025-06-23T14:32:43","date_gmt":"2025-06-23T12:32:43","guid":{"rendered":"https:\/\/www.hutter.nl\/catalogue\/uncategorized\/product\/scope-stainless-steel-cable-1x19\/"},"modified":"2025-12-04T15:49:53","modified_gmt":"2025-12-04T14:49:53","slug":"scope-stainless-steel-cable-1x19","status":"publish","type":"product","link":"https:\/\/www.hutter.nl\/en\/winkel\/products-en\/permanent-fall-protection\/heavy-duty-oh-systemen\/scope-stainless-steel-cable-1x19\/","title":{"rendered":"Scope Stainless Steel Cable 1&#215;19"},"content":{"rendered":"<p>The cable is available by the required number of meters or on a reel with a cable length of 250\u202fm or 500\u202fm.<\/p>\n<p>&nbsp;<\/p>\n<p><strong>\ud83d\udcc4 <a href=\"https:\/\/www.hutter.nl\/wp-content\/uploads\/2025\/10\/TS-ENG-Scope-Cable-1x19-2.5.1.pdf\" target=\"_blank\" rel=\"noopener\">Click here to view the technical datasheet.<\/a><\/strong><\/p>\n","protected":false},"excerpt":{"rendered":"<p>The Scope stainless steel cable 1\u00d719 reel forms the foundation of the Scope Heavy Duty (overhead) system. The 1\u00d719 stainless steel cable is suitable for crimping into the sleeves of the Tensioner and Fork Terminal, and for threading through the various Intermediates.<\/p>\n","protected":false},"featured_media":14561,"comment_status":"closed","ping_status":"closed","template":"","meta":[],"product_brand":[],"product_cat":[2835],"product_tag":[],"class_list":{"0":"post-14566","1":"product","2":"type-product","3":"status-publish","4":"has-post-thumbnail","6":"product_cat-heavy-duty-oh-systemen","8":"first","9":"instock","10":"shipping-taxable","11":"product-type-simple","12":"prodpage-classic"},"yoast_head":"<!-- This site is optimized with the Yoast SEO plugin v27.4 - https:\/\/yoast.com\/product\/yoast-seo-wordpress\/ -->\n<title>Scope Stainless Steel Cable 1x19 - H\u00fctter Veiligheid B.V.<\/title>\n<meta name=\"robots\" content=\"index, follow, max-snippet:-1, max-image-preview:large, max-video-preview:-1\" \/>\n<link rel=\"canonical\" href=\"https:\/\/www.hutter.nl\/en\/winkel\/products-en\/permanent-fall-protection\/heavy-duty-oh-systemen\/scope-stainless-steel-cable-1x19\/\" \/>\n<meta property=\"og:locale\" content=\"en_US\" \/>\n<meta property=\"og:type\" content=\"article\" \/>\n<meta property=\"og:title\" content=\"Scope Stainless Steel Cable 1x19 - H\u00fctter Veiligheid B.V.\" \/>\n<meta property=\"og:description\" content=\"The Scope stainless steel cable 1\u00d719 reel forms the foundation of the Scope Heavy Duty (overhead) system. The 1\u00d719 stainless steel cable is suitable for crimping into the sleeves of the Tensioner and Fork Terminal, and for threading through the various Intermediates.\" \/>\n<meta property=\"og:url\" content=\"https:\/\/www.hutter.nl\/en\/winkel\/products-en\/permanent-fall-protection\/heavy-duty-oh-systemen\/scope-stainless-steel-cable-1x19\/\" \/>\n<meta property=\"og:site_name\" content=\"H\u00fctter Veiligheid B.V.\" \/>\n<meta property=\"article:modified_time\" content=\"2025-12-04T14:49:53+00:00\" \/>\n<meta property=\"og:image\" content=\"https:\/\/www.hutter.nl\/wp-content\/uploads\/2025\/06\/Scope-rvs-kabel.png\" \/>\n\t<meta property=\"og:image:width\" content=\"600\" \/>\n\t<meta property=\"og:image:height\" content=\"312\" \/>\n\t<meta property=\"og:image:type\" content=\"image\/png\" \/>\n<meta name=\"twitter:card\" content=\"summary_large_image\" \/>\n<meta name=\"twitter:site\" content=\"@hutter_safety\" \/>\n<meta name=\"twitter:label1\" content=\"Est. reading time\" \/>\n\t<meta name=\"twitter:data1\" content=\"1 minute\" \/>\n<script type=\"application\/ld+json\" class=\"yoast-schema-graph\">{\"@context\":\"https:\\\/\\\/schema.org\",\"@graph\":[{\"@type\":\"WebPage\",\"@id\":\"https:\\\/\\\/www.hutter.nl\\\/en\\\/winkel\\\/products-en\\\/permanent-fall-protection\\\/heavy-duty-oh-systemen\\\/scope-stainless-steel-cable-1x19\\\/\",\"url\":\"https:\\\/\\\/www.hutter.nl\\\/en\\\/winkel\\\/products-en\\\/permanent-fall-protection\\\/heavy-duty-oh-systemen\\\/scope-stainless-steel-cable-1x19\\\/\",\"name\":\"Scope Stainless Steel Cable 1x19 - H\u00fctter Veiligheid B.V.\",\"isPartOf\":{\"@id\":\"https:\\\/\\\/www.hutter.nl\\\/#website\"},\"primaryImageOfPage\":{\"@id\":\"https:\\\/\\\/www.hutter.nl\\\/en\\\/winkel\\\/products-en\\\/permanent-fall-protection\\\/heavy-duty-oh-systemen\\\/scope-stainless-steel-cable-1x19\\\/#primaryimage\"},\"image\":{\"@id\":\"https:\\\/\\\/www.hutter.nl\\\/en\\\/winkel\\\/products-en\\\/permanent-fall-protection\\\/heavy-duty-oh-systemen\\\/scope-stainless-steel-cable-1x19\\\/#primaryimage\"},\"thumbnailUrl\":\"https:\\\/\\\/www.hutter.nl\\\/wp-content\\\/uploads\\\/2025\\\/06\\\/Scope-rvs-kabel.png\",\"datePublished\":\"2025-06-23T12:32:43+00:00\",\"dateModified\":\"2025-12-04T14:49:53+00:00\",\"breadcrumb\":{\"@id\":\"https:\\\/\\\/www.hutter.nl\\\/en\\\/winkel\\\/products-en\\\/permanent-fall-protection\\\/heavy-duty-oh-systemen\\\/scope-stainless-steel-cable-1x19\\\/#breadcrumb\"},\"inLanguage\":\"en-US\",\"potentialAction\":[{\"@type\":\"ReadAction\",\"target\":[\"https:\\\/\\\/www.hutter.nl\\\/en\\\/winkel\\\/products-en\\\/permanent-fall-protection\\\/heavy-duty-oh-systemen\\\/scope-stainless-steel-cable-1x19\\\/\"]}]},{\"@type\":\"ImageObject\",\"inLanguage\":\"en-US\",\"@id\":\"https:\\\/\\\/www.hutter.nl\\\/en\\\/winkel\\\/products-en\\\/permanent-fall-protection\\\/heavy-duty-oh-systemen\\\/scope-stainless-steel-cable-1x19\\\/#primaryimage\",\"url\":\"https:\\\/\\\/www.hutter.nl\\\/wp-content\\\/uploads\\\/2025\\\/06\\\/Scope-rvs-kabel.png\",\"contentUrl\":\"https:\\\/\\\/www.hutter.nl\\\/wp-content\\\/uploads\\\/2025\\\/06\\\/Scope-rvs-kabel.png\",\"width\":600,\"height\":312},{\"@type\":\"BreadcrumbList\",\"@id\":\"https:\\\/\\\/www.hutter.nl\\\/en\\\/winkel\\\/products-en\\\/permanent-fall-protection\\\/heavy-duty-oh-systemen\\\/scope-stainless-steel-cable-1x19\\\/#breadcrumb\",\"itemListElement\":[{\"@type\":\"ListItem\",\"position\":1,\"name\":\"Home\",\"item\":\"https:\\\/\\\/www.hutter.nl\\\/en\\\/\"},{\"@type\":\"ListItem\",\"position\":2,\"name\":\"Catalogue\",\"item\":\"https:\\\/\\\/www.hutter.nl\\\/winkel\\\/\"},{\"@type\":\"ListItem\",\"position\":3,\"name\":\"Scope Stainless Steel Cable 1&#215;19\"}]},{\"@type\":\"WebSite\",\"@id\":\"https:\\\/\\\/www.hutter.nl\\\/#website\",\"url\":\"https:\\\/\\\/www.hutter.nl\\\/\",\"name\":\"H\u00fctter Safety\",\"description\":\"Specialist in arbeidsveiligheid sinds 1909\",\"publisher\":{\"@id\":\"https:\\\/\\\/www.hutter.nl\\\/#organization\"},\"potentialAction\":[{\"@type\":\"SearchAction\",\"target\":{\"@type\":\"EntryPoint\",\"urlTemplate\":\"https:\\\/\\\/www.hutter.nl\\\/?s={search_term_string}\"},\"query-input\":{\"@type\":\"PropertyValueSpecification\",\"valueRequired\":true,\"valueName\":\"search_term_string\"}}],\"inLanguage\":\"en-US\"},{\"@type\":\"Organization\",\"@id\":\"https:\\\/\\\/www.hutter.nl\\\/#organization\",\"name\":\"H\u00fctter Veiligheid B.V.\",\"url\":\"https:\\\/\\\/www.hutter.nl\\\/\",\"logo\":{\"@type\":\"ImageObject\",\"inLanguage\":\"en-US\",\"@id\":\"https:\\\/\\\/www.hutter.nl\\\/#\\\/schema\\\/logo\\\/image\\\/\",\"url\":\"https:\\\/\\\/www.hutter.nl\\\/wp-content\\\/uploads\\\/2016\\\/10\\\/Hutter_Veiligheid_logo-email.png\",\"contentUrl\":\"https:\\\/\\\/www.hutter.nl\\\/wp-content\\\/uploads\\\/2016\\\/10\\\/Hutter_Veiligheid_logo-email.png\",\"width\":150,\"height\":104,\"caption\":\"H\u00fctter Veiligheid B.V.\"},\"image\":{\"@id\":\"https:\\\/\\\/www.hutter.nl\\\/#\\\/schema\\\/logo\\\/image\\\/\"},\"sameAs\":[\"https:\\\/\\\/x.com\\\/hutter_safety\",\"https:\\\/\\\/www.linkedin.com\\\/company\\\/h\u00fctter-veiligheid-bv?trk=company_logo\"]}]}<\/script>\n<!-- \/ Yoast SEO plugin. -->","yoast_head_json":{"title":"Scope Stainless Steel Cable 1x19 - H\u00fctter Veiligheid B.V.","robots":{"index":"index","follow":"follow","max-snippet":"max-snippet:-1","max-image-preview":"max-image-preview:large","max-video-preview":"max-video-preview:-1"},"canonical":"https:\/\/www.hutter.nl\/en\/winkel\/products-en\/permanent-fall-protection\/heavy-duty-oh-systemen\/scope-stainless-steel-cable-1x19\/","og_locale":"en_US","og_type":"article","og_title":"Scope Stainless Steel Cable 1x19 - H\u00fctter Veiligheid B.V.","og_description":"The Scope stainless steel cable 1\u00d719 reel forms the foundation of the Scope Heavy Duty (overhead) system. The 1\u00d719 stainless steel cable is suitable for crimping into the sleeves of the Tensioner and Fork Terminal, and for threading through the various Intermediates.","og_url":"https:\/\/www.hutter.nl\/en\/winkel\/products-en\/permanent-fall-protection\/heavy-duty-oh-systemen\/scope-stainless-steel-cable-1x19\/","og_site_name":"H\u00fctter Veiligheid B.V.","article_modified_time":"2025-12-04T14:49:53+00:00","og_image":[{"width":600,"height":312,"url":"https:\/\/www.hutter.nl\/wp-content\/uploads\/2025\/06\/Scope-rvs-kabel.png","type":"image\/png"}],"twitter_card":"summary_large_image","twitter_site":"@hutter_safety","twitter_misc":{"Est. reading time":"1 minute"},"schema":{"@context":"https:\/\/schema.org","@graph":[{"@type":"WebPage","@id":"https:\/\/www.hutter.nl\/en\/winkel\/products-en\/permanent-fall-protection\/heavy-duty-oh-systemen\/scope-stainless-steel-cable-1x19\/","url":"https:\/\/www.hutter.nl\/en\/winkel\/products-en\/permanent-fall-protection\/heavy-duty-oh-systemen\/scope-stainless-steel-cable-1x19\/","name":"Scope Stainless Steel Cable 1x19 - H\u00fctter Veiligheid B.V.","isPartOf":{"@id":"https:\/\/www.hutter.nl\/#website"},"primaryImageOfPage":{"@id":"https:\/\/www.hutter.nl\/en\/winkel\/products-en\/permanent-fall-protection\/heavy-duty-oh-systemen\/scope-stainless-steel-cable-1x19\/#primaryimage"},"image":{"@id":"https:\/\/www.hutter.nl\/en\/winkel\/products-en\/permanent-fall-protection\/heavy-duty-oh-systemen\/scope-stainless-steel-cable-1x19\/#primaryimage"},"thumbnailUrl":"https:\/\/www.hutter.nl\/wp-content\/uploads\/2025\/06\/Scope-rvs-kabel.png","datePublished":"2025-06-23T12:32:43+00:00","dateModified":"2025-12-04T14:49:53+00:00","breadcrumb":{"@id":"https:\/\/www.hutter.nl\/en\/winkel\/products-en\/permanent-fall-protection\/heavy-duty-oh-systemen\/scope-stainless-steel-cable-1x19\/#breadcrumb"},"inLanguage":"en-US","potentialAction":[{"@type":"ReadAction","target":["https:\/\/www.hutter.nl\/en\/winkel\/products-en\/permanent-fall-protection\/heavy-duty-oh-systemen\/scope-stainless-steel-cable-1x19\/"]}]},{"@type":"ImageObject","inLanguage":"en-US","@id":"https:\/\/www.hutter.nl\/en\/winkel\/products-en\/permanent-fall-protection\/heavy-duty-oh-systemen\/scope-stainless-steel-cable-1x19\/#primaryimage","url":"https:\/\/www.hutter.nl\/wp-content\/uploads\/2025\/06\/Scope-rvs-kabel.png","contentUrl":"https:\/\/www.hutter.nl\/wp-content\/uploads\/2025\/06\/Scope-rvs-kabel.png","width":600,"height":312},{"@type":"BreadcrumbList","@id":"https:\/\/www.hutter.nl\/en\/winkel\/products-en\/permanent-fall-protection\/heavy-duty-oh-systemen\/scope-stainless-steel-cable-1x19\/#breadcrumb","itemListElement":[{"@type":"ListItem","position":1,"name":"Home","item":"https:\/\/www.hutter.nl\/en\/"},{"@type":"ListItem","position":2,"name":"Catalogue","item":"https:\/\/www.hutter.nl\/winkel\/"},{"@type":"ListItem","position":3,"name":"Scope Stainless Steel Cable 1&#215;19"}]},{"@type":"WebSite","@id":"https:\/\/www.hutter.nl\/#website","url":"https:\/\/www.hutter.nl\/","name":"H\u00fctter Safety","description":"Specialist in arbeidsveiligheid sinds 1909","publisher":{"@id":"https:\/\/www.hutter.nl\/#organization"},"potentialAction":[{"@type":"SearchAction","target":{"@type":"EntryPoint","urlTemplate":"https:\/\/www.hutter.nl\/?s={search_term_string}"},"query-input":{"@type":"PropertyValueSpecification","valueRequired":true,"valueName":"search_term_string"}}],"inLanguage":"en-US"},{"@type":"Organization","@id":"https:\/\/www.hutter.nl\/#organization","name":"H\u00fctter Veiligheid B.V.","url":"https:\/\/www.hutter.nl\/","logo":{"@type":"ImageObject","inLanguage":"en-US","@id":"https:\/\/www.hutter.nl\/#\/schema\/logo\/image\/","url":"https:\/\/www.hutter.nl\/wp-content\/uploads\/2016\/10\/Hutter_Veiligheid_logo-email.png","contentUrl":"https:\/\/www.hutter.nl\/wp-content\/uploads\/2016\/10\/Hutter_Veiligheid_logo-email.png","width":150,"height":104,"caption":"H\u00fctter Veiligheid B.V."},"image":{"@id":"https:\/\/www.hutter.nl\/#\/schema\/logo\/image\/"},"sameAs":["https:\/\/x.com\/hutter_safety","https:\/\/www.linkedin.com\/company\/h\u00fctter-veiligheid-bv?trk=company_logo"]}]}},"_links":{"self":[{"href":"https:\/\/www.hutter.nl\/en\/wp-json\/wp\/v2\/product\/14566","targetHints":{"allow":["GET"]}}],"collection":[{"href":"https:\/\/www.hutter.nl\/en\/wp-json\/wp\/v2\/product"}],"about":[{"href":"https:\/\/www.hutter.nl\/en\/wp-json\/wp\/v2\/types\/product"}],"replies":[{"embeddable":true,"href":"https:\/\/www.hutter.nl\/en\/wp-json\/wp\/v2\/comments?post=14566"}],"wp:featuredmedia":[{"embeddable":true,"href":"https:\/\/www.hutter.nl\/en\/wp-json\/wp\/v2\/media\/14561"}],"wp:attachment":[{"href":"https:\/\/www.hutter.nl\/en\/wp-json\/wp\/v2\/media?parent=14566"}],"wp:term":[{"taxonomy":"product_brand","embeddable":true,"href":"https:\/\/www.hutter.nl\/en\/wp-json\/wp\/v2\/product_brand?post=14566"},{"taxonomy":"product_cat","embeddable":true,"href":"https:\/\/www.hutter.nl\/en\/wp-json\/wp\/v2\/product_cat?post=14566"},{"taxonomy":"product_tag","embeddable":true,"href":"https:\/\/www.hutter.nl\/en\/wp-json\/wp\/v2\/product_tag?post=14566"}],"curies":[{"name":"wp","href":"https:\/\/api.w.org\/{rel}","templated":true}]}}