{"id":14505,"date":"2025-06-18T12:34:45","date_gmt":"2025-06-18T10:34:45","guid":{"rendered":"https:\/\/www.hutter.nl\/inicio\/"},"modified":"2025-10-13T09:46:49","modified_gmt":"2025-10-13T07:46:49","slug":"inicio","status":"publish","type":"page","link":"https:\/\/www.hutter.nl\/es\/","title":{"rendered":"INICIO"},"content":{"rendered":"<p data-start=\"177\" data-end=\"186\"><strong data-start=\"177\" data-end=\"186\">row]<\/strong><\/p>\n<p data-start=\"188\" data-end=\"218\"><strong data-start=\"188\" data-end=\"218\">BIENVENIDO A H\u00dcTTER SAFETY<\/strong><\/p>\n<p data-start=\"220\" data-end=\"869\">H\u00fctter Safety, nombre comercial de H\u00fctter Veiligheid B.V. y H\u00fctter Safety International (exportaci\u00f3n), es una empresa familiar fundada en 1909. Originalmente comenzamos como una empresa de \u00f3ptica con tiendas f\u00edsicas, pero m\u00e1s adelante nos especializamos en gafas de seguridad y equipos de protecci\u00f3n individual (EPI). La seguridad laboral ha estado en el centro de nuestra misi\u00f3n durante m\u00e1s de 50 a\u00f1os. Estamos especializados en sistemas antica\u00eddas y desarrollamos l\u00edneas de vida tanto para uso horizontal como vertical. Gracias a nuestro profundo conocimiento y experiencia, nos distinguimos por ofrecer productos y servicios de excelente calidad.<\/p>\n<p data-start=\"871\" data-end=\"880\"><strong data-start=\"871\" data-end=\"880\"><div class=\"row \"><\/strong><\/p>\n<p data-start=\"882\" data-end=\"891\"><strong data-start=\"882\" data-end=\"891\"><div class=\"row \"><\/div><\/strong><\/p>\n<p data-start=\"893\" data-end=\"918\"><strong data-start=\"893\" data-end=\"918\">Nuestra gama incluye:<\/strong><\/p>\n<p data-start=\"920\" data-end=\"989\">\u2022 Protecci\u00f3n ocular con gafas de seguridad graduadas para el trabajo<\/p>\n<p data-start=\"991\" data-end=\"1062\">\u2022 Sistemas de protecci\u00f3n contra ca\u00eddas para trabajos seguros en altura<\/p>\n<p data-start=\"1064\" data-end=\"1158\">\u2022 EPIs para protecci\u00f3n antica\u00eddas, con una gama completa, asesoramiento y revisiones t\u00e9cnicas<\/p>\n<p data-start=\"1160\" data-end=\"1186\">\u2022 Protecci\u00f3n respiratoria<\/p>\n<p data-start=\"1188\" data-end=\"1230\">\u2022 Otros EPIs de varias marcas reconocidas<\/p>\n<p data-start=\"1232\" data-end=\"1241\"><strong data-start=\"1232\" data-end=\"1241\"><div class=\"row \"><\/div><\/strong><\/p>\n<p data-start=\"1243\" data-end=\"1287\">Consulta nuestra gama completa de productos.<\/p>\n<p data-start=\"1289\" data-end=\"1298\"><strong data-start=\"1289\" data-end=\"1298\"><div class=\"row \"><\/div><\/strong><\/p>\n<p data-start=\"1300\" data-end=\"1309\"><strong data-start=\"1300\" data-end=\"1309\"><div class=\"row \"><\/div><\/strong><\/p>\n<p data-start=\"1311\" data-end=\"1358\"><strong data-start=\"1311\" data-end=\"1358\">Sistemas antica\u00eddas integrados en edificios<\/strong><\/p>\n<p data-start=\"1360\" data-end=\"2112\">Fuimos uno de los primeros en el mercado de la protecci\u00f3n contra ca\u00eddas en realizar evaluaciones de riesgos (EVALUACIONES DE RIESGOS Y MEDIDAS \u2013 RI&amp;E) e instalar sistemas antica\u00eddas como l\u00edneas de vida, escaleras de jaula, escaleras de acceso y barandillas. Seguimos ofreciendo estos servicios, incluyendo inspecciones y certificaciones. En 2002, en colaboraci\u00f3n con la Universidad T\u00e9cnica de Delft (TU Delft), desarrollamos un nuevo sistema de protecci\u00f3n antica\u00eddas para cubiertas planas. Los primeros proyectos con este sistema se instalaron hace m\u00e1s de 13 a\u00f1os y siguen en perfecto estado y funcionamiento. El sistema se distingue en el mercado por su alt\u00edsima calidad, su capacidad de absorci\u00f3n de fuerzas de ca\u00edda y su impermeabilidad garantizada.<\/p>\n<p data-start=\"2114\" data-end=\"2198\">Nuestros productos de protecci\u00f3n antica\u00eddas Scope tambi\u00e9n se exportan al extranjero.<\/p>\n<p data-start=\"2200\" data-end=\"2210\"><strong data-start=\"2200\" data-end=\"2210\"><\/div><\/strong><\/p>\n","protected":false},"excerpt":{"rendered":"<p>row] BIENVENIDO A H\u00dcTTER SAFETY H\u00fctter Safety, nombre comercial de H\u00fctter Veiligheid B.V. y H\u00fctter Safety International (exportaci\u00f3n), es una empresa familiar fundada en 1909. Originalmente comenzamos como una empresa de \u00f3ptica con tiendas f\u00edsicas, pero m\u00e1s adelante nos especializamos en gafas de seguridad y equipos de protecci\u00f3n individual (EPI). La seguridad laboral ha estado<\/p>\n","protected":false},"author":882,"featured_media":0,"parent":0,"menu_order":0,"comment_status":"closed","ping_status":"closed","template":"","meta":{"footnotes":""},"class_list":["post-14505","page","type-page","status-publish","hentry","prodpage-classic"],"yoast_head":"<!-- This site is optimized with the Yoast SEO plugin v27.4 - https:\/\/yoast.com\/product\/yoast-seo-wordpress\/ -->\n<title>H\u00fctter Safety \u2013 Proveedor y especialista en seguridad laboral desde 1909<\/title>\n<meta name=\"description\" content=\"H\u00fctter Safety es un fabricante y proveedor especializado de EPI y sistemas de protecci\u00f3n antica\u00eddas. Nuestra misi\u00f3n es garantizar un entorno de trabajo seguro para todos sus empleados.\" \/>\n<meta name=\"robots\" content=\"index, follow, max-snippet:-1, max-image-preview:large, max-video-preview:-1\" \/>\n<link rel=\"canonical\" href=\"https:\/\/www.hutter.nl\/es\/\" \/>\n<meta property=\"og:locale\" content=\"es_ES\" \/>\n<meta property=\"og:type\" content=\"article\" \/>\n<meta property=\"og:title\" content=\"H\u00fctter Safety \u2013 Proveedor y especialista en seguridad laboral desde 1909\" \/>\n<meta property=\"og:description\" content=\"H\u00fctter Safety es un fabricante y proveedor especializado de EPI y sistemas de protecci\u00f3n antica\u00eddas. Nuestra misi\u00f3n es garantizar un entorno de trabajo seguro para todos sus empleados.\" \/>\n<meta property=\"og:url\" content=\"https:\/\/www.hutter.nl\/es\/\" \/>\n<meta property=\"og:site_name\" content=\"H\u00fctter Veiligheid B.V.\" \/>\n<meta property=\"article:modified_time\" content=\"2025-10-13T07:46:49+00:00\" \/>\n<meta name=\"twitter:card\" content=\"summary_large_image\" \/>\n<meta name=\"twitter:site\" content=\"@hutter_safety\" \/>\n<meta name=\"twitter:label1\" content=\"Tiempo de lectura\" \/>\n\t<meta name=\"twitter:data1\" content=\"2 minutos\" \/>\n<script type=\"application\/ld+json\" class=\"yoast-schema-graph\">{\"@context\":\"https:\\\/\\\/schema.org\",\"@graph\":[{\"@type\":\"WebPage\",\"@id\":\"https:\\\/\\\/www.hutter.nl\\\/es\\\/\",\"url\":\"https:\\\/\\\/www.hutter.nl\\\/es\\\/\",\"name\":\"H\u00fctter Safety \u2013 Proveedor y especialista en seguridad laboral desde 1909\",\"isPartOf\":{\"@id\":\"https:\\\/\\\/www.hutter.nl\\\/#website\"},\"datePublished\":\"2025-06-18T10:34:45+00:00\",\"dateModified\":\"2025-10-13T07:46:49+00:00\",\"description\":\"H\u00fctter Safety es un fabricante y proveedor especializado de EPI y sistemas de protecci\u00f3n antica\u00eddas. Nuestra misi\u00f3n es garantizar un entorno de trabajo seguro para todos sus empleados.\",\"breadcrumb\":{\"@id\":\"https:\\\/\\\/www.hutter.nl\\\/es\\\/#breadcrumb\"},\"inLanguage\":\"es\",\"potentialAction\":[{\"@type\":\"ReadAction\",\"target\":[\"https:\\\/\\\/www.hutter.nl\\\/es\\\/\"]}]},{\"@type\":\"BreadcrumbList\",\"@id\":\"https:\\\/\\\/www.hutter.nl\\\/es\\\/#breadcrumb\",\"itemListElement\":[{\"@type\":\"ListItem\",\"position\":1,\"name\":\"Home\",\"item\":\"https:\\\/\\\/www.hutter.nl\\\/es\\\/\"},{\"@type\":\"ListItem\",\"position\":2,\"name\":\"INICIO\"}]},{\"@type\":\"WebSite\",\"@id\":\"https:\\\/\\\/www.hutter.nl\\\/#website\",\"url\":\"https:\\\/\\\/www.hutter.nl\\\/\",\"name\":\"H\u00fctter Safety\",\"description\":\"Specialist in arbeidsveiligheid sinds 1909\",\"publisher\":{\"@id\":\"https:\\\/\\\/www.hutter.nl\\\/#organization\"},\"potentialAction\":[{\"@type\":\"SearchAction\",\"target\":{\"@type\":\"EntryPoint\",\"urlTemplate\":\"https:\\\/\\\/www.hutter.nl\\\/?s={search_term_string}\"},\"query-input\":{\"@type\":\"PropertyValueSpecification\",\"valueRequired\":true,\"valueName\":\"search_term_string\"}}],\"inLanguage\":\"es\"},{\"@type\":\"Organization\",\"@id\":\"https:\\\/\\\/www.hutter.nl\\\/#organization\",\"name\":\"H\u00fctter Veiligheid B.V.\",\"url\":\"https:\\\/\\\/www.hutter.nl\\\/\",\"logo\":{\"@type\":\"ImageObject\",\"inLanguage\":\"es\",\"@id\":\"https:\\\/\\\/www.hutter.nl\\\/#\\\/schema\\\/logo\\\/image\\\/\",\"url\":\"https:\\\/\\\/www.hutter.nl\\\/wp-content\\\/uploads\\\/2016\\\/10\\\/Hutter_Veiligheid_logo-email.png\",\"contentUrl\":\"https:\\\/\\\/www.hutter.nl\\\/wp-content\\\/uploads\\\/2016\\\/10\\\/Hutter_Veiligheid_logo-email.png\",\"width\":150,\"height\":104,\"caption\":\"H\u00fctter Veiligheid B.V.\"},\"image\":{\"@id\":\"https:\\\/\\\/www.hutter.nl\\\/#\\\/schema\\\/logo\\\/image\\\/\"},\"sameAs\":[\"https:\\\/\\\/x.com\\\/hutter_safety\",\"https:\\\/\\\/www.linkedin.com\\\/company\\\/h\u00fctter-veiligheid-bv?trk=company_logo\"]}]}<\/script>\n<!-- \/ Yoast SEO plugin. -->","yoast_head_json":{"title":"H\u00fctter Safety \u2013 Proveedor y especialista en seguridad laboral desde 1909","description":"H\u00fctter Safety es un fabricante y proveedor especializado de EPI y sistemas de protecci\u00f3n antica\u00eddas. Nuestra misi\u00f3n es garantizar un entorno de trabajo seguro para todos sus empleados.","robots":{"index":"index","follow":"follow","max-snippet":"max-snippet:-1","max-image-preview":"max-image-preview:large","max-video-preview":"max-video-preview:-1"},"canonical":"https:\/\/www.hutter.nl\/es\/","og_locale":"es_ES","og_type":"article","og_title":"H\u00fctter Safety \u2013 Proveedor y especialista en seguridad laboral desde 1909","og_description":"H\u00fctter Safety es un fabricante y proveedor especializado de EPI y sistemas de protecci\u00f3n antica\u00eddas. Nuestra misi\u00f3n es garantizar un entorno de trabajo seguro para todos sus empleados.","og_url":"https:\/\/www.hutter.nl\/es\/","og_site_name":"H\u00fctter Veiligheid B.V.","article_modified_time":"2025-10-13T07:46:49+00:00","twitter_card":"summary_large_image","twitter_site":"@hutter_safety","twitter_misc":{"Tiempo de lectura":"2 minutos"},"schema":{"@context":"https:\/\/schema.org","@graph":[{"@type":"WebPage","@id":"https:\/\/www.hutter.nl\/es\/","url":"https:\/\/www.hutter.nl\/es\/","name":"H\u00fctter Safety \u2013 Proveedor y especialista en seguridad laboral desde 1909","isPartOf":{"@id":"https:\/\/www.hutter.nl\/#website"},"datePublished":"2025-06-18T10:34:45+00:00","dateModified":"2025-10-13T07:46:49+00:00","description":"H\u00fctter Safety es un fabricante y proveedor especializado de EPI y sistemas de protecci\u00f3n antica\u00eddas. Nuestra misi\u00f3n es garantizar un entorno de trabajo seguro para todos sus empleados.","breadcrumb":{"@id":"https:\/\/www.hutter.nl\/es\/#breadcrumb"},"inLanguage":"es","potentialAction":[{"@type":"ReadAction","target":["https:\/\/www.hutter.nl\/es\/"]}]},{"@type":"BreadcrumbList","@id":"https:\/\/www.hutter.nl\/es\/#breadcrumb","itemListElement":[{"@type":"ListItem","position":1,"name":"Home","item":"https:\/\/www.hutter.nl\/es\/"},{"@type":"ListItem","position":2,"name":"INICIO"}]},{"@type":"WebSite","@id":"https:\/\/www.hutter.nl\/#website","url":"https:\/\/www.hutter.nl\/","name":"H\u00fctter Safety","description":"Specialist in arbeidsveiligheid sinds 1909","publisher":{"@id":"https:\/\/www.hutter.nl\/#organization"},"potentialAction":[{"@type":"SearchAction","target":{"@type":"EntryPoint","urlTemplate":"https:\/\/www.hutter.nl\/?s={search_term_string}"},"query-input":{"@type":"PropertyValueSpecification","valueRequired":true,"valueName":"search_term_string"}}],"inLanguage":"es"},{"@type":"Organization","@id":"https:\/\/www.hutter.nl\/#organization","name":"H\u00fctter Veiligheid B.V.","url":"https:\/\/www.hutter.nl\/","logo":{"@type":"ImageObject","inLanguage":"es","@id":"https:\/\/www.hutter.nl\/#\/schema\/logo\/image\/","url":"https:\/\/www.hutter.nl\/wp-content\/uploads\/2016\/10\/Hutter_Veiligheid_logo-email.png","contentUrl":"https:\/\/www.hutter.nl\/wp-content\/uploads\/2016\/10\/Hutter_Veiligheid_logo-email.png","width":150,"height":104,"caption":"H\u00fctter Veiligheid B.V."},"image":{"@id":"https:\/\/www.hutter.nl\/#\/schema\/logo\/image\/"},"sameAs":["https:\/\/x.com\/hutter_safety","https:\/\/www.linkedin.com\/company\/h\u00fctter-veiligheid-bv?trk=company_logo"]}]}},"_links":{"self":[{"href":"https:\/\/www.hutter.nl\/es\/wp-json\/wp\/v2\/pages\/14505","targetHints":{"allow":["GET"]}}],"collection":[{"href":"https:\/\/www.hutter.nl\/es\/wp-json\/wp\/v2\/pages"}],"about":[{"href":"https:\/\/www.hutter.nl\/es\/wp-json\/wp\/v2\/types\/page"}],"author":[{"embeddable":true,"href":"https:\/\/www.hutter.nl\/es\/wp-json\/wp\/v2\/users\/882"}],"replies":[{"embeddable":true,"href":"https:\/\/www.hutter.nl\/es\/wp-json\/wp\/v2\/comments?post=14505"}],"version-history":[{"count":3,"href":"https:\/\/www.hutter.nl\/es\/wp-json\/wp\/v2\/pages\/14505\/revisions"}],"predecessor-version":[{"id":14948,"href":"https:\/\/www.hutter.nl\/es\/wp-json\/wp\/v2\/pages\/14505\/revisions\/14948"}],"wp:attachment":[{"href":"https:\/\/www.hutter.nl\/es\/wp-json\/wp\/v2\/media?parent=14505"}],"curies":[{"name":"wp","href":"https:\/\/api.w.org\/{rel}","templated":true}]}}