{"id":14511,"date":"2025-06-18T14:18:27","date_gmt":"2025-06-18T12:18:27","guid":{"rendered":"https:\/\/www.hutter.nl\/declaracion-de-privacidad\/"},"modified":"2025-06-18T14:18:27","modified_gmt":"2025-06-18T12:18:27","slug":"declaracion-de-privacidad","status":"publish","type":"page","link":"https:\/\/www.hutter.nl\/es\/declaracion-de-privacidad\/","title":{"rendered":"DECLARACI\u00d3N DE PRIVACIDAD"},"content":{"rendered":"<div class=\"row \">\n<div class=\"col-sm-6\">\n<p>H\u00fctter Safety International se compromete a proteger los datos personales. Se hace todo lo posible para mantener la confidencialidad de la informaci\u00f3n personal de las personas involucradas. Al mantener una pol\u00edtica de privacidad clara y transparente, H\u00fctter Safety International espera mejorar la calidad de sus servicios. Le rogamos que se tome el tiempo de leer esta pol\u00edtica y comprender c\u00f3mo se maneja su informaci\u00f3n personal.<\/p>\n<p>H\u00fctter Safety International recopila informaci\u00f3n a trav\u00e9s de las visitas y el uso de su(s) sitio(s) web con el fin de ofrecer un excelente servicio al cliente, facilitar el acceso a sus productos y servicios, y adaptar su oferta a las necesidades del cliente.<\/p>\n<p>H\u00fctter Safety International utiliza los datos personales de las personas para proporcionarles informaci\u00f3n sobre los productos m\u00e1s recientes, ofertas especiales y otros contenidos que puedan ser de su inter\u00e9s. De vez en cuando, la informaci\u00f3n personal tambi\u00e9n puede utilizarse para invitar a participar en estudios de mercado que ayuden a mejorar la satisfacci\u00f3n del cliente y el desarrollo de mejores productos y servicios.<\/p>\n<p>Existen diversos m\u00e9todos para recopilar y almacenar datos personales en la base de datos electr\u00f3nica de H\u00fctter Safety International. Por ejemplo, se solicita informaci\u00f3n cuando una persona se pone en contacto con nosotros, realiza una compra por tel\u00e9fono o se registra para un seminario a trav\u00e9s de una aplicaci\u00f3n en l\u00ednea.<\/p>\n<p>Tambi\u00e9n se recopila informaci\u00f3n cuando un producto adquirido se registra mediante una tarjeta de garant\u00eda o al suscribirse al bolet\u00edn de noticias por correo electr\u00f3nico. Si ya no desea recibir nuestro bolet\u00edn, puede darse de baja mediante el enlace incluido en el correo electr\u00f3nico. Los datos solo son utilizados por H\u00fctter Safety International y, en casos excepcionales, como se menciona m\u00e1s adelante, pueden compartirse con terceros. H\u00fctter Safety International colabora con otras empresas para ofrecer productos, informaci\u00f3n y servicios. La informaci\u00f3n personal puede compartirse con transportistas o agentes con el \u00fanico prop\u00f3sito de realizar env\u00edos de manera eficiente. Estas empresas est\u00e1n obligadas a proteger los datos personales conforme a la pol\u00edtica de H\u00fctter Safety International.<\/p>\n<p>H\u00fctter Safety International puede verse obligada por ley o procesos legales a divulgar informaci\u00f3n personal almacenada. Tambi\u00e9n puede divulgar informaci\u00f3n si lo considera necesario por razones de inter\u00e9s p\u00fablico.<\/p>\n<\/div>\n<div class=\"col-sm-6\">\n<p>H\u00fctter Safety International protege los datos mediante procedimientos f\u00edsicos, electr\u00f3nicos y administrativos. No obstante, es importante tener en cuenta que en algunos casos los datos pueden recibirse a trav\u00e9s de canales no seguros, como tarjetas de respuesta sin sobre o formularios en l\u00ednea sin cifrado. Implementamos medidas t\u00e9cnicas y organizativas adecuadas para proteger sus datos personales contra el tratamiento no autorizado o ilegal, as\u00ed como contra la p\u00e9rdida, destrucci\u00f3n o da\u00f1o accidental.<\/p>\n<p>Toda persona cuyos datos personales est\u00e9n almacenados por H\u00fctter Safety International tiene derecho a solicitar acceso a la base de datos que contenga dicha informaci\u00f3n. Para ello, deber\u00e1 enviar un correo electr\u00f3nico a info@hutter.nl.<\/p>\n<p>El sitio web de H\u00fctter Safety International puede ser visitado de forma an\u00f3nima. En principio, no se recopila informaci\u00f3n durante la visita al sitio web ni a trav\u00e9s de direcciones de correo electr\u00f3nico. El navegador del visitante proporciona informaci\u00f3n sobre el tipo de ordenador y sistema operativo utilizado.<\/p>\n<p>El sitio web de H\u00fctter Safety International, como muchos otros, utiliza tecnolog\u00eda de \u00abcookies\u00bb. Al visitar el sitio por primera vez, la cookie asigna al navegador del visitante un n\u00famero aleatorio \u00fanico. Estas cookies no proporcionan informaci\u00f3n personal sobre el visitante. Las cookies permiten identificar qu\u00e9 secciones del sitio web de H\u00fctter Safety International son m\u00e1s populares, a d\u00f3nde se dirigen los visitantes y cu\u00e1nto tiempo permanecen. Estas se utilizan para analizar patrones de tr\u00e1fico y mejorar la funcionalidad del sitio.<\/p>\n<p>Algunos correos electr\u00f3nicos contienen una \u00abURL de redireccionamiento\u00bb. Al hacer clic en esta URL, el usuario es dirigido a una ubicaci\u00f3n espec\u00edfica dentro del sitio web de H\u00fctter Safety International. Estos clics se rastrean para medir la efectividad de nuestras comunicaciones y entender qu\u00e9 temas son de mayor inter\u00e9s para nuestros clientes.<\/p>\n<p>Para garantizar la confidencialidad de la informaci\u00f3n personal, todos los empleados de H\u00fctter Safety International est\u00e1n informados sobre estas pol\u00edticas de privacidad. El sitio web de H\u00fctter Safety International contiene enlaces a otros sitios. H\u00fctter Safety International no comparte informaci\u00f3n con estos sitios y no se responsabiliza por sus pol\u00edticas de privacidad. Animamos a los usuarios a informarse sobre las pol\u00edticas de privacidad de dichos sitios.<\/p>\n<p>Si H\u00fctter Safety International utiliza datos personales para fines distintos a los inicialmente indicados, se contactar\u00e1 al usuario a trav\u00e9s de la direcci\u00f3n de correo electr\u00f3nico m\u00e1s reciente que tengamos registrada. No se establecer\u00e1 contacto si no se ha dado autorizaci\u00f3n previa. Los datos personales no se utilizar\u00e1n para fines no incluidos en esta pol\u00edtica de privacidad. La pol\u00edtica de privacidad de H\u00fctter Safety International respecto a la protecci\u00f3n de datos personales est\u00e1 sujeta a cambios. Le recomendamos que consulte regularmente esta pol\u00edtica para estar al tanto de posibles actualizaciones.<\/p>\n<\/div>\n<\/div>\n","protected":false},"excerpt":{"rendered":"","protected":false},"author":14,"featured_media":0,"parent":0,"menu_order":0,"comment_status":"closed","ping_status":"closed","template":"","meta":{"footnotes":""},"class_list":["post-14511","page","type-page","status-publish","hentry","prodpage-classic"],"yoast_head":"<!-- This site is optimized with the Yoast SEO plugin v27.3 - https:\/\/yoast.com\/product\/yoast-seo-wordpress\/ -->\n<title>DECLARACI\u00d3N DE PRIVACIDAD - H\u00fctter Veiligheid B.V.<\/title>\n<meta name=\"robots\" content=\"noindex, follow\" \/>\n<meta property=\"og:locale\" content=\"es_ES\" \/>\n<meta property=\"og:type\" content=\"article\" \/>\n<meta property=\"og:title\" content=\"DECLARACI\u00d3N DE PRIVACIDAD - H\u00fctter Veiligheid B.V.\" \/>\n<meta property=\"og:url\" content=\"https:\/\/www.hutter.nl\/privacy-verklaring\/\" \/>\n<meta property=\"og:site_name\" content=\"H\u00fctter Veiligheid B.V.\" \/>\n<meta name=\"twitter:card\" content=\"summary_large_image\" \/>\n<meta name=\"twitter:site\" content=\"@hutter_safety\" \/>\n<meta name=\"twitter:label1\" content=\"Tiempo de lectura\" \/>\n\t<meta name=\"twitter:data1\" content=\"5 minutos\" \/>\n<script type=\"application\/ld+json\" class=\"yoast-schema-graph\">{\"@context\":\"https:\\\/\\\/schema.org\",\"@graph\":[{\"@type\":\"WebPage\",\"@id\":\"https:\\\/\\\/www.hutter.nl\\\/privacy-verklaring\\\/\",\"url\":\"https:\\\/\\\/www.hutter.nl\\\/privacy-verklaring\\\/\",\"name\":\"DECLARACI\u00d3N DE PRIVACIDAD - H\u00fctter Veiligheid B.V.\",\"isPartOf\":{\"@id\":\"https:\\\/\\\/www.hutter.nl\\\/#website\"},\"datePublished\":\"2025-06-18T12:18:27+00:00\",\"breadcrumb\":{\"@id\":\"https:\\\/\\\/www.hutter.nl\\\/privacy-verklaring\\\/#breadcrumb\"},\"inLanguage\":\"es\",\"potentialAction\":[{\"@type\":\"ReadAction\",\"target\":[\"https:\\\/\\\/www.hutter.nl\\\/privacy-verklaring\\\/\"]}]},{\"@type\":\"BreadcrumbList\",\"@id\":\"https:\\\/\\\/www.hutter.nl\\\/privacy-verklaring\\\/#breadcrumb\",\"itemListElement\":[{\"@type\":\"ListItem\",\"position\":1,\"name\":\"Home\",\"item\":\"https:\\\/\\\/www.hutter.nl\\\/es\\\/\"},{\"@type\":\"ListItem\",\"position\":2,\"name\":\"DECLARACI\u00d3N DE PRIVACIDAD\"}]},{\"@type\":\"WebSite\",\"@id\":\"https:\\\/\\\/www.hutter.nl\\\/#website\",\"url\":\"https:\\\/\\\/www.hutter.nl\\\/\",\"name\":\"H\u00fctter Safety\",\"description\":\"Specialist in arbeidsveiligheid sinds 1909\",\"publisher\":{\"@id\":\"https:\\\/\\\/www.hutter.nl\\\/#organization\"},\"potentialAction\":[{\"@type\":\"SearchAction\",\"target\":{\"@type\":\"EntryPoint\",\"urlTemplate\":\"https:\\\/\\\/www.hutter.nl\\\/?s={search_term_string}\"},\"query-input\":{\"@type\":\"PropertyValueSpecification\",\"valueRequired\":true,\"valueName\":\"search_term_string\"}}],\"inLanguage\":\"es\"},{\"@type\":\"Organization\",\"@id\":\"https:\\\/\\\/www.hutter.nl\\\/#organization\",\"name\":\"H\u00fctter Veiligheid B.V.\",\"url\":\"https:\\\/\\\/www.hutter.nl\\\/\",\"logo\":{\"@type\":\"ImageObject\",\"inLanguage\":\"es\",\"@id\":\"https:\\\/\\\/www.hutter.nl\\\/#\\\/schema\\\/logo\\\/image\\\/\",\"url\":\"https:\\\/\\\/www.hutter.nl\\\/wp-content\\\/uploads\\\/2016\\\/10\\\/Hutter_Veiligheid_logo-email.png\",\"contentUrl\":\"https:\\\/\\\/www.hutter.nl\\\/wp-content\\\/uploads\\\/2016\\\/10\\\/Hutter_Veiligheid_logo-email.png\",\"width\":150,\"height\":104,\"caption\":\"H\u00fctter Veiligheid B.V.\"},\"image\":{\"@id\":\"https:\\\/\\\/www.hutter.nl\\\/#\\\/schema\\\/logo\\\/image\\\/\"},\"sameAs\":[\"https:\\\/\\\/x.com\\\/hutter_safety\",\"https:\\\/\\\/www.linkedin.com\\\/company\\\/h\u00fctter-veiligheid-bv?trk=company_logo\"]}]}<\/script>\n<!-- \/ Yoast SEO plugin. -->","yoast_head_json":{"title":"DECLARACI\u00d3N DE PRIVACIDAD - H\u00fctter Veiligheid B.V.","robots":{"index":"noindex","follow":"follow"},"og_locale":"es_ES","og_type":"article","og_title":"DECLARACI\u00d3N DE PRIVACIDAD - H\u00fctter Veiligheid B.V.","og_url":"https:\/\/www.hutter.nl\/privacy-verklaring\/","og_site_name":"H\u00fctter Veiligheid B.V.","twitter_card":"summary_large_image","twitter_site":"@hutter_safety","twitter_misc":{"Tiempo de lectura":"5 minutos"},"schema":{"@context":"https:\/\/schema.org","@graph":[{"@type":"WebPage","@id":"https:\/\/www.hutter.nl\/privacy-verklaring\/","url":"https:\/\/www.hutter.nl\/privacy-verklaring\/","name":"DECLARACI\u00d3N DE PRIVACIDAD - H\u00fctter Veiligheid B.V.","isPartOf":{"@id":"https:\/\/www.hutter.nl\/#website"},"datePublished":"2025-06-18T12:18:27+00:00","breadcrumb":{"@id":"https:\/\/www.hutter.nl\/privacy-verklaring\/#breadcrumb"},"inLanguage":"es","potentialAction":[{"@type":"ReadAction","target":["https:\/\/www.hutter.nl\/privacy-verklaring\/"]}]},{"@type":"BreadcrumbList","@id":"https:\/\/www.hutter.nl\/privacy-verklaring\/#breadcrumb","itemListElement":[{"@type":"ListItem","position":1,"name":"Home","item":"https:\/\/www.hutter.nl\/es\/"},{"@type":"ListItem","position":2,"name":"DECLARACI\u00d3N DE PRIVACIDAD"}]},{"@type":"WebSite","@id":"https:\/\/www.hutter.nl\/#website","url":"https:\/\/www.hutter.nl\/","name":"H\u00fctter Safety","description":"Specialist in arbeidsveiligheid sinds 1909","publisher":{"@id":"https:\/\/www.hutter.nl\/#organization"},"potentialAction":[{"@type":"SearchAction","target":{"@type":"EntryPoint","urlTemplate":"https:\/\/www.hutter.nl\/?s={search_term_string}"},"query-input":{"@type":"PropertyValueSpecification","valueRequired":true,"valueName":"search_term_string"}}],"inLanguage":"es"},{"@type":"Organization","@id":"https:\/\/www.hutter.nl\/#organization","name":"H\u00fctter Veiligheid B.V.","url":"https:\/\/www.hutter.nl\/","logo":{"@type":"ImageObject","inLanguage":"es","@id":"https:\/\/www.hutter.nl\/#\/schema\/logo\/image\/","url":"https:\/\/www.hutter.nl\/wp-content\/uploads\/2016\/10\/Hutter_Veiligheid_logo-email.png","contentUrl":"https:\/\/www.hutter.nl\/wp-content\/uploads\/2016\/10\/Hutter_Veiligheid_logo-email.png","width":150,"height":104,"caption":"H\u00fctter Veiligheid B.V."},"image":{"@id":"https:\/\/www.hutter.nl\/#\/schema\/logo\/image\/"},"sameAs":["https:\/\/x.com\/hutter_safety","https:\/\/www.linkedin.com\/company\/h\u00fctter-veiligheid-bv?trk=company_logo"]}]}},"_links":{"self":[{"href":"https:\/\/www.hutter.nl\/es\/wp-json\/wp\/v2\/pages\/14511","targetHints":{"allow":["GET"]}}],"collection":[{"href":"https:\/\/www.hutter.nl\/es\/wp-json\/wp\/v2\/pages"}],"about":[{"href":"https:\/\/www.hutter.nl\/es\/wp-json\/wp\/v2\/types\/page"}],"author":[{"embeddable":true,"href":"https:\/\/www.hutter.nl\/es\/wp-json\/wp\/v2\/users\/14"}],"replies":[{"embeddable":true,"href":"https:\/\/www.hutter.nl\/es\/wp-json\/wp\/v2\/comments?post=14511"}],"version-history":[{"count":0,"href":"https:\/\/www.hutter.nl\/es\/wp-json\/wp\/v2\/pages\/14511\/revisions"}],"wp:attachment":[{"href":"https:\/\/www.hutter.nl\/es\/wp-json\/wp\/v2\/media?parent=14511"}],"curies":[{"name":"wp","href":"https:\/\/api.w.org\/{rel}","templated":true}]}}