{"id":14531,"date":"2025-02-04T14:18:36","date_gmt":"2025-02-04T13:18:36","guid":{"rendered":"https:\/\/www.hutter.nl\/catalogue\/sin%20categor\u00eda\/product\/hsl-xx\/"},"modified":"2025-12-08T09:35:44","modified_gmt":"2025-12-08T08:35:44","slug":"hsl-xx","status":"publish","type":"product","link":"https:\/\/www.hutter.nl\/es\/winkel\/gama\/proteccion-contra-caidas-permanente\/componentes-es\/componentes-de-los-sistemas-de-linea\/hsl-xx\/","title":{"rendered":"HSL-XX"},"content":{"rendered":"<p data-start=\"83\" data-end=\"403\">El HSL-XX es el nuevo cable sint\u00e9tico de H\u00fctter Safety, dise\u00f1ado para sustituir al cable de acero tradicional en una amplia gama de aplicaciones, especialmente en los sistemas H\u00fctter Roofline, Heavy Duty (A\u00e9reo) y Vertical. Este cable sint\u00e9tico ofrece numerosas ventajas tanto en el producto como en la instalaci\u00f3n:<\/p>\n<ul>\n<li data-start=\"83\" data-end=\"403\">L\u00ednea visual limpia y recta, sin comba entre los postes.<\/li>\n<li data-start=\"83\" data-end=\"403\">Peso muy reducido (250 metros = 12,5 kg).<\/li>\n<li data-start=\"83\" data-end=\"403\">Alta resistencia (1,5 veces la resistencia a la rotura del cable de acero inoxidable).<\/li>\n<li data-start=\"83\" data-end=\"403\">Resistente a productos qu\u00edmicos, corrosi\u00f3n y contaminaci\u00f3n industrial.<\/li>\n<li data-start=\"83\" data-end=\"403\">No conduce electricidad.<\/li>\n<li data-start=\"83\" data-end=\"403\">Gracias al nuevo sistema de trinquete desarrollado, no se necesitan herramientas especiales y la instalaci\u00f3n es sencilla.<\/li>\n<li data-start=\"83\" data-end=\"403\">Requiere baja tensi\u00f3n previa y no necesita ser reajustada.<\/li>\n<li data-start=\"83\" data-end=\"403\">Disponible en un color llamativo, ideal como delimitador de zonas.<\/li>\n<li data-start=\"83\" data-end=\"403\">No transmite ruidos ni vibraciones.<\/li>\n<li data-start=\"83\" data-end=\"403\">Beneficios ergon\u00f3micos en la instalaci\u00f3n gracias a su peso ligero.<\/li>\n<li data-start=\"83\" data-end=\"403\">Excelente comportamiento de deflexi\u00f3n.<\/li>\n<\/ul>\n<p data-start=\"1121\" data-end=\"1360\">En la secci\u00f3n \u00abEspecificaciones T\u00e9cnicas\u00bb puede consultar la hoja t\u00e9cnica completa, que incluye ventajas adicionales e informaci\u00f3n pr\u00e1ctica relevante. Si tiene alguna pregunta o est\u00e1 interesado, no dude en ponerse en contacto con nosotros.<\/p>\n<p data-start=\"1121\" data-end=\"1360\">\n<p data-start=\"1121\" data-end=\"1360\"><strong><img decoding=\"async\" class=\"emoji\" role=\"img\" draggable=\"false\" src=\"https:\/\/s.w.org\/images\/core\/emoji\/17.0.2\/svg\/1f4c4.svg\" alt=\"\ud83d\udcc4\" \/> <a href=\"https:\/\/www.hutter.nl\/wp-content\/uploads\/2025\/10\/TS-ES-Scope-Cable-Syntetico-2.5.1.pdf\" target=\"_blank\" rel=\"noopener\">Haga clic aqu\u00ed para ver la ficha t\u00e9cnica.<\/a><\/strong><\/p>\n","protected":false},"excerpt":{"rendered":"<p>El cable est\u00e1 disponible por los metros necesarios o en carrete con una longitud de 250 m o 500 m.<\/p>\n","protected":false},"featured_media":13975,"comment_status":"closed","ping_status":"closed","template":"","meta":[],"product_brand":[],"product_cat":[3113],"product_tag":[],"class_list":{"0":"post-14531","1":"product","2":"type-product","3":"status-publish","4":"has-post-thumbnail","6":"product_cat-componentes-de-los-sistemas-de-linea","7":"pa_gewicht-0-05-kg-m-es","9":"first","10":"instock","11":"shipping-taxable","12":"product-type-simple","13":"prodpage-classic"},"yoast_head":"<!-- This site is optimized with the Yoast SEO plugin v27.3 - https:\/\/yoast.com\/product\/yoast-seo-wordpress\/ -->\n<title>HSL-XX - H\u00fctter Veiligheid B.V.<\/title>\n<meta name=\"robots\" content=\"index, follow, max-snippet:-1, max-image-preview:large, max-video-preview:-1\" \/>\n<link rel=\"canonical\" href=\"https:\/\/www.hutter.nl\/es\/winkel\/gama\/proteccion-contra-caidas-permanente\/componentes-es\/componentes-de-los-sistemas-de-linea\/hsl-xx\/\" \/>\n<meta property=\"og:locale\" content=\"es_ES\" \/>\n<meta property=\"og:type\" content=\"article\" \/>\n<meta property=\"og:title\" content=\"HSL-XX - H\u00fctter Veiligheid B.V.\" \/>\n<meta property=\"og:description\" content=\"El cable est\u00e1 disponible por los metros necesarios o en carrete con una longitud de 250 m o 500 m.\" \/>\n<meta property=\"og:url\" content=\"https:\/\/www.hutter.nl\/es\/winkel\/gama\/proteccion-contra-caidas-permanente\/componentes-es\/componentes-de-los-sistemas-de-linea\/hsl-xx\/\" \/>\n<meta property=\"og:site_name\" content=\"H\u00fctter Veiligheid B.V.\" \/>\n<meta property=\"article:modified_time\" content=\"2025-12-08T08:35:44+00:00\" \/>\n<meta property=\"og:image\" content=\"https:\/\/www.hutter.nl\/wp-content\/uploads\/2025\/02\/DSC_3778-scaled.jpg\" \/>\n\t<meta property=\"og:image:width\" content=\"2560\" \/>\n\t<meta property=\"og:image:height\" content=\"1707\" \/>\n\t<meta property=\"og:image:type\" content=\"image\/jpeg\" \/>\n<meta name=\"twitter:card\" content=\"summary_large_image\" \/>\n<meta name=\"twitter:site\" content=\"@hutter_safety\" \/>\n<meta name=\"twitter:label1\" content=\"Tiempo de lectura\" \/>\n\t<meta name=\"twitter:data1\" content=\"2 minutos\" \/>\n<script type=\"application\/ld+json\" class=\"yoast-schema-graph\">{\"@context\":\"https:\\\/\\\/schema.org\",\"@graph\":[{\"@type\":\"WebPage\",\"@id\":\"https:\\\/\\\/www.hutter.nl\\\/es\\\/winkel\\\/gama\\\/proteccion-contra-caidas-permanente\\\/componentes-es\\\/componentes-de-los-sistemas-de-linea\\\/hsl-xx\\\/\",\"url\":\"https:\\\/\\\/www.hutter.nl\\\/es\\\/winkel\\\/gama\\\/proteccion-contra-caidas-permanente\\\/componentes-es\\\/componentes-de-los-sistemas-de-linea\\\/hsl-xx\\\/\",\"name\":\"HSL-XX - H\u00fctter Veiligheid B.V.\",\"isPartOf\":{\"@id\":\"https:\\\/\\\/www.hutter.nl\\\/#website\"},\"primaryImageOfPage\":{\"@id\":\"https:\\\/\\\/www.hutter.nl\\\/es\\\/winkel\\\/gama\\\/proteccion-contra-caidas-permanente\\\/componentes-es\\\/componentes-de-los-sistemas-de-linea\\\/hsl-xx\\\/#primaryimage\"},\"image\":{\"@id\":\"https:\\\/\\\/www.hutter.nl\\\/es\\\/winkel\\\/gama\\\/proteccion-contra-caidas-permanente\\\/componentes-es\\\/componentes-de-los-sistemas-de-linea\\\/hsl-xx\\\/#primaryimage\"},\"thumbnailUrl\":\"https:\\\/\\\/www.hutter.nl\\\/wp-content\\\/uploads\\\/2025\\\/02\\\/DSC_3778-scaled.jpg\",\"datePublished\":\"2025-02-04T13:18:36+00:00\",\"dateModified\":\"2025-12-08T08:35:44+00:00\",\"breadcrumb\":{\"@id\":\"https:\\\/\\\/www.hutter.nl\\\/es\\\/winkel\\\/gama\\\/proteccion-contra-caidas-permanente\\\/componentes-es\\\/componentes-de-los-sistemas-de-linea\\\/hsl-xx\\\/#breadcrumb\"},\"inLanguage\":\"es\",\"potentialAction\":[{\"@type\":\"ReadAction\",\"target\":[\"https:\\\/\\\/www.hutter.nl\\\/es\\\/winkel\\\/gama\\\/proteccion-contra-caidas-permanente\\\/componentes-es\\\/componentes-de-los-sistemas-de-linea\\\/hsl-xx\\\/\"]}]},{\"@type\":\"ImageObject\",\"inLanguage\":\"es\",\"@id\":\"https:\\\/\\\/www.hutter.nl\\\/es\\\/winkel\\\/gama\\\/proteccion-contra-caidas-permanente\\\/componentes-es\\\/componentes-de-los-sistemas-de-linea\\\/hsl-xx\\\/#primaryimage\",\"url\":\"https:\\\/\\\/www.hutter.nl\\\/wp-content\\\/uploads\\\/2025\\\/02\\\/DSC_3778-scaled.jpg\",\"contentUrl\":\"https:\\\/\\\/www.hutter.nl\\\/wp-content\\\/uploads\\\/2025\\\/02\\\/DSC_3778-scaled.jpg\",\"width\":2560,\"height\":1707},{\"@type\":\"BreadcrumbList\",\"@id\":\"https:\\\/\\\/www.hutter.nl\\\/es\\\/winkel\\\/gama\\\/proteccion-contra-caidas-permanente\\\/componentes-es\\\/componentes-de-los-sistemas-de-linea\\\/hsl-xx\\\/#breadcrumb\",\"itemListElement\":[{\"@type\":\"ListItem\",\"position\":1,\"name\":\"Home\",\"item\":\"https:\\\/\\\/www.hutter.nl\\\/es\\\/\"},{\"@type\":\"ListItem\",\"position\":2,\"name\":\"Winkel\",\"item\":\"https:\\\/\\\/www.hutter.nl\\\/winkel\\\/\"},{\"@type\":\"ListItem\",\"position\":3,\"name\":\"HSL-XX\"}]},{\"@type\":\"WebSite\",\"@id\":\"https:\\\/\\\/www.hutter.nl\\\/#website\",\"url\":\"https:\\\/\\\/www.hutter.nl\\\/\",\"name\":\"H\u00fctter Safety\",\"description\":\"Specialist in arbeidsveiligheid sinds 1909\",\"publisher\":{\"@id\":\"https:\\\/\\\/www.hutter.nl\\\/#organization\"},\"potentialAction\":[{\"@type\":\"SearchAction\",\"target\":{\"@type\":\"EntryPoint\",\"urlTemplate\":\"https:\\\/\\\/www.hutter.nl\\\/?s={search_term_string}\"},\"query-input\":{\"@type\":\"PropertyValueSpecification\",\"valueRequired\":true,\"valueName\":\"search_term_string\"}}],\"inLanguage\":\"es\"},{\"@type\":\"Organization\",\"@id\":\"https:\\\/\\\/www.hutter.nl\\\/#organization\",\"name\":\"H\u00fctter Veiligheid B.V.\",\"url\":\"https:\\\/\\\/www.hutter.nl\\\/\",\"logo\":{\"@type\":\"ImageObject\",\"inLanguage\":\"es\",\"@id\":\"https:\\\/\\\/www.hutter.nl\\\/#\\\/schema\\\/logo\\\/image\\\/\",\"url\":\"https:\\\/\\\/www.hutter.nl\\\/wp-content\\\/uploads\\\/2016\\\/10\\\/Hutter_Veiligheid_logo-email.png\",\"contentUrl\":\"https:\\\/\\\/www.hutter.nl\\\/wp-content\\\/uploads\\\/2016\\\/10\\\/Hutter_Veiligheid_logo-email.png\",\"width\":150,\"height\":104,\"caption\":\"H\u00fctter Veiligheid B.V.\"},\"image\":{\"@id\":\"https:\\\/\\\/www.hutter.nl\\\/#\\\/schema\\\/logo\\\/image\\\/\"},\"sameAs\":[\"https:\\\/\\\/x.com\\\/hutter_safety\",\"https:\\\/\\\/www.linkedin.com\\\/company\\\/h\u00fctter-veiligheid-bv?trk=company_logo\"]}]}<\/script>\n<!-- \/ Yoast SEO plugin. -->","yoast_head_json":{"title":"HSL-XX - H\u00fctter Veiligheid B.V.","robots":{"index":"index","follow":"follow","max-snippet":"max-snippet:-1","max-image-preview":"max-image-preview:large","max-video-preview":"max-video-preview:-1"},"canonical":"https:\/\/www.hutter.nl\/es\/winkel\/gama\/proteccion-contra-caidas-permanente\/componentes-es\/componentes-de-los-sistemas-de-linea\/hsl-xx\/","og_locale":"es_ES","og_type":"article","og_title":"HSL-XX - H\u00fctter Veiligheid B.V.","og_description":"El cable est\u00e1 disponible por los metros necesarios o en carrete con una longitud de 250 m o 500 m.","og_url":"https:\/\/www.hutter.nl\/es\/winkel\/gama\/proteccion-contra-caidas-permanente\/componentes-es\/componentes-de-los-sistemas-de-linea\/hsl-xx\/","og_site_name":"H\u00fctter Veiligheid B.V.","article_modified_time":"2025-12-08T08:35:44+00:00","og_image":[{"width":2560,"height":1707,"url":"https:\/\/www.hutter.nl\/wp-content\/uploads\/2025\/02\/DSC_3778-scaled.jpg","type":"image\/jpeg"}],"twitter_card":"summary_large_image","twitter_site":"@hutter_safety","twitter_misc":{"Tiempo de lectura":"2 minutos"},"schema":{"@context":"https:\/\/schema.org","@graph":[{"@type":"WebPage","@id":"https:\/\/www.hutter.nl\/es\/winkel\/gama\/proteccion-contra-caidas-permanente\/componentes-es\/componentes-de-los-sistemas-de-linea\/hsl-xx\/","url":"https:\/\/www.hutter.nl\/es\/winkel\/gama\/proteccion-contra-caidas-permanente\/componentes-es\/componentes-de-los-sistemas-de-linea\/hsl-xx\/","name":"HSL-XX - H\u00fctter Veiligheid B.V.","isPartOf":{"@id":"https:\/\/www.hutter.nl\/#website"},"primaryImageOfPage":{"@id":"https:\/\/www.hutter.nl\/es\/winkel\/gama\/proteccion-contra-caidas-permanente\/componentes-es\/componentes-de-los-sistemas-de-linea\/hsl-xx\/#primaryimage"},"image":{"@id":"https:\/\/www.hutter.nl\/es\/winkel\/gama\/proteccion-contra-caidas-permanente\/componentes-es\/componentes-de-los-sistemas-de-linea\/hsl-xx\/#primaryimage"},"thumbnailUrl":"https:\/\/www.hutter.nl\/wp-content\/uploads\/2025\/02\/DSC_3778-scaled.jpg","datePublished":"2025-02-04T13:18:36+00:00","dateModified":"2025-12-08T08:35:44+00:00","breadcrumb":{"@id":"https:\/\/www.hutter.nl\/es\/winkel\/gama\/proteccion-contra-caidas-permanente\/componentes-es\/componentes-de-los-sistemas-de-linea\/hsl-xx\/#breadcrumb"},"inLanguage":"es","potentialAction":[{"@type":"ReadAction","target":["https:\/\/www.hutter.nl\/es\/winkel\/gama\/proteccion-contra-caidas-permanente\/componentes-es\/componentes-de-los-sistemas-de-linea\/hsl-xx\/"]}]},{"@type":"ImageObject","inLanguage":"es","@id":"https:\/\/www.hutter.nl\/es\/winkel\/gama\/proteccion-contra-caidas-permanente\/componentes-es\/componentes-de-los-sistemas-de-linea\/hsl-xx\/#primaryimage","url":"https:\/\/www.hutter.nl\/wp-content\/uploads\/2025\/02\/DSC_3778-scaled.jpg","contentUrl":"https:\/\/www.hutter.nl\/wp-content\/uploads\/2025\/02\/DSC_3778-scaled.jpg","width":2560,"height":1707},{"@type":"BreadcrumbList","@id":"https:\/\/www.hutter.nl\/es\/winkel\/gama\/proteccion-contra-caidas-permanente\/componentes-es\/componentes-de-los-sistemas-de-linea\/hsl-xx\/#breadcrumb","itemListElement":[{"@type":"ListItem","position":1,"name":"Home","item":"https:\/\/www.hutter.nl\/es\/"},{"@type":"ListItem","position":2,"name":"Winkel","item":"https:\/\/www.hutter.nl\/winkel\/"},{"@type":"ListItem","position":3,"name":"HSL-XX"}]},{"@type":"WebSite","@id":"https:\/\/www.hutter.nl\/#website","url":"https:\/\/www.hutter.nl\/","name":"H\u00fctter Safety","description":"Specialist in arbeidsveiligheid sinds 1909","publisher":{"@id":"https:\/\/www.hutter.nl\/#organization"},"potentialAction":[{"@type":"SearchAction","target":{"@type":"EntryPoint","urlTemplate":"https:\/\/www.hutter.nl\/?s={search_term_string}"},"query-input":{"@type":"PropertyValueSpecification","valueRequired":true,"valueName":"search_term_string"}}],"inLanguage":"es"},{"@type":"Organization","@id":"https:\/\/www.hutter.nl\/#organization","name":"H\u00fctter Veiligheid B.V.","url":"https:\/\/www.hutter.nl\/","logo":{"@type":"ImageObject","inLanguage":"es","@id":"https:\/\/www.hutter.nl\/#\/schema\/logo\/image\/","url":"https:\/\/www.hutter.nl\/wp-content\/uploads\/2016\/10\/Hutter_Veiligheid_logo-email.png","contentUrl":"https:\/\/www.hutter.nl\/wp-content\/uploads\/2016\/10\/Hutter_Veiligheid_logo-email.png","width":150,"height":104,"caption":"H\u00fctter Veiligheid B.V."},"image":{"@id":"https:\/\/www.hutter.nl\/#\/schema\/logo\/image\/"},"sameAs":["https:\/\/x.com\/hutter_safety","https:\/\/www.linkedin.com\/company\/h\u00fctter-veiligheid-bv?trk=company_logo"]}]}},"_links":{"self":[{"href":"https:\/\/www.hutter.nl\/es\/wp-json\/wp\/v2\/product\/14531","targetHints":{"allow":["GET"]}}],"collection":[{"href":"https:\/\/www.hutter.nl\/es\/wp-json\/wp\/v2\/product"}],"about":[{"href":"https:\/\/www.hutter.nl\/es\/wp-json\/wp\/v2\/types\/product"}],"replies":[{"embeddable":true,"href":"https:\/\/www.hutter.nl\/es\/wp-json\/wp\/v2\/comments?post=14531"}],"wp:featuredmedia":[{"embeddable":true,"href":"https:\/\/www.hutter.nl\/es\/wp-json\/wp\/v2\/media\/13975"}],"wp:attachment":[{"href":"https:\/\/www.hutter.nl\/es\/wp-json\/wp\/v2\/media?parent=14531"}],"wp:term":[{"taxonomy":"product_brand","embeddable":true,"href":"https:\/\/www.hutter.nl\/es\/wp-json\/wp\/v2\/product_brand?post=14531"},{"taxonomy":"product_cat","embeddable":true,"href":"https:\/\/www.hutter.nl\/es\/wp-json\/wp\/v2\/product_cat?post=14531"},{"taxonomy":"product_tag","embeddable":true,"href":"https:\/\/www.hutter.nl\/es\/wp-json\/wp\/v2\/product_tag?post=14531"}],"curies":[{"name":"wp","href":"https:\/\/api.w.org\/{rel}","templated":true}]}}