{"id":14545,"date":"2015-12-22T14:30:33","date_gmt":"2015-12-22T13:30:33","guid":{"rendered":"https:\/\/www.hutter.nl\/catalogue\/sin%20categor\u00eda\/product\/placa-base-estandar-scope\/"},"modified":"2025-12-08T09:30:49","modified_gmt":"2025-12-08T08:30:49","slug":"placa-base-estandar-scope","status":"publish","type":"product","link":"https:\/\/www.hutter.nl\/es\/winkel\/gama\/proteccion-contra-caidas-permanente\/componentes-es\/placas-base\/placa-base-estandar-scope\/","title":{"rendered":"Placa base est\u00e1ndar Scope"},"content":{"rendered":"<p>La Placa base est\u00e1ndar Scope est\u00e1 dise\u00f1ada para su instalaci\u00f3n sobre la membrana del tejado. La impermeabilizaci\u00f3n y el aislamiento solo se perforan en los puntos necesarios para montar los dispositivos de seguridad. La placa base tiene una forma que permite aplicar completamente la cubierta por encima de ella. A continuaci\u00f3n, se enrosca el cono Scope o el punto de anclaje individual. Un sistema simple y eficaz que garantiza la estanqueidad total.<\/p>\n<p>&nbsp;<\/p>\n<p><strong><img decoding=\"async\" class=\"emoji\" role=\"img\" draggable=\"false\" src=\"https:\/\/s.w.org\/images\/core\/emoji\/17.0.2\/svg\/1f4c4.svg\" alt=\"\ud83d\udcc4\" \/> <a href=\"https:\/\/www.hutter.nl\/wp-content\/uploads\/2025\/10\/TS-ES-Scope-Placa-Base-Estandar-2.5.1.pdf\" target=\"_blank\" rel=\"noopener\">Haga clic aqu\u00ed para ver la ficha t\u00e9cnica.<\/a><\/strong><\/p>\n","protected":false},"excerpt":{"rendered":"<p>Esta placa base es el elemento fundamental del sistema Scope para casi todo tipo de cubiertas. Se instala sobre la impermeabilizaci\u00f3n del tejado y se fija a la estructura del techo con cuatro anclajes.<\/p>\n","protected":false},"featured_media":14546,"comment_status":"closed","ping_status":"closed","template":"","meta":[],"product_brand":[],"product_cat":[3123],"product_tag":[2896,2898,3130,3129,3128,3118],"class_list":{"0":"post-14545","1":"product","2":"type-product","3":"status-publish","4":"has-post-thumbnail","6":"product_cat-placas-base","7":"product_tag-hoofddorp-es","8":"product_tag-hutter-veiligheid-b-v-es","9":"product_tag-impermeabilizacion","10":"product_tag-instalacion","11":"product_tag-placa-base-estandar-scope","12":"product_tag-proteccion-contra-caidas","14":"first","15":"instock","16":"product-type-simple","17":"prodpage-classic"},"yoast_head":"<!-- This site is optimized with the Yoast SEO plugin v27.4 - https:\/\/yoast.com\/product\/yoast-seo-wordpress\/ -->\n<title>Placa base est\u00e1ndar Scope - H\u00fctter Veiligheid B.V.<\/title>\n<meta name=\"description\" content=\"La placa base est\u00e1ndar Scope est\u00e1 dise\u00f1ada para su instalaci\u00f3n sobre la membrana del tejado y para su fijaci\u00f3n en o sobre la estructura del techo del edificio.\" \/>\n<meta name=\"robots\" content=\"index, follow, max-snippet:-1, max-image-preview:large, max-video-preview:-1\" \/>\n<link rel=\"canonical\" href=\"https:\/\/www.hutter.nl\/es\/winkel\/gama\/proteccion-contra-caidas-permanente\/componentes-es\/placas-base\/placa-base-estandar-scope\/\" \/>\n<meta property=\"og:locale\" content=\"es_ES\" \/>\n<meta property=\"og:type\" content=\"article\" \/>\n<meta property=\"og:title\" content=\"Placa base est\u00e1ndar Scope - H\u00fctter Veiligheid B.V.\" \/>\n<meta property=\"og:description\" content=\"La placa base est\u00e1ndar Scope est\u00e1 dise\u00f1ada para su instalaci\u00f3n sobre la membrana del tejado y para su fijaci\u00f3n en o sobre la estructura del techo del edificio.\" \/>\n<meta property=\"og:url\" content=\"https:\/\/www.hutter.nl\/es\/winkel\/gama\/proteccion-contra-caidas-permanente\/componentes-es\/placas-base\/placa-base-estandar-scope\/\" \/>\n<meta property=\"og:site_name\" content=\"H\u00fctter Veiligheid B.V.\" \/>\n<meta property=\"article:modified_time\" content=\"2025-12-08T08:30:49+00:00\" \/>\n<meta property=\"og:image\" content=\"https:\/\/www.hutter.nl\/wp-content\/uploads\/2024\/10\/DSC_3088-scaled.jpg\" \/>\n\t<meta property=\"og:image:width\" content=\"2560\" \/>\n\t<meta property=\"og:image:height\" content=\"1438\" \/>\n\t<meta property=\"og:image:type\" content=\"image\/jpeg\" \/>\n<meta name=\"twitter:card\" content=\"summary_large_image\" \/>\n<meta name=\"twitter:site\" content=\"@hutter_safety\" \/>\n<meta name=\"twitter:label1\" content=\"Tiempo de lectura\" \/>\n\t<meta name=\"twitter:data1\" content=\"1 minuto\" \/>\n<script type=\"application\/ld+json\" class=\"yoast-schema-graph\">{\"@context\":\"https:\\\/\\\/schema.org\",\"@graph\":[{\"@type\":\"WebPage\",\"@id\":\"https:\\\/\\\/www.hutter.nl\\\/es\\\/winkel\\\/gama\\\/proteccion-contra-caidas-permanente\\\/componentes-es\\\/placas-base\\\/placa-base-estandar-scope\\\/\",\"url\":\"https:\\\/\\\/www.hutter.nl\\\/es\\\/winkel\\\/gama\\\/proteccion-contra-caidas-permanente\\\/componentes-es\\\/placas-base\\\/placa-base-estandar-scope\\\/\",\"name\":\"Placa base est\u00e1ndar Scope - H\u00fctter Veiligheid B.V.\",\"isPartOf\":{\"@id\":\"https:\\\/\\\/www.hutter.nl\\\/#website\"},\"primaryImageOfPage\":{\"@id\":\"https:\\\/\\\/www.hutter.nl\\\/es\\\/winkel\\\/gama\\\/proteccion-contra-caidas-permanente\\\/componentes-es\\\/placas-base\\\/placa-base-estandar-scope\\\/#primaryimage\"},\"image\":{\"@id\":\"https:\\\/\\\/www.hutter.nl\\\/es\\\/winkel\\\/gama\\\/proteccion-contra-caidas-permanente\\\/componentes-es\\\/placas-base\\\/placa-base-estandar-scope\\\/#primaryimage\"},\"thumbnailUrl\":\"https:\\\/\\\/www.hutter.nl\\\/wp-content\\\/uploads\\\/2024\\\/10\\\/DSC_3088-scaled.jpg\",\"datePublished\":\"2015-12-22T13:30:33+00:00\",\"dateModified\":\"2025-12-08T08:30:49+00:00\",\"description\":\"La placa base est\u00e1ndar Scope est\u00e1 dise\u00f1ada para su instalaci\u00f3n sobre la membrana del tejado y para su fijaci\u00f3n en o sobre la estructura del techo del edificio.\",\"breadcrumb\":{\"@id\":\"https:\\\/\\\/www.hutter.nl\\\/es\\\/winkel\\\/gama\\\/proteccion-contra-caidas-permanente\\\/componentes-es\\\/placas-base\\\/placa-base-estandar-scope\\\/#breadcrumb\"},\"inLanguage\":\"es\",\"potentialAction\":[{\"@type\":\"ReadAction\",\"target\":[\"https:\\\/\\\/www.hutter.nl\\\/es\\\/winkel\\\/gama\\\/proteccion-contra-caidas-permanente\\\/componentes-es\\\/placas-base\\\/placa-base-estandar-scope\\\/\"]}]},{\"@type\":\"ImageObject\",\"inLanguage\":\"es\",\"@id\":\"https:\\\/\\\/www.hutter.nl\\\/es\\\/winkel\\\/gama\\\/proteccion-contra-caidas-permanente\\\/componentes-es\\\/placas-base\\\/placa-base-estandar-scope\\\/#primaryimage\",\"url\":\"https:\\\/\\\/www.hutter.nl\\\/wp-content\\\/uploads\\\/2024\\\/10\\\/DSC_3088-scaled.jpg\",\"contentUrl\":\"https:\\\/\\\/www.hutter.nl\\\/wp-content\\\/uploads\\\/2024\\\/10\\\/DSC_3088-scaled.jpg\",\"width\":2560,\"height\":1438,\"caption\":\"placa-base-est\u00e1ndar-scope\"},{\"@type\":\"BreadcrumbList\",\"@id\":\"https:\\\/\\\/www.hutter.nl\\\/es\\\/winkel\\\/gama\\\/proteccion-contra-caidas-permanente\\\/componentes-es\\\/placas-base\\\/placa-base-estandar-scope\\\/#breadcrumb\",\"itemListElement\":[{\"@type\":\"ListItem\",\"position\":1,\"name\":\"Home\",\"item\":\"https:\\\/\\\/www.hutter.nl\\\/es\\\/\"},{\"@type\":\"ListItem\",\"position\":2,\"name\":\"Winkel\",\"item\":\"https:\\\/\\\/www.hutter.nl\\\/winkel\\\/\"},{\"@type\":\"ListItem\",\"position\":3,\"name\":\"Placa base est\u00e1ndar Scope\"}]},{\"@type\":\"WebSite\",\"@id\":\"https:\\\/\\\/www.hutter.nl\\\/#website\",\"url\":\"https:\\\/\\\/www.hutter.nl\\\/\",\"name\":\"H\u00fctter Safety\",\"description\":\"Specialist in arbeidsveiligheid sinds 1909\",\"publisher\":{\"@id\":\"https:\\\/\\\/www.hutter.nl\\\/#organization\"},\"potentialAction\":[{\"@type\":\"SearchAction\",\"target\":{\"@type\":\"EntryPoint\",\"urlTemplate\":\"https:\\\/\\\/www.hutter.nl\\\/?s={search_term_string}\"},\"query-input\":{\"@type\":\"PropertyValueSpecification\",\"valueRequired\":true,\"valueName\":\"search_term_string\"}}],\"inLanguage\":\"es\"},{\"@type\":\"Organization\",\"@id\":\"https:\\\/\\\/www.hutter.nl\\\/#organization\",\"name\":\"H\u00fctter Veiligheid B.V.\",\"url\":\"https:\\\/\\\/www.hutter.nl\\\/\",\"logo\":{\"@type\":\"ImageObject\",\"inLanguage\":\"es\",\"@id\":\"https:\\\/\\\/www.hutter.nl\\\/#\\\/schema\\\/logo\\\/image\\\/\",\"url\":\"https:\\\/\\\/www.hutter.nl\\\/wp-content\\\/uploads\\\/2016\\\/10\\\/Hutter_Veiligheid_logo-email.png\",\"contentUrl\":\"https:\\\/\\\/www.hutter.nl\\\/wp-content\\\/uploads\\\/2016\\\/10\\\/Hutter_Veiligheid_logo-email.png\",\"width\":150,\"height\":104,\"caption\":\"H\u00fctter Veiligheid B.V.\"},\"image\":{\"@id\":\"https:\\\/\\\/www.hutter.nl\\\/#\\\/schema\\\/logo\\\/image\\\/\"},\"sameAs\":[\"https:\\\/\\\/x.com\\\/hutter_safety\",\"https:\\\/\\\/www.linkedin.com\\\/company\\\/h\u00fctter-veiligheid-bv?trk=company_logo\"]}]}<\/script>\n<!-- \/ Yoast SEO plugin. -->","yoast_head_json":{"title":"Placa base est\u00e1ndar Scope - H\u00fctter Veiligheid B.V.","description":"La placa base est\u00e1ndar Scope est\u00e1 dise\u00f1ada para su instalaci\u00f3n sobre la membrana del tejado y para su fijaci\u00f3n en o sobre la estructura del techo del edificio.","robots":{"index":"index","follow":"follow","max-snippet":"max-snippet:-1","max-image-preview":"max-image-preview:large","max-video-preview":"max-video-preview:-1"},"canonical":"https:\/\/www.hutter.nl\/es\/winkel\/gama\/proteccion-contra-caidas-permanente\/componentes-es\/placas-base\/placa-base-estandar-scope\/","og_locale":"es_ES","og_type":"article","og_title":"Placa base est\u00e1ndar Scope - H\u00fctter Veiligheid B.V.","og_description":"La placa base est\u00e1ndar Scope est\u00e1 dise\u00f1ada para su instalaci\u00f3n sobre la membrana del tejado y para su fijaci\u00f3n en o sobre la estructura del techo del edificio.","og_url":"https:\/\/www.hutter.nl\/es\/winkel\/gama\/proteccion-contra-caidas-permanente\/componentes-es\/placas-base\/placa-base-estandar-scope\/","og_site_name":"H\u00fctter Veiligheid B.V.","article_modified_time":"2025-12-08T08:30:49+00:00","og_image":[{"width":2560,"height":1438,"url":"https:\/\/www.hutter.nl\/wp-content\/uploads\/2024\/10\/DSC_3088-scaled.jpg","type":"image\/jpeg"}],"twitter_card":"summary_large_image","twitter_site":"@hutter_safety","twitter_misc":{"Tiempo de lectura":"1 minuto"},"schema":{"@context":"https:\/\/schema.org","@graph":[{"@type":"WebPage","@id":"https:\/\/www.hutter.nl\/es\/winkel\/gama\/proteccion-contra-caidas-permanente\/componentes-es\/placas-base\/placa-base-estandar-scope\/","url":"https:\/\/www.hutter.nl\/es\/winkel\/gama\/proteccion-contra-caidas-permanente\/componentes-es\/placas-base\/placa-base-estandar-scope\/","name":"Placa base est\u00e1ndar Scope - H\u00fctter Veiligheid B.V.","isPartOf":{"@id":"https:\/\/www.hutter.nl\/#website"},"primaryImageOfPage":{"@id":"https:\/\/www.hutter.nl\/es\/winkel\/gama\/proteccion-contra-caidas-permanente\/componentes-es\/placas-base\/placa-base-estandar-scope\/#primaryimage"},"image":{"@id":"https:\/\/www.hutter.nl\/es\/winkel\/gama\/proteccion-contra-caidas-permanente\/componentes-es\/placas-base\/placa-base-estandar-scope\/#primaryimage"},"thumbnailUrl":"https:\/\/www.hutter.nl\/wp-content\/uploads\/2024\/10\/DSC_3088-scaled.jpg","datePublished":"2015-12-22T13:30:33+00:00","dateModified":"2025-12-08T08:30:49+00:00","description":"La placa base est\u00e1ndar Scope est\u00e1 dise\u00f1ada para su instalaci\u00f3n sobre la membrana del tejado y para su fijaci\u00f3n en o sobre la estructura del techo del edificio.","breadcrumb":{"@id":"https:\/\/www.hutter.nl\/es\/winkel\/gama\/proteccion-contra-caidas-permanente\/componentes-es\/placas-base\/placa-base-estandar-scope\/#breadcrumb"},"inLanguage":"es","potentialAction":[{"@type":"ReadAction","target":["https:\/\/www.hutter.nl\/es\/winkel\/gama\/proteccion-contra-caidas-permanente\/componentes-es\/placas-base\/placa-base-estandar-scope\/"]}]},{"@type":"ImageObject","inLanguage":"es","@id":"https:\/\/www.hutter.nl\/es\/winkel\/gama\/proteccion-contra-caidas-permanente\/componentes-es\/placas-base\/placa-base-estandar-scope\/#primaryimage","url":"https:\/\/www.hutter.nl\/wp-content\/uploads\/2024\/10\/DSC_3088-scaled.jpg","contentUrl":"https:\/\/www.hutter.nl\/wp-content\/uploads\/2024\/10\/DSC_3088-scaled.jpg","width":2560,"height":1438,"caption":"placa-base-est\u00e1ndar-scope"},{"@type":"BreadcrumbList","@id":"https:\/\/www.hutter.nl\/es\/winkel\/gama\/proteccion-contra-caidas-permanente\/componentes-es\/placas-base\/placa-base-estandar-scope\/#breadcrumb","itemListElement":[{"@type":"ListItem","position":1,"name":"Home","item":"https:\/\/www.hutter.nl\/es\/"},{"@type":"ListItem","position":2,"name":"Winkel","item":"https:\/\/www.hutter.nl\/winkel\/"},{"@type":"ListItem","position":3,"name":"Placa base est\u00e1ndar Scope"}]},{"@type":"WebSite","@id":"https:\/\/www.hutter.nl\/#website","url":"https:\/\/www.hutter.nl\/","name":"H\u00fctter Safety","description":"Specialist in arbeidsveiligheid sinds 1909","publisher":{"@id":"https:\/\/www.hutter.nl\/#organization"},"potentialAction":[{"@type":"SearchAction","target":{"@type":"EntryPoint","urlTemplate":"https:\/\/www.hutter.nl\/?s={search_term_string}"},"query-input":{"@type":"PropertyValueSpecification","valueRequired":true,"valueName":"search_term_string"}}],"inLanguage":"es"},{"@type":"Organization","@id":"https:\/\/www.hutter.nl\/#organization","name":"H\u00fctter Veiligheid B.V.","url":"https:\/\/www.hutter.nl\/","logo":{"@type":"ImageObject","inLanguage":"es","@id":"https:\/\/www.hutter.nl\/#\/schema\/logo\/image\/","url":"https:\/\/www.hutter.nl\/wp-content\/uploads\/2016\/10\/Hutter_Veiligheid_logo-email.png","contentUrl":"https:\/\/www.hutter.nl\/wp-content\/uploads\/2016\/10\/Hutter_Veiligheid_logo-email.png","width":150,"height":104,"caption":"H\u00fctter Veiligheid B.V."},"image":{"@id":"https:\/\/www.hutter.nl\/#\/schema\/logo\/image\/"},"sameAs":["https:\/\/x.com\/hutter_safety","https:\/\/www.linkedin.com\/company\/h\u00fctter-veiligheid-bv?trk=company_logo"]}]}},"_links":{"self":[{"href":"https:\/\/www.hutter.nl\/es\/wp-json\/wp\/v2\/product\/14545","targetHints":{"allow":["GET"]}}],"collection":[{"href":"https:\/\/www.hutter.nl\/es\/wp-json\/wp\/v2\/product"}],"about":[{"href":"https:\/\/www.hutter.nl\/es\/wp-json\/wp\/v2\/types\/product"}],"replies":[{"embeddable":true,"href":"https:\/\/www.hutter.nl\/es\/wp-json\/wp\/v2\/comments?post=14545"}],"wp:featuredmedia":[{"embeddable":true,"href":"https:\/\/www.hutter.nl\/es\/wp-json\/wp\/v2\/media\/14546"}],"wp:attachment":[{"href":"https:\/\/www.hutter.nl\/es\/wp-json\/wp\/v2\/media?parent=14545"}],"wp:term":[{"taxonomy":"product_brand","embeddable":true,"href":"https:\/\/www.hutter.nl\/es\/wp-json\/wp\/v2\/product_brand?post=14545"},{"taxonomy":"product_cat","embeddable":true,"href":"https:\/\/www.hutter.nl\/es\/wp-json\/wp\/v2\/product_cat?post=14545"},{"taxonomy":"product_tag","embeddable":true,"href":"https:\/\/www.hutter.nl\/es\/wp-json\/wp\/v2\/product_tag?post=14545"}],"curies":[{"name":"wp","href":"https:\/\/api.w.org\/{rel}","templated":true}]}}