{"id":14595,"date":"2015-12-22T14:30:33","date_gmt":"2015-12-22T13:30:33","guid":{"rendered":"https:\/\/www.hutter.nl\/catalogue\/sin%20categor\u00eda\/product\/punto-final-scope\/"},"modified":"2025-12-08T09:23:41","modified_gmt":"2025-12-08T08:23:41","slug":"punto-final-scope","status":"publish","type":"product","link":"https:\/\/www.hutter.nl\/es\/winkel\/gama\/proteccion-contra-caidas-permanente\/componentes-es\/soporte\/punto-final-scope\/","title":{"rendered":"Punto final Scope"},"content":{"rendered":"<p data-start=\"84\" data-end=\"428\">En una ca\u00edda, la mayor carga se produce en el punto final con DP cone, o bien la energ\u00eda generada se transmite desde el sistema de l\u00ednea hacia los puntos finales con DP. En caso de una ca\u00edda, el punto final gira en la direcci\u00f3n de la ca\u00edda (deflexi\u00f3n). En el punto final se monta el tensor o el terminal de horquilla para la fijaci\u00f3n del cable.<\/p>\n<p data-start=\"84\" data-end=\"428\">\n<p data-start=\"84\" data-end=\"428\"><strong><img decoding=\"async\" class=\"emoji\" role=\"img\" draggable=\"false\" src=\"https:\/\/s.w.org\/images\/core\/emoji\/17.0.2\/svg\/1f4c4.svg\" alt=\"\ud83d\udcc4\" \/> <a href=\"https:\/\/www.hutter.nl\/wp-content\/uploads\/2025\/10\/TS-ES-Scope-Punto-Final-2.5.1.pdf\" target=\"_blank\" rel=\"noopener\">Haga clic aqu\u00ed para ver la ficha t\u00e9cnica.<\/a><\/strong><\/p>\n","protected":false},"excerpt":{"rendered":"<p>El punto final Scope es el inicio y el final del sistema de l\u00edneas Scope y se utiliza exclusivamente en combinaci\u00f3n con postes DP Scope.<\/p>\n","protected":false},"featured_media":14014,"comment_status":"closed","ping_status":"closed","template":"","meta":[],"product_brand":[],"product_cat":[3116],"product_tag":[3120,3117,2896,2898,3119,3118,3121,3135,3136],"class_list":{"0":"post-14595","1":"product","2":"type-product","3":"status-publish","4":"has-post-thumbnail","6":"product_cat-soporte","7":"product_tag-componente","8":"product_tag-cromo","9":"product_tag-hoofddorp-es","10":"product_tag-hutter-veiligheid-b-v-es","11":"product_tag-linea-de-vida","12":"product_tag-proteccion-contra-caidas","13":"product_tag-punto-final","14":"product_tag-punto-final-scope","15":"product_tag-scope-es","17":"first","18":"instock","19":"product-type-simple","20":"prodpage-classic"},"yoast_head":"<!-- This site is optimized with the Yoast SEO plugin v27.4 - https:\/\/yoast.com\/product\/yoast-seo-wordpress\/ -->\n<title>Punto final Scope - H\u00fctter Veiligheid B.V.<\/title>\n<meta name=\"description\" content=\"El punto final Scope es un punto de inicio y final del sistema de l\u00edneas Scope. En caso de una ca\u00edda, la mayor carga se coloca en los v 2.2 puntos finales, junto con postes DP Scope. El punto final est\u00e1 dise\u00f1ado para girar en la direcci\u00f3n de la ca\u00edda.\" \/>\n<meta name=\"robots\" content=\"index, follow, max-snippet:-1, max-image-preview:large, max-video-preview:-1\" \/>\n<link rel=\"canonical\" href=\"https:\/\/www.hutter.nl\/es\/winkel\/gama\/proteccion-contra-caidas-permanente\/componentes-es\/soporte\/punto-final-scope\/\" \/>\n<meta property=\"og:locale\" content=\"es_ES\" \/>\n<meta property=\"og:type\" content=\"article\" \/>\n<meta property=\"og:title\" content=\"Punto final Scope - H\u00fctter Veiligheid B.V.\" \/>\n<meta property=\"og:description\" content=\"El punto final Scope es un punto de inicio y final del sistema de l\u00edneas Scope. En caso de una ca\u00edda, la mayor carga se coloca en los v 2.2 puntos finales, junto con postes DP Scope. El punto final est\u00e1 dise\u00f1ado para girar en la direcci\u00f3n de la ca\u00edda.\" \/>\n<meta property=\"og:url\" content=\"https:\/\/www.hutter.nl\/es\/winkel\/gama\/proteccion-contra-caidas-permanente\/componentes-es\/soporte\/punto-final-scope\/\" \/>\n<meta property=\"og:site_name\" content=\"H\u00fctter Veiligheid B.V.\" \/>\n<meta property=\"article:modified_time\" content=\"2025-12-08T08:23:41+00:00\" \/>\n<meta property=\"og:image\" content=\"https:\/\/www.hutter.nl\/wp-content\/uploads\/2015\/12\/Scope-Eindpunt.jpg\" \/>\n\t<meta property=\"og:image:width\" content=\"1824\" \/>\n\t<meta property=\"og:image:height\" content=\"898\" \/>\n\t<meta property=\"og:image:type\" content=\"image\/jpeg\" \/>\n<meta name=\"twitter:card\" content=\"summary_large_image\" \/>\n<meta name=\"twitter:site\" content=\"@hutter_safety\" \/>\n<meta name=\"twitter:label1\" content=\"Tiempo de lectura\" \/>\n\t<meta name=\"twitter:data1\" content=\"1 minuto\" \/>\n<script type=\"application\/ld+json\" class=\"yoast-schema-graph\">{\"@context\":\"https:\\\/\\\/schema.org\",\"@graph\":[{\"@type\":\"WebPage\",\"@id\":\"https:\\\/\\\/www.hutter.nl\\\/es\\\/winkel\\\/gama\\\/proteccion-contra-caidas-permanente\\\/componentes-es\\\/soporte\\\/punto-final-scope\\\/\",\"url\":\"https:\\\/\\\/www.hutter.nl\\\/es\\\/winkel\\\/gama\\\/proteccion-contra-caidas-permanente\\\/componentes-es\\\/soporte\\\/punto-final-scope\\\/\",\"name\":\"Punto final Scope - H\u00fctter Veiligheid B.V.\",\"isPartOf\":{\"@id\":\"https:\\\/\\\/www.hutter.nl\\\/#website\"},\"primaryImageOfPage\":{\"@id\":\"https:\\\/\\\/www.hutter.nl\\\/es\\\/winkel\\\/gama\\\/proteccion-contra-caidas-permanente\\\/componentes-es\\\/soporte\\\/punto-final-scope\\\/#primaryimage\"},\"image\":{\"@id\":\"https:\\\/\\\/www.hutter.nl\\\/es\\\/winkel\\\/gama\\\/proteccion-contra-caidas-permanente\\\/componentes-es\\\/soporte\\\/punto-final-scope\\\/#primaryimage\"},\"thumbnailUrl\":\"https:\\\/\\\/www.hutter.nl\\\/wp-content\\\/uploads\\\/2015\\\/12\\\/Scope-Eindpunt.jpg\",\"datePublished\":\"2015-12-22T13:30:33+00:00\",\"dateModified\":\"2025-12-08T08:23:41+00:00\",\"description\":\"El punto final Scope es un punto de inicio y final del sistema de l\u00edneas Scope. En caso de una ca\u00edda, la mayor carga se coloca en los v 2.2 puntos finales, junto con postes DP Scope. El punto final est\u00e1 dise\u00f1ado para girar en la direcci\u00f3n de la ca\u00edda.\",\"breadcrumb\":{\"@id\":\"https:\\\/\\\/www.hutter.nl\\\/es\\\/winkel\\\/gama\\\/proteccion-contra-caidas-permanente\\\/componentes-es\\\/soporte\\\/punto-final-scope\\\/#breadcrumb\"},\"inLanguage\":\"es\",\"potentialAction\":[{\"@type\":\"ReadAction\",\"target\":[\"https:\\\/\\\/www.hutter.nl\\\/es\\\/winkel\\\/gama\\\/proteccion-contra-caidas-permanente\\\/componentes-es\\\/soporte\\\/punto-final-scope\\\/\"]}]},{\"@type\":\"ImageObject\",\"inLanguage\":\"es\",\"@id\":\"https:\\\/\\\/www.hutter.nl\\\/es\\\/winkel\\\/gama\\\/proteccion-contra-caidas-permanente\\\/componentes-es\\\/soporte\\\/punto-final-scope\\\/#primaryimage\",\"url\":\"https:\\\/\\\/www.hutter.nl\\\/wp-content\\\/uploads\\\/2015\\\/12\\\/Scope-Eindpunt.jpg\",\"contentUrl\":\"https:\\\/\\\/www.hutter.nl\\\/wp-content\\\/uploads\\\/2015\\\/12\\\/Scope-Eindpunt.jpg\",\"width\":1824,\"height\":898,\"caption\":\"punto-final-scope\"},{\"@type\":\"BreadcrumbList\",\"@id\":\"https:\\\/\\\/www.hutter.nl\\\/es\\\/winkel\\\/gama\\\/proteccion-contra-caidas-permanente\\\/componentes-es\\\/soporte\\\/punto-final-scope\\\/#breadcrumb\",\"itemListElement\":[{\"@type\":\"ListItem\",\"position\":1,\"name\":\"Home\",\"item\":\"https:\\\/\\\/www.hutter.nl\\\/es\\\/\"},{\"@type\":\"ListItem\",\"position\":2,\"name\":\"Winkel\",\"item\":\"https:\\\/\\\/www.hutter.nl\\\/winkel\\\/\"},{\"@type\":\"ListItem\",\"position\":3,\"name\":\"Punto final Scope\"}]},{\"@type\":\"WebSite\",\"@id\":\"https:\\\/\\\/www.hutter.nl\\\/#website\",\"url\":\"https:\\\/\\\/www.hutter.nl\\\/\",\"name\":\"H\u00fctter Safety\",\"description\":\"Specialist in arbeidsveiligheid sinds 1909\",\"publisher\":{\"@id\":\"https:\\\/\\\/www.hutter.nl\\\/#organization\"},\"potentialAction\":[{\"@type\":\"SearchAction\",\"target\":{\"@type\":\"EntryPoint\",\"urlTemplate\":\"https:\\\/\\\/www.hutter.nl\\\/?s={search_term_string}\"},\"query-input\":{\"@type\":\"PropertyValueSpecification\",\"valueRequired\":true,\"valueName\":\"search_term_string\"}}],\"inLanguage\":\"es\"},{\"@type\":\"Organization\",\"@id\":\"https:\\\/\\\/www.hutter.nl\\\/#organization\",\"name\":\"H\u00fctter Veiligheid B.V.\",\"url\":\"https:\\\/\\\/www.hutter.nl\\\/\",\"logo\":{\"@type\":\"ImageObject\",\"inLanguage\":\"es\",\"@id\":\"https:\\\/\\\/www.hutter.nl\\\/#\\\/schema\\\/logo\\\/image\\\/\",\"url\":\"https:\\\/\\\/www.hutter.nl\\\/wp-content\\\/uploads\\\/2016\\\/10\\\/Hutter_Veiligheid_logo-email.png\",\"contentUrl\":\"https:\\\/\\\/www.hutter.nl\\\/wp-content\\\/uploads\\\/2016\\\/10\\\/Hutter_Veiligheid_logo-email.png\",\"width\":150,\"height\":104,\"caption\":\"H\u00fctter Veiligheid B.V.\"},\"image\":{\"@id\":\"https:\\\/\\\/www.hutter.nl\\\/#\\\/schema\\\/logo\\\/image\\\/\"},\"sameAs\":[\"https:\\\/\\\/x.com\\\/hutter_safety\",\"https:\\\/\\\/www.linkedin.com\\\/company\\\/h\u00fctter-veiligheid-bv?trk=company_logo\"]}]}<\/script>\n<!-- \/ Yoast SEO plugin. -->","yoast_head_json":{"title":"Punto final Scope - H\u00fctter Veiligheid B.V.","description":"El punto final Scope es un punto de inicio y final del sistema de l\u00edneas Scope. En caso de una ca\u00edda, la mayor carga se coloca en los v 2.2 puntos finales, junto con postes DP Scope. El punto final est\u00e1 dise\u00f1ado para girar en la direcci\u00f3n de la ca\u00edda.","robots":{"index":"index","follow":"follow","max-snippet":"max-snippet:-1","max-image-preview":"max-image-preview:large","max-video-preview":"max-video-preview:-1"},"canonical":"https:\/\/www.hutter.nl\/es\/winkel\/gama\/proteccion-contra-caidas-permanente\/componentes-es\/soporte\/punto-final-scope\/","og_locale":"es_ES","og_type":"article","og_title":"Punto final Scope - H\u00fctter Veiligheid B.V.","og_description":"El punto final Scope es un punto de inicio y final del sistema de l\u00edneas Scope. En caso de una ca\u00edda, la mayor carga se coloca en los v 2.2 puntos finales, junto con postes DP Scope. El punto final est\u00e1 dise\u00f1ado para girar en la direcci\u00f3n de la ca\u00edda.","og_url":"https:\/\/www.hutter.nl\/es\/winkel\/gama\/proteccion-contra-caidas-permanente\/componentes-es\/soporte\/punto-final-scope\/","og_site_name":"H\u00fctter Veiligheid B.V.","article_modified_time":"2025-12-08T08:23:41+00:00","og_image":[{"width":1824,"height":898,"url":"https:\/\/www.hutter.nl\/wp-content\/uploads\/2015\/12\/Scope-Eindpunt.jpg","type":"image\/jpeg"}],"twitter_card":"summary_large_image","twitter_site":"@hutter_safety","twitter_misc":{"Tiempo de lectura":"1 minuto"},"schema":{"@context":"https:\/\/schema.org","@graph":[{"@type":"WebPage","@id":"https:\/\/www.hutter.nl\/es\/winkel\/gama\/proteccion-contra-caidas-permanente\/componentes-es\/soporte\/punto-final-scope\/","url":"https:\/\/www.hutter.nl\/es\/winkel\/gama\/proteccion-contra-caidas-permanente\/componentes-es\/soporte\/punto-final-scope\/","name":"Punto final Scope - H\u00fctter Veiligheid B.V.","isPartOf":{"@id":"https:\/\/www.hutter.nl\/#website"},"primaryImageOfPage":{"@id":"https:\/\/www.hutter.nl\/es\/winkel\/gama\/proteccion-contra-caidas-permanente\/componentes-es\/soporte\/punto-final-scope\/#primaryimage"},"image":{"@id":"https:\/\/www.hutter.nl\/es\/winkel\/gama\/proteccion-contra-caidas-permanente\/componentes-es\/soporte\/punto-final-scope\/#primaryimage"},"thumbnailUrl":"https:\/\/www.hutter.nl\/wp-content\/uploads\/2015\/12\/Scope-Eindpunt.jpg","datePublished":"2015-12-22T13:30:33+00:00","dateModified":"2025-12-08T08:23:41+00:00","description":"El punto final Scope es un punto de inicio y final del sistema de l\u00edneas Scope. En caso de una ca\u00edda, la mayor carga se coloca en los v 2.2 puntos finales, junto con postes DP Scope. El punto final est\u00e1 dise\u00f1ado para girar en la direcci\u00f3n de la ca\u00edda.","breadcrumb":{"@id":"https:\/\/www.hutter.nl\/es\/winkel\/gama\/proteccion-contra-caidas-permanente\/componentes-es\/soporte\/punto-final-scope\/#breadcrumb"},"inLanguage":"es","potentialAction":[{"@type":"ReadAction","target":["https:\/\/www.hutter.nl\/es\/winkel\/gama\/proteccion-contra-caidas-permanente\/componentes-es\/soporte\/punto-final-scope\/"]}]},{"@type":"ImageObject","inLanguage":"es","@id":"https:\/\/www.hutter.nl\/es\/winkel\/gama\/proteccion-contra-caidas-permanente\/componentes-es\/soporte\/punto-final-scope\/#primaryimage","url":"https:\/\/www.hutter.nl\/wp-content\/uploads\/2015\/12\/Scope-Eindpunt.jpg","contentUrl":"https:\/\/www.hutter.nl\/wp-content\/uploads\/2015\/12\/Scope-Eindpunt.jpg","width":1824,"height":898,"caption":"punto-final-scope"},{"@type":"BreadcrumbList","@id":"https:\/\/www.hutter.nl\/es\/winkel\/gama\/proteccion-contra-caidas-permanente\/componentes-es\/soporte\/punto-final-scope\/#breadcrumb","itemListElement":[{"@type":"ListItem","position":1,"name":"Home","item":"https:\/\/www.hutter.nl\/es\/"},{"@type":"ListItem","position":2,"name":"Winkel","item":"https:\/\/www.hutter.nl\/winkel\/"},{"@type":"ListItem","position":3,"name":"Punto final Scope"}]},{"@type":"WebSite","@id":"https:\/\/www.hutter.nl\/#website","url":"https:\/\/www.hutter.nl\/","name":"H\u00fctter Safety","description":"Specialist in arbeidsveiligheid sinds 1909","publisher":{"@id":"https:\/\/www.hutter.nl\/#organization"},"potentialAction":[{"@type":"SearchAction","target":{"@type":"EntryPoint","urlTemplate":"https:\/\/www.hutter.nl\/?s={search_term_string}"},"query-input":{"@type":"PropertyValueSpecification","valueRequired":true,"valueName":"search_term_string"}}],"inLanguage":"es"},{"@type":"Organization","@id":"https:\/\/www.hutter.nl\/#organization","name":"H\u00fctter Veiligheid B.V.","url":"https:\/\/www.hutter.nl\/","logo":{"@type":"ImageObject","inLanguage":"es","@id":"https:\/\/www.hutter.nl\/#\/schema\/logo\/image\/","url":"https:\/\/www.hutter.nl\/wp-content\/uploads\/2016\/10\/Hutter_Veiligheid_logo-email.png","contentUrl":"https:\/\/www.hutter.nl\/wp-content\/uploads\/2016\/10\/Hutter_Veiligheid_logo-email.png","width":150,"height":104,"caption":"H\u00fctter Veiligheid B.V."},"image":{"@id":"https:\/\/www.hutter.nl\/#\/schema\/logo\/image\/"},"sameAs":["https:\/\/x.com\/hutter_safety","https:\/\/www.linkedin.com\/company\/h\u00fctter-veiligheid-bv?trk=company_logo"]}]}},"_links":{"self":[{"href":"https:\/\/www.hutter.nl\/es\/wp-json\/wp\/v2\/product\/14595","targetHints":{"allow":["GET"]}}],"collection":[{"href":"https:\/\/www.hutter.nl\/es\/wp-json\/wp\/v2\/product"}],"about":[{"href":"https:\/\/www.hutter.nl\/es\/wp-json\/wp\/v2\/types\/product"}],"replies":[{"embeddable":true,"href":"https:\/\/www.hutter.nl\/es\/wp-json\/wp\/v2\/comments?post=14595"}],"wp:featuredmedia":[{"embeddable":true,"href":"https:\/\/www.hutter.nl\/es\/wp-json\/wp\/v2\/media\/14014"}],"wp:attachment":[{"href":"https:\/\/www.hutter.nl\/es\/wp-json\/wp\/v2\/media?parent=14595"}],"wp:term":[{"taxonomy":"product_brand","embeddable":true,"href":"https:\/\/www.hutter.nl\/es\/wp-json\/wp\/v2\/product_brand?post=14595"},{"taxonomy":"product_cat","embeddable":true,"href":"https:\/\/www.hutter.nl\/es\/wp-json\/wp\/v2\/product_cat?post=14595"},{"taxonomy":"product_tag","embeddable":true,"href":"https:\/\/www.hutter.nl\/es\/wp-json\/wp\/v2\/product_tag?post=14595"}],"curies":[{"name":"wp","href":"https:\/\/api.w.org\/{rel}","templated":true}]}}