{"id":14600,"date":"2015-12-22T14:30:33","date_gmt":"2015-12-22T13:30:33","guid":{"rendered":"https:\/\/www.hutter.nl\/catalogue\/sin%20categor\u00eda\/product\/intermedio-recto-scope\/"},"modified":"2025-12-08T09:24:23","modified_gmt":"2025-12-08T08:24:23","slug":"intermedio-recto-scope","status":"publish","type":"product","link":"https:\/\/www.hutter.nl\/es\/winkel\/gama\/proteccion-contra-caidas-permanente\/intermedio-recto-scope\/","title":{"rendered":"Intermedio Recto Scope"},"content":{"rendered":"<p>El intermedio recto, en combinaci\u00f3n con el poste DP-R o el DP, es un componente importante en los proyectos del sistema Scope. El carrito puede desplazarse sin interrupciones sobre el intermedio, sin que el usuario tenga que desacoplarse.<\/p>\n<p>&nbsp;<\/p>\n<p><strong><img decoding=\"async\" class=\"emoji\" role=\"img\" draggable=\"false\" src=\"https:\/\/s.w.org\/images\/core\/emoji\/17.0.2\/svg\/1f4c4.svg\" alt=\"\ud83d\udcc4\" \/> <a href=\"https:\/\/www.hutter.nl\/wp-content\/uploads\/2025\/10\/TS-ES-Scope-Intermedio-Recto-2.5.1.pdf\" target=\"_blank\" rel=\"noopener\">Haga clic aqu\u00ed para ver la ficha t\u00e9cnica.<\/a><\/strong><\/p>\n","protected":false},"excerpt":{"rendered":"<p>El Intermedio Recto Scope es el gu\u00eda de cable m\u00e1s utilizado, con un paso recto.<\/p>\n","protected":false},"featured_media":14602,"comment_status":"closed","ping_status":"closed","template":"","meta":[],"product_brand":[],"product_cat":[3124,3115,3116,3137],"product_tag":[3138,2896,2898,3140,3142,3141,2899,3139],"class_list":{"0":"post-14600","1":"product","2":"type-product","3":"status-publish","4":"has-post-thumbnail","6":"product_cat-componentes-es","7":"product_cat-proteccion-contra-caidas-permanente","8":"product_cat-soporte","9":"product_cat-tecnologia-scope","10":"product_tag-carrito","11":"product_tag-hoofddorp-es","12":"product_tag-hutter-veiligheid-b-v-es","13":"product_tag-intermedio-recto-scope","14":"product_tag-poste-scope-dp","15":"product_tag-punto-intermedio-de-extension","16":"product_tag-scope-dp-es","17":"product_tag-sistemas-de-linea","19":"first","20":"instock","21":"product-type-simple","22":"prodpage-classic"},"yoast_head":"<!-- This site is optimized with the Yoast SEO plugin v27.4 - https:\/\/yoast.com\/product\/yoast-seo-wordpress\/ -->\n<title>Intermedio Recto Scope - H\u00fctter Safety International<\/title>\n<meta name=\"description\" content=\"El Intermedio recto Scope es una gu\u00eda de cable utilizada como punto intermedio. Debido a su dise\u00f1o, el carrito puede atravesar f\u00e1cilmente sobre el punto intermedio sin desconectarse de la l\u00ednea.\" \/>\n<meta name=\"robots\" content=\"index, follow, max-snippet:-1, max-image-preview:large, max-video-preview:-1\" \/>\n<link rel=\"canonical\" href=\"https:\/\/www.hutter.nl\/es\/winkel\/gama\/proteccion-contra-caidas-permanente\/intermedio-recto-scope\/\" \/>\n<meta property=\"og:locale\" content=\"es_ES\" \/>\n<meta property=\"og:type\" content=\"article\" \/>\n<meta property=\"og:title\" content=\"Intermedio Recto Scope - H\u00fctter Safety International\" \/>\n<meta property=\"og:description\" content=\"El Intermedio recto Scope es una gu\u00eda de cable utilizada como punto intermedio. Debido a su dise\u00f1o, el carrito puede atravesar f\u00e1cilmente sobre el punto intermedio sin desconectarse de la l\u00ednea.\" \/>\n<meta property=\"og:url\" content=\"https:\/\/www.hutter.nl\/es\/winkel\/gama\/proteccion-contra-caidas-permanente\/intermedio-recto-scope\/\" \/>\n<meta property=\"og:site_name\" content=\"H\u00fctter Veiligheid B.V.\" \/>\n<meta property=\"article:modified_time\" content=\"2025-12-08T08:24:23+00:00\" \/>\n<meta property=\"og:image\" content=\"https:\/\/www.hutter.nl\/wp-content\/uploads\/2024\/09\/DSC_2611.jpg\" \/>\n\t<meta property=\"og:image:width\" content=\"2179\" \/>\n\t<meta property=\"og:image:height\" content=\"1224\" \/>\n\t<meta property=\"og:image:type\" content=\"image\/jpeg\" \/>\n<meta name=\"twitter:card\" content=\"summary_large_image\" \/>\n<meta name=\"twitter:site\" content=\"@hutter_safety\" \/>\n<meta name=\"twitter:label1\" content=\"Tiempo de lectura\" \/>\n\t<meta name=\"twitter:data1\" content=\"1 minuto\" \/>\n<script type=\"application\/ld+json\" class=\"yoast-schema-graph\">{\"@context\":\"https:\\\/\\\/schema.org\",\"@graph\":[{\"@type\":\"WebPage\",\"@id\":\"https:\\\/\\\/www.hutter.nl\\\/es\\\/winkel\\\/gama\\\/proteccion-contra-caidas-permanente\\\/intermedio-recto-scope\\\/\",\"url\":\"https:\\\/\\\/www.hutter.nl\\\/es\\\/winkel\\\/gama\\\/proteccion-contra-caidas-permanente\\\/intermedio-recto-scope\\\/\",\"name\":\"Intermedio Recto Scope - H\u00fctter Safety International\",\"isPartOf\":{\"@id\":\"https:\\\/\\\/www.hutter.nl\\\/#website\"},\"primaryImageOfPage\":{\"@id\":\"https:\\\/\\\/www.hutter.nl\\\/es\\\/winkel\\\/gama\\\/proteccion-contra-caidas-permanente\\\/intermedio-recto-scope\\\/#primaryimage\"},\"image\":{\"@id\":\"https:\\\/\\\/www.hutter.nl\\\/es\\\/winkel\\\/gama\\\/proteccion-contra-caidas-permanente\\\/intermedio-recto-scope\\\/#primaryimage\"},\"thumbnailUrl\":\"https:\\\/\\\/www.hutter.nl\\\/wp-content\\\/uploads\\\/2024\\\/09\\\/DSC_2611.jpg\",\"datePublished\":\"2015-12-22T13:30:33+00:00\",\"dateModified\":\"2025-12-08T08:24:23+00:00\",\"description\":\"El Intermedio recto Scope es una gu\u00eda de cable utilizada como punto intermedio. Debido a su dise\u00f1o, el carrito puede atravesar f\u00e1cilmente sobre el punto intermedio sin desconectarse de la l\u00ednea.\",\"breadcrumb\":{\"@id\":\"https:\\\/\\\/www.hutter.nl\\\/es\\\/winkel\\\/gama\\\/proteccion-contra-caidas-permanente\\\/intermedio-recto-scope\\\/#breadcrumb\"},\"inLanguage\":\"es\",\"potentialAction\":[{\"@type\":\"ReadAction\",\"target\":[\"https:\\\/\\\/www.hutter.nl\\\/es\\\/winkel\\\/gama\\\/proteccion-contra-caidas-permanente\\\/intermedio-recto-scope\\\/\"]}]},{\"@type\":\"ImageObject\",\"inLanguage\":\"es\",\"@id\":\"https:\\\/\\\/www.hutter.nl\\\/es\\\/winkel\\\/gama\\\/proteccion-contra-caidas-permanente\\\/intermedio-recto-scope\\\/#primaryimage\",\"url\":\"https:\\\/\\\/www.hutter.nl\\\/wp-content\\\/uploads\\\/2024\\\/09\\\/DSC_2611.jpg\",\"contentUrl\":\"https:\\\/\\\/www.hutter.nl\\\/wp-content\\\/uploads\\\/2024\\\/09\\\/DSC_2611.jpg\",\"width\":2179,\"height\":1224,\"caption\":\"intermedio-recto-scope\"},{\"@type\":\"BreadcrumbList\",\"@id\":\"https:\\\/\\\/www.hutter.nl\\\/es\\\/winkel\\\/gama\\\/proteccion-contra-caidas-permanente\\\/intermedio-recto-scope\\\/#breadcrumb\",\"itemListElement\":[{\"@type\":\"ListItem\",\"position\":1,\"name\":\"Home\",\"item\":\"https:\\\/\\\/www.hutter.nl\\\/es\\\/\"},{\"@type\":\"ListItem\",\"position\":2,\"name\":\"Winkel\",\"item\":\"https:\\\/\\\/www.hutter.nl\\\/winkel\\\/\"},{\"@type\":\"ListItem\",\"position\":3,\"name\":\"Intermedio Recto Scope\"}]},{\"@type\":\"WebSite\",\"@id\":\"https:\\\/\\\/www.hutter.nl\\\/#website\",\"url\":\"https:\\\/\\\/www.hutter.nl\\\/\",\"name\":\"H\u00fctter Safety\",\"description\":\"Specialist in arbeidsveiligheid sinds 1909\",\"publisher\":{\"@id\":\"https:\\\/\\\/www.hutter.nl\\\/#organization\"},\"potentialAction\":[{\"@type\":\"SearchAction\",\"target\":{\"@type\":\"EntryPoint\",\"urlTemplate\":\"https:\\\/\\\/www.hutter.nl\\\/?s={search_term_string}\"},\"query-input\":{\"@type\":\"PropertyValueSpecification\",\"valueRequired\":true,\"valueName\":\"search_term_string\"}}],\"inLanguage\":\"es\"},{\"@type\":\"Organization\",\"@id\":\"https:\\\/\\\/www.hutter.nl\\\/#organization\",\"name\":\"H\u00fctter Veiligheid B.V.\",\"url\":\"https:\\\/\\\/www.hutter.nl\\\/\",\"logo\":{\"@type\":\"ImageObject\",\"inLanguage\":\"es\",\"@id\":\"https:\\\/\\\/www.hutter.nl\\\/#\\\/schema\\\/logo\\\/image\\\/\",\"url\":\"https:\\\/\\\/www.hutter.nl\\\/wp-content\\\/uploads\\\/2016\\\/10\\\/Hutter_Veiligheid_logo-email.png\",\"contentUrl\":\"https:\\\/\\\/www.hutter.nl\\\/wp-content\\\/uploads\\\/2016\\\/10\\\/Hutter_Veiligheid_logo-email.png\",\"width\":150,\"height\":104,\"caption\":\"H\u00fctter Veiligheid B.V.\"},\"image\":{\"@id\":\"https:\\\/\\\/www.hutter.nl\\\/#\\\/schema\\\/logo\\\/image\\\/\"},\"sameAs\":[\"https:\\\/\\\/x.com\\\/hutter_safety\",\"https:\\\/\\\/www.linkedin.com\\\/company\\\/h\u00fctter-veiligheid-bv?trk=company_logo\"]}]}<\/script>\n<!-- \/ Yoast SEO plugin. -->","yoast_head_json":{"title":"Intermedio Recto Scope - H\u00fctter Safety International","description":"El Intermedio recto Scope es una gu\u00eda de cable utilizada como punto intermedio. Debido a su dise\u00f1o, el carrito puede atravesar f\u00e1cilmente sobre el punto intermedio sin desconectarse de la l\u00ednea.","robots":{"index":"index","follow":"follow","max-snippet":"max-snippet:-1","max-image-preview":"max-image-preview:large","max-video-preview":"max-video-preview:-1"},"canonical":"https:\/\/www.hutter.nl\/es\/winkel\/gama\/proteccion-contra-caidas-permanente\/intermedio-recto-scope\/","og_locale":"es_ES","og_type":"article","og_title":"Intermedio Recto Scope - H\u00fctter Safety International","og_description":"El Intermedio recto Scope es una gu\u00eda de cable utilizada como punto intermedio. Debido a su dise\u00f1o, el carrito puede atravesar f\u00e1cilmente sobre el punto intermedio sin desconectarse de la l\u00ednea.","og_url":"https:\/\/www.hutter.nl\/es\/winkel\/gama\/proteccion-contra-caidas-permanente\/intermedio-recto-scope\/","og_site_name":"H\u00fctter Veiligheid B.V.","article_modified_time":"2025-12-08T08:24:23+00:00","og_image":[{"width":2179,"height":1224,"url":"https:\/\/www.hutter.nl\/wp-content\/uploads\/2024\/09\/DSC_2611.jpg","type":"image\/jpeg"}],"twitter_card":"summary_large_image","twitter_site":"@hutter_safety","twitter_misc":{"Tiempo de lectura":"1 minuto"},"schema":{"@context":"https:\/\/schema.org","@graph":[{"@type":"WebPage","@id":"https:\/\/www.hutter.nl\/es\/winkel\/gama\/proteccion-contra-caidas-permanente\/intermedio-recto-scope\/","url":"https:\/\/www.hutter.nl\/es\/winkel\/gama\/proteccion-contra-caidas-permanente\/intermedio-recto-scope\/","name":"Intermedio Recto Scope - H\u00fctter Safety International","isPartOf":{"@id":"https:\/\/www.hutter.nl\/#website"},"primaryImageOfPage":{"@id":"https:\/\/www.hutter.nl\/es\/winkel\/gama\/proteccion-contra-caidas-permanente\/intermedio-recto-scope\/#primaryimage"},"image":{"@id":"https:\/\/www.hutter.nl\/es\/winkel\/gama\/proteccion-contra-caidas-permanente\/intermedio-recto-scope\/#primaryimage"},"thumbnailUrl":"https:\/\/www.hutter.nl\/wp-content\/uploads\/2024\/09\/DSC_2611.jpg","datePublished":"2015-12-22T13:30:33+00:00","dateModified":"2025-12-08T08:24:23+00:00","description":"El Intermedio recto Scope es una gu\u00eda de cable utilizada como punto intermedio. Debido a su dise\u00f1o, el carrito puede atravesar f\u00e1cilmente sobre el punto intermedio sin desconectarse de la l\u00ednea.","breadcrumb":{"@id":"https:\/\/www.hutter.nl\/es\/winkel\/gama\/proteccion-contra-caidas-permanente\/intermedio-recto-scope\/#breadcrumb"},"inLanguage":"es","potentialAction":[{"@type":"ReadAction","target":["https:\/\/www.hutter.nl\/es\/winkel\/gama\/proteccion-contra-caidas-permanente\/intermedio-recto-scope\/"]}]},{"@type":"ImageObject","inLanguage":"es","@id":"https:\/\/www.hutter.nl\/es\/winkel\/gama\/proteccion-contra-caidas-permanente\/intermedio-recto-scope\/#primaryimage","url":"https:\/\/www.hutter.nl\/wp-content\/uploads\/2024\/09\/DSC_2611.jpg","contentUrl":"https:\/\/www.hutter.nl\/wp-content\/uploads\/2024\/09\/DSC_2611.jpg","width":2179,"height":1224,"caption":"intermedio-recto-scope"},{"@type":"BreadcrumbList","@id":"https:\/\/www.hutter.nl\/es\/winkel\/gama\/proteccion-contra-caidas-permanente\/intermedio-recto-scope\/#breadcrumb","itemListElement":[{"@type":"ListItem","position":1,"name":"Home","item":"https:\/\/www.hutter.nl\/es\/"},{"@type":"ListItem","position":2,"name":"Winkel","item":"https:\/\/www.hutter.nl\/winkel\/"},{"@type":"ListItem","position":3,"name":"Intermedio Recto Scope"}]},{"@type":"WebSite","@id":"https:\/\/www.hutter.nl\/#website","url":"https:\/\/www.hutter.nl\/","name":"H\u00fctter Safety","description":"Specialist in arbeidsveiligheid sinds 1909","publisher":{"@id":"https:\/\/www.hutter.nl\/#organization"},"potentialAction":[{"@type":"SearchAction","target":{"@type":"EntryPoint","urlTemplate":"https:\/\/www.hutter.nl\/?s={search_term_string}"},"query-input":{"@type":"PropertyValueSpecification","valueRequired":true,"valueName":"search_term_string"}}],"inLanguage":"es"},{"@type":"Organization","@id":"https:\/\/www.hutter.nl\/#organization","name":"H\u00fctter Veiligheid B.V.","url":"https:\/\/www.hutter.nl\/","logo":{"@type":"ImageObject","inLanguage":"es","@id":"https:\/\/www.hutter.nl\/#\/schema\/logo\/image\/","url":"https:\/\/www.hutter.nl\/wp-content\/uploads\/2016\/10\/Hutter_Veiligheid_logo-email.png","contentUrl":"https:\/\/www.hutter.nl\/wp-content\/uploads\/2016\/10\/Hutter_Veiligheid_logo-email.png","width":150,"height":104,"caption":"H\u00fctter Veiligheid B.V."},"image":{"@id":"https:\/\/www.hutter.nl\/#\/schema\/logo\/image\/"},"sameAs":["https:\/\/x.com\/hutter_safety","https:\/\/www.linkedin.com\/company\/h\u00fctter-veiligheid-bv?trk=company_logo"]}]}},"_links":{"self":[{"href":"https:\/\/www.hutter.nl\/es\/wp-json\/wp\/v2\/product\/14600","targetHints":{"allow":["GET"]}}],"collection":[{"href":"https:\/\/www.hutter.nl\/es\/wp-json\/wp\/v2\/product"}],"about":[{"href":"https:\/\/www.hutter.nl\/es\/wp-json\/wp\/v2\/types\/product"}],"replies":[{"embeddable":true,"href":"https:\/\/www.hutter.nl\/es\/wp-json\/wp\/v2\/comments?post=14600"}],"wp:featuredmedia":[{"embeddable":true,"href":"https:\/\/www.hutter.nl\/es\/wp-json\/wp\/v2\/media\/14602"}],"wp:attachment":[{"href":"https:\/\/www.hutter.nl\/es\/wp-json\/wp\/v2\/media?parent=14600"}],"wp:term":[{"taxonomy":"product_brand","embeddable":true,"href":"https:\/\/www.hutter.nl\/es\/wp-json\/wp\/v2\/product_brand?post=14600"},{"taxonomy":"product_cat","embeddable":true,"href":"https:\/\/www.hutter.nl\/es\/wp-json\/wp\/v2\/product_cat?post=14600"},{"taxonomy":"product_tag","embeddable":true,"href":"https:\/\/www.hutter.nl\/es\/wp-json\/wp\/v2\/product_tag?post=14600"}],"curies":[{"name":"wp","href":"https:\/\/api.w.org\/{rel}","templated":true}]}}