{"id":14611,"date":"2025-03-14T04:48:20","date_gmt":"2025-03-14T03:48:20","guid":{"rendered":"https:\/\/www.hutter.nl\/catalogue\/sin categor\u00eda\/product\/placa-base-con-huecos-para-copas\/"},"modified":"2025-03-14T04:48:20","modified_gmt":"2025-03-14T03:48:20","slug":"placa-base-con-huecos-para-copas","status":"publish","type":"product","link":"https:\/\/www.hutter.nl\/es\/winkel\/gama\/proteccion-contra-caidas-permanente\/componentes-es\/placas-base\/placa-base-con-huecos-para-copas\/","title":{"rendered":"Placa base con huecos para copas"},"content":{"rendered":"<p data-start=\"118\" data-end=\"307\">La base Scope cup es una nueva incorporaci\u00f3n como base del sistema Scope para casi todo tipo de cubiertas. La placa base se fija mediante pernos de anclaje inclinados y copas de encaje.<\/p>\n","protected":false},"excerpt":{"rendered":"<p data-start=\"133\" data-end=\"462\">La base Scope cup es un complemento de la placa base est\u00e1ndar, pero equipada con cuatro aberturas m\u00e1s grandes para la instalaci\u00f3n de pernos de anclaje inclinados con copas. Esto ofrece ventajas importantes durante la instalaci\u00f3n: evita que el perno de anclaje se caiga hacia abajo y no es necesario cortar el extremo roscado.<\/p>\n","protected":false},"featured_media":13971,"comment_status":"closed","ping_status":"closed","template":"","meta":[],"product_brand":[],"product_cat":[3123],"product_tag":[],"class_list":{"0":"post-14611","1":"product","2":"type-product","3":"status-publish","4":"has-post-thumbnail","6":"product_cat-placas-base","7":"pa_gewicht-2-1-kg-es","9":"first","10":"instock","11":"shipping-taxable","12":"product-type-simple","13":"prodpage-classic"},"yoast_head":"<!-- This site is optimized with the Yoast SEO plugin v27.4 - https:\/\/yoast.com\/product\/yoast-seo-wordpress\/ -->\n<title>Placa base con huecos para copas - H\u00fctter Veiligheid B.V.<\/title>\n<meta name=\"robots\" content=\"index, follow, max-snippet:-1, max-image-preview:large, max-video-preview:-1\" \/>\n<link rel=\"canonical\" href=\"https:\/\/www.hutter.nl\/winkel\/gama\/proteccion-contra-caidas-permanente\/componentes-es\/placas-base\/placa-base-con-huecos-para-copas\/\" \/>\n<meta property=\"og:locale\" content=\"es_ES\" \/>\n<meta property=\"og:type\" content=\"article\" \/>\n<meta property=\"og:title\" content=\"Placa base con huecos para copas - H\u00fctter Veiligheid B.V.\" \/>\n<meta property=\"og:description\" content=\"La base Scope cup es un complemento de la placa base est\u00e1ndar, pero equipada con cuatro aberturas m\u00e1s grandes para la instalaci\u00f3n de pernos de anclaje inclinados con copas. Esto ofrece ventajas importantes durante la instalaci\u00f3n: evita que el perno de anclaje se caiga hacia abajo y no es necesario cortar el extremo roscado.\" \/>\n<meta property=\"og:url\" content=\"https:\/\/www.hutter.nl\/winkel\/gama\/proteccion-contra-caidas-permanente\/componentes-es\/placas-base\/placa-base-con-huecos-para-copas\/\" \/>\n<meta property=\"og:site_name\" content=\"H\u00fctter Veiligheid B.V.\" \/>\n<meta property=\"og:image\" content=\"https:\/\/www.hutter.nl\/wp-content\/uploads\/2025\/03\/DSC_2625.jpg\" \/>\n\t<meta property=\"og:image:width\" content=\"2560\" \/>\n\t<meta property=\"og:image:height\" content=\"1438\" \/>\n\t<meta property=\"og:image:type\" content=\"image\/jpeg\" \/>\n<meta name=\"twitter:card\" content=\"summary_large_image\" \/>\n<meta name=\"twitter:site\" content=\"@hutter_safety\" \/>\n<script type=\"application\/ld+json\" class=\"yoast-schema-graph\">{\"@context\":\"https:\\\/\\\/schema.org\",\"@graph\":[{\"@type\":\"WebPage\",\"@id\":\"https:\\\/\\\/www.hutter.nl\\\/winkel\\\/gama\\\/proteccion-contra-caidas-permanente\\\/componentes-es\\\/placas-base\\\/placa-base-con-huecos-para-copas\\\/\",\"url\":\"https:\\\/\\\/www.hutter.nl\\\/winkel\\\/gama\\\/proteccion-contra-caidas-permanente\\\/componentes-es\\\/placas-base\\\/placa-base-con-huecos-para-copas\\\/\",\"name\":\"Placa base con huecos para copas - H\u00fctter Veiligheid B.V.\",\"isPartOf\":{\"@id\":\"https:\\\/\\\/www.hutter.nl\\\/#website\"},\"primaryImageOfPage\":{\"@id\":\"https:\\\/\\\/www.hutter.nl\\\/winkel\\\/gama\\\/proteccion-contra-caidas-permanente\\\/componentes-es\\\/placas-base\\\/placa-base-con-huecos-para-copas\\\/#primaryimage\"},\"image\":{\"@id\":\"https:\\\/\\\/www.hutter.nl\\\/winkel\\\/gama\\\/proteccion-contra-caidas-permanente\\\/componentes-es\\\/placas-base\\\/placa-base-con-huecos-para-copas\\\/#primaryimage\"},\"thumbnailUrl\":\"https:\\\/\\\/www.hutter.nl\\\/wp-content\\\/uploads\\\/2025\\\/03\\\/DSC_2625.jpg\",\"datePublished\":\"2025-03-14T03:48:20+00:00\",\"breadcrumb\":{\"@id\":\"https:\\\/\\\/www.hutter.nl\\\/winkel\\\/gama\\\/proteccion-contra-caidas-permanente\\\/componentes-es\\\/placas-base\\\/placa-base-con-huecos-para-copas\\\/#breadcrumb\"},\"inLanguage\":\"es\",\"potentialAction\":[{\"@type\":\"ReadAction\",\"target\":[\"https:\\\/\\\/www.hutter.nl\\\/winkel\\\/gama\\\/proteccion-contra-caidas-permanente\\\/componentes-es\\\/placas-base\\\/placa-base-con-huecos-para-copas\\\/\"]}]},{\"@type\":\"ImageObject\",\"inLanguage\":\"es\",\"@id\":\"https:\\\/\\\/www.hutter.nl\\\/winkel\\\/gama\\\/proteccion-contra-caidas-permanente\\\/componentes-es\\\/placas-base\\\/placa-base-con-huecos-para-copas\\\/#primaryimage\",\"url\":\"https:\\\/\\\/www.hutter.nl\\\/wp-content\\\/uploads\\\/2025\\\/03\\\/DSC_2625.jpg\",\"contentUrl\":\"https:\\\/\\\/www.hutter.nl\\\/wp-content\\\/uploads\\\/2025\\\/03\\\/DSC_2625.jpg\",\"width\":2560,\"height\":1438,\"caption\":\"Placa base con huecos para copas\"},{\"@type\":\"BreadcrumbList\",\"@id\":\"https:\\\/\\\/www.hutter.nl\\\/winkel\\\/gama\\\/proteccion-contra-caidas-permanente\\\/componentes-es\\\/placas-base\\\/placa-base-con-huecos-para-copas\\\/#breadcrumb\",\"itemListElement\":[{\"@type\":\"ListItem\",\"position\":1,\"name\":\"Home\",\"item\":\"https:\\\/\\\/www.hutter.nl\\\/es\\\/\"},{\"@type\":\"ListItem\",\"position\":2,\"name\":\"Winkel\",\"item\":\"https:\\\/\\\/www.hutter.nl\\\/winkel\\\/\"},{\"@type\":\"ListItem\",\"position\":3,\"name\":\"Placa base con huecos para copas\"}]},{\"@type\":\"WebSite\",\"@id\":\"https:\\\/\\\/www.hutter.nl\\\/#website\",\"url\":\"https:\\\/\\\/www.hutter.nl\\\/\",\"name\":\"H\u00fctter Safety\",\"description\":\"Specialist in arbeidsveiligheid sinds 1909\",\"publisher\":{\"@id\":\"https:\\\/\\\/www.hutter.nl\\\/#organization\"},\"potentialAction\":[{\"@type\":\"SearchAction\",\"target\":{\"@type\":\"EntryPoint\",\"urlTemplate\":\"https:\\\/\\\/www.hutter.nl\\\/?s={search_term_string}\"},\"query-input\":{\"@type\":\"PropertyValueSpecification\",\"valueRequired\":true,\"valueName\":\"search_term_string\"}}],\"inLanguage\":\"es\"},{\"@type\":\"Organization\",\"@id\":\"https:\\\/\\\/www.hutter.nl\\\/#organization\",\"name\":\"H\u00fctter Veiligheid B.V.\",\"url\":\"https:\\\/\\\/www.hutter.nl\\\/\",\"logo\":{\"@type\":\"ImageObject\",\"inLanguage\":\"es\",\"@id\":\"https:\\\/\\\/www.hutter.nl\\\/#\\\/schema\\\/logo\\\/image\\\/\",\"url\":\"https:\\\/\\\/www.hutter.nl\\\/wp-content\\\/uploads\\\/2016\\\/10\\\/Hutter_Veiligheid_logo-email.png\",\"contentUrl\":\"https:\\\/\\\/www.hutter.nl\\\/wp-content\\\/uploads\\\/2016\\\/10\\\/Hutter_Veiligheid_logo-email.png\",\"width\":150,\"height\":104,\"caption\":\"H\u00fctter Veiligheid B.V.\"},\"image\":{\"@id\":\"https:\\\/\\\/www.hutter.nl\\\/#\\\/schema\\\/logo\\\/image\\\/\"},\"sameAs\":[\"https:\\\/\\\/x.com\\\/hutter_safety\",\"https:\\\/\\\/www.linkedin.com\\\/company\\\/h\u00fctter-veiligheid-bv?trk=company_logo\"]}]}<\/script>\n<!-- \/ Yoast SEO plugin. -->","yoast_head_json":{"title":"Placa base con huecos para copas - H\u00fctter Veiligheid B.V.","robots":{"index":"index","follow":"follow","max-snippet":"max-snippet:-1","max-image-preview":"max-image-preview:large","max-video-preview":"max-video-preview:-1"},"canonical":"https:\/\/www.hutter.nl\/winkel\/gama\/proteccion-contra-caidas-permanente\/componentes-es\/placas-base\/placa-base-con-huecos-para-copas\/","og_locale":"es_ES","og_type":"article","og_title":"Placa base con huecos para copas - H\u00fctter Veiligheid B.V.","og_description":"La base Scope cup es un complemento de la placa base est\u00e1ndar, pero equipada con cuatro aberturas m\u00e1s grandes para la instalaci\u00f3n de pernos de anclaje inclinados con copas. Esto ofrece ventajas importantes durante la instalaci\u00f3n: evita que el perno de anclaje se caiga hacia abajo y no es necesario cortar el extremo roscado.","og_url":"https:\/\/www.hutter.nl\/winkel\/gama\/proteccion-contra-caidas-permanente\/componentes-es\/placas-base\/placa-base-con-huecos-para-copas\/","og_site_name":"H\u00fctter Veiligheid B.V.","og_image":[{"width":2560,"height":1438,"url":"https:\/\/www.hutter.nl\/wp-content\/uploads\/2025\/03\/DSC_2625.jpg","type":"image\/jpeg"}],"twitter_card":"summary_large_image","twitter_site":"@hutter_safety","schema":{"@context":"https:\/\/schema.org","@graph":[{"@type":"WebPage","@id":"https:\/\/www.hutter.nl\/winkel\/gama\/proteccion-contra-caidas-permanente\/componentes-es\/placas-base\/placa-base-con-huecos-para-copas\/","url":"https:\/\/www.hutter.nl\/winkel\/gama\/proteccion-contra-caidas-permanente\/componentes-es\/placas-base\/placa-base-con-huecos-para-copas\/","name":"Placa base con huecos para copas - H\u00fctter Veiligheid B.V.","isPartOf":{"@id":"https:\/\/www.hutter.nl\/#website"},"primaryImageOfPage":{"@id":"https:\/\/www.hutter.nl\/winkel\/gama\/proteccion-contra-caidas-permanente\/componentes-es\/placas-base\/placa-base-con-huecos-para-copas\/#primaryimage"},"image":{"@id":"https:\/\/www.hutter.nl\/winkel\/gama\/proteccion-contra-caidas-permanente\/componentes-es\/placas-base\/placa-base-con-huecos-para-copas\/#primaryimage"},"thumbnailUrl":"https:\/\/www.hutter.nl\/wp-content\/uploads\/2025\/03\/DSC_2625.jpg","datePublished":"2025-03-14T03:48:20+00:00","breadcrumb":{"@id":"https:\/\/www.hutter.nl\/winkel\/gama\/proteccion-contra-caidas-permanente\/componentes-es\/placas-base\/placa-base-con-huecos-para-copas\/#breadcrumb"},"inLanguage":"es","potentialAction":[{"@type":"ReadAction","target":["https:\/\/www.hutter.nl\/winkel\/gama\/proteccion-contra-caidas-permanente\/componentes-es\/placas-base\/placa-base-con-huecos-para-copas\/"]}]},{"@type":"ImageObject","inLanguage":"es","@id":"https:\/\/www.hutter.nl\/winkel\/gama\/proteccion-contra-caidas-permanente\/componentes-es\/placas-base\/placa-base-con-huecos-para-copas\/#primaryimage","url":"https:\/\/www.hutter.nl\/wp-content\/uploads\/2025\/03\/DSC_2625.jpg","contentUrl":"https:\/\/www.hutter.nl\/wp-content\/uploads\/2025\/03\/DSC_2625.jpg","width":2560,"height":1438,"caption":"Placa base con huecos para copas"},{"@type":"BreadcrumbList","@id":"https:\/\/www.hutter.nl\/winkel\/gama\/proteccion-contra-caidas-permanente\/componentes-es\/placas-base\/placa-base-con-huecos-para-copas\/#breadcrumb","itemListElement":[{"@type":"ListItem","position":1,"name":"Home","item":"https:\/\/www.hutter.nl\/es\/"},{"@type":"ListItem","position":2,"name":"Winkel","item":"https:\/\/www.hutter.nl\/winkel\/"},{"@type":"ListItem","position":3,"name":"Placa base con huecos para copas"}]},{"@type":"WebSite","@id":"https:\/\/www.hutter.nl\/#website","url":"https:\/\/www.hutter.nl\/","name":"H\u00fctter Safety","description":"Specialist in arbeidsveiligheid sinds 1909","publisher":{"@id":"https:\/\/www.hutter.nl\/#organization"},"potentialAction":[{"@type":"SearchAction","target":{"@type":"EntryPoint","urlTemplate":"https:\/\/www.hutter.nl\/?s={search_term_string}"},"query-input":{"@type":"PropertyValueSpecification","valueRequired":true,"valueName":"search_term_string"}}],"inLanguage":"es"},{"@type":"Organization","@id":"https:\/\/www.hutter.nl\/#organization","name":"H\u00fctter Veiligheid B.V.","url":"https:\/\/www.hutter.nl\/","logo":{"@type":"ImageObject","inLanguage":"es","@id":"https:\/\/www.hutter.nl\/#\/schema\/logo\/image\/","url":"https:\/\/www.hutter.nl\/wp-content\/uploads\/2016\/10\/Hutter_Veiligheid_logo-email.png","contentUrl":"https:\/\/www.hutter.nl\/wp-content\/uploads\/2016\/10\/Hutter_Veiligheid_logo-email.png","width":150,"height":104,"caption":"H\u00fctter Veiligheid B.V."},"image":{"@id":"https:\/\/www.hutter.nl\/#\/schema\/logo\/image\/"},"sameAs":["https:\/\/x.com\/hutter_safety","https:\/\/www.linkedin.com\/company\/h\u00fctter-veiligheid-bv?trk=company_logo"]}]}},"_links":{"self":[{"href":"https:\/\/www.hutter.nl\/es\/wp-json\/wp\/v2\/product\/14611","targetHints":{"allow":["GET"]}}],"collection":[{"href":"https:\/\/www.hutter.nl\/es\/wp-json\/wp\/v2\/product"}],"about":[{"href":"https:\/\/www.hutter.nl\/es\/wp-json\/wp\/v2\/types\/product"}],"replies":[{"embeddable":true,"href":"https:\/\/www.hutter.nl\/es\/wp-json\/wp\/v2\/comments?post=14611"}],"wp:featuredmedia":[{"embeddable":true,"href":"https:\/\/www.hutter.nl\/es\/wp-json\/wp\/v2\/media\/13971"}],"wp:attachment":[{"href":"https:\/\/www.hutter.nl\/es\/wp-json\/wp\/v2\/media?parent=14611"}],"wp:term":[{"taxonomy":"product_brand","embeddable":true,"href":"https:\/\/www.hutter.nl\/es\/wp-json\/wp\/v2\/product_brand?post=14611"},{"taxonomy":"product_cat","embeddable":true,"href":"https:\/\/www.hutter.nl\/es\/wp-json\/wp\/v2\/product_cat?post=14611"},{"taxonomy":"product_tag","embeddable":true,"href":"https:\/\/www.hutter.nl\/es\/wp-json\/wp\/v2\/product_tag?post=14611"}],"curies":[{"name":"wp","href":"https:\/\/api.w.org\/{rel}","templated":true}]}}