{"id":14614,"date":"2015-12-22T14:30:33","date_gmt":"2015-12-22T13:30:33","guid":{"rendered":"https:\/\/www.hutter.nl\/catalogue\/sin categor\u00eda\/product\/poste-rigido\/"},"modified":"2015-12-22T14:30:33","modified_gmt":"2015-12-22T13:30:33","slug":"poste-rigido","status":"publish","type":"product","link":"https:\/\/www.hutter.nl\/es\/winkel\/gama\/proteccion-contra-caidas-permanente\/poste-rigido\/","title":{"rendered":"Poste r\u00edgido"},"content":{"rendered":"<p>El poste est\u00e1tico se fija a la estructura portante del edificio, nave o gr\u00faa para el sistema Scope HD (A\u00e9reo).<\/p>\n","protected":false},"excerpt":{"rendered":"<p>Poste r\u00edgido con 6 puntos de fijaci\u00f3n.<\/p>\n","protected":false},"featured_media":6240,"comment_status":"closed","ping_status":"closed","template":"","meta":[],"product_brand":[],"product_cat":[3123,3115],"product_tag":[3156,2896,2898,3129,3143,3155,3157],"class_list":{"0":"post-14614","1":"product","2":"type-product","3":"status-publish","4":"has-post-thumbnail","6":"product_cat-placas-base","7":"product_cat-proteccion-contra-caidas-permanente","8":"product_tag-cubiertas-de-fibrocemento","9":"product_tag-hoofddorp-es","10":"product_tag-hutter-veiligheid-b-v-es","11":"product_tag-instalacion","12":"product_tag-poste-dp","13":"product_tag-poste-rigido","14":"product_tag-vigas-estructurales","16":"first","17":"instock","18":"product-type-simple","19":"prodpage-classic"},"yoast_head":"<!-- This site is optimized with the Yoast SEO plugin v27.4 - https:\/\/yoast.com\/product\/yoast-seo-wordpress\/ -->\n<title>Poste r\u00edgido - H\u00fctter Veiligheid B.V.<\/title>\n<meta name=\"description\" content=\"El poste r\u00edgido est\u00e1 dise\u00f1ado para su instalaci\u00f3n sobre vigas estructurales y debe utilizarse junto con el poste Eco DP y los componentes de los sistemas de l\u00ednea Scope.\" \/>\n<meta name=\"robots\" content=\"index, follow, max-snippet:-1, max-image-preview:large, max-video-preview:-1\" \/>\n<link rel=\"canonical\" href=\"https:\/\/www.hutter.nl\/winkel\/gama\/proteccion-contra-caidas-permanente\/poste-rigido\/\" \/>\n<meta property=\"og:locale\" content=\"es_ES\" \/>\n<meta property=\"og:type\" content=\"article\" \/>\n<meta property=\"og:title\" content=\"Poste r\u00edgido - H\u00fctter Veiligheid B.V.\" \/>\n<meta property=\"og:description\" content=\"El poste r\u00edgido est\u00e1 dise\u00f1ado para su instalaci\u00f3n sobre vigas estructurales y debe utilizarse junto con el poste Eco DP y los componentes de los sistemas de l\u00ednea Scope.\" \/>\n<meta property=\"og:url\" content=\"https:\/\/www.hutter.nl\/winkel\/gama\/proteccion-contra-caidas-permanente\/poste-rigido\/\" \/>\n<meta property=\"og:site_name\" content=\"H\u00fctter Veiligheid B.V.\" \/>\n<meta property=\"og:image\" content=\"https:\/\/www.hutter.nl\/wp-content\/uploads\/2015\/12\/ridged-post.png\" \/>\n\t<meta property=\"og:image:width\" content=\"370\" \/>\n\t<meta property=\"og:image:height\" content=\"370\" \/>\n\t<meta property=\"og:image:type\" content=\"image\/png\" \/>\n<meta name=\"twitter:card\" content=\"summary_large_image\" \/>\n<meta name=\"twitter:site\" content=\"@hutter_safety\" \/>\n<script type=\"application\/ld+json\" class=\"yoast-schema-graph\">{\"@context\":\"https:\\\/\\\/schema.org\",\"@graph\":[{\"@type\":\"WebPage\",\"@id\":\"https:\\\/\\\/www.hutter.nl\\\/winkel\\\/gama\\\/proteccion-contra-caidas-permanente\\\/poste-rigido\\\/\",\"url\":\"https:\\\/\\\/www.hutter.nl\\\/winkel\\\/gama\\\/proteccion-contra-caidas-permanente\\\/poste-rigido\\\/\",\"name\":\"Poste r\u00edgido - H\u00fctter Veiligheid B.V.\",\"isPartOf\":{\"@id\":\"https:\\\/\\\/www.hutter.nl\\\/#website\"},\"primaryImageOfPage\":{\"@id\":\"https:\\\/\\\/www.hutter.nl\\\/winkel\\\/gama\\\/proteccion-contra-caidas-permanente\\\/poste-rigido\\\/#primaryimage\"},\"image\":{\"@id\":\"https:\\\/\\\/www.hutter.nl\\\/winkel\\\/gama\\\/proteccion-contra-caidas-permanente\\\/poste-rigido\\\/#primaryimage\"},\"thumbnailUrl\":\"https:\\\/\\\/www.hutter.nl\\\/wp-content\\\/uploads\\\/2015\\\/12\\\/ridged-post.png\",\"datePublished\":\"2015-12-22T13:30:33+00:00\",\"description\":\"El poste r\u00edgido est\u00e1 dise\u00f1ado para su instalaci\u00f3n sobre vigas estructurales y debe utilizarse junto con el poste Eco DP y los componentes de los sistemas de l\u00ednea Scope.\",\"breadcrumb\":{\"@id\":\"https:\\\/\\\/www.hutter.nl\\\/winkel\\\/gama\\\/proteccion-contra-caidas-permanente\\\/poste-rigido\\\/#breadcrumb\"},\"inLanguage\":\"es\",\"potentialAction\":[{\"@type\":\"ReadAction\",\"target\":[\"https:\\\/\\\/www.hutter.nl\\\/winkel\\\/gama\\\/proteccion-contra-caidas-permanente\\\/poste-rigido\\\/\"]}]},{\"@type\":\"ImageObject\",\"inLanguage\":\"es\",\"@id\":\"https:\\\/\\\/www.hutter.nl\\\/winkel\\\/gama\\\/proteccion-contra-caidas-permanente\\\/poste-rigido\\\/#primaryimage\",\"url\":\"https:\\\/\\\/www.hutter.nl\\\/wp-content\\\/uploads\\\/2015\\\/12\\\/ridged-post.png\",\"contentUrl\":\"https:\\\/\\\/www.hutter.nl\\\/wp-content\\\/uploads\\\/2015\\\/12\\\/ridged-post.png\",\"width\":370,\"height\":370,\"caption\":\"Poste r\u00edgido\"},{\"@type\":\"BreadcrumbList\",\"@id\":\"https:\\\/\\\/www.hutter.nl\\\/winkel\\\/gama\\\/proteccion-contra-caidas-permanente\\\/poste-rigido\\\/#breadcrumb\",\"itemListElement\":[{\"@type\":\"ListItem\",\"position\":1,\"name\":\"Home\",\"item\":\"https:\\\/\\\/www.hutter.nl\\\/es\\\/\"},{\"@type\":\"ListItem\",\"position\":2,\"name\":\"Winkel\",\"item\":\"https:\\\/\\\/www.hutter.nl\\\/winkel\\\/\"},{\"@type\":\"ListItem\",\"position\":3,\"name\":\"Poste r\u00edgido\"}]},{\"@type\":\"WebSite\",\"@id\":\"https:\\\/\\\/www.hutter.nl\\\/#website\",\"url\":\"https:\\\/\\\/www.hutter.nl\\\/\",\"name\":\"H\u00fctter Safety\",\"description\":\"Specialist in arbeidsveiligheid sinds 1909\",\"publisher\":{\"@id\":\"https:\\\/\\\/www.hutter.nl\\\/#organization\"},\"potentialAction\":[{\"@type\":\"SearchAction\",\"target\":{\"@type\":\"EntryPoint\",\"urlTemplate\":\"https:\\\/\\\/www.hutter.nl\\\/?s={search_term_string}\"},\"query-input\":{\"@type\":\"PropertyValueSpecification\",\"valueRequired\":true,\"valueName\":\"search_term_string\"}}],\"inLanguage\":\"es\"},{\"@type\":\"Organization\",\"@id\":\"https:\\\/\\\/www.hutter.nl\\\/#organization\",\"name\":\"H\u00fctter Veiligheid B.V.\",\"url\":\"https:\\\/\\\/www.hutter.nl\\\/\",\"logo\":{\"@type\":\"ImageObject\",\"inLanguage\":\"es\",\"@id\":\"https:\\\/\\\/www.hutter.nl\\\/#\\\/schema\\\/logo\\\/image\\\/\",\"url\":\"https:\\\/\\\/www.hutter.nl\\\/wp-content\\\/uploads\\\/2016\\\/10\\\/Hutter_Veiligheid_logo-email.png\",\"contentUrl\":\"https:\\\/\\\/www.hutter.nl\\\/wp-content\\\/uploads\\\/2016\\\/10\\\/Hutter_Veiligheid_logo-email.png\",\"width\":150,\"height\":104,\"caption\":\"H\u00fctter Veiligheid B.V.\"},\"image\":{\"@id\":\"https:\\\/\\\/www.hutter.nl\\\/#\\\/schema\\\/logo\\\/image\\\/\"},\"sameAs\":[\"https:\\\/\\\/x.com\\\/hutter_safety\",\"https:\\\/\\\/www.linkedin.com\\\/company\\\/h\u00fctter-veiligheid-bv?trk=company_logo\"]}]}<\/script>\n<!-- \/ Yoast SEO plugin. -->","yoast_head_json":{"title":"Poste r\u00edgido - H\u00fctter Veiligheid B.V.","description":"El poste r\u00edgido est\u00e1 dise\u00f1ado para su instalaci\u00f3n sobre vigas estructurales y debe utilizarse junto con el poste Eco DP y los componentes de los sistemas de l\u00ednea Scope.","robots":{"index":"index","follow":"follow","max-snippet":"max-snippet:-1","max-image-preview":"max-image-preview:large","max-video-preview":"max-video-preview:-1"},"canonical":"https:\/\/www.hutter.nl\/winkel\/gama\/proteccion-contra-caidas-permanente\/poste-rigido\/","og_locale":"es_ES","og_type":"article","og_title":"Poste r\u00edgido - H\u00fctter Veiligheid B.V.","og_description":"El poste r\u00edgido est\u00e1 dise\u00f1ado para su instalaci\u00f3n sobre vigas estructurales y debe utilizarse junto con el poste Eco DP y los componentes de los sistemas de l\u00ednea Scope.","og_url":"https:\/\/www.hutter.nl\/winkel\/gama\/proteccion-contra-caidas-permanente\/poste-rigido\/","og_site_name":"H\u00fctter Veiligheid B.V.","og_image":[{"width":370,"height":370,"url":"https:\/\/www.hutter.nl\/wp-content\/uploads\/2015\/12\/ridged-post.png","type":"image\/png"}],"twitter_card":"summary_large_image","twitter_site":"@hutter_safety","schema":{"@context":"https:\/\/schema.org","@graph":[{"@type":"WebPage","@id":"https:\/\/www.hutter.nl\/winkel\/gama\/proteccion-contra-caidas-permanente\/poste-rigido\/","url":"https:\/\/www.hutter.nl\/winkel\/gama\/proteccion-contra-caidas-permanente\/poste-rigido\/","name":"Poste r\u00edgido - H\u00fctter Veiligheid B.V.","isPartOf":{"@id":"https:\/\/www.hutter.nl\/#website"},"primaryImageOfPage":{"@id":"https:\/\/www.hutter.nl\/winkel\/gama\/proteccion-contra-caidas-permanente\/poste-rigido\/#primaryimage"},"image":{"@id":"https:\/\/www.hutter.nl\/winkel\/gama\/proteccion-contra-caidas-permanente\/poste-rigido\/#primaryimage"},"thumbnailUrl":"https:\/\/www.hutter.nl\/wp-content\/uploads\/2015\/12\/ridged-post.png","datePublished":"2015-12-22T13:30:33+00:00","description":"El poste r\u00edgido est\u00e1 dise\u00f1ado para su instalaci\u00f3n sobre vigas estructurales y debe utilizarse junto con el poste Eco DP y los componentes de los sistemas de l\u00ednea Scope.","breadcrumb":{"@id":"https:\/\/www.hutter.nl\/winkel\/gama\/proteccion-contra-caidas-permanente\/poste-rigido\/#breadcrumb"},"inLanguage":"es","potentialAction":[{"@type":"ReadAction","target":["https:\/\/www.hutter.nl\/winkel\/gama\/proteccion-contra-caidas-permanente\/poste-rigido\/"]}]},{"@type":"ImageObject","inLanguage":"es","@id":"https:\/\/www.hutter.nl\/winkel\/gama\/proteccion-contra-caidas-permanente\/poste-rigido\/#primaryimage","url":"https:\/\/www.hutter.nl\/wp-content\/uploads\/2015\/12\/ridged-post.png","contentUrl":"https:\/\/www.hutter.nl\/wp-content\/uploads\/2015\/12\/ridged-post.png","width":370,"height":370,"caption":"Poste r\u00edgido"},{"@type":"BreadcrumbList","@id":"https:\/\/www.hutter.nl\/winkel\/gama\/proteccion-contra-caidas-permanente\/poste-rigido\/#breadcrumb","itemListElement":[{"@type":"ListItem","position":1,"name":"Home","item":"https:\/\/www.hutter.nl\/es\/"},{"@type":"ListItem","position":2,"name":"Winkel","item":"https:\/\/www.hutter.nl\/winkel\/"},{"@type":"ListItem","position":3,"name":"Poste r\u00edgido"}]},{"@type":"WebSite","@id":"https:\/\/www.hutter.nl\/#website","url":"https:\/\/www.hutter.nl\/","name":"H\u00fctter Safety","description":"Specialist in arbeidsveiligheid sinds 1909","publisher":{"@id":"https:\/\/www.hutter.nl\/#organization"},"potentialAction":[{"@type":"SearchAction","target":{"@type":"EntryPoint","urlTemplate":"https:\/\/www.hutter.nl\/?s={search_term_string}"},"query-input":{"@type":"PropertyValueSpecification","valueRequired":true,"valueName":"search_term_string"}}],"inLanguage":"es"},{"@type":"Organization","@id":"https:\/\/www.hutter.nl\/#organization","name":"H\u00fctter Veiligheid B.V.","url":"https:\/\/www.hutter.nl\/","logo":{"@type":"ImageObject","inLanguage":"es","@id":"https:\/\/www.hutter.nl\/#\/schema\/logo\/image\/","url":"https:\/\/www.hutter.nl\/wp-content\/uploads\/2016\/10\/Hutter_Veiligheid_logo-email.png","contentUrl":"https:\/\/www.hutter.nl\/wp-content\/uploads\/2016\/10\/Hutter_Veiligheid_logo-email.png","width":150,"height":104,"caption":"H\u00fctter Veiligheid B.V."},"image":{"@id":"https:\/\/www.hutter.nl\/#\/schema\/logo\/image\/"},"sameAs":["https:\/\/x.com\/hutter_safety","https:\/\/www.linkedin.com\/company\/h\u00fctter-veiligheid-bv?trk=company_logo"]}]}},"_links":{"self":[{"href":"https:\/\/www.hutter.nl\/es\/wp-json\/wp\/v2\/product\/14614","targetHints":{"allow":["GET"]}}],"collection":[{"href":"https:\/\/www.hutter.nl\/es\/wp-json\/wp\/v2\/product"}],"about":[{"href":"https:\/\/www.hutter.nl\/es\/wp-json\/wp\/v2\/types\/product"}],"replies":[{"embeddable":true,"href":"https:\/\/www.hutter.nl\/es\/wp-json\/wp\/v2\/comments?post=14614"}],"wp:featuredmedia":[{"embeddable":true,"href":"https:\/\/www.hutter.nl\/es\/wp-json\/wp\/v2\/media\/6240"}],"wp:attachment":[{"href":"https:\/\/www.hutter.nl\/es\/wp-json\/wp\/v2\/media?parent=14614"}],"wp:term":[{"taxonomy":"product_brand","embeddable":true,"href":"https:\/\/www.hutter.nl\/es\/wp-json\/wp\/v2\/product_brand?post=14614"},{"taxonomy":"product_cat","embeddable":true,"href":"https:\/\/www.hutter.nl\/es\/wp-json\/wp\/v2\/product_cat?post=14614"},{"taxonomy":"product_tag","embeddable":true,"href":"https:\/\/www.hutter.nl\/es\/wp-json\/wp\/v2\/product_tag?post=14614"}],"curies":[{"name":"wp","href":"https:\/\/api.w.org\/{rel}","templated":true}]}}