{"id":14636,"date":"2015-12-22T14:30:33","date_gmt":"2015-12-22T13:30:33","guid":{"rendered":"https:\/\/www.hutter.nl\/catalogue\/sin%20categor\u00eda\/product\/poste-dp-scope\/"},"modified":"2025-12-08T09:43:02","modified_gmt":"2025-12-08T08:43:02","slug":"scope-dynamische-ankerpaal","status":"publish","type":"product","link":"https:\/\/www.hutter.nl\/es\/winkel\/gama\/proteccion-contra-caidas-permanente\/sistema-de-linea\/scope-dynamische-ankerpaal\/","title":{"rendered":"Poste DP Scope"},"content":{"rendered":"<p>El Poste DP Scope se utiliza como poste de extremo y de esquina en el sistema de l\u00ednea horizontal. En el Poste DP Scope se instalan puntos finales, intermedios o esquinas para conformar un sistema de l\u00ednea completo. En caso de ca\u00edda, el cono se deforma junto con la articulaci\u00f3n inmediata del soporte interno en forma de V-D y, finalmente, se desprende la tapa adherida. Esto permite una reducci\u00f3n significativa de las fuerzas y la energ\u00eda liberadas.<\/p>\n<p>Una ventaja importante de la forma c\u00f3nica es su estabilidad, especialmente en puntos finales y esquinas. El cono se mantiene firmemente en posici\u00f3n vertical, tanto durante la pretensi\u00f3n como durante el uso.<\/p>\n<p>&nbsp;<\/p>\n<p><strong><img decoding=\"async\" class=\"emoji\" role=\"img\" draggable=\"false\" src=\"https:\/\/s.w.org\/images\/core\/emoji\/17.0.2\/svg\/1f4c4.svg\" alt=\"\ud83d\udcc4\" \/> <a href=\"https:\/\/www.hutter.nl\/wp-content\/uploads\/2025\/10\/TS-ES-Scope-Poste-DP-2.5.1.pdf\" target=\"_blank\" rel=\"noopener\">Haga clic aqu\u00ed para ver la ficha t\u00e9cnica.<\/a><\/strong><\/p>\n","protected":false},"excerpt":{"rendered":"<p>Con el Poste Din\u00e1mico de Anclaje Scope (DP) se puede instalar un sistema de l\u00ednea en (pr\u00e1cticamente) todos los tipos de cubiertas existentes. Gracias a la alta calidad de los componentes y del propio DP, se garantiza una larga vida \u00fatil.) se puede instalar un sistema de l\u00ednea en (pr\u00e1cticamente) todos los tipos de cubiertas existentes. Gracias a la alta calidad de los componentes y del propio DP, se garantiza una larga vida \u00fatil.<\/p>\n","protected":false},"featured_media":14049,"comment_status":"closed","ping_status":"closed","template":"","meta":[],"product_brand":[],"product_cat":[3176],"product_tag":[3180,3182,3179,3188,2895,3178,2896,2897,2898,3183,3177,3186,3118,3184,3181,3187,3161,3185],"class_list":{"0":"post-14636","1":"product","2":"type-product","3":"status-publish","4":"has-post-thumbnail","6":"product_cat-sistema-de-linea","7":"product_tag-absorcion-maxima-de-energia","8":"product_tag-aluminio-3-mm","9":"product_tag-amortiguador-interno","10":"product_tag-cubierta-plana","11":"product_tag-en-795c-es","12":"product_tag-estructuras-de-cubierta","13":"product_tag-hoofddorp-es","14":"product_tag-hutter-safety-es","15":"product_tag-hutter-veiligheid-b-v-es","16":"product_tag-norma-en-795-c","17":"product_tag-poste-de-anclaje-dinamico","18":"product_tag-poste-dp-es","19":"product_tag-proteccion-contra-caidas","20":"product_tag-proteccion-contra-caidas-en-cubierta","21":"product_tag-reduccion-de-fuerzas","22":"product_tag-seguridad-en-cubiertas","23":"product_tag-sistema-de-linea","24":"product_tag-trabajo-seguro-en-altura","26":"first","27":"instock","28":"product-type-simple","29":"prodpage-classic"},"yoast_head":"<!-- This site is optimized with the Yoast SEO plugin v27.4 - https:\/\/yoast.com\/product\/yoast-seo-wordpress\/ -->\n<title>Poste DP Scope - dakveiligheid - H\u00fctter Veiligheid B.V.<\/title>\n<meta name=\"description\" content=\"Met de Scope Dynamische Ankerpaal kan een lijnsysteem worden geplaatst op (nagenoeg) alle voorkomende typen daken. Het lijnsysteem is geschikt te maken voor\" \/>\n<meta name=\"robots\" content=\"index, follow, max-snippet:-1, max-image-preview:large, max-video-preview:-1\" \/>\n<link rel=\"canonical\" href=\"https:\/\/www.hutter.nl\/es\/winkel\/gama\/proteccion-contra-caidas-permanente\/sistema-de-linea\/scope-dynamische-ankerpaal\/\" \/>\n<meta property=\"og:locale\" content=\"es_ES\" \/>\n<meta property=\"og:type\" content=\"article\" \/>\n<meta property=\"og:title\" content=\"Poste DP Scope - dakveiligheid - H\u00fctter Veiligheid B.V.\" \/>\n<meta property=\"og:description\" content=\"Met de Scope Dynamische Ankerpaal kan een lijnsysteem worden geplaatst op (nagenoeg) alle voorkomende typen daken. Het lijnsysteem is geschikt te maken voor\" \/>\n<meta property=\"og:url\" content=\"https:\/\/www.hutter.nl\/es\/winkel\/gama\/proteccion-contra-caidas-permanente\/sistema-de-linea\/scope-dynamische-ankerpaal\/\" \/>\n<meta property=\"og:site_name\" content=\"H\u00fctter Veiligheid B.V.\" \/>\n<meta property=\"article:modified_time\" content=\"2025-12-08T08:43:02+00:00\" \/>\n<meta property=\"og:image\" content=\"https:\/\/www.hutter.nl\/wp-content\/uploads\/2015\/12\/Scope-DP.png\" \/>\n\t<meta property=\"og:image:width\" content=\"638\" \/>\n\t<meta property=\"og:image:height\" content=\"641\" \/>\n\t<meta property=\"og:image:type\" content=\"image\/png\" \/>\n<meta name=\"twitter:card\" content=\"summary_large_image\" \/>\n<meta name=\"twitter:site\" content=\"@hutter_safety\" \/>\n<meta name=\"twitter:label1\" content=\"Tiempo de lectura\" \/>\n\t<meta name=\"twitter:data1\" content=\"7 minutos\" \/>\n<script type=\"application\/ld+json\" class=\"yoast-schema-graph\">{\"@context\":\"https:\\\/\\\/schema.org\",\"@graph\":[{\"@type\":\"WebPage\",\"@id\":\"https:\\\/\\\/www.hutter.nl\\\/es\\\/winkel\\\/gama\\\/proteccion-contra-caidas-permanente\\\/sistema-de-linea\\\/scope-dynamische-ankerpaal\\\/\",\"url\":\"https:\\\/\\\/www.hutter.nl\\\/es\\\/winkel\\\/gama\\\/proteccion-contra-caidas-permanente\\\/sistema-de-linea\\\/scope-dynamische-ankerpaal\\\/\",\"name\":\"Poste DP Scope - dakveiligheid - H\u00fctter Veiligheid B.V.\",\"isPartOf\":{\"@id\":\"https:\\\/\\\/www.hutter.nl\\\/#website\"},\"primaryImageOfPage\":{\"@id\":\"https:\\\/\\\/www.hutter.nl\\\/es\\\/winkel\\\/gama\\\/proteccion-contra-caidas-permanente\\\/sistema-de-linea\\\/scope-dynamische-ankerpaal\\\/#primaryimage\"},\"image\":{\"@id\":\"https:\\\/\\\/www.hutter.nl\\\/es\\\/winkel\\\/gama\\\/proteccion-contra-caidas-permanente\\\/sistema-de-linea\\\/scope-dynamische-ankerpaal\\\/#primaryimage\"},\"thumbnailUrl\":\"https:\\\/\\\/www.hutter.nl\\\/wp-content\\\/uploads\\\/2015\\\/12\\\/Scope-DP.png\",\"datePublished\":\"2015-12-22T13:30:33+00:00\",\"dateModified\":\"2025-12-08T08:43:02+00:00\",\"description\":\"Met de Scope Dynamische Ankerpaal kan een lijnsysteem worden geplaatst op (nagenoeg) alle voorkomende typen daken. Het lijnsysteem is geschikt te maken voor\",\"breadcrumb\":{\"@id\":\"https:\\\/\\\/www.hutter.nl\\\/es\\\/winkel\\\/gama\\\/proteccion-contra-caidas-permanente\\\/sistema-de-linea\\\/scope-dynamische-ankerpaal\\\/#breadcrumb\"},\"inLanguage\":\"es\",\"potentialAction\":[{\"@type\":\"ReadAction\",\"target\":[\"https:\\\/\\\/www.hutter.nl\\\/es\\\/winkel\\\/gama\\\/proteccion-contra-caidas-permanente\\\/sistema-de-linea\\\/scope-dynamische-ankerpaal\\\/\"]}]},{\"@type\":\"ImageObject\",\"inLanguage\":\"es\",\"@id\":\"https:\\\/\\\/www.hutter.nl\\\/es\\\/winkel\\\/gama\\\/proteccion-contra-caidas-permanente\\\/sistema-de-linea\\\/scope-dynamische-ankerpaal\\\/#primaryimage\",\"url\":\"https:\\\/\\\/www.hutter.nl\\\/wp-content\\\/uploads\\\/2015\\\/12\\\/Scope-DP.png\",\"contentUrl\":\"https:\\\/\\\/www.hutter.nl\\\/wp-content\\\/uploads\\\/2015\\\/12\\\/Scope-DP.png\",\"width\":638,\"height\":641,\"caption\":\"poste-dp-scope\"},{\"@type\":\"BreadcrumbList\",\"@id\":\"https:\\\/\\\/www.hutter.nl\\\/es\\\/winkel\\\/gama\\\/proteccion-contra-caidas-permanente\\\/sistema-de-linea\\\/scope-dynamische-ankerpaal\\\/#breadcrumb\",\"itemListElement\":[{\"@type\":\"ListItem\",\"position\":1,\"name\":\"Home\",\"item\":\"https:\\\/\\\/www.hutter.nl\\\/es\\\/\"},{\"@type\":\"ListItem\",\"position\":2,\"name\":\"Winkel\",\"item\":\"https:\\\/\\\/www.hutter.nl\\\/winkel\\\/\"},{\"@type\":\"ListItem\",\"position\":3,\"name\":\"Poste DP Scope\"}]},{\"@type\":\"WebSite\",\"@id\":\"https:\\\/\\\/www.hutter.nl\\\/#website\",\"url\":\"https:\\\/\\\/www.hutter.nl\\\/\",\"name\":\"H\u00fctter Safety\",\"description\":\"Specialist in arbeidsveiligheid sinds 1909\",\"publisher\":{\"@id\":\"https:\\\/\\\/www.hutter.nl\\\/#organization\"},\"potentialAction\":[{\"@type\":\"SearchAction\",\"target\":{\"@type\":\"EntryPoint\",\"urlTemplate\":\"https:\\\/\\\/www.hutter.nl\\\/?s={search_term_string}\"},\"query-input\":{\"@type\":\"PropertyValueSpecification\",\"valueRequired\":true,\"valueName\":\"search_term_string\"}}],\"inLanguage\":\"es\"},{\"@type\":\"Organization\",\"@id\":\"https:\\\/\\\/www.hutter.nl\\\/#organization\",\"name\":\"H\u00fctter Veiligheid B.V.\",\"url\":\"https:\\\/\\\/www.hutter.nl\\\/\",\"logo\":{\"@type\":\"ImageObject\",\"inLanguage\":\"es\",\"@id\":\"https:\\\/\\\/www.hutter.nl\\\/#\\\/schema\\\/logo\\\/image\\\/\",\"url\":\"https:\\\/\\\/www.hutter.nl\\\/wp-content\\\/uploads\\\/2016\\\/10\\\/Hutter_Veiligheid_logo-email.png\",\"contentUrl\":\"https:\\\/\\\/www.hutter.nl\\\/wp-content\\\/uploads\\\/2016\\\/10\\\/Hutter_Veiligheid_logo-email.png\",\"width\":150,\"height\":104,\"caption\":\"H\u00fctter Veiligheid B.V.\"},\"image\":{\"@id\":\"https:\\\/\\\/www.hutter.nl\\\/#\\\/schema\\\/logo\\\/image\\\/\"},\"sameAs\":[\"https:\\\/\\\/x.com\\\/hutter_safety\",\"https:\\\/\\\/www.linkedin.com\\\/company\\\/h\u00fctter-veiligheid-bv?trk=company_logo\"]}]}<\/script>\n<!-- \/ Yoast SEO plugin. -->","yoast_head_json":{"title":"Poste DP Scope - dakveiligheid - H\u00fctter Veiligheid B.V.","description":"Met de Scope Dynamische Ankerpaal kan een lijnsysteem worden geplaatst op (nagenoeg) alle voorkomende typen daken. Het lijnsysteem is geschikt te maken voor","robots":{"index":"index","follow":"follow","max-snippet":"max-snippet:-1","max-image-preview":"max-image-preview:large","max-video-preview":"max-video-preview:-1"},"canonical":"https:\/\/www.hutter.nl\/es\/winkel\/gama\/proteccion-contra-caidas-permanente\/sistema-de-linea\/scope-dynamische-ankerpaal\/","og_locale":"es_ES","og_type":"article","og_title":"Poste DP Scope - dakveiligheid - H\u00fctter Veiligheid B.V.","og_description":"Met de Scope Dynamische Ankerpaal kan een lijnsysteem worden geplaatst op (nagenoeg) alle voorkomende typen daken. Het lijnsysteem is geschikt te maken voor","og_url":"https:\/\/www.hutter.nl\/es\/winkel\/gama\/proteccion-contra-caidas-permanente\/sistema-de-linea\/scope-dynamische-ankerpaal\/","og_site_name":"H\u00fctter Veiligheid B.V.","article_modified_time":"2025-12-08T08:43:02+00:00","og_image":[{"width":638,"height":641,"url":"https:\/\/www.hutter.nl\/wp-content\/uploads\/2015\/12\/Scope-DP.png","type":"image\/png"}],"twitter_card":"summary_large_image","twitter_site":"@hutter_safety","twitter_misc":{"Tiempo de lectura":"7 minutos"},"schema":{"@context":"https:\/\/schema.org","@graph":[{"@type":"WebPage","@id":"https:\/\/www.hutter.nl\/es\/winkel\/gama\/proteccion-contra-caidas-permanente\/sistema-de-linea\/scope-dynamische-ankerpaal\/","url":"https:\/\/www.hutter.nl\/es\/winkel\/gama\/proteccion-contra-caidas-permanente\/sistema-de-linea\/scope-dynamische-ankerpaal\/","name":"Poste DP Scope - dakveiligheid - H\u00fctter Veiligheid B.V.","isPartOf":{"@id":"https:\/\/www.hutter.nl\/#website"},"primaryImageOfPage":{"@id":"https:\/\/www.hutter.nl\/es\/winkel\/gama\/proteccion-contra-caidas-permanente\/sistema-de-linea\/scope-dynamische-ankerpaal\/#primaryimage"},"image":{"@id":"https:\/\/www.hutter.nl\/es\/winkel\/gama\/proteccion-contra-caidas-permanente\/sistema-de-linea\/scope-dynamische-ankerpaal\/#primaryimage"},"thumbnailUrl":"https:\/\/www.hutter.nl\/wp-content\/uploads\/2015\/12\/Scope-DP.png","datePublished":"2015-12-22T13:30:33+00:00","dateModified":"2025-12-08T08:43:02+00:00","description":"Met de Scope Dynamische Ankerpaal kan een lijnsysteem worden geplaatst op (nagenoeg) alle voorkomende typen daken. Het lijnsysteem is geschikt te maken voor","breadcrumb":{"@id":"https:\/\/www.hutter.nl\/es\/winkel\/gama\/proteccion-contra-caidas-permanente\/sistema-de-linea\/scope-dynamische-ankerpaal\/#breadcrumb"},"inLanguage":"es","potentialAction":[{"@type":"ReadAction","target":["https:\/\/www.hutter.nl\/es\/winkel\/gama\/proteccion-contra-caidas-permanente\/sistema-de-linea\/scope-dynamische-ankerpaal\/"]}]},{"@type":"ImageObject","inLanguage":"es","@id":"https:\/\/www.hutter.nl\/es\/winkel\/gama\/proteccion-contra-caidas-permanente\/sistema-de-linea\/scope-dynamische-ankerpaal\/#primaryimage","url":"https:\/\/www.hutter.nl\/wp-content\/uploads\/2015\/12\/Scope-DP.png","contentUrl":"https:\/\/www.hutter.nl\/wp-content\/uploads\/2015\/12\/Scope-DP.png","width":638,"height":641,"caption":"poste-dp-scope"},{"@type":"BreadcrumbList","@id":"https:\/\/www.hutter.nl\/es\/winkel\/gama\/proteccion-contra-caidas-permanente\/sistema-de-linea\/scope-dynamische-ankerpaal\/#breadcrumb","itemListElement":[{"@type":"ListItem","position":1,"name":"Home","item":"https:\/\/www.hutter.nl\/es\/"},{"@type":"ListItem","position":2,"name":"Winkel","item":"https:\/\/www.hutter.nl\/winkel\/"},{"@type":"ListItem","position":3,"name":"Poste DP Scope"}]},{"@type":"WebSite","@id":"https:\/\/www.hutter.nl\/#website","url":"https:\/\/www.hutter.nl\/","name":"H\u00fctter Safety","description":"Specialist in arbeidsveiligheid sinds 1909","publisher":{"@id":"https:\/\/www.hutter.nl\/#organization"},"potentialAction":[{"@type":"SearchAction","target":{"@type":"EntryPoint","urlTemplate":"https:\/\/www.hutter.nl\/?s={search_term_string}"},"query-input":{"@type":"PropertyValueSpecification","valueRequired":true,"valueName":"search_term_string"}}],"inLanguage":"es"},{"@type":"Organization","@id":"https:\/\/www.hutter.nl\/#organization","name":"H\u00fctter Veiligheid B.V.","url":"https:\/\/www.hutter.nl\/","logo":{"@type":"ImageObject","inLanguage":"es","@id":"https:\/\/www.hutter.nl\/#\/schema\/logo\/image\/","url":"https:\/\/www.hutter.nl\/wp-content\/uploads\/2016\/10\/Hutter_Veiligheid_logo-email.png","contentUrl":"https:\/\/www.hutter.nl\/wp-content\/uploads\/2016\/10\/Hutter_Veiligheid_logo-email.png","width":150,"height":104,"caption":"H\u00fctter Veiligheid B.V."},"image":{"@id":"https:\/\/www.hutter.nl\/#\/schema\/logo\/image\/"},"sameAs":["https:\/\/x.com\/hutter_safety","https:\/\/www.linkedin.com\/company\/h\u00fctter-veiligheid-bv?trk=company_logo"]}]}},"_links":{"self":[{"href":"https:\/\/www.hutter.nl\/es\/wp-json\/wp\/v2\/product\/14636","targetHints":{"allow":["GET"]}}],"collection":[{"href":"https:\/\/www.hutter.nl\/es\/wp-json\/wp\/v2\/product"}],"about":[{"href":"https:\/\/www.hutter.nl\/es\/wp-json\/wp\/v2\/types\/product"}],"replies":[{"embeddable":true,"href":"https:\/\/www.hutter.nl\/es\/wp-json\/wp\/v2\/comments?post=14636"}],"wp:featuredmedia":[{"embeddable":true,"href":"https:\/\/www.hutter.nl\/es\/wp-json\/wp\/v2\/media\/14049"}],"wp:attachment":[{"href":"https:\/\/www.hutter.nl\/es\/wp-json\/wp\/v2\/media?parent=14636"}],"wp:term":[{"taxonomy":"product_brand","embeddable":true,"href":"https:\/\/www.hutter.nl\/es\/wp-json\/wp\/v2\/product_brand?post=14636"},{"taxonomy":"product_cat","embeddable":true,"href":"https:\/\/www.hutter.nl\/es\/wp-json\/wp\/v2\/product_cat?post=14636"},{"taxonomy":"product_tag","embeddable":true,"href":"https:\/\/www.hutter.nl\/es\/wp-json\/wp\/v2\/product_tag?post=14636"}],"curies":[{"name":"wp","href":"https:\/\/api.w.org\/{rel}","templated":true}]}}