{"id":14639,"date":"2015-12-22T14:30:33","date_gmt":"2015-12-22T13:30:33","guid":{"rendered":"https:\/\/www.hutter.nl\/catalogue\/sin%20categor\u00eda\/product\/poste-dp-r-scope\/"},"modified":"2025-12-08T09:43:46","modified_gmt":"2025-12-08T08:43:46","slug":"scope-dp-r","status":"publish","type":"product","link":"https:\/\/www.hutter.nl\/es\/winkel\/gama\/proteccion-contra-caidas-permanente\/sistema-de-linea\/scope-dp-r\/","title":{"rendered":"Poste DP-R Scope"},"content":{"rendered":"<p style=\"font-weight: 400;\">En caso de ca\u00edda, la mayor parte de la energ\u00eda generada se transfiere a los puntos finales y de esquina. Por ello, es posible equipar el Poste DP-R Scope con dos elementos din\u00e1micos, lo que lo hace una soluci\u00f3n m\u00e1s econ\u00f3mica. El DP-R ha sido certificado por el organismo notificado SATRA y cumple con la norma EN 795-C. Puede instalarse como punto intermedio con un paso recto respecto al cable.<\/p>\n<p>&nbsp;<\/p>\n<p><strong><img decoding=\"async\" class=\"emoji\" role=\"img\" draggable=\"false\" src=\"https:\/\/s.w.org\/images\/core\/emoji\/17.0.2\/svg\/1f4c4.svg\" alt=\"\ud83d\udcc4\" \/> <a href=\"https:\/\/www.hutter.nl\/wp-content\/uploads\/2025\/10\/TS-ES-Scope-DP-R-2.5.1.pdf\" target=\"_blank\" rel=\"noopener\">Haga clic aqu\u00ed para ver la ficha t\u00e9cnica.<\/a><\/strong><\/p>\n","protected":false},"excerpt":{"rendered":"<p style=\"font-weight: 400;\">El DP-R ha sido desarrollado como cono para el sistema de l\u00ednea Scope, exclusivamente en combinaci\u00f3n con el elemento intermedio para un paso recto del cable.<\/p>\n","protected":false},"featured_media":7628,"comment_status":"closed","ping_status":"closed","template":"","meta":[],"product_brand":[],"product_cat":[3176],"product_tag":[3196,3194,3193,3191,3192,3183,3197,3189,3118,3184,3190,3187,3161,3139,3185,3195],"class_list":{"0":"post-14639","1":"product","2":"type-product","3":"status-publish","4":"has-post-thumbnail","6":"product_cat-sistema-de-linea","7":"product_tag-anclaje","8":"product_tag-calidad","9":"product_tag-certificacion","10":"product_tag-hutter-safety-international","11":"product_tag-linea-de-conexion","12":"product_tag-norma-en-795-c","13":"product_tag-pose-dp-r-scope","14":"product_tag-poste-de-anclaje","15":"product_tag-proteccion-contra-caidas","16":"product_tag-proteccion-contra-caidas-en-cubierta","17":"product_tag-seguridad-anticaidas","18":"product_tag-seguridad-en-cubiertas","19":"product_tag-sistema-de-linea","20":"product_tag-sistemas-de-linea","21":"product_tag-trabajo-seguro-en-altura","22":"product_tag-vida-util","24":"first","25":"instock","26":"product-type-simple","27":"prodpage-classic"},"yoast_head":"<!-- This site is optimized with the Yoast SEO plugin v27.4 - https:\/\/yoast.com\/product\/yoast-seo-wordpress\/ -->\n<title>Poste DP-R Scope - Dakveiligheid - H\u00fctter Veiligheid B.V.<\/title>\n<meta name=\"description\" content=\"De Scope Multi DP-R is een uitbreiding op de Scope DP ontstaan vanuit de praktijk en mede om economische redenen. Geschikt voor een compleet lijnsysteem...\" \/>\n<meta name=\"robots\" content=\"index, follow, max-snippet:-1, max-image-preview:large, max-video-preview:-1\" \/>\n<link rel=\"canonical\" href=\"https:\/\/www.hutter.nl\/es\/winkel\/gama\/proteccion-contra-caidas-permanente\/sistema-de-linea\/scope-dp-r\/\" \/>\n<meta property=\"og:locale\" content=\"es_ES\" \/>\n<meta property=\"og:type\" content=\"article\" \/>\n<meta property=\"og:title\" content=\"Poste DP-R Scope - Dakveiligheid - H\u00fctter Veiligheid B.V.\" \/>\n<meta property=\"og:description\" content=\"De Scope Multi DP-R is een uitbreiding op de Scope DP ontstaan vanuit de praktijk en mede om economische redenen. Geschikt voor een compleet lijnsysteem...\" \/>\n<meta property=\"og:url\" content=\"https:\/\/www.hutter.nl\/es\/winkel\/gama\/proteccion-contra-caidas-permanente\/sistema-de-linea\/scope-dp-r\/\" \/>\n<meta property=\"og:site_name\" content=\"H\u00fctter Veiligheid B.V.\" \/>\n<meta property=\"article:modified_time\" content=\"2025-12-08T08:43:46+00:00\" \/>\n<meta property=\"og:image\" content=\"https:\/\/www.hutter.nl\/wp-content\/uploads\/2015\/12\/scope-DP-R-with-round-baseplate-3.png\" \/>\n\t<meta property=\"og:image:width\" content=\"370\" \/>\n\t<meta property=\"og:image:height\" content=\"370\" \/>\n\t<meta property=\"og:image:type\" content=\"image\/png\" \/>\n<meta name=\"twitter:card\" content=\"summary_large_image\" \/>\n<meta name=\"twitter:site\" content=\"@hutter_safety\" \/>\n<meta name=\"twitter:label1\" content=\"Tiempo de lectura\" \/>\n\t<meta name=\"twitter:data1\" content=\"6 minutos\" \/>\n<script type=\"application\/ld+json\" class=\"yoast-schema-graph\">{\"@context\":\"https:\\\/\\\/schema.org\",\"@graph\":[{\"@type\":\"WebPage\",\"@id\":\"https:\\\/\\\/www.hutter.nl\\\/es\\\/winkel\\\/gama\\\/proteccion-contra-caidas-permanente\\\/sistema-de-linea\\\/scope-dp-r\\\/\",\"url\":\"https:\\\/\\\/www.hutter.nl\\\/es\\\/winkel\\\/gama\\\/proteccion-contra-caidas-permanente\\\/sistema-de-linea\\\/scope-dp-r\\\/\",\"name\":\"Poste DP-R Scope - Dakveiligheid - H\u00fctter Veiligheid B.V.\",\"isPartOf\":{\"@id\":\"https:\\\/\\\/www.hutter.nl\\\/#website\"},\"primaryImageOfPage\":{\"@id\":\"https:\\\/\\\/www.hutter.nl\\\/es\\\/winkel\\\/gama\\\/proteccion-contra-caidas-permanente\\\/sistema-de-linea\\\/scope-dp-r\\\/#primaryimage\"},\"image\":{\"@id\":\"https:\\\/\\\/www.hutter.nl\\\/es\\\/winkel\\\/gama\\\/proteccion-contra-caidas-permanente\\\/sistema-de-linea\\\/scope-dp-r\\\/#primaryimage\"},\"thumbnailUrl\":\"https:\\\/\\\/www.hutter.nl\\\/wp-content\\\/uploads\\\/2015\\\/12\\\/scope-DP-R-with-round-baseplate-3.png\",\"datePublished\":\"2015-12-22T13:30:33+00:00\",\"dateModified\":\"2025-12-08T08:43:46+00:00\",\"description\":\"De Scope Multi DP-R is een uitbreiding op de Scope DP ontstaan vanuit de praktijk en mede om economische redenen. Geschikt voor een compleet lijnsysteem...\",\"breadcrumb\":{\"@id\":\"https:\\\/\\\/www.hutter.nl\\\/es\\\/winkel\\\/gama\\\/proteccion-contra-caidas-permanente\\\/sistema-de-linea\\\/scope-dp-r\\\/#breadcrumb\"},\"inLanguage\":\"es\",\"potentialAction\":[{\"@type\":\"ReadAction\",\"target\":[\"https:\\\/\\\/www.hutter.nl\\\/es\\\/winkel\\\/gama\\\/proteccion-contra-caidas-permanente\\\/sistema-de-linea\\\/scope-dp-r\\\/\"]}]},{\"@type\":\"ImageObject\",\"inLanguage\":\"es\",\"@id\":\"https:\\\/\\\/www.hutter.nl\\\/es\\\/winkel\\\/gama\\\/proteccion-contra-caidas-permanente\\\/sistema-de-linea\\\/scope-dp-r\\\/#primaryimage\",\"url\":\"https:\\\/\\\/www.hutter.nl\\\/wp-content\\\/uploads\\\/2015\\\/12\\\/scope-DP-R-with-round-baseplate-3.png\",\"contentUrl\":\"https:\\\/\\\/www.hutter.nl\\\/wp-content\\\/uploads\\\/2015\\\/12\\\/scope-DP-R-with-round-baseplate-3.png\",\"width\":370,\"height\":370,\"caption\":\"El Poste DP-R Scope, un componente para la protecci\u00f3n contra ca\u00eddas en cubiertas.\"},{\"@type\":\"BreadcrumbList\",\"@id\":\"https:\\\/\\\/www.hutter.nl\\\/es\\\/winkel\\\/gama\\\/proteccion-contra-caidas-permanente\\\/sistema-de-linea\\\/scope-dp-r\\\/#breadcrumb\",\"itemListElement\":[{\"@type\":\"ListItem\",\"position\":1,\"name\":\"Home\",\"item\":\"https:\\\/\\\/www.hutter.nl\\\/es\\\/\"},{\"@type\":\"ListItem\",\"position\":2,\"name\":\"Winkel\",\"item\":\"https:\\\/\\\/www.hutter.nl\\\/winkel\\\/\"},{\"@type\":\"ListItem\",\"position\":3,\"name\":\"Poste DP-R Scope\"}]},{\"@type\":\"WebSite\",\"@id\":\"https:\\\/\\\/www.hutter.nl\\\/#website\",\"url\":\"https:\\\/\\\/www.hutter.nl\\\/\",\"name\":\"H\u00fctter Safety\",\"description\":\"Specialist in arbeidsveiligheid sinds 1909\",\"publisher\":{\"@id\":\"https:\\\/\\\/www.hutter.nl\\\/#organization\"},\"potentialAction\":[{\"@type\":\"SearchAction\",\"target\":{\"@type\":\"EntryPoint\",\"urlTemplate\":\"https:\\\/\\\/www.hutter.nl\\\/?s={search_term_string}\"},\"query-input\":{\"@type\":\"PropertyValueSpecification\",\"valueRequired\":true,\"valueName\":\"search_term_string\"}}],\"inLanguage\":\"es\"},{\"@type\":\"Organization\",\"@id\":\"https:\\\/\\\/www.hutter.nl\\\/#organization\",\"name\":\"H\u00fctter Veiligheid B.V.\",\"url\":\"https:\\\/\\\/www.hutter.nl\\\/\",\"logo\":{\"@type\":\"ImageObject\",\"inLanguage\":\"es\",\"@id\":\"https:\\\/\\\/www.hutter.nl\\\/#\\\/schema\\\/logo\\\/image\\\/\",\"url\":\"https:\\\/\\\/www.hutter.nl\\\/wp-content\\\/uploads\\\/2016\\\/10\\\/Hutter_Veiligheid_logo-email.png\",\"contentUrl\":\"https:\\\/\\\/www.hutter.nl\\\/wp-content\\\/uploads\\\/2016\\\/10\\\/Hutter_Veiligheid_logo-email.png\",\"width\":150,\"height\":104,\"caption\":\"H\u00fctter Veiligheid B.V.\"},\"image\":{\"@id\":\"https:\\\/\\\/www.hutter.nl\\\/#\\\/schema\\\/logo\\\/image\\\/\"},\"sameAs\":[\"https:\\\/\\\/x.com\\\/hutter_safety\",\"https:\\\/\\\/www.linkedin.com\\\/company\\\/h\u00fctter-veiligheid-bv?trk=company_logo\"]}]}<\/script>\n<!-- \/ Yoast SEO plugin. -->","yoast_head_json":{"title":"Poste DP-R Scope - Dakveiligheid - H\u00fctter Veiligheid B.V.","description":"De Scope Multi DP-R is een uitbreiding op de Scope DP ontstaan vanuit de praktijk en mede om economische redenen. Geschikt voor een compleet lijnsysteem...","robots":{"index":"index","follow":"follow","max-snippet":"max-snippet:-1","max-image-preview":"max-image-preview:large","max-video-preview":"max-video-preview:-1"},"canonical":"https:\/\/www.hutter.nl\/es\/winkel\/gama\/proteccion-contra-caidas-permanente\/sistema-de-linea\/scope-dp-r\/","og_locale":"es_ES","og_type":"article","og_title":"Poste DP-R Scope - Dakveiligheid - H\u00fctter Veiligheid B.V.","og_description":"De Scope Multi DP-R is een uitbreiding op de Scope DP ontstaan vanuit de praktijk en mede om economische redenen. Geschikt voor een compleet lijnsysteem...","og_url":"https:\/\/www.hutter.nl\/es\/winkel\/gama\/proteccion-contra-caidas-permanente\/sistema-de-linea\/scope-dp-r\/","og_site_name":"H\u00fctter Veiligheid B.V.","article_modified_time":"2025-12-08T08:43:46+00:00","og_image":[{"width":370,"height":370,"url":"https:\/\/www.hutter.nl\/wp-content\/uploads\/2015\/12\/scope-DP-R-with-round-baseplate-3.png","type":"image\/png"}],"twitter_card":"summary_large_image","twitter_site":"@hutter_safety","twitter_misc":{"Tiempo de lectura":"6 minutos"},"schema":{"@context":"https:\/\/schema.org","@graph":[{"@type":"WebPage","@id":"https:\/\/www.hutter.nl\/es\/winkel\/gama\/proteccion-contra-caidas-permanente\/sistema-de-linea\/scope-dp-r\/","url":"https:\/\/www.hutter.nl\/es\/winkel\/gama\/proteccion-contra-caidas-permanente\/sistema-de-linea\/scope-dp-r\/","name":"Poste DP-R Scope - Dakveiligheid - H\u00fctter Veiligheid B.V.","isPartOf":{"@id":"https:\/\/www.hutter.nl\/#website"},"primaryImageOfPage":{"@id":"https:\/\/www.hutter.nl\/es\/winkel\/gama\/proteccion-contra-caidas-permanente\/sistema-de-linea\/scope-dp-r\/#primaryimage"},"image":{"@id":"https:\/\/www.hutter.nl\/es\/winkel\/gama\/proteccion-contra-caidas-permanente\/sistema-de-linea\/scope-dp-r\/#primaryimage"},"thumbnailUrl":"https:\/\/www.hutter.nl\/wp-content\/uploads\/2015\/12\/scope-DP-R-with-round-baseplate-3.png","datePublished":"2015-12-22T13:30:33+00:00","dateModified":"2025-12-08T08:43:46+00:00","description":"De Scope Multi DP-R is een uitbreiding op de Scope DP ontstaan vanuit de praktijk en mede om economische redenen. Geschikt voor een compleet lijnsysteem...","breadcrumb":{"@id":"https:\/\/www.hutter.nl\/es\/winkel\/gama\/proteccion-contra-caidas-permanente\/sistema-de-linea\/scope-dp-r\/#breadcrumb"},"inLanguage":"es","potentialAction":[{"@type":"ReadAction","target":["https:\/\/www.hutter.nl\/es\/winkel\/gama\/proteccion-contra-caidas-permanente\/sistema-de-linea\/scope-dp-r\/"]}]},{"@type":"ImageObject","inLanguage":"es","@id":"https:\/\/www.hutter.nl\/es\/winkel\/gama\/proteccion-contra-caidas-permanente\/sistema-de-linea\/scope-dp-r\/#primaryimage","url":"https:\/\/www.hutter.nl\/wp-content\/uploads\/2015\/12\/scope-DP-R-with-round-baseplate-3.png","contentUrl":"https:\/\/www.hutter.nl\/wp-content\/uploads\/2015\/12\/scope-DP-R-with-round-baseplate-3.png","width":370,"height":370,"caption":"El Poste DP-R Scope, un componente para la protecci\u00f3n contra ca\u00eddas en cubiertas."},{"@type":"BreadcrumbList","@id":"https:\/\/www.hutter.nl\/es\/winkel\/gama\/proteccion-contra-caidas-permanente\/sistema-de-linea\/scope-dp-r\/#breadcrumb","itemListElement":[{"@type":"ListItem","position":1,"name":"Home","item":"https:\/\/www.hutter.nl\/es\/"},{"@type":"ListItem","position":2,"name":"Winkel","item":"https:\/\/www.hutter.nl\/winkel\/"},{"@type":"ListItem","position":3,"name":"Poste DP-R Scope"}]},{"@type":"WebSite","@id":"https:\/\/www.hutter.nl\/#website","url":"https:\/\/www.hutter.nl\/","name":"H\u00fctter Safety","description":"Specialist in arbeidsveiligheid sinds 1909","publisher":{"@id":"https:\/\/www.hutter.nl\/#organization"},"potentialAction":[{"@type":"SearchAction","target":{"@type":"EntryPoint","urlTemplate":"https:\/\/www.hutter.nl\/?s={search_term_string}"},"query-input":{"@type":"PropertyValueSpecification","valueRequired":true,"valueName":"search_term_string"}}],"inLanguage":"es"},{"@type":"Organization","@id":"https:\/\/www.hutter.nl\/#organization","name":"H\u00fctter Veiligheid B.V.","url":"https:\/\/www.hutter.nl\/","logo":{"@type":"ImageObject","inLanguage":"es","@id":"https:\/\/www.hutter.nl\/#\/schema\/logo\/image\/","url":"https:\/\/www.hutter.nl\/wp-content\/uploads\/2016\/10\/Hutter_Veiligheid_logo-email.png","contentUrl":"https:\/\/www.hutter.nl\/wp-content\/uploads\/2016\/10\/Hutter_Veiligheid_logo-email.png","width":150,"height":104,"caption":"H\u00fctter Veiligheid B.V."},"image":{"@id":"https:\/\/www.hutter.nl\/#\/schema\/logo\/image\/"},"sameAs":["https:\/\/x.com\/hutter_safety","https:\/\/www.linkedin.com\/company\/h\u00fctter-veiligheid-bv?trk=company_logo"]}]}},"_links":{"self":[{"href":"https:\/\/www.hutter.nl\/es\/wp-json\/wp\/v2\/product\/14639","targetHints":{"allow":["GET"]}}],"collection":[{"href":"https:\/\/www.hutter.nl\/es\/wp-json\/wp\/v2\/product"}],"about":[{"href":"https:\/\/www.hutter.nl\/es\/wp-json\/wp\/v2\/types\/product"}],"replies":[{"embeddable":true,"href":"https:\/\/www.hutter.nl\/es\/wp-json\/wp\/v2\/comments?post=14639"}],"wp:featuredmedia":[{"embeddable":true,"href":"https:\/\/www.hutter.nl\/es\/wp-json\/wp\/v2\/media\/7628"}],"wp:attachment":[{"href":"https:\/\/www.hutter.nl\/es\/wp-json\/wp\/v2\/media?parent=14639"}],"wp:term":[{"taxonomy":"product_brand","embeddable":true,"href":"https:\/\/www.hutter.nl\/es\/wp-json\/wp\/v2\/product_brand?post=14639"},{"taxonomy":"product_cat","embeddable":true,"href":"https:\/\/www.hutter.nl\/es\/wp-json\/wp\/v2\/product_cat?post=14639"},{"taxonomy":"product_tag","embeddable":true,"href":"https:\/\/www.hutter.nl\/es\/wp-json\/wp\/v2\/product_tag?post=14639"}],"curies":[{"name":"wp","href":"https:\/\/api.w.org\/{rel}","templated":true}]}}