{"id":14655,"date":"2015-12-22T14:35:13","date_gmt":"2015-12-22T13:35:13","guid":{"rendered":"https:\/\/www.hutter.nl\/catalogue\/sin%20categor\u00eda\/product\/absorbedor-scope-hd-aereo\/"},"modified":"2025-12-08T09:47:38","modified_gmt":"2025-12-08T08:47:38","slug":"absorbedor-scope-hd-aereo","status":"publish","type":"product","link":"https:\/\/www.hutter.nl\/es\/winkel\/gama\/proteccion-contra-caidas-permanente\/alta-resistencia-ae-sistemas\/absorbedor-scope-hd-aereo\/","title":{"rendered":"Absorbedor Scope HD (A\u00e9reo)"},"content":{"rendered":"<p>En caso de una ca\u00edda, la energ\u00eda de las fuerzas generadas se transmite en gran medida a los puntos finales. La absorci\u00f3n tiene lugar mediante la activaci\u00f3n de las l\u00e1minas en la carcasa del Absorbedor Scope HD (A\u00e9reo). El Absorber es adem\u00e1s la pieza de conexi\u00f3n entre el punto final y el cable.<\/p>\n<p>&nbsp;<\/p>\n<p><strong><img decoding=\"async\" class=\"emoji\" role=\"img\" draggable=\"false\" src=\"https:\/\/s.w.org\/images\/core\/emoji\/17.0.2\/svg\/1f4c4.svg\" alt=\"\ud83d\udcc4\" \/> <a href=\"https:\/\/www.hutter.nl\/wp-content\/uploads\/2025\/10\/TS-ES-Overhead-absorber-2.5.1.pdf\" target=\"_blank\" rel=\"noopener\">Haga clic aqu\u00ed para ver la ficha t\u00e9cnica.<\/a><\/strong><\/p>\n","protected":false},"excerpt":{"rendered":"<div class=\"flex max-w-full flex-col flex-grow\">\n<div class=\"min-h-[20px] text-message flex w-full flex-col items-end gap-2 whitespace-normal break-words [.text-message+&amp;]:mt-5\" dir=\"auto\" data-message-author-role=\"assistant\" data-message-id=\"927d3943-1a04-4e74-ba99-0bbdf505cd4f\">\n<div class=\"flex w-full flex-col gap-1 empty:hidden first:pt-[3px]\">El Absorbedor Scope HD (A\u00e9reo) es un componente importante del sistema Scope, que garantiza que en caso de una ca\u00edda se disipe una gran parte de la energ\u00eda.<\/div>\n<\/div>\n<\/div>\n","protected":false},"featured_media":14913,"comment_status":"closed","ping_status":"closed","template":"","meta":[],"product_brand":[],"product_cat":[3109],"product_tag":[3217,3220,3172,3117,2896,2898,3218,3118,3216,3219],"class_list":{"0":"post-14655","1":"product","2":"type-product","3":"status-publish","4":"has-post-thumbnail","6":"product_cat-alta-resistencia-ae-sistemas","7":"product_tag-absorbedor-scope-hd-aereo","8":"product_tag-acero-inoxidable-316-es","9":"product_tag-cable-de-acero-inoxidable-es","10":"product_tag-cromo","11":"product_tag-hoofddorp-es","12":"product_tag-hutter-veiligheid-b-v-es","13":"product_tag-pieza-de-conexion-permanente","14":"product_tag-proteccion-contra-caidas","15":"product_tag-punto-final-es","16":"product_tag-sistemas-aereo","18":"first","19":"instock","20":"product-type-simple","21":"prodpage-classic"},"yoast_head":"<!-- This site is optimized with the Yoast SEO plugin v27.3 - https:\/\/yoast.com\/product\/yoast-seo-wordpress\/ -->\n<title>Absorbedor Scope HD (A\u00e9reo) - H\u00fctter Veiligheid B.V.<\/title>\n<meta name=\"description\" content=\"El Absorbedor Scope HD (A\u00e9reo) est\u00e1 dise\u00f1ado como la pieza de conexi\u00f3n permanente entre el cable de acero inoxidable y el punto final Scope.\" \/>\n<meta name=\"robots\" content=\"index, follow, max-snippet:-1, max-image-preview:large, max-video-preview:-1\" \/>\n<link rel=\"canonical\" href=\"https:\/\/www.hutter.nl\/es\/winkel\/gama\/proteccion-contra-caidas-permanente\/alta-resistencia-ae-sistemas\/absorbedor-scope-hd-aereo\/\" \/>\n<meta property=\"og:locale\" content=\"es_ES\" \/>\n<meta property=\"og:type\" content=\"article\" \/>\n<meta property=\"og:title\" content=\"Absorbedor Scope HD (A\u00e9reo) - H\u00fctter Veiligheid B.V.\" \/>\n<meta property=\"og:description\" content=\"El Absorbedor Scope HD (A\u00e9reo) est\u00e1 dise\u00f1ado como la pieza de conexi\u00f3n permanente entre el cable de acero inoxidable y el punto final Scope.\" \/>\n<meta property=\"og:url\" content=\"https:\/\/www.hutter.nl\/es\/winkel\/gama\/proteccion-contra-caidas-permanente\/alta-resistencia-ae-sistemas\/absorbedor-scope-hd-aereo\/\" \/>\n<meta property=\"og:site_name\" content=\"H\u00fctter Veiligheid B.V.\" \/>\n<meta property=\"article:modified_time\" content=\"2025-12-08T08:47:38+00:00\" \/>\n<meta property=\"og:image\" content=\"https:\/\/www.hutter.nl\/wp-content\/uploads\/2015\/12\/Hutter-Overhead-Absorber.png\" \/>\n\t<meta property=\"og:image:width\" content=\"2000\" \/>\n\t<meta property=\"og:image:height\" content=\"2000\" \/>\n\t<meta property=\"og:image:type\" content=\"image\/png\" \/>\n<meta name=\"twitter:card\" content=\"summary_large_image\" \/>\n<meta name=\"twitter:site\" content=\"@hutter_safety\" \/>\n<meta name=\"twitter:label1\" content=\"Tiempo de lectura\" \/>\n\t<meta name=\"twitter:data1\" content=\"1 minuto\" \/>\n<script type=\"application\/ld+json\" class=\"yoast-schema-graph\">{\"@context\":\"https:\\\/\\\/schema.org\",\"@graph\":[{\"@type\":\"WebPage\",\"@id\":\"https:\\\/\\\/www.hutter.nl\\\/es\\\/winkel\\\/gama\\\/proteccion-contra-caidas-permanente\\\/alta-resistencia-ae-sistemas\\\/absorbedor-scope-hd-aereo\\\/\",\"url\":\"https:\\\/\\\/www.hutter.nl\\\/es\\\/winkel\\\/gama\\\/proteccion-contra-caidas-permanente\\\/alta-resistencia-ae-sistemas\\\/absorbedor-scope-hd-aereo\\\/\",\"name\":\"Absorbedor Scope HD (A\u00e9reo) - H\u00fctter Veiligheid B.V.\",\"isPartOf\":{\"@id\":\"https:\\\/\\\/www.hutter.nl\\\/#website\"},\"primaryImageOfPage\":{\"@id\":\"https:\\\/\\\/www.hutter.nl\\\/es\\\/winkel\\\/gama\\\/proteccion-contra-caidas-permanente\\\/alta-resistencia-ae-sistemas\\\/absorbedor-scope-hd-aereo\\\/#primaryimage\"},\"image\":{\"@id\":\"https:\\\/\\\/www.hutter.nl\\\/es\\\/winkel\\\/gama\\\/proteccion-contra-caidas-permanente\\\/alta-resistencia-ae-sistemas\\\/absorbedor-scope-hd-aereo\\\/#primaryimage\"},\"thumbnailUrl\":\"https:\\\/\\\/www.hutter.nl\\\/wp-content\\\/uploads\\\/2015\\\/12\\\/Hutter-Overhead-Absorber.png\",\"datePublished\":\"2015-12-22T13:35:13+00:00\",\"dateModified\":\"2025-12-08T08:47:38+00:00\",\"description\":\"El Absorbedor Scope HD (A\u00e9reo) est\u00e1 dise\u00f1ado como la pieza de conexi\u00f3n permanente entre el cable de acero inoxidable y el punto final Scope.\",\"breadcrumb\":{\"@id\":\"https:\\\/\\\/www.hutter.nl\\\/es\\\/winkel\\\/gama\\\/proteccion-contra-caidas-permanente\\\/alta-resistencia-ae-sistemas\\\/absorbedor-scope-hd-aereo\\\/#breadcrumb\"},\"inLanguage\":\"es\",\"potentialAction\":[{\"@type\":\"ReadAction\",\"target\":[\"https:\\\/\\\/www.hutter.nl\\\/es\\\/winkel\\\/gama\\\/proteccion-contra-caidas-permanente\\\/alta-resistencia-ae-sistemas\\\/absorbedor-scope-hd-aereo\\\/\"]}]},{\"@type\":\"ImageObject\",\"inLanguage\":\"es\",\"@id\":\"https:\\\/\\\/www.hutter.nl\\\/es\\\/winkel\\\/gama\\\/proteccion-contra-caidas-permanente\\\/alta-resistencia-ae-sistemas\\\/absorbedor-scope-hd-aereo\\\/#primaryimage\",\"url\":\"https:\\\/\\\/www.hutter.nl\\\/wp-content\\\/uploads\\\/2015\\\/12\\\/Hutter-Overhead-Absorber.png\",\"contentUrl\":\"https:\\\/\\\/www.hutter.nl\\\/wp-content\\\/uploads\\\/2015\\\/12\\\/Hutter-Overhead-Absorber.png\",\"width\":2000,\"height\":2000,\"caption\":\"hutter overhead absorber\"},{\"@type\":\"BreadcrumbList\",\"@id\":\"https:\\\/\\\/www.hutter.nl\\\/es\\\/winkel\\\/gama\\\/proteccion-contra-caidas-permanente\\\/alta-resistencia-ae-sistemas\\\/absorbedor-scope-hd-aereo\\\/#breadcrumb\",\"itemListElement\":[{\"@type\":\"ListItem\",\"position\":1,\"name\":\"Home\",\"item\":\"https:\\\/\\\/www.hutter.nl\\\/es\\\/\"},{\"@type\":\"ListItem\",\"position\":2,\"name\":\"Winkel\",\"item\":\"https:\\\/\\\/www.hutter.nl\\\/winkel\\\/\"},{\"@type\":\"ListItem\",\"position\":3,\"name\":\"Absorbedor Scope HD (A\u00e9reo)\"}]},{\"@type\":\"WebSite\",\"@id\":\"https:\\\/\\\/www.hutter.nl\\\/#website\",\"url\":\"https:\\\/\\\/www.hutter.nl\\\/\",\"name\":\"H\u00fctter Safety\",\"description\":\"Specialist in arbeidsveiligheid sinds 1909\",\"publisher\":{\"@id\":\"https:\\\/\\\/www.hutter.nl\\\/#organization\"},\"potentialAction\":[{\"@type\":\"SearchAction\",\"target\":{\"@type\":\"EntryPoint\",\"urlTemplate\":\"https:\\\/\\\/www.hutter.nl\\\/?s={search_term_string}\"},\"query-input\":{\"@type\":\"PropertyValueSpecification\",\"valueRequired\":true,\"valueName\":\"search_term_string\"}}],\"inLanguage\":\"es\"},{\"@type\":\"Organization\",\"@id\":\"https:\\\/\\\/www.hutter.nl\\\/#organization\",\"name\":\"H\u00fctter Veiligheid B.V.\",\"url\":\"https:\\\/\\\/www.hutter.nl\\\/\",\"logo\":{\"@type\":\"ImageObject\",\"inLanguage\":\"es\",\"@id\":\"https:\\\/\\\/www.hutter.nl\\\/#\\\/schema\\\/logo\\\/image\\\/\",\"url\":\"https:\\\/\\\/www.hutter.nl\\\/wp-content\\\/uploads\\\/2016\\\/10\\\/Hutter_Veiligheid_logo-email.png\",\"contentUrl\":\"https:\\\/\\\/www.hutter.nl\\\/wp-content\\\/uploads\\\/2016\\\/10\\\/Hutter_Veiligheid_logo-email.png\",\"width\":150,\"height\":104,\"caption\":\"H\u00fctter Veiligheid B.V.\"},\"image\":{\"@id\":\"https:\\\/\\\/www.hutter.nl\\\/#\\\/schema\\\/logo\\\/image\\\/\"},\"sameAs\":[\"https:\\\/\\\/x.com\\\/hutter_safety\",\"https:\\\/\\\/www.linkedin.com\\\/company\\\/h\u00fctter-veiligheid-bv?trk=company_logo\"]}]}<\/script>\n<!-- \/ Yoast SEO plugin. -->","yoast_head_json":{"title":"Absorbedor Scope HD (A\u00e9reo) - H\u00fctter Veiligheid B.V.","description":"El Absorbedor Scope HD (A\u00e9reo) est\u00e1 dise\u00f1ado como la pieza de conexi\u00f3n permanente entre el cable de acero inoxidable y el punto final Scope.","robots":{"index":"index","follow":"follow","max-snippet":"max-snippet:-1","max-image-preview":"max-image-preview:large","max-video-preview":"max-video-preview:-1"},"canonical":"https:\/\/www.hutter.nl\/es\/winkel\/gama\/proteccion-contra-caidas-permanente\/alta-resistencia-ae-sistemas\/absorbedor-scope-hd-aereo\/","og_locale":"es_ES","og_type":"article","og_title":"Absorbedor Scope HD (A\u00e9reo) - H\u00fctter Veiligheid B.V.","og_description":"El Absorbedor Scope HD (A\u00e9reo) est\u00e1 dise\u00f1ado como la pieza de conexi\u00f3n permanente entre el cable de acero inoxidable y el punto final Scope.","og_url":"https:\/\/www.hutter.nl\/es\/winkel\/gama\/proteccion-contra-caidas-permanente\/alta-resistencia-ae-sistemas\/absorbedor-scope-hd-aereo\/","og_site_name":"H\u00fctter Veiligheid B.V.","article_modified_time":"2025-12-08T08:47:38+00:00","og_image":[{"width":2000,"height":2000,"url":"https:\/\/www.hutter.nl\/wp-content\/uploads\/2015\/12\/Hutter-Overhead-Absorber.png","type":"image\/png"}],"twitter_card":"summary_large_image","twitter_site":"@hutter_safety","twitter_misc":{"Tiempo de lectura":"1 minuto"},"schema":{"@context":"https:\/\/schema.org","@graph":[{"@type":"WebPage","@id":"https:\/\/www.hutter.nl\/es\/winkel\/gama\/proteccion-contra-caidas-permanente\/alta-resistencia-ae-sistemas\/absorbedor-scope-hd-aereo\/","url":"https:\/\/www.hutter.nl\/es\/winkel\/gama\/proteccion-contra-caidas-permanente\/alta-resistencia-ae-sistemas\/absorbedor-scope-hd-aereo\/","name":"Absorbedor Scope HD (A\u00e9reo) - H\u00fctter Veiligheid B.V.","isPartOf":{"@id":"https:\/\/www.hutter.nl\/#website"},"primaryImageOfPage":{"@id":"https:\/\/www.hutter.nl\/es\/winkel\/gama\/proteccion-contra-caidas-permanente\/alta-resistencia-ae-sistemas\/absorbedor-scope-hd-aereo\/#primaryimage"},"image":{"@id":"https:\/\/www.hutter.nl\/es\/winkel\/gama\/proteccion-contra-caidas-permanente\/alta-resistencia-ae-sistemas\/absorbedor-scope-hd-aereo\/#primaryimage"},"thumbnailUrl":"https:\/\/www.hutter.nl\/wp-content\/uploads\/2015\/12\/Hutter-Overhead-Absorber.png","datePublished":"2015-12-22T13:35:13+00:00","dateModified":"2025-12-08T08:47:38+00:00","description":"El Absorbedor Scope HD (A\u00e9reo) est\u00e1 dise\u00f1ado como la pieza de conexi\u00f3n permanente entre el cable de acero inoxidable y el punto final Scope.","breadcrumb":{"@id":"https:\/\/www.hutter.nl\/es\/winkel\/gama\/proteccion-contra-caidas-permanente\/alta-resistencia-ae-sistemas\/absorbedor-scope-hd-aereo\/#breadcrumb"},"inLanguage":"es","potentialAction":[{"@type":"ReadAction","target":["https:\/\/www.hutter.nl\/es\/winkel\/gama\/proteccion-contra-caidas-permanente\/alta-resistencia-ae-sistemas\/absorbedor-scope-hd-aereo\/"]}]},{"@type":"ImageObject","inLanguage":"es","@id":"https:\/\/www.hutter.nl\/es\/winkel\/gama\/proteccion-contra-caidas-permanente\/alta-resistencia-ae-sistemas\/absorbedor-scope-hd-aereo\/#primaryimage","url":"https:\/\/www.hutter.nl\/wp-content\/uploads\/2015\/12\/Hutter-Overhead-Absorber.png","contentUrl":"https:\/\/www.hutter.nl\/wp-content\/uploads\/2015\/12\/Hutter-Overhead-Absorber.png","width":2000,"height":2000,"caption":"hutter overhead absorber"},{"@type":"BreadcrumbList","@id":"https:\/\/www.hutter.nl\/es\/winkel\/gama\/proteccion-contra-caidas-permanente\/alta-resistencia-ae-sistemas\/absorbedor-scope-hd-aereo\/#breadcrumb","itemListElement":[{"@type":"ListItem","position":1,"name":"Home","item":"https:\/\/www.hutter.nl\/es\/"},{"@type":"ListItem","position":2,"name":"Winkel","item":"https:\/\/www.hutter.nl\/winkel\/"},{"@type":"ListItem","position":3,"name":"Absorbedor Scope HD (A\u00e9reo)"}]},{"@type":"WebSite","@id":"https:\/\/www.hutter.nl\/#website","url":"https:\/\/www.hutter.nl\/","name":"H\u00fctter Safety","description":"Specialist in arbeidsveiligheid sinds 1909","publisher":{"@id":"https:\/\/www.hutter.nl\/#organization"},"potentialAction":[{"@type":"SearchAction","target":{"@type":"EntryPoint","urlTemplate":"https:\/\/www.hutter.nl\/?s={search_term_string}"},"query-input":{"@type":"PropertyValueSpecification","valueRequired":true,"valueName":"search_term_string"}}],"inLanguage":"es"},{"@type":"Organization","@id":"https:\/\/www.hutter.nl\/#organization","name":"H\u00fctter Veiligheid B.V.","url":"https:\/\/www.hutter.nl\/","logo":{"@type":"ImageObject","inLanguage":"es","@id":"https:\/\/www.hutter.nl\/#\/schema\/logo\/image\/","url":"https:\/\/www.hutter.nl\/wp-content\/uploads\/2016\/10\/Hutter_Veiligheid_logo-email.png","contentUrl":"https:\/\/www.hutter.nl\/wp-content\/uploads\/2016\/10\/Hutter_Veiligheid_logo-email.png","width":150,"height":104,"caption":"H\u00fctter Veiligheid B.V."},"image":{"@id":"https:\/\/www.hutter.nl\/#\/schema\/logo\/image\/"},"sameAs":["https:\/\/x.com\/hutter_safety","https:\/\/www.linkedin.com\/company\/h\u00fctter-veiligheid-bv?trk=company_logo"]}]}},"_links":{"self":[{"href":"https:\/\/www.hutter.nl\/es\/wp-json\/wp\/v2\/product\/14655","targetHints":{"allow":["GET"]}}],"collection":[{"href":"https:\/\/www.hutter.nl\/es\/wp-json\/wp\/v2\/product"}],"about":[{"href":"https:\/\/www.hutter.nl\/es\/wp-json\/wp\/v2\/types\/product"}],"replies":[{"embeddable":true,"href":"https:\/\/www.hutter.nl\/es\/wp-json\/wp\/v2\/comments?post=14655"}],"wp:featuredmedia":[{"embeddable":true,"href":"https:\/\/www.hutter.nl\/es\/wp-json\/wp\/v2\/media\/14913"}],"wp:attachment":[{"href":"https:\/\/www.hutter.nl\/es\/wp-json\/wp\/v2\/media?parent=14655"}],"wp:term":[{"taxonomy":"product_brand","embeddable":true,"href":"https:\/\/www.hutter.nl\/es\/wp-json\/wp\/v2\/product_brand?post=14655"},{"taxonomy":"product_cat","embeddable":true,"href":"https:\/\/www.hutter.nl\/es\/wp-json\/wp\/v2\/product_cat?post=14655"},{"taxonomy":"product_tag","embeddable":true,"href":"https:\/\/www.hutter.nl\/es\/wp-json\/wp\/v2\/product_tag?post=14655"}],"curies":[{"name":"wp","href":"https:\/\/api.w.org\/{rel}","templated":true}]}}