{"id":14668,"date":"2015-12-22T14:37:20","date_gmt":"2015-12-22T13:37:20","guid":{"rendered":"https:\/\/www.hutter.nl\/catalogue\/sin%20categor\u00eda\/product\/sistema-vertical-2000-600-mm-acero-inoxidable-ss\/"},"modified":"2025-12-08T09:52:55","modified_gmt":"2025-12-08T08:52:55","slug":"sistema-vertical-2000-600-mm-acero-inoxidable-ss","status":"publish","type":"product","link":"https:\/\/www.hutter.nl\/es\/winkel\/gama\/proteccion-contra-caidas-permanente\/sistema-vertical-2000-600-mm-acero-inoxidable-ss\/","title":{"rendered":"Sistema vertical 2000\/600 mm acero inoxidable SS"},"content":{"rendered":"<p data-start=\"75\" data-end=\"544\">El sistema vertical consta de un soporte superior y un absorbedor con casquillo, al que se prensa el cable de acero inoxidable. Opcionalmente, se pueden a\u00f1adir uno o varios puntos intermedios como gu\u00edas de cable, y un soporte inferior con tensor de cable. La mordaza Scope se desplaza a lo largo del cable y se bloquea completamente en caso de una ca\u00edda. La energ\u00eda de la ca\u00edda es absorbida en gran parte por el absorbedor. El sistema cumple con la norma EN 351\/1996.<\/p>\n<p data-start=\"75\" data-end=\"544\">\n<p data-start=\"75\" data-end=\"544\"><strong><img decoding=\"async\" class=\"emoji\" role=\"img\" draggable=\"false\" src=\"https:\/\/s.w.org\/images\/core\/emoji\/17.0.2\/svg\/1f4c4.svg\" alt=\"\ud83d\udcc4\" \/> <a href=\"https:\/\/www.hutter.nl\/wp-content\/uploads\/2025\/10\/TS-ES-Scope-Vertical-Bracket-2.5.1.pdf\" target=\"_blank\" rel=\"noopener\">Haga clic aqu\u00ed para ver la ficha t\u00e9cnica.<\/a><\/strong><\/p>\n","protected":false},"excerpt":{"rendered":"<p>El sistema vertical Scope es un sistema de cable permanentemente instalado en escaleras fijas, dise\u00f1ado para evitar ca\u00eddas.<\/p>\n","protected":false},"featured_media":14672,"comment_status":"closed","ping_status":"closed","template":"","meta":[],"product_brand":[],"product_cat":[3115,3160],"product_tag":[684,3241,2896,2898,3240],"class_list":{"0":"post-14668","1":"product","2":"type-product","3":"status-publish","4":"has-post-thumbnail","6":"product_cat-proteccion-contra-caidas-permanente","7":"product_cat-sistemas-verticales","8":"product_tag-amortiguador","9":"product_tag-escalera","10":"product_tag-hoofddorp-es","11":"product_tag-hutter-veiligheid-b-v-es","12":"product_tag-sistema-vertical-2000-600-mm-ss","14":"first","15":"instock","16":"product-type-simple","17":"prodpage-classic"},"yoast_head":"<!-- This site is optimized with the Yoast SEO plugin v27.4 - https:\/\/yoast.com\/product\/yoast-seo-wordpress\/ -->\n<title>Sistema vertical 2000\/600 mm acero inoxidable SS - H\u00fctter Veiligheid B.V.<\/title>\n<meta name=\"description\" content=\"Para los trabajos en altura es de m\u00e1xima importancia prevenir una ca\u00edda mediante el uso del material y los sistemas adecuados.\" \/>\n<meta name=\"robots\" content=\"index, follow, max-snippet:-1, max-image-preview:large, max-video-preview:-1\" \/>\n<link rel=\"canonical\" href=\"https:\/\/www.hutter.nl\/es\/winkel\/gama\/proteccion-contra-caidas-permanente\/sistema-vertical-2000-600-mm-acero-inoxidable-ss\/\" \/>\n<meta property=\"og:locale\" content=\"es_ES\" \/>\n<meta property=\"og:type\" content=\"article\" \/>\n<meta property=\"og:title\" content=\"Sistema vertical 2000\/600 mm acero inoxidable SS - H\u00fctter Veiligheid B.V.\" \/>\n<meta property=\"og:description\" content=\"Para los trabajos en altura es de m\u00e1xima importancia prevenir una ca\u00edda mediante el uso del material y los sistemas adecuados.\" \/>\n<meta property=\"og:url\" content=\"https:\/\/www.hutter.nl\/es\/winkel\/gama\/proteccion-contra-caidas-permanente\/sistema-vertical-2000-600-mm-acero-inoxidable-ss\/\" \/>\n<meta property=\"og:site_name\" content=\"H\u00fctter Veiligheid B.V.\" \/>\n<meta property=\"article:modified_time\" content=\"2025-12-08T08:52:55+00:00\" \/>\n<meta property=\"og:image\" content=\"https:\/\/www.hutter.nl\/wp-content\/uploads\/2015\/12\/Verticale-systeem-2100-voor.png\" \/>\n\t<meta property=\"og:image:width\" content=\"370\" \/>\n\t<meta property=\"og:image:height\" content=\"370\" \/>\n\t<meta property=\"og:image:type\" content=\"image\/png\" \/>\n<meta name=\"twitter:card\" content=\"summary_large_image\" \/>\n<meta name=\"twitter:site\" content=\"@hutter_safety\" \/>\n<meta name=\"twitter:label1\" content=\"Tiempo de lectura\" \/>\n\t<meta name=\"twitter:data1\" content=\"1 minuto\" \/>\n<script type=\"application\/ld+json\" class=\"yoast-schema-graph\">{\"@context\":\"https:\\\/\\\/schema.org\",\"@graph\":[{\"@type\":\"WebPage\",\"@id\":\"https:\\\/\\\/www.hutter.nl\\\/es\\\/winkel\\\/gama\\\/proteccion-contra-caidas-permanente\\\/sistema-vertical-2000-600-mm-acero-inoxidable-ss\\\/\",\"url\":\"https:\\\/\\\/www.hutter.nl\\\/es\\\/winkel\\\/gama\\\/proteccion-contra-caidas-permanente\\\/sistema-vertical-2000-600-mm-acero-inoxidable-ss\\\/\",\"name\":\"Sistema vertical 2000\\\/600 mm acero inoxidable SS - H\u00fctter Veiligheid B.V.\",\"isPartOf\":{\"@id\":\"https:\\\/\\\/www.hutter.nl\\\/#website\"},\"primaryImageOfPage\":{\"@id\":\"https:\\\/\\\/www.hutter.nl\\\/es\\\/winkel\\\/gama\\\/proteccion-contra-caidas-permanente\\\/sistema-vertical-2000-600-mm-acero-inoxidable-ss\\\/#primaryimage\"},\"image\":{\"@id\":\"https:\\\/\\\/www.hutter.nl\\\/es\\\/winkel\\\/gama\\\/proteccion-contra-caidas-permanente\\\/sistema-vertical-2000-600-mm-acero-inoxidable-ss\\\/#primaryimage\"},\"thumbnailUrl\":\"https:\\\/\\\/www.hutter.nl\\\/wp-content\\\/uploads\\\/2015\\\/12\\\/Verticale-systeem-2100-voor.png\",\"datePublished\":\"2015-12-22T13:37:20+00:00\",\"dateModified\":\"2025-12-08T08:52:55+00:00\",\"description\":\"Para los trabajos en altura es de m\u00e1xima importancia prevenir una ca\u00edda mediante el uso del material y los sistemas adecuados.\",\"breadcrumb\":{\"@id\":\"https:\\\/\\\/www.hutter.nl\\\/es\\\/winkel\\\/gama\\\/proteccion-contra-caidas-permanente\\\/sistema-vertical-2000-600-mm-acero-inoxidable-ss\\\/#breadcrumb\"},\"inLanguage\":\"es\",\"potentialAction\":[{\"@type\":\"ReadAction\",\"target\":[\"https:\\\/\\\/www.hutter.nl\\\/es\\\/winkel\\\/gama\\\/proteccion-contra-caidas-permanente\\\/sistema-vertical-2000-600-mm-acero-inoxidable-ss\\\/\"]}]},{\"@type\":\"ImageObject\",\"inLanguage\":\"es\",\"@id\":\"https:\\\/\\\/www.hutter.nl\\\/es\\\/winkel\\\/gama\\\/proteccion-contra-caidas-permanente\\\/sistema-vertical-2000-600-mm-acero-inoxidable-ss\\\/#primaryimage\",\"url\":\"https:\\\/\\\/www.hutter.nl\\\/wp-content\\\/uploads\\\/2015\\\/12\\\/Verticale-systeem-2100-voor.png\",\"contentUrl\":\"https:\\\/\\\/www.hutter.nl\\\/wp-content\\\/uploads\\\/2015\\\/12\\\/Verticale-systeem-2100-voor.png\",\"width\":370,\"height\":370,\"caption\":\"Sistema vertical 2000\\\/600\"},{\"@type\":\"BreadcrumbList\",\"@id\":\"https:\\\/\\\/www.hutter.nl\\\/es\\\/winkel\\\/gama\\\/proteccion-contra-caidas-permanente\\\/sistema-vertical-2000-600-mm-acero-inoxidable-ss\\\/#breadcrumb\",\"itemListElement\":[{\"@type\":\"ListItem\",\"position\":1,\"name\":\"Home\",\"item\":\"https:\\\/\\\/www.hutter.nl\\\/es\\\/\"},{\"@type\":\"ListItem\",\"position\":2,\"name\":\"Winkel\",\"item\":\"https:\\\/\\\/www.hutter.nl\\\/winkel\\\/\"},{\"@type\":\"ListItem\",\"position\":3,\"name\":\"Sistema vertical 2000\\\/600 mm acero inoxidable SS\"}]},{\"@type\":\"WebSite\",\"@id\":\"https:\\\/\\\/www.hutter.nl\\\/#website\",\"url\":\"https:\\\/\\\/www.hutter.nl\\\/\",\"name\":\"H\u00fctter Safety\",\"description\":\"Specialist in arbeidsveiligheid sinds 1909\",\"publisher\":{\"@id\":\"https:\\\/\\\/www.hutter.nl\\\/#organization\"},\"potentialAction\":[{\"@type\":\"SearchAction\",\"target\":{\"@type\":\"EntryPoint\",\"urlTemplate\":\"https:\\\/\\\/www.hutter.nl\\\/?s={search_term_string}\"},\"query-input\":{\"@type\":\"PropertyValueSpecification\",\"valueRequired\":true,\"valueName\":\"search_term_string\"}}],\"inLanguage\":\"es\"},{\"@type\":\"Organization\",\"@id\":\"https:\\\/\\\/www.hutter.nl\\\/#organization\",\"name\":\"H\u00fctter Veiligheid B.V.\",\"url\":\"https:\\\/\\\/www.hutter.nl\\\/\",\"logo\":{\"@type\":\"ImageObject\",\"inLanguage\":\"es\",\"@id\":\"https:\\\/\\\/www.hutter.nl\\\/#\\\/schema\\\/logo\\\/image\\\/\",\"url\":\"https:\\\/\\\/www.hutter.nl\\\/wp-content\\\/uploads\\\/2016\\\/10\\\/Hutter_Veiligheid_logo-email.png\",\"contentUrl\":\"https:\\\/\\\/www.hutter.nl\\\/wp-content\\\/uploads\\\/2016\\\/10\\\/Hutter_Veiligheid_logo-email.png\",\"width\":150,\"height\":104,\"caption\":\"H\u00fctter Veiligheid B.V.\"},\"image\":{\"@id\":\"https:\\\/\\\/www.hutter.nl\\\/#\\\/schema\\\/logo\\\/image\\\/\"},\"sameAs\":[\"https:\\\/\\\/x.com\\\/hutter_safety\",\"https:\\\/\\\/www.linkedin.com\\\/company\\\/h\u00fctter-veiligheid-bv?trk=company_logo\"]}]}<\/script>\n<!-- \/ Yoast SEO plugin. -->","yoast_head_json":{"title":"Sistema vertical 2000\/600 mm acero inoxidable SS - H\u00fctter Veiligheid B.V.","description":"Para los trabajos en altura es de m\u00e1xima importancia prevenir una ca\u00edda mediante el uso del material y los sistemas adecuados.","robots":{"index":"index","follow":"follow","max-snippet":"max-snippet:-1","max-image-preview":"max-image-preview:large","max-video-preview":"max-video-preview:-1"},"canonical":"https:\/\/www.hutter.nl\/es\/winkel\/gama\/proteccion-contra-caidas-permanente\/sistema-vertical-2000-600-mm-acero-inoxidable-ss\/","og_locale":"es_ES","og_type":"article","og_title":"Sistema vertical 2000\/600 mm acero inoxidable SS - H\u00fctter Veiligheid B.V.","og_description":"Para los trabajos en altura es de m\u00e1xima importancia prevenir una ca\u00edda mediante el uso del material y los sistemas adecuados.","og_url":"https:\/\/www.hutter.nl\/es\/winkel\/gama\/proteccion-contra-caidas-permanente\/sistema-vertical-2000-600-mm-acero-inoxidable-ss\/","og_site_name":"H\u00fctter Veiligheid B.V.","article_modified_time":"2025-12-08T08:52:55+00:00","og_image":[{"width":370,"height":370,"url":"https:\/\/www.hutter.nl\/wp-content\/uploads\/2015\/12\/Verticale-systeem-2100-voor.png","type":"image\/png"}],"twitter_card":"summary_large_image","twitter_site":"@hutter_safety","twitter_misc":{"Tiempo de lectura":"1 minuto"},"schema":{"@context":"https:\/\/schema.org","@graph":[{"@type":"WebPage","@id":"https:\/\/www.hutter.nl\/es\/winkel\/gama\/proteccion-contra-caidas-permanente\/sistema-vertical-2000-600-mm-acero-inoxidable-ss\/","url":"https:\/\/www.hutter.nl\/es\/winkel\/gama\/proteccion-contra-caidas-permanente\/sistema-vertical-2000-600-mm-acero-inoxidable-ss\/","name":"Sistema vertical 2000\/600 mm acero inoxidable SS - H\u00fctter Veiligheid B.V.","isPartOf":{"@id":"https:\/\/www.hutter.nl\/#website"},"primaryImageOfPage":{"@id":"https:\/\/www.hutter.nl\/es\/winkel\/gama\/proteccion-contra-caidas-permanente\/sistema-vertical-2000-600-mm-acero-inoxidable-ss\/#primaryimage"},"image":{"@id":"https:\/\/www.hutter.nl\/es\/winkel\/gama\/proteccion-contra-caidas-permanente\/sistema-vertical-2000-600-mm-acero-inoxidable-ss\/#primaryimage"},"thumbnailUrl":"https:\/\/www.hutter.nl\/wp-content\/uploads\/2015\/12\/Verticale-systeem-2100-voor.png","datePublished":"2015-12-22T13:37:20+00:00","dateModified":"2025-12-08T08:52:55+00:00","description":"Para los trabajos en altura es de m\u00e1xima importancia prevenir una ca\u00edda mediante el uso del material y los sistemas adecuados.","breadcrumb":{"@id":"https:\/\/www.hutter.nl\/es\/winkel\/gama\/proteccion-contra-caidas-permanente\/sistema-vertical-2000-600-mm-acero-inoxidable-ss\/#breadcrumb"},"inLanguage":"es","potentialAction":[{"@type":"ReadAction","target":["https:\/\/www.hutter.nl\/es\/winkel\/gama\/proteccion-contra-caidas-permanente\/sistema-vertical-2000-600-mm-acero-inoxidable-ss\/"]}]},{"@type":"ImageObject","inLanguage":"es","@id":"https:\/\/www.hutter.nl\/es\/winkel\/gama\/proteccion-contra-caidas-permanente\/sistema-vertical-2000-600-mm-acero-inoxidable-ss\/#primaryimage","url":"https:\/\/www.hutter.nl\/wp-content\/uploads\/2015\/12\/Verticale-systeem-2100-voor.png","contentUrl":"https:\/\/www.hutter.nl\/wp-content\/uploads\/2015\/12\/Verticale-systeem-2100-voor.png","width":370,"height":370,"caption":"Sistema vertical 2000\/600"},{"@type":"BreadcrumbList","@id":"https:\/\/www.hutter.nl\/es\/winkel\/gama\/proteccion-contra-caidas-permanente\/sistema-vertical-2000-600-mm-acero-inoxidable-ss\/#breadcrumb","itemListElement":[{"@type":"ListItem","position":1,"name":"Home","item":"https:\/\/www.hutter.nl\/es\/"},{"@type":"ListItem","position":2,"name":"Winkel","item":"https:\/\/www.hutter.nl\/winkel\/"},{"@type":"ListItem","position":3,"name":"Sistema vertical 2000\/600 mm acero inoxidable SS"}]},{"@type":"WebSite","@id":"https:\/\/www.hutter.nl\/#website","url":"https:\/\/www.hutter.nl\/","name":"H\u00fctter Safety","description":"Specialist in arbeidsveiligheid sinds 1909","publisher":{"@id":"https:\/\/www.hutter.nl\/#organization"},"potentialAction":[{"@type":"SearchAction","target":{"@type":"EntryPoint","urlTemplate":"https:\/\/www.hutter.nl\/?s={search_term_string}"},"query-input":{"@type":"PropertyValueSpecification","valueRequired":true,"valueName":"search_term_string"}}],"inLanguage":"es"},{"@type":"Organization","@id":"https:\/\/www.hutter.nl\/#organization","name":"H\u00fctter Veiligheid B.V.","url":"https:\/\/www.hutter.nl\/","logo":{"@type":"ImageObject","inLanguage":"es","@id":"https:\/\/www.hutter.nl\/#\/schema\/logo\/image\/","url":"https:\/\/www.hutter.nl\/wp-content\/uploads\/2016\/10\/Hutter_Veiligheid_logo-email.png","contentUrl":"https:\/\/www.hutter.nl\/wp-content\/uploads\/2016\/10\/Hutter_Veiligheid_logo-email.png","width":150,"height":104,"caption":"H\u00fctter Veiligheid B.V."},"image":{"@id":"https:\/\/www.hutter.nl\/#\/schema\/logo\/image\/"},"sameAs":["https:\/\/x.com\/hutter_safety","https:\/\/www.linkedin.com\/company\/h\u00fctter-veiligheid-bv?trk=company_logo"]}]}},"_links":{"self":[{"href":"https:\/\/www.hutter.nl\/es\/wp-json\/wp\/v2\/product\/14668","targetHints":{"allow":["GET"]}}],"collection":[{"href":"https:\/\/www.hutter.nl\/es\/wp-json\/wp\/v2\/product"}],"about":[{"href":"https:\/\/www.hutter.nl\/es\/wp-json\/wp\/v2\/types\/product"}],"replies":[{"embeddable":true,"href":"https:\/\/www.hutter.nl\/es\/wp-json\/wp\/v2\/comments?post=14668"}],"wp:featuredmedia":[{"embeddable":true,"href":"https:\/\/www.hutter.nl\/es\/wp-json\/wp\/v2\/media\/14672"}],"wp:attachment":[{"href":"https:\/\/www.hutter.nl\/es\/wp-json\/wp\/v2\/media?parent=14668"}],"wp:term":[{"taxonomy":"product_brand","embeddable":true,"href":"https:\/\/www.hutter.nl\/es\/wp-json\/wp\/v2\/product_brand?post=14668"},{"taxonomy":"product_cat","embeddable":true,"href":"https:\/\/www.hutter.nl\/es\/wp-json\/wp\/v2\/product_cat?post=14668"},{"taxonomy":"product_tag","embeddable":true,"href":"https:\/\/www.hutter.nl\/es\/wp-json\/wp\/v2\/product_tag?post=14668"}],"curies":[{"name":"wp","href":"https:\/\/api.w.org\/{rel}","templated":true}]}}