{"id":14680,"date":"2015-12-22T14:30:33","date_gmt":"2015-12-22T13:30:33","guid":{"rendered":"https:\/\/www.hutter.nl\/catalogue\/sin%20categor\u00eda\/product\/ancora-de-alcance-sap\/"},"modified":"2025-10-23T14:27:44","modified_gmt":"2025-10-23T12:27:44","slug":"ancora-de-alcance-sap","status":"publish","type":"product","link":"https:\/\/www.hutter.nl\/es\/winkel\/gama\/proteccion-contra-caidas-permanente\/puntos-de-anclaje\/ancora-de-alcance-sap\/","title":{"rendered":"\u00c1ncora de alcance (SAP)"},"content":{"rendered":"<p>La placa base se fija a la estructura en cuatro puntos. A continuaci\u00f3n, una cubierta de roseta impermeabiliza toda la placa base, tras lo cual se instala el anillo de anclaje giratorio de 360 grados con tapa. El Punto de Anclaje Scope es de excelente calidad para una larga durabilidad y cumple con la norma EN795-A. Es perfectamente adecuado como anclaje p\u00e9ndulo o como punto de anclaje general.<\/p>\n<p><a href=\"https:\/\/www.hutter.nl\/wp-content\/uploads\/2025\/10\/TS-ES-SAP-2.5.1-.pdf\" target=\"_blank\" rel=\"noopener\">Haga clic aqu\u00ed para ver la ficha t\u00e9cnica.<\/a><\/p>\n","protected":false},"excerpt":{"rendered":"<p>El Punto de Anclaje Scope consta del anillo de anclaje y la placa base.<\/p>\n","protected":false},"featured_media":6219,"comment_status":"closed","ping_status":"closed","template":"","meta":[],"product_brand":[],"product_cat":[3131],"product_tag":[3257,3260,3259,3261,625,3262,3251,3252,3258,3256,2896,2897,2898,3192,3118,3184,3254,3250,3255,3253,3185],"class_list":{"0":"post-14680","1":"product","2":"type-product","3":"status-publish","4":"has-post-thumbnail","6":"product_cat-puntos-de-anclaje","7":"product_tag-anclaje-a-la-construccion","8":"product_tag-anclaje-de-cubierta","9":"product_tag-anclaje-de-techo","10":"product_tag-anclaje-para-techo-plano","11":"product_tag-anclaje-temporal","12":"product_tag-anillo-de-anclaje-giratorio","13":"product_tag-en-795-1996","14":"product_tag-en795-es","15":"product_tag-en7952012-es","16":"product_tag-en795a-es","17":"product_tag-hoofddorp-es","18":"product_tag-hutter-safety-es","19":"product_tag-hutter-veiligheid-b-v-es","20":"product_tag-linea-de-conexion","21":"product_tag-proteccion-contra-caidas","22":"product_tag-proteccion-contra-caidas-en-cubierta","23":"product_tag-punto-de-anclaje-scope","24":"product_tag-punto-de-anclaje-unico","25":"product_tag-puntos-de-anclaje-es","26":"product_tag-puntos-de-anclaje","27":"product_tag-trabajo-seguro-en-altura","29":"first","30":"instock","31":"product-type-simple","32":"prodpage-classic"},"yoast_head":"<!-- This site is optimized with the Yoast SEO plugin v27.4 - https:\/\/yoast.com\/product\/yoast-seo-wordpress\/ -->\n<title>\u00c1ncora de alcance (SAP) - H\u00fctter Veiligheid B.V.<\/title>\n<meta name=\"description\" content=\"El Punto de Anclaje Scope es un punto de anclaje de cubierta de alta calidad con m\u00faltiples posibilidades (EN 795-A). Tambi\u00e9n es posible instalar entre dos Puntos de Anclaje una l\u00ednea temporal...\" \/>\n<meta name=\"robots\" content=\"index, follow, max-snippet:-1, max-image-preview:large, max-video-preview:-1\" \/>\n<link rel=\"canonical\" href=\"https:\/\/www.hutter.nl\/es\/winkel\/gama\/proteccion-contra-caidas-permanente\/puntos-de-anclaje\/ancora-de-alcance-sap\/\" \/>\n<meta property=\"og:locale\" content=\"es_ES\" \/>\n<meta property=\"og:type\" content=\"article\" \/>\n<meta property=\"og:title\" content=\"\u00c1ncora de alcance (SAP) - H\u00fctter Veiligheid B.V.\" \/>\n<meta property=\"og:description\" content=\"El Punto de Anclaje Scope es un punto de anclaje de cubierta de alta calidad con m\u00faltiples posibilidades (EN 795-A). Tambi\u00e9n es posible instalar entre dos Puntos de Anclaje una l\u00ednea temporal...\" \/>\n<meta property=\"og:url\" content=\"https:\/\/www.hutter.nl\/es\/winkel\/gama\/proteccion-contra-caidas-permanente\/puntos-de-anclaje\/ancora-de-alcance-sap\/\" \/>\n<meta property=\"og:site_name\" content=\"H\u00fctter Veiligheid B.V.\" \/>\n<meta property=\"article:modified_time\" content=\"2025-10-23T12:27:44+00:00\" \/>\n<meta property=\"og:image\" content=\"https:\/\/www.hutter.nl\/wp-content\/uploads\/2015\/12\/VB97DI038-SA.png\" \/>\n\t<meta property=\"og:image:width\" content=\"370\" \/>\n\t<meta property=\"og:image:height\" content=\"370\" \/>\n\t<meta property=\"og:image:type\" content=\"image\/png\" \/>\n<meta name=\"twitter:card\" content=\"summary_large_image\" \/>\n<meta name=\"twitter:site\" content=\"@hutter_safety\" \/>\n<meta name=\"twitter:label1\" content=\"Tiempo de lectura\" \/>\n\t<meta name=\"twitter:data1\" content=\"1 minuto\" \/>\n<script type=\"application\/ld+json\" class=\"yoast-schema-graph\">{\"@context\":\"https:\\\/\\\/schema.org\",\"@graph\":[{\"@type\":\"WebPage\",\"@id\":\"https:\\\/\\\/www.hutter.nl\\\/es\\\/winkel\\\/gama\\\/proteccion-contra-caidas-permanente\\\/puntos-de-anclaje\\\/ancora-de-alcance-sap\\\/\",\"url\":\"https:\\\/\\\/www.hutter.nl\\\/es\\\/winkel\\\/gama\\\/proteccion-contra-caidas-permanente\\\/puntos-de-anclaje\\\/ancora-de-alcance-sap\\\/\",\"name\":\"\u00c1ncora de alcance (SAP) - H\u00fctter Veiligheid B.V.\",\"isPartOf\":{\"@id\":\"https:\\\/\\\/www.hutter.nl\\\/#website\"},\"primaryImageOfPage\":{\"@id\":\"https:\\\/\\\/www.hutter.nl\\\/es\\\/winkel\\\/gama\\\/proteccion-contra-caidas-permanente\\\/puntos-de-anclaje\\\/ancora-de-alcance-sap\\\/#primaryimage\"},\"image\":{\"@id\":\"https:\\\/\\\/www.hutter.nl\\\/es\\\/winkel\\\/gama\\\/proteccion-contra-caidas-permanente\\\/puntos-de-anclaje\\\/ancora-de-alcance-sap\\\/#primaryimage\"},\"thumbnailUrl\":\"https:\\\/\\\/www.hutter.nl\\\/wp-content\\\/uploads\\\/2015\\\/12\\\/VB97DI038-SA.png\",\"datePublished\":\"2015-12-22T13:30:33+00:00\",\"dateModified\":\"2025-10-23T12:27:44+00:00\",\"description\":\"El Punto de Anclaje Scope es un punto de anclaje de cubierta de alta calidad con m\u00faltiples posibilidades (EN 795-A). Tambi\u00e9n es posible instalar entre dos Puntos de Anclaje una l\u00ednea temporal...\",\"breadcrumb\":{\"@id\":\"https:\\\/\\\/www.hutter.nl\\\/es\\\/winkel\\\/gama\\\/proteccion-contra-caidas-permanente\\\/puntos-de-anclaje\\\/ancora-de-alcance-sap\\\/#breadcrumb\"},\"inLanguage\":\"es\",\"potentialAction\":[{\"@type\":\"ReadAction\",\"target\":[\"https:\\\/\\\/www.hutter.nl\\\/es\\\/winkel\\\/gama\\\/proteccion-contra-caidas-permanente\\\/puntos-de-anclaje\\\/ancora-de-alcance-sap\\\/\"]}]},{\"@type\":\"ImageObject\",\"inLanguage\":\"es\",\"@id\":\"https:\\\/\\\/www.hutter.nl\\\/es\\\/winkel\\\/gama\\\/proteccion-contra-caidas-permanente\\\/puntos-de-anclaje\\\/ancora-de-alcance-sap\\\/#primaryimage\",\"url\":\"https:\\\/\\\/www.hutter.nl\\\/wp-content\\\/uploads\\\/2015\\\/12\\\/VB97DI038-SA.png\",\"contentUrl\":\"https:\\\/\\\/www.hutter.nl\\\/wp-content\\\/uploads\\\/2015\\\/12\\\/VB97DI038-SA.png\",\"width\":370,\"height\":370,\"caption\":\"Punto de Anclaje Scope, un anclaje de cubierta de alta calidad para protecci\u00f3n contra ca\u00eddas.\"},{\"@type\":\"BreadcrumbList\",\"@id\":\"https:\\\/\\\/www.hutter.nl\\\/es\\\/winkel\\\/gama\\\/proteccion-contra-caidas-permanente\\\/puntos-de-anclaje\\\/ancora-de-alcance-sap\\\/#breadcrumb\",\"itemListElement\":[{\"@type\":\"ListItem\",\"position\":1,\"name\":\"Home\",\"item\":\"https:\\\/\\\/www.hutter.nl\\\/es\\\/\"},{\"@type\":\"ListItem\",\"position\":2,\"name\":\"Winkel\",\"item\":\"https:\\\/\\\/www.hutter.nl\\\/winkel\\\/\"},{\"@type\":\"ListItem\",\"position\":3,\"name\":\"\u00c1ncora de alcance (SAP)\"}]},{\"@type\":\"WebSite\",\"@id\":\"https:\\\/\\\/www.hutter.nl\\\/#website\",\"url\":\"https:\\\/\\\/www.hutter.nl\\\/\",\"name\":\"H\u00fctter Safety\",\"description\":\"Specialist in arbeidsveiligheid sinds 1909\",\"publisher\":{\"@id\":\"https:\\\/\\\/www.hutter.nl\\\/#organization\"},\"potentialAction\":[{\"@type\":\"SearchAction\",\"target\":{\"@type\":\"EntryPoint\",\"urlTemplate\":\"https:\\\/\\\/www.hutter.nl\\\/?s={search_term_string}\"},\"query-input\":{\"@type\":\"PropertyValueSpecification\",\"valueRequired\":true,\"valueName\":\"search_term_string\"}}],\"inLanguage\":\"es\"},{\"@type\":\"Organization\",\"@id\":\"https:\\\/\\\/www.hutter.nl\\\/#organization\",\"name\":\"H\u00fctter Veiligheid B.V.\",\"url\":\"https:\\\/\\\/www.hutter.nl\\\/\",\"logo\":{\"@type\":\"ImageObject\",\"inLanguage\":\"es\",\"@id\":\"https:\\\/\\\/www.hutter.nl\\\/#\\\/schema\\\/logo\\\/image\\\/\",\"url\":\"https:\\\/\\\/www.hutter.nl\\\/wp-content\\\/uploads\\\/2016\\\/10\\\/Hutter_Veiligheid_logo-email.png\",\"contentUrl\":\"https:\\\/\\\/www.hutter.nl\\\/wp-content\\\/uploads\\\/2016\\\/10\\\/Hutter_Veiligheid_logo-email.png\",\"width\":150,\"height\":104,\"caption\":\"H\u00fctter Veiligheid B.V.\"},\"image\":{\"@id\":\"https:\\\/\\\/www.hutter.nl\\\/#\\\/schema\\\/logo\\\/image\\\/\"},\"sameAs\":[\"https:\\\/\\\/x.com\\\/hutter_safety\",\"https:\\\/\\\/www.linkedin.com\\\/company\\\/h\u00fctter-veiligheid-bv?trk=company_logo\"]}]}<\/script>\n<!-- \/ Yoast SEO plugin. -->","yoast_head_json":{"title":"\u00c1ncora de alcance (SAP) - H\u00fctter Veiligheid B.V.","description":"El Punto de Anclaje Scope es un punto de anclaje de cubierta de alta calidad con m\u00faltiples posibilidades (EN 795-A). Tambi\u00e9n es posible instalar entre dos Puntos de Anclaje una l\u00ednea temporal...","robots":{"index":"index","follow":"follow","max-snippet":"max-snippet:-1","max-image-preview":"max-image-preview:large","max-video-preview":"max-video-preview:-1"},"canonical":"https:\/\/www.hutter.nl\/es\/winkel\/gama\/proteccion-contra-caidas-permanente\/puntos-de-anclaje\/ancora-de-alcance-sap\/","og_locale":"es_ES","og_type":"article","og_title":"\u00c1ncora de alcance (SAP) - H\u00fctter Veiligheid B.V.","og_description":"El Punto de Anclaje Scope es un punto de anclaje de cubierta de alta calidad con m\u00faltiples posibilidades (EN 795-A). Tambi\u00e9n es posible instalar entre dos Puntos de Anclaje una l\u00ednea temporal...","og_url":"https:\/\/www.hutter.nl\/es\/winkel\/gama\/proteccion-contra-caidas-permanente\/puntos-de-anclaje\/ancora-de-alcance-sap\/","og_site_name":"H\u00fctter Veiligheid B.V.","article_modified_time":"2025-10-23T12:27:44+00:00","og_image":[{"width":370,"height":370,"url":"https:\/\/www.hutter.nl\/wp-content\/uploads\/2015\/12\/VB97DI038-SA.png","type":"image\/png"}],"twitter_card":"summary_large_image","twitter_site":"@hutter_safety","twitter_misc":{"Tiempo de lectura":"1 minuto"},"schema":{"@context":"https:\/\/schema.org","@graph":[{"@type":"WebPage","@id":"https:\/\/www.hutter.nl\/es\/winkel\/gama\/proteccion-contra-caidas-permanente\/puntos-de-anclaje\/ancora-de-alcance-sap\/","url":"https:\/\/www.hutter.nl\/es\/winkel\/gama\/proteccion-contra-caidas-permanente\/puntos-de-anclaje\/ancora-de-alcance-sap\/","name":"\u00c1ncora de alcance (SAP) - H\u00fctter Veiligheid B.V.","isPartOf":{"@id":"https:\/\/www.hutter.nl\/#website"},"primaryImageOfPage":{"@id":"https:\/\/www.hutter.nl\/es\/winkel\/gama\/proteccion-contra-caidas-permanente\/puntos-de-anclaje\/ancora-de-alcance-sap\/#primaryimage"},"image":{"@id":"https:\/\/www.hutter.nl\/es\/winkel\/gama\/proteccion-contra-caidas-permanente\/puntos-de-anclaje\/ancora-de-alcance-sap\/#primaryimage"},"thumbnailUrl":"https:\/\/www.hutter.nl\/wp-content\/uploads\/2015\/12\/VB97DI038-SA.png","datePublished":"2015-12-22T13:30:33+00:00","dateModified":"2025-10-23T12:27:44+00:00","description":"El Punto de Anclaje Scope es un punto de anclaje de cubierta de alta calidad con m\u00faltiples posibilidades (EN 795-A). Tambi\u00e9n es posible instalar entre dos Puntos de Anclaje una l\u00ednea temporal...","breadcrumb":{"@id":"https:\/\/www.hutter.nl\/es\/winkel\/gama\/proteccion-contra-caidas-permanente\/puntos-de-anclaje\/ancora-de-alcance-sap\/#breadcrumb"},"inLanguage":"es","potentialAction":[{"@type":"ReadAction","target":["https:\/\/www.hutter.nl\/es\/winkel\/gama\/proteccion-contra-caidas-permanente\/puntos-de-anclaje\/ancora-de-alcance-sap\/"]}]},{"@type":"ImageObject","inLanguage":"es","@id":"https:\/\/www.hutter.nl\/es\/winkel\/gama\/proteccion-contra-caidas-permanente\/puntos-de-anclaje\/ancora-de-alcance-sap\/#primaryimage","url":"https:\/\/www.hutter.nl\/wp-content\/uploads\/2015\/12\/VB97DI038-SA.png","contentUrl":"https:\/\/www.hutter.nl\/wp-content\/uploads\/2015\/12\/VB97DI038-SA.png","width":370,"height":370,"caption":"Punto de Anclaje Scope, un anclaje de cubierta de alta calidad para protecci\u00f3n contra ca\u00eddas."},{"@type":"BreadcrumbList","@id":"https:\/\/www.hutter.nl\/es\/winkel\/gama\/proteccion-contra-caidas-permanente\/puntos-de-anclaje\/ancora-de-alcance-sap\/#breadcrumb","itemListElement":[{"@type":"ListItem","position":1,"name":"Home","item":"https:\/\/www.hutter.nl\/es\/"},{"@type":"ListItem","position":2,"name":"Winkel","item":"https:\/\/www.hutter.nl\/winkel\/"},{"@type":"ListItem","position":3,"name":"\u00c1ncora de alcance (SAP)"}]},{"@type":"WebSite","@id":"https:\/\/www.hutter.nl\/#website","url":"https:\/\/www.hutter.nl\/","name":"H\u00fctter Safety","description":"Specialist in arbeidsveiligheid sinds 1909","publisher":{"@id":"https:\/\/www.hutter.nl\/#organization"},"potentialAction":[{"@type":"SearchAction","target":{"@type":"EntryPoint","urlTemplate":"https:\/\/www.hutter.nl\/?s={search_term_string}"},"query-input":{"@type":"PropertyValueSpecification","valueRequired":true,"valueName":"search_term_string"}}],"inLanguage":"es"},{"@type":"Organization","@id":"https:\/\/www.hutter.nl\/#organization","name":"H\u00fctter Veiligheid B.V.","url":"https:\/\/www.hutter.nl\/","logo":{"@type":"ImageObject","inLanguage":"es","@id":"https:\/\/www.hutter.nl\/#\/schema\/logo\/image\/","url":"https:\/\/www.hutter.nl\/wp-content\/uploads\/2016\/10\/Hutter_Veiligheid_logo-email.png","contentUrl":"https:\/\/www.hutter.nl\/wp-content\/uploads\/2016\/10\/Hutter_Veiligheid_logo-email.png","width":150,"height":104,"caption":"H\u00fctter Veiligheid B.V."},"image":{"@id":"https:\/\/www.hutter.nl\/#\/schema\/logo\/image\/"},"sameAs":["https:\/\/x.com\/hutter_safety","https:\/\/www.linkedin.com\/company\/h\u00fctter-veiligheid-bv?trk=company_logo"]}]}},"_links":{"self":[{"href":"https:\/\/www.hutter.nl\/es\/wp-json\/wp\/v2\/product\/14680","targetHints":{"allow":["GET"]}}],"collection":[{"href":"https:\/\/www.hutter.nl\/es\/wp-json\/wp\/v2\/product"}],"about":[{"href":"https:\/\/www.hutter.nl\/es\/wp-json\/wp\/v2\/types\/product"}],"replies":[{"embeddable":true,"href":"https:\/\/www.hutter.nl\/es\/wp-json\/wp\/v2\/comments?post=14680"}],"wp:featuredmedia":[{"embeddable":true,"href":"https:\/\/www.hutter.nl\/es\/wp-json\/wp\/v2\/media\/6219"}],"wp:attachment":[{"href":"https:\/\/www.hutter.nl\/es\/wp-json\/wp\/v2\/media?parent=14680"}],"wp:term":[{"taxonomy":"product_brand","embeddable":true,"href":"https:\/\/www.hutter.nl\/es\/wp-json\/wp\/v2\/product_brand?post=14680"},{"taxonomy":"product_cat","embeddable":true,"href":"https:\/\/www.hutter.nl\/es\/wp-json\/wp\/v2\/product_cat?post=14680"},{"taxonomy":"product_tag","embeddable":true,"href":"https:\/\/www.hutter.nl\/es\/wp-json\/wp\/v2\/product_tag?post=14680"}],"curies":[{"name":"wp","href":"https:\/\/api.w.org\/{rel}","templated":true}]}}