{"id":14691,"date":"2019-12-16T16:08:48","date_gmt":"2019-12-16T15:08:48","guid":{"rendered":"https:\/\/www.hutter.nl\/catalogue\/sin categor\u00eda\/product\/singer-eva07\/"},"modified":"2019-12-16T16:08:48","modified_gmt":"2019-12-16T15:08:48","slug":"singer-eva07","status":"publish","type":"product","link":"https:\/\/www.hutter.nl\/es\/winkel\/gama\/epi-diversos\/gafas-de-seguridad\/singer-eva07\/","title":{"rendered":"Singer EVA07"},"content":{"rendered":"<p>Gafas de seguridad para usar sobre unas gafas (correctivas) existentes.<br \/>\nCon patillas ajustables de poliamida gris.<br \/>\nLente de policarbonato transparente antiara\u00f1azos de una sola pieza con protectores laterales.<br \/>\nPuente nasal suave.<br \/>\nPuntos de fijaci\u00f3n en las patillas para cord\u00f3n de cuello.<br \/>\nGrosor de la lente: 2,00 mm.<br \/>\nPeso: 34 gramos.<\/p>\n<p>Gracias a sus caracter\u00edsticas t\u00e9cnicas, este equipo es especialmente adecuado para todo tipo de trabajos que requieren protecci\u00f3n contra riesgos mec\u00e1nicos y proyecciones, incluyendo: esmerilado, carpinter\u00eda, pulido, industria, laboratorios, deporte, etc.<br \/>\nProtecci\u00f3n contra rayos UV.<br \/>\nSe adapta a la mayor\u00eda de las gafas graduadas.<\/p>\n<p>Normativa: EN166 y EN170<\/p>\n<p>Envasado por 10 o 100 unidades.<\/p>\n<p>N\u00ba de art\u00edculo: GL-EVA07<\/p>\n","protected":false},"excerpt":{"rendered":"<p>Gafas de seguridad para usar sobre unas gafas (correctivas) existentes.<\/p>\n<p>Ligeras y c\u00f3modas de llevar.<br \/>\nPueden usarse sobre la mayor\u00eda de las gafas graduadas.<br \/>\nAmplio campo de visi\u00f3n perif\u00e9rico. Ajuste pantosc\u00f3pico (posibilidad de ajustar el \u00e1ngulo de la lente).<br \/>\nLongitud de patillas ajustable (para diferentes contornos faciales).<br \/>\nFiabilidad de un sistema de producci\u00f3n bajo norma ISO 9001.<\/p>\n<p>N\u00ba de art\u00edculo: GL-EVA07<\/p>\n","protected":false},"featured_media":14692,"comment_status":"closed","ping_status":"closed","template":"","meta":[],"product_brand":[],"product_cat":[3266],"product_tag":[],"class_list":{"0":"post-14691","1":"product","2":"type-product","3":"status-publish","4":"has-post-thumbnail","6":"product_cat-gafas-de-seguridad","8":"first","9":"instock","10":"shipping-taxable","11":"product-type-simple","12":"prodpage-classic"},"yoast_head":"<!-- This site is optimized with the Yoast SEO plugin v27.4 - https:\/\/yoast.com\/product\/yoast-seo-wordpress\/ -->\n<title>Singer EVA07 - H\u00fctter Veiligheid B.V.<\/title>\n<meta name=\"robots\" content=\"index, follow, max-snippet:-1, max-image-preview:large, max-video-preview:-1\" \/>\n<link rel=\"canonical\" href=\"https:\/\/www.hutter.nl\/es\/winkel\/gama\/epi-diversos\/gafas-de-seguridad\/singer-eva07\/\" \/>\n<meta property=\"og:locale\" content=\"es_ES\" \/>\n<meta property=\"og:type\" content=\"article\" \/>\n<meta property=\"og:title\" content=\"Singer EVA07 - H\u00fctter Veiligheid B.V.\" \/>\n<meta property=\"og:description\" content=\"Gafas de seguridad para usar sobre unas gafas (correctivas) existentes.  Ligeras y c\u00f3modas de llevar. Pueden usarse sobre la mayor\u00eda de las gafas graduadas. Amplio campo de visi\u00f3n perif\u00e9rico. Ajuste pantosc\u00f3pico (posibilidad de ajustar el \u00e1ngulo de la lente). Longitud de patillas ajustable (para diferentes contornos faciales). Fiabilidad de un sistema de producci\u00f3n bajo norma ISO 9001.  N\u00ba de art\u00edculo: GL-EVA07\" \/>\n<meta property=\"og:url\" content=\"https:\/\/www.hutter.nl\/es\/winkel\/gama\/epi-diversos\/gafas-de-seguridad\/singer-eva07\/\" \/>\n<meta property=\"og:site_name\" content=\"H\u00fctter Veiligheid B.V.\" \/>\n<meta property=\"og:image\" content=\"https:\/\/www.hutter.nl\/wp-content\/uploads\/2019\/12\/Veiligheidsbril-voor-over-een-bestaande-bril-GL-EVA07.jpg\" \/>\n\t<meta property=\"og:image:width\" content=\"600\" \/>\n\t<meta property=\"og:image:height\" content=\"600\" \/>\n\t<meta property=\"og:image:type\" content=\"image\/jpeg\" \/>\n<meta name=\"twitter:card\" content=\"summary_large_image\" \/>\n<meta name=\"twitter:site\" content=\"@hutter_safety\" \/>\n<meta name=\"twitter:label1\" content=\"Tiempo de lectura\" \/>\n\t<meta name=\"twitter:data1\" content=\"1 minuto\" \/>\n<script type=\"application\/ld+json\" class=\"yoast-schema-graph\">{\"@context\":\"https:\\\/\\\/schema.org\",\"@graph\":[{\"@type\":\"WebPage\",\"@id\":\"https:\\\/\\\/www.hutter.nl\\\/es\\\/winkel\\\/gama\\\/epi-diversos\\\/gafas-de-seguridad\\\/singer-eva07\\\/\",\"url\":\"https:\\\/\\\/www.hutter.nl\\\/es\\\/winkel\\\/gama\\\/epi-diversos\\\/gafas-de-seguridad\\\/singer-eva07\\\/\",\"name\":\"Singer EVA07 - H\u00fctter Veiligheid B.V.\",\"isPartOf\":{\"@id\":\"https:\\\/\\\/www.hutter.nl\\\/#website\"},\"primaryImageOfPage\":{\"@id\":\"https:\\\/\\\/www.hutter.nl\\\/es\\\/winkel\\\/gama\\\/epi-diversos\\\/gafas-de-seguridad\\\/singer-eva07\\\/#primaryimage\"},\"image\":{\"@id\":\"https:\\\/\\\/www.hutter.nl\\\/es\\\/winkel\\\/gama\\\/epi-diversos\\\/gafas-de-seguridad\\\/singer-eva07\\\/#primaryimage\"},\"thumbnailUrl\":\"https:\\\/\\\/www.hutter.nl\\\/wp-content\\\/uploads\\\/2019\\\/12\\\/Veiligheidsbril-voor-over-een-bestaande-bril-GL-EVA07.jpg\",\"datePublished\":\"2019-12-16T15:08:48+00:00\",\"breadcrumb\":{\"@id\":\"https:\\\/\\\/www.hutter.nl\\\/es\\\/winkel\\\/gama\\\/epi-diversos\\\/gafas-de-seguridad\\\/singer-eva07\\\/#breadcrumb\"},\"inLanguage\":\"es\",\"potentialAction\":[{\"@type\":\"ReadAction\",\"target\":[\"https:\\\/\\\/www.hutter.nl\\\/es\\\/winkel\\\/gama\\\/epi-diversos\\\/gafas-de-seguridad\\\/singer-eva07\\\/\"]}]},{\"@type\":\"ImageObject\",\"inLanguage\":\"es\",\"@id\":\"https:\\\/\\\/www.hutter.nl\\\/es\\\/winkel\\\/gama\\\/epi-diversos\\\/gafas-de-seguridad\\\/singer-eva07\\\/#primaryimage\",\"url\":\"https:\\\/\\\/www.hutter.nl\\\/wp-content\\\/uploads\\\/2019\\\/12\\\/Veiligheidsbril-voor-over-een-bestaande-bril-GL-EVA07.jpg\",\"contentUrl\":\"https:\\\/\\\/www.hutter.nl\\\/wp-content\\\/uploads\\\/2019\\\/12\\\/Veiligheidsbril-voor-over-een-bestaande-bril-GL-EVA07.jpg\",\"width\":600,\"height\":600},{\"@type\":\"BreadcrumbList\",\"@id\":\"https:\\\/\\\/www.hutter.nl\\\/es\\\/winkel\\\/gama\\\/epi-diversos\\\/gafas-de-seguridad\\\/singer-eva07\\\/#breadcrumb\",\"itemListElement\":[{\"@type\":\"ListItem\",\"position\":1,\"name\":\"Home\",\"item\":\"https:\\\/\\\/www.hutter.nl\\\/es\\\/\"},{\"@type\":\"ListItem\",\"position\":2,\"name\":\"Winkel\",\"item\":\"https:\\\/\\\/www.hutter.nl\\\/winkel\\\/\"},{\"@type\":\"ListItem\",\"position\":3,\"name\":\"Singer EVA07\"}]},{\"@type\":\"WebSite\",\"@id\":\"https:\\\/\\\/www.hutter.nl\\\/#website\",\"url\":\"https:\\\/\\\/www.hutter.nl\\\/\",\"name\":\"H\u00fctter Safety\",\"description\":\"Specialist in arbeidsveiligheid sinds 1909\",\"publisher\":{\"@id\":\"https:\\\/\\\/www.hutter.nl\\\/#organization\"},\"potentialAction\":[{\"@type\":\"SearchAction\",\"target\":{\"@type\":\"EntryPoint\",\"urlTemplate\":\"https:\\\/\\\/www.hutter.nl\\\/?s={search_term_string}\"},\"query-input\":{\"@type\":\"PropertyValueSpecification\",\"valueRequired\":true,\"valueName\":\"search_term_string\"}}],\"inLanguage\":\"es\"},{\"@type\":\"Organization\",\"@id\":\"https:\\\/\\\/www.hutter.nl\\\/#organization\",\"name\":\"H\u00fctter Veiligheid B.V.\",\"url\":\"https:\\\/\\\/www.hutter.nl\\\/\",\"logo\":{\"@type\":\"ImageObject\",\"inLanguage\":\"es\",\"@id\":\"https:\\\/\\\/www.hutter.nl\\\/#\\\/schema\\\/logo\\\/image\\\/\",\"url\":\"https:\\\/\\\/www.hutter.nl\\\/wp-content\\\/uploads\\\/2016\\\/10\\\/Hutter_Veiligheid_logo-email.png\",\"contentUrl\":\"https:\\\/\\\/www.hutter.nl\\\/wp-content\\\/uploads\\\/2016\\\/10\\\/Hutter_Veiligheid_logo-email.png\",\"width\":150,\"height\":104,\"caption\":\"H\u00fctter Veiligheid B.V.\"},\"image\":{\"@id\":\"https:\\\/\\\/www.hutter.nl\\\/#\\\/schema\\\/logo\\\/image\\\/\"},\"sameAs\":[\"https:\\\/\\\/x.com\\\/hutter_safety\",\"https:\\\/\\\/www.linkedin.com\\\/company\\\/h\u00fctter-veiligheid-bv?trk=company_logo\"]}]}<\/script>\n<!-- \/ Yoast SEO plugin. -->","yoast_head_json":{"title":"Singer EVA07 - H\u00fctter Veiligheid B.V.","robots":{"index":"index","follow":"follow","max-snippet":"max-snippet:-1","max-image-preview":"max-image-preview:large","max-video-preview":"max-video-preview:-1"},"canonical":"https:\/\/www.hutter.nl\/es\/winkel\/gama\/epi-diversos\/gafas-de-seguridad\/singer-eva07\/","og_locale":"es_ES","og_type":"article","og_title":"Singer EVA07 - H\u00fctter Veiligheid B.V.","og_description":"Gafas de seguridad para usar sobre unas gafas (correctivas) existentes.  Ligeras y c\u00f3modas de llevar. Pueden usarse sobre la mayor\u00eda de las gafas graduadas. Amplio campo de visi\u00f3n perif\u00e9rico. Ajuste pantosc\u00f3pico (posibilidad de ajustar el \u00e1ngulo de la lente). Longitud de patillas ajustable (para diferentes contornos faciales). Fiabilidad de un sistema de producci\u00f3n bajo norma ISO 9001.  N\u00ba de art\u00edculo: GL-EVA07","og_url":"https:\/\/www.hutter.nl\/es\/winkel\/gama\/epi-diversos\/gafas-de-seguridad\/singer-eva07\/","og_site_name":"H\u00fctter Veiligheid B.V.","og_image":[{"width":600,"height":600,"url":"https:\/\/www.hutter.nl\/wp-content\/uploads\/2019\/12\/Veiligheidsbril-voor-over-een-bestaande-bril-GL-EVA07.jpg","type":"image\/jpeg"}],"twitter_card":"summary_large_image","twitter_site":"@hutter_safety","twitter_misc":{"Tiempo de lectura":"1 minuto"},"schema":{"@context":"https:\/\/schema.org","@graph":[{"@type":"WebPage","@id":"https:\/\/www.hutter.nl\/es\/winkel\/gama\/epi-diversos\/gafas-de-seguridad\/singer-eva07\/","url":"https:\/\/www.hutter.nl\/es\/winkel\/gama\/epi-diversos\/gafas-de-seguridad\/singer-eva07\/","name":"Singer EVA07 - H\u00fctter Veiligheid B.V.","isPartOf":{"@id":"https:\/\/www.hutter.nl\/#website"},"primaryImageOfPage":{"@id":"https:\/\/www.hutter.nl\/es\/winkel\/gama\/epi-diversos\/gafas-de-seguridad\/singer-eva07\/#primaryimage"},"image":{"@id":"https:\/\/www.hutter.nl\/es\/winkel\/gama\/epi-diversos\/gafas-de-seguridad\/singer-eva07\/#primaryimage"},"thumbnailUrl":"https:\/\/www.hutter.nl\/wp-content\/uploads\/2019\/12\/Veiligheidsbril-voor-over-een-bestaande-bril-GL-EVA07.jpg","datePublished":"2019-12-16T15:08:48+00:00","breadcrumb":{"@id":"https:\/\/www.hutter.nl\/es\/winkel\/gama\/epi-diversos\/gafas-de-seguridad\/singer-eva07\/#breadcrumb"},"inLanguage":"es","potentialAction":[{"@type":"ReadAction","target":["https:\/\/www.hutter.nl\/es\/winkel\/gama\/epi-diversos\/gafas-de-seguridad\/singer-eva07\/"]}]},{"@type":"ImageObject","inLanguage":"es","@id":"https:\/\/www.hutter.nl\/es\/winkel\/gama\/epi-diversos\/gafas-de-seguridad\/singer-eva07\/#primaryimage","url":"https:\/\/www.hutter.nl\/wp-content\/uploads\/2019\/12\/Veiligheidsbril-voor-over-een-bestaande-bril-GL-EVA07.jpg","contentUrl":"https:\/\/www.hutter.nl\/wp-content\/uploads\/2019\/12\/Veiligheidsbril-voor-over-een-bestaande-bril-GL-EVA07.jpg","width":600,"height":600},{"@type":"BreadcrumbList","@id":"https:\/\/www.hutter.nl\/es\/winkel\/gama\/epi-diversos\/gafas-de-seguridad\/singer-eva07\/#breadcrumb","itemListElement":[{"@type":"ListItem","position":1,"name":"Home","item":"https:\/\/www.hutter.nl\/es\/"},{"@type":"ListItem","position":2,"name":"Winkel","item":"https:\/\/www.hutter.nl\/winkel\/"},{"@type":"ListItem","position":3,"name":"Singer EVA07"}]},{"@type":"WebSite","@id":"https:\/\/www.hutter.nl\/#website","url":"https:\/\/www.hutter.nl\/","name":"H\u00fctter Safety","description":"Specialist in arbeidsveiligheid sinds 1909","publisher":{"@id":"https:\/\/www.hutter.nl\/#organization"},"potentialAction":[{"@type":"SearchAction","target":{"@type":"EntryPoint","urlTemplate":"https:\/\/www.hutter.nl\/?s={search_term_string}"},"query-input":{"@type":"PropertyValueSpecification","valueRequired":true,"valueName":"search_term_string"}}],"inLanguage":"es"},{"@type":"Organization","@id":"https:\/\/www.hutter.nl\/#organization","name":"H\u00fctter Veiligheid B.V.","url":"https:\/\/www.hutter.nl\/","logo":{"@type":"ImageObject","inLanguage":"es","@id":"https:\/\/www.hutter.nl\/#\/schema\/logo\/image\/","url":"https:\/\/www.hutter.nl\/wp-content\/uploads\/2016\/10\/Hutter_Veiligheid_logo-email.png","contentUrl":"https:\/\/www.hutter.nl\/wp-content\/uploads\/2016\/10\/Hutter_Veiligheid_logo-email.png","width":150,"height":104,"caption":"H\u00fctter Veiligheid B.V."},"image":{"@id":"https:\/\/www.hutter.nl\/#\/schema\/logo\/image\/"},"sameAs":["https:\/\/x.com\/hutter_safety","https:\/\/www.linkedin.com\/company\/h\u00fctter-veiligheid-bv?trk=company_logo"]}]}},"_links":{"self":[{"href":"https:\/\/www.hutter.nl\/es\/wp-json\/wp\/v2\/product\/14691","targetHints":{"allow":["GET"]}}],"collection":[{"href":"https:\/\/www.hutter.nl\/es\/wp-json\/wp\/v2\/product"}],"about":[{"href":"https:\/\/www.hutter.nl\/es\/wp-json\/wp\/v2\/types\/product"}],"replies":[{"embeddable":true,"href":"https:\/\/www.hutter.nl\/es\/wp-json\/wp\/v2\/comments?post=14691"}],"wp:featuredmedia":[{"embeddable":true,"href":"https:\/\/www.hutter.nl\/es\/wp-json\/wp\/v2\/media\/14692"}],"wp:attachment":[{"href":"https:\/\/www.hutter.nl\/es\/wp-json\/wp\/v2\/media?parent=14691"}],"wp:term":[{"taxonomy":"product_brand","embeddable":true,"href":"https:\/\/www.hutter.nl\/es\/wp-json\/wp\/v2\/product_brand?post=14691"},{"taxonomy":"product_cat","embeddable":true,"href":"https:\/\/www.hutter.nl\/es\/wp-json\/wp\/v2\/product_cat?post=14691"},{"taxonomy":"product_tag","embeddable":true,"href":"https:\/\/www.hutter.nl\/es\/wp-json\/wp\/v2\/product_tag?post=14691"}],"curies":[{"name":"wp","href":"https:\/\/api.w.org\/{rel}","templated":true}]}}