{"id":14702,"date":"2016-07-12T11:18:33","date_gmt":"2016-07-12T09:18:33","guid":{"rendered":"https:\/\/www.hutter.nl\/catalogue\/sin categor\u00eda\/product\/scope-gafas-para-mascara-respiratoria\/"},"modified":"2016-07-12T11:18:33","modified_gmt":"2016-07-12T09:18:33","slug":"scope-gafas-para-mascara-respiratoria","status":"publish","type":"product","link":"https:\/\/www.hutter.nl\/es\/winkel\/gama\/epi-diversos\/gafas-para-mascaras-de-respiracion-autonoma\/scope-gafas-para-mascara-respiratoria\/","title":{"rendered":"SCOPE GAFAS PARA M\u00c1SCARA RESPIRATORIA"},"content":{"rendered":"<p>Estas gafas patentadas SCOPE para m\u00e1scara de respiraci\u00f3n aut\u00f3noma han sido desarrolladas en colaboraci\u00f3n con usuarios de gafas del cuerpo de bomberos para las m\u00e1scaras de aire comprimido de diferentes marcas. En las gafas se han integrado las principales necesidades \u00f3pticas y de uso. Est\u00e1n fabricadas en titanio, lo que las hace muy ligeras, flexibles y a la vez resistentes. Tambi\u00e9n se utilizan con frecuencia como sustituto de las gafas personales y est\u00e1n disponibles en cualquier graduaci\u00f3n. Las gafas para m\u00e1scara Scope tambi\u00e9n est\u00e1n disponibles con varillas en espiral y con lentes con recubrimiento multicapa antirreflejante.<\/p>\n<p>Las gafas para m\u00e1scara Scope no pueden utilizarse como gafas de seguridad (EN 166). Para ello, solicite las gafas de seguridad graduadas o las gafas de sobreponer. Se suministran con estuche r\u00edgido, lentes con capa antirrayado y un pa\u00f1o de limpieza.<\/p>\n<p>Especialmente adecuadas para:<\/p>\n<p>* Bomberos<br \/>\n* Polic\u00eda<br \/>\n* Rescate<br \/>\n* Deporte<\/p>\n<p>**Receta y servicio:**<\/p>\n<p>Env\u00edenos su receta \u00f3ptica existente o nueva. Aseg\u00farese de que la PD (distancia interpupilar) est\u00e9 indicada. Este valor fijo nunca cambia y es esencial para la correcta centraci\u00f3n de las lentes. Para adaptaciones a partir de 10 personas simult\u00e1neamente, se puede concertar una cita con nuestro \u00f3ptico para realizar la graduaci\u00f3n en sus instalaciones.<\/p>\n<p>&nbsp;<\/p>\n","protected":false},"excerpt":{"rendered":"<p><strong>\u00a1UN PRODUCTO \u00daNICO!<\/strong><\/p>\n<p>Scope gafas para m\u00e1scara, superligeras y sin montura, con lentes pl\u00e1sticas monofocales y multifocales.<\/p>\n","protected":false},"featured_media":15442,"comment_status":"closed","ping_status":"closed","template":"","meta":[],"product_brand":[],"product_cat":[3267],"product_tag":[3270,3273,3271,3268,3272,3269],"class_list":{"0":"post-14702","1":"product","2":"type-product","3":"status-publish","4":"has-post-thumbnail","6":"product_cat-gafas-para-mascaras-de-respiracion-autonoma","7":"product_tag-bomberos","8":"product_tag-deportistas","9":"product_tag-policia","10":"product_tag-proteccion-ocular","11":"product_tag-rescatistas","12":"product_tag-scope-gafas-para-mascara-de-respiracion-autonoma","14":"first","15":"instock","16":"shipping-taxable","17":"product-type-simple","18":"prodpage-classic"},"yoast_head":"<!-- This site is optimized with the Yoast SEO plugin v27.4 - https:\/\/yoast.com\/product\/yoast-seo-wordpress\/ -->\n<title>SCOPE GAFAS PARA M\u00c1SCARA RESPIRATORIA - H\u00fctter Veiligheid B.V.<\/title>\n<meta name=\"description\" content=\"Las gafas SCOPE para m\u00e1scara de respiraci\u00f3n aut\u00f3noma son un producto \u00fanico y, por lo tanto, la soluci\u00f3n ideal para los usuarios de gafas que utilizan m\u00e1scaras de respiraci\u00f3n aut\u00f3noma.\" \/>\n<meta name=\"robots\" content=\"index, follow, max-snippet:-1, max-image-preview:large, max-video-preview:-1\" \/>\n<link rel=\"canonical\" href=\"https:\/\/www.hutter.nl\/es\/winkel\/gama\/epi-diversos\/gafas-para-mascaras-de-respiracion-autonoma\/scope-gafas-para-mascara-respiratoria\/\" \/>\n<meta property=\"og:locale\" content=\"es_ES\" \/>\n<meta property=\"og:type\" content=\"article\" \/>\n<meta property=\"og:title\" content=\"SCOPE GAFAS PARA M\u00c1SCARA RESPIRATORIA - H\u00fctter Veiligheid B.V.\" \/>\n<meta property=\"og:description\" content=\"Las gafas SCOPE para m\u00e1scara de respiraci\u00f3n aut\u00f3noma son un producto \u00fanico y, por lo tanto, la soluci\u00f3n ideal para los usuarios de gafas que utilizan m\u00e1scaras de respiraci\u00f3n aut\u00f3noma.\" \/>\n<meta property=\"og:url\" content=\"https:\/\/www.hutter.nl\/es\/winkel\/gama\/epi-diversos\/gafas-para-mascaras-de-respiracion-autonoma\/scope-gafas-para-mascara-respiratoria\/\" \/>\n<meta property=\"og:site_name\" content=\"H\u00fctter Veiligheid B.V.\" \/>\n<meta property=\"og:image\" content=\"https:\/\/www.hutter.nl\/wp-content\/uploads\/2019\/10\/ademluchtmasker-bril.jpg\" \/>\n\t<meta property=\"og:image:width\" content=\"370\" \/>\n\t<meta property=\"og:image:height\" content=\"369\" \/>\n\t<meta property=\"og:image:type\" content=\"image\/jpeg\" \/>\n<meta name=\"twitter:card\" content=\"summary_large_image\" \/>\n<meta name=\"twitter:site\" content=\"@hutter_safety\" \/>\n<meta name=\"twitter:label1\" content=\"Tiempo de lectura\" \/>\n\t<meta name=\"twitter:data1\" content=\"1 minuto\" \/>\n<script type=\"application\/ld+json\" class=\"yoast-schema-graph\">{\"@context\":\"https:\\\/\\\/schema.org\",\"@graph\":[{\"@type\":\"WebPage\",\"@id\":\"https:\\\/\\\/www.hutter.nl\\\/es\\\/winkel\\\/gama\\\/epi-diversos\\\/gafas-para-mascaras-de-respiracion-autonoma\\\/scope-gafas-para-mascara-respiratoria\\\/\",\"url\":\"https:\\\/\\\/www.hutter.nl\\\/es\\\/winkel\\\/gama\\\/epi-diversos\\\/gafas-para-mascaras-de-respiracion-autonoma\\\/scope-gafas-para-mascara-respiratoria\\\/\",\"name\":\"SCOPE GAFAS PARA M\u00c1SCARA RESPIRATORIA - H\u00fctter Veiligheid B.V.\",\"isPartOf\":{\"@id\":\"https:\\\/\\\/www.hutter.nl\\\/#website\"},\"primaryImageOfPage\":{\"@id\":\"https:\\\/\\\/www.hutter.nl\\\/es\\\/winkel\\\/gama\\\/epi-diversos\\\/gafas-para-mascaras-de-respiracion-autonoma\\\/scope-gafas-para-mascara-respiratoria\\\/#primaryimage\"},\"image\":{\"@id\":\"https:\\\/\\\/www.hutter.nl\\\/es\\\/winkel\\\/gama\\\/epi-diversos\\\/gafas-para-mascaras-de-respiracion-autonoma\\\/scope-gafas-para-mascara-respiratoria\\\/#primaryimage\"},\"thumbnailUrl\":\"https:\\\/\\\/www.hutter.nl\\\/wp-content\\\/uploads\\\/2026\\\/04\\\/AMB-Foto-1.jpg\",\"datePublished\":\"2016-07-12T09:18:33+00:00\",\"description\":\"Las gafas SCOPE para m\u00e1scara de respiraci\u00f3n aut\u00f3noma son un producto \u00fanico y, por lo tanto, la soluci\u00f3n ideal para los usuarios de gafas que utilizan m\u00e1scaras de respiraci\u00f3n aut\u00f3noma.\",\"breadcrumb\":{\"@id\":\"https:\\\/\\\/www.hutter.nl\\\/es\\\/winkel\\\/gama\\\/epi-diversos\\\/gafas-para-mascaras-de-respiracion-autonoma\\\/scope-gafas-para-mascara-respiratoria\\\/#breadcrumb\"},\"inLanguage\":\"es\",\"potentialAction\":[{\"@type\":\"ReadAction\",\"target\":[\"https:\\\/\\\/www.hutter.nl\\\/es\\\/winkel\\\/gama\\\/epi-diversos\\\/gafas-para-mascaras-de-respiracion-autonoma\\\/scope-gafas-para-mascara-respiratoria\\\/\"]}]},{\"@type\":\"ImageObject\",\"inLanguage\":\"es\",\"@id\":\"https:\\\/\\\/www.hutter.nl\\\/es\\\/winkel\\\/gama\\\/epi-diversos\\\/gafas-para-mascaras-de-respiracion-autonoma\\\/scope-gafas-para-mascara-respiratoria\\\/#primaryimage\",\"url\":\"https:\\\/\\\/www.hutter.nl\\\/wp-content\\\/uploads\\\/2026\\\/04\\\/AMB-Foto-1.jpg\",\"contentUrl\":\"https:\\\/\\\/www.hutter.nl\\\/wp-content\\\/uploads\\\/2026\\\/04\\\/AMB-Foto-1.jpg\",\"width\":1024,\"height\":1018},{\"@type\":\"BreadcrumbList\",\"@id\":\"https:\\\/\\\/www.hutter.nl\\\/es\\\/winkel\\\/gama\\\/epi-diversos\\\/gafas-para-mascaras-de-respiracion-autonoma\\\/scope-gafas-para-mascara-respiratoria\\\/#breadcrumb\",\"itemListElement\":[{\"@type\":\"ListItem\",\"position\":1,\"name\":\"Home\",\"item\":\"https:\\\/\\\/www.hutter.nl\\\/es\\\/\"},{\"@type\":\"ListItem\",\"position\":2,\"name\":\"Winkel\",\"item\":\"https:\\\/\\\/www.hutter.nl\\\/winkel\\\/\"},{\"@type\":\"ListItem\",\"position\":3,\"name\":\"SCOPE GAFAS PARA M\u00c1SCARA RESPIRATORIA\"}]},{\"@type\":\"WebSite\",\"@id\":\"https:\\\/\\\/www.hutter.nl\\\/#website\",\"url\":\"https:\\\/\\\/www.hutter.nl\\\/\",\"name\":\"H\u00fctter Safety\",\"description\":\"Specialist in arbeidsveiligheid sinds 1909\",\"publisher\":{\"@id\":\"https:\\\/\\\/www.hutter.nl\\\/#organization\"},\"potentialAction\":[{\"@type\":\"SearchAction\",\"target\":{\"@type\":\"EntryPoint\",\"urlTemplate\":\"https:\\\/\\\/www.hutter.nl\\\/?s={search_term_string}\"},\"query-input\":{\"@type\":\"PropertyValueSpecification\",\"valueRequired\":true,\"valueName\":\"search_term_string\"}}],\"inLanguage\":\"es\"},{\"@type\":\"Organization\",\"@id\":\"https:\\\/\\\/www.hutter.nl\\\/#organization\",\"name\":\"H\u00fctter Veiligheid B.V.\",\"url\":\"https:\\\/\\\/www.hutter.nl\\\/\",\"logo\":{\"@type\":\"ImageObject\",\"inLanguage\":\"es\",\"@id\":\"https:\\\/\\\/www.hutter.nl\\\/#\\\/schema\\\/logo\\\/image\\\/\",\"url\":\"https:\\\/\\\/www.hutter.nl\\\/wp-content\\\/uploads\\\/2016\\\/10\\\/Hutter_Veiligheid_logo-email.png\",\"contentUrl\":\"https:\\\/\\\/www.hutter.nl\\\/wp-content\\\/uploads\\\/2016\\\/10\\\/Hutter_Veiligheid_logo-email.png\",\"width\":150,\"height\":104,\"caption\":\"H\u00fctter Veiligheid B.V.\"},\"image\":{\"@id\":\"https:\\\/\\\/www.hutter.nl\\\/#\\\/schema\\\/logo\\\/image\\\/\"},\"sameAs\":[\"https:\\\/\\\/x.com\\\/hutter_safety\",\"https:\\\/\\\/www.linkedin.com\\\/company\\\/h\u00fctter-veiligheid-bv?trk=company_logo\"]}]}<\/script>\n<!-- \/ Yoast SEO plugin. -->","yoast_head_json":{"title":"SCOPE GAFAS PARA M\u00c1SCARA RESPIRATORIA - H\u00fctter Veiligheid B.V.","description":"Las gafas SCOPE para m\u00e1scara de respiraci\u00f3n aut\u00f3noma son un producto \u00fanico y, por lo tanto, la soluci\u00f3n ideal para los usuarios de gafas que utilizan m\u00e1scaras de respiraci\u00f3n aut\u00f3noma.","robots":{"index":"index","follow":"follow","max-snippet":"max-snippet:-1","max-image-preview":"max-image-preview:large","max-video-preview":"max-video-preview:-1"},"canonical":"https:\/\/www.hutter.nl\/es\/winkel\/gama\/epi-diversos\/gafas-para-mascaras-de-respiracion-autonoma\/scope-gafas-para-mascara-respiratoria\/","og_locale":"es_ES","og_type":"article","og_title":"SCOPE GAFAS PARA M\u00c1SCARA RESPIRATORIA - H\u00fctter Veiligheid B.V.","og_description":"Las gafas SCOPE para m\u00e1scara de respiraci\u00f3n aut\u00f3noma son un producto \u00fanico y, por lo tanto, la soluci\u00f3n ideal para los usuarios de gafas que utilizan m\u00e1scaras de respiraci\u00f3n aut\u00f3noma.","og_url":"https:\/\/www.hutter.nl\/es\/winkel\/gama\/epi-diversos\/gafas-para-mascaras-de-respiracion-autonoma\/scope-gafas-para-mascara-respiratoria\/","og_site_name":"H\u00fctter Veiligheid B.V.","og_image":[{"width":370,"height":369,"url":"https:\/\/www.hutter.nl\/wp-content\/uploads\/2019\/10\/ademluchtmasker-bril.jpg","type":"image\/jpeg"}],"twitter_card":"summary_large_image","twitter_site":"@hutter_safety","twitter_misc":{"Tiempo de lectura":"1 minuto"},"schema":{"@context":"https:\/\/schema.org","@graph":[{"@type":"WebPage","@id":"https:\/\/www.hutter.nl\/es\/winkel\/gama\/epi-diversos\/gafas-para-mascaras-de-respiracion-autonoma\/scope-gafas-para-mascara-respiratoria\/","url":"https:\/\/www.hutter.nl\/es\/winkel\/gama\/epi-diversos\/gafas-para-mascaras-de-respiracion-autonoma\/scope-gafas-para-mascara-respiratoria\/","name":"SCOPE GAFAS PARA M\u00c1SCARA RESPIRATORIA - H\u00fctter Veiligheid B.V.","isPartOf":{"@id":"https:\/\/www.hutter.nl\/#website"},"primaryImageOfPage":{"@id":"https:\/\/www.hutter.nl\/es\/winkel\/gama\/epi-diversos\/gafas-para-mascaras-de-respiracion-autonoma\/scope-gafas-para-mascara-respiratoria\/#primaryimage"},"image":{"@id":"https:\/\/www.hutter.nl\/es\/winkel\/gama\/epi-diversos\/gafas-para-mascaras-de-respiracion-autonoma\/scope-gafas-para-mascara-respiratoria\/#primaryimage"},"thumbnailUrl":"https:\/\/www.hutter.nl\/wp-content\/uploads\/2026\/04\/AMB-Foto-1.jpg","datePublished":"2016-07-12T09:18:33+00:00","description":"Las gafas SCOPE para m\u00e1scara de respiraci\u00f3n aut\u00f3noma son un producto \u00fanico y, por lo tanto, la soluci\u00f3n ideal para los usuarios de gafas que utilizan m\u00e1scaras de respiraci\u00f3n aut\u00f3noma.","breadcrumb":{"@id":"https:\/\/www.hutter.nl\/es\/winkel\/gama\/epi-diversos\/gafas-para-mascaras-de-respiracion-autonoma\/scope-gafas-para-mascara-respiratoria\/#breadcrumb"},"inLanguage":"es","potentialAction":[{"@type":"ReadAction","target":["https:\/\/www.hutter.nl\/es\/winkel\/gama\/epi-diversos\/gafas-para-mascaras-de-respiracion-autonoma\/scope-gafas-para-mascara-respiratoria\/"]}]},{"@type":"ImageObject","inLanguage":"es","@id":"https:\/\/www.hutter.nl\/es\/winkel\/gama\/epi-diversos\/gafas-para-mascaras-de-respiracion-autonoma\/scope-gafas-para-mascara-respiratoria\/#primaryimage","url":"https:\/\/www.hutter.nl\/wp-content\/uploads\/2026\/04\/AMB-Foto-1.jpg","contentUrl":"https:\/\/www.hutter.nl\/wp-content\/uploads\/2026\/04\/AMB-Foto-1.jpg","width":1024,"height":1018},{"@type":"BreadcrumbList","@id":"https:\/\/www.hutter.nl\/es\/winkel\/gama\/epi-diversos\/gafas-para-mascaras-de-respiracion-autonoma\/scope-gafas-para-mascara-respiratoria\/#breadcrumb","itemListElement":[{"@type":"ListItem","position":1,"name":"Home","item":"https:\/\/www.hutter.nl\/es\/"},{"@type":"ListItem","position":2,"name":"Winkel","item":"https:\/\/www.hutter.nl\/winkel\/"},{"@type":"ListItem","position":3,"name":"SCOPE GAFAS PARA M\u00c1SCARA RESPIRATORIA"}]},{"@type":"WebSite","@id":"https:\/\/www.hutter.nl\/#website","url":"https:\/\/www.hutter.nl\/","name":"H\u00fctter Safety","description":"Specialist in arbeidsveiligheid sinds 1909","publisher":{"@id":"https:\/\/www.hutter.nl\/#organization"},"potentialAction":[{"@type":"SearchAction","target":{"@type":"EntryPoint","urlTemplate":"https:\/\/www.hutter.nl\/?s={search_term_string}"},"query-input":{"@type":"PropertyValueSpecification","valueRequired":true,"valueName":"search_term_string"}}],"inLanguage":"es"},{"@type":"Organization","@id":"https:\/\/www.hutter.nl\/#organization","name":"H\u00fctter Veiligheid B.V.","url":"https:\/\/www.hutter.nl\/","logo":{"@type":"ImageObject","inLanguage":"es","@id":"https:\/\/www.hutter.nl\/#\/schema\/logo\/image\/","url":"https:\/\/www.hutter.nl\/wp-content\/uploads\/2016\/10\/Hutter_Veiligheid_logo-email.png","contentUrl":"https:\/\/www.hutter.nl\/wp-content\/uploads\/2016\/10\/Hutter_Veiligheid_logo-email.png","width":150,"height":104,"caption":"H\u00fctter Veiligheid B.V."},"image":{"@id":"https:\/\/www.hutter.nl\/#\/schema\/logo\/image\/"},"sameAs":["https:\/\/x.com\/hutter_safety","https:\/\/www.linkedin.com\/company\/h\u00fctter-veiligheid-bv?trk=company_logo"]}]}},"_links":{"self":[{"href":"https:\/\/www.hutter.nl\/es\/wp-json\/wp\/v2\/product\/14702","targetHints":{"allow":["GET"]}}],"collection":[{"href":"https:\/\/www.hutter.nl\/es\/wp-json\/wp\/v2\/product"}],"about":[{"href":"https:\/\/www.hutter.nl\/es\/wp-json\/wp\/v2\/types\/product"}],"replies":[{"embeddable":true,"href":"https:\/\/www.hutter.nl\/es\/wp-json\/wp\/v2\/comments?post=14702"}],"wp:featuredmedia":[{"embeddable":true,"href":"https:\/\/www.hutter.nl\/es\/wp-json\/wp\/v2\/media\/15442"}],"wp:attachment":[{"href":"https:\/\/www.hutter.nl\/es\/wp-json\/wp\/v2\/media?parent=14702"}],"wp:term":[{"taxonomy":"product_brand","embeddable":true,"href":"https:\/\/www.hutter.nl\/es\/wp-json\/wp\/v2\/product_brand?post=14702"},{"taxonomy":"product_cat","embeddable":true,"href":"https:\/\/www.hutter.nl\/es\/wp-json\/wp\/v2\/product_cat?post=14702"},{"taxonomy":"product_tag","embeddable":true,"href":"https:\/\/www.hutter.nl\/es\/wp-json\/wp\/v2\/product_tag?post=14702"}],"curies":[{"name":"wp","href":"https:\/\/api.w.org\/{rel}","templated":true}]}}