{"id":14710,"date":"2019-01-04T16:16:37","date_gmt":"2019-01-04T15:16:37","guid":{"rendered":"https:\/\/www.hutter.nl\/catalogue\/sin%20categor\u00eda\/product\/srl-bloqueador-anticaidas-15-metros-hutter-safety\/"},"modified":"2025-12-08T09:58:02","modified_gmt":"2025-12-08T08:58:02","slug":"srl-bloqueador-anticaidas-15-metros-hutter-safety","status":"publish","type":"product","link":"https:\/\/www.hutter.nl\/es\/winkel\/gama\/proteccion-anticaidas\/bloqueadores-anticaidas\/srl-bloqueador-anticaidas-15-metros-hutter-safety\/","title":{"rendered":"SRL bloqueador antica\u00eddas 15 metros H\u00fctter Safety"},"content":{"rendered":"<p>El bloque de 15 metros se suministra con un cable de acero galvanizado de 4,5 mm de di\u00e1metro y est\u00e1 aprobado para uso horizontal.<\/p>\n<p>**USO Y PRECAUCIONES:**<\/p>\n<p>Un bloqueador antica\u00eddas es un equipo de protecci\u00f3n individual (EPI) contra ca\u00eddas y est\u00e1 dise\u00f1ado para un solo usuario. El bloqueador antica\u00eddas debe colocarse preferiblemente por encima del usuario en un punto de anclaje aprobado o en una estructura adecuada para ello.<\/p>\n<p>Ante un movimiento brusco o el inicio de una ca\u00edda, el bloqueador se bloquea inmediatamente, evitando as\u00ed la ca\u00edda. El resorte del tambor permite que el cable se extienda hasta la longitud necesaria, permanezca ligeramente tenso y se retraiga nuevamente. El n\u00famero de metros necesarios determina la elecci\u00f3n del bloqueador antica\u00eddas (v\u00e9anse las versiones disponibles).<\/p>\n<p>Los bloqueadores antica\u00eddas deben ser inspeccionados anualmente y, si es necesario, reparados o sustituidos. El precio de estos bloqueadores antica\u00eddas H\u00fctter es muy competitivo. En caso de uso intensivo, resulta m\u00e1s econ\u00f3mico sustituir los bloqueadores usados que someterlos a inspecci\u00f3n, calibraci\u00f3n o reparaci\u00f3n.<\/p>\n<p>&nbsp;<\/p>\n<p><strong><img decoding=\"async\" class=\"emoji\" role=\"img\" draggable=\"false\" src=\"https:\/\/s.w.org\/images\/core\/emoji\/17.0.2\/svg\/1f4c4.svg\" alt=\"\ud83d\udcc4\" \/> <a href=\"https:\/\/www.hutter.nl\/wp-content\/uploads\/2025\/10\/TS-ES-Scope-SRL-2.5.1.pdf\" target=\"_blank\" rel=\"noopener\">Haga clic aqu\u00ed para ver la ficha t\u00e9cnica.<\/a><\/strong><\/p>\n","protected":false},"excerpt":{"rendered":"<p>Nuestros bloqueadores antica\u00eddas (Self Retracting Lanyards) cuentan con una carcasa fabricada en pol\u00edmero de alt\u00edsima resistencia a los impactos para evitar roturas, siendo pr\u00e1cticamente indestructible. El bloque se suministra con un cable de acero galvanizado de 4,5 mm de di\u00e1metro y est\u00e1 aprobado para uso horizontal.<\/p>\n","protected":false},"featured_media":14910,"comment_status":"closed","ping_status":"closed","template":"","meta":[],"product_brand":[],"product_cat":[3280],"product_tag":[3286,3281,3284,3287,3282,3289,2896,2897,3288,3285,3283],"class_list":{"0":"post-14710","1":"product","2":"type-product","3":"status-publish","4":"has-post-thumbnail","6":"product_cat-bloqueadores-anticaidas","7":"product_tag-bloqueador-anticaidas-15-metros-srl","8":"product_tag-cable-de-acero-galvanizado","9":"product_tag-carcasa-a-prueba-de-impactos","10":"product_tag-carcasa-de-polimero","11":"product_tag-en-3602002-es","12":"product_tag-gancho-de-acero-galvanizado","13":"product_tag-hoofddorp-es","14":"product_tag-hutter-safety-es","15":"product_tag-mecanismo-de-suspension-giratorio","16":"product_tag-pbm-es","17":"product_tag-rgs-15m-cable-de-acero-srl","18":"pa_verpakking-envasado-individualmente","20":"first","21":"instock","22":"shipping-taxable","23":"product-type-simple","24":"prodpage-classic"},"yoast_head":"<!-- This site is optimized with the Yoast SEO plugin v27.4 - https:\/\/yoast.com\/product\/yoast-seo-wordpress\/ -->\n<title>SRL bloqueador antica\u00eddas 15 metros H\u00fctter Safety<\/title>\n<meta name=\"description\" content=\"El bloque de 15 metros se suministra con un cable de acero galvanizado de 4,5 mm de di\u00e1metro y est\u00e1 aprobado para uso horizontal.\" \/>\n<meta name=\"robots\" content=\"index, follow, max-snippet:-1, max-image-preview:large, max-video-preview:-1\" \/>\n<link rel=\"canonical\" href=\"https:\/\/www.hutter.nl\/es\/winkel\/gama\/proteccion-anticaidas\/bloqueadores-anticaidas\/srl-bloqueador-anticaidas-15-metros-hutter-safety\/\" \/>\n<meta property=\"og:locale\" content=\"es_ES\" \/>\n<meta property=\"og:type\" content=\"article\" \/>\n<meta property=\"og:title\" content=\"SRL bloqueador antica\u00eddas 15 metros H\u00fctter Safety\" \/>\n<meta property=\"og:description\" content=\"El bloque de 15 metros se suministra con un cable de acero galvanizado de 4,5 mm de di\u00e1metro y est\u00e1 aprobado para uso horizontal.\" \/>\n<meta property=\"og:url\" content=\"https:\/\/www.hutter.nl\/es\/winkel\/gama\/proteccion-anticaidas\/bloqueadores-anticaidas\/srl-bloqueador-anticaidas-15-metros-hutter-safety\/\" \/>\n<meta property=\"og:site_name\" content=\"H\u00fctter Veiligheid B.V.\" \/>\n<meta property=\"article:modified_time\" content=\"2025-12-08T08:58:02+00:00\" \/>\n<meta property=\"og:image\" content=\"https:\/\/www.hutter.nl\/wp-content\/uploads\/2019\/01\/HSI-SRL.png\" \/>\n\t<meta property=\"og:image:width\" content=\"2000\" \/>\n\t<meta property=\"og:image:height\" content=\"2000\" \/>\n\t<meta property=\"og:image:type\" content=\"image\/png\" \/>\n<meta name=\"twitter:card\" content=\"summary_large_image\" \/>\n<meta name=\"twitter:site\" content=\"@hutter_safety\" \/>\n<meta name=\"twitter:label1\" content=\"Tiempo de lectura\" \/>\n\t<meta name=\"twitter:data1\" content=\"1 minuto\" \/>\n<script type=\"application\/ld+json\" class=\"yoast-schema-graph\">{\"@context\":\"https:\\\/\\\/schema.org\",\"@graph\":[{\"@type\":\"WebPage\",\"@id\":\"https:\\\/\\\/www.hutter.nl\\\/es\\\/winkel\\\/gama\\\/proteccion-anticaidas\\\/bloqueadores-anticaidas\\\/srl-bloqueador-anticaidas-15-metros-hutter-safety\\\/\",\"url\":\"https:\\\/\\\/www.hutter.nl\\\/es\\\/winkel\\\/gama\\\/proteccion-anticaidas\\\/bloqueadores-anticaidas\\\/srl-bloqueador-anticaidas-15-metros-hutter-safety\\\/\",\"name\":\"SRL bloqueador antica\u00eddas 15 metros H\u00fctter Safety\",\"isPartOf\":{\"@id\":\"https:\\\/\\\/www.hutter.nl\\\/#website\"},\"primaryImageOfPage\":{\"@id\":\"https:\\\/\\\/www.hutter.nl\\\/es\\\/winkel\\\/gama\\\/proteccion-anticaidas\\\/bloqueadores-anticaidas\\\/srl-bloqueador-anticaidas-15-metros-hutter-safety\\\/#primaryimage\"},\"image\":{\"@id\":\"https:\\\/\\\/www.hutter.nl\\\/es\\\/winkel\\\/gama\\\/proteccion-anticaidas\\\/bloqueadores-anticaidas\\\/srl-bloqueador-anticaidas-15-metros-hutter-safety\\\/#primaryimage\"},\"thumbnailUrl\":\"https:\\\/\\\/www.hutter.nl\\\/wp-content\\\/uploads\\\/2019\\\/01\\\/HSI-SRL.png\",\"datePublished\":\"2019-01-04T15:16:37+00:00\",\"dateModified\":\"2025-12-08T08:58:02+00:00\",\"description\":\"El bloque de 15 metros se suministra con un cable de acero galvanizado de 4,5 mm de di\u00e1metro y est\u00e1 aprobado para uso horizontal.\",\"breadcrumb\":{\"@id\":\"https:\\\/\\\/www.hutter.nl\\\/es\\\/winkel\\\/gama\\\/proteccion-anticaidas\\\/bloqueadores-anticaidas\\\/srl-bloqueador-anticaidas-15-metros-hutter-safety\\\/#breadcrumb\"},\"inLanguage\":\"es\",\"potentialAction\":[{\"@type\":\"ReadAction\",\"target\":[\"https:\\\/\\\/www.hutter.nl\\\/es\\\/winkel\\\/gama\\\/proteccion-anticaidas\\\/bloqueadores-anticaidas\\\/srl-bloqueador-anticaidas-15-metros-hutter-safety\\\/\"]}]},{\"@type\":\"ImageObject\",\"inLanguage\":\"es\",\"@id\":\"https:\\\/\\\/www.hutter.nl\\\/es\\\/winkel\\\/gama\\\/proteccion-anticaidas\\\/bloqueadores-anticaidas\\\/srl-bloqueador-anticaidas-15-metros-hutter-safety\\\/#primaryimage\",\"url\":\"https:\\\/\\\/www.hutter.nl\\\/wp-content\\\/uploads\\\/2019\\\/01\\\/HSI-SRL.png\",\"contentUrl\":\"https:\\\/\\\/www.hutter.nl\\\/wp-content\\\/uploads\\\/2019\\\/01\\\/HSI-SRL.png\",\"width\":2000,\"height\":2000,\"caption\":\"hsi srl\"},{\"@type\":\"BreadcrumbList\",\"@id\":\"https:\\\/\\\/www.hutter.nl\\\/es\\\/winkel\\\/gama\\\/proteccion-anticaidas\\\/bloqueadores-anticaidas\\\/srl-bloqueador-anticaidas-15-metros-hutter-safety\\\/#breadcrumb\",\"itemListElement\":[{\"@type\":\"ListItem\",\"position\":1,\"name\":\"Home\",\"item\":\"https:\\\/\\\/www.hutter.nl\\\/es\\\/\"},{\"@type\":\"ListItem\",\"position\":2,\"name\":\"Winkel\",\"item\":\"https:\\\/\\\/www.hutter.nl\\\/winkel\\\/\"},{\"@type\":\"ListItem\",\"position\":3,\"name\":\"SRL bloqueador antica\u00eddas 15 metros H\u00fctter Safety\"}]},{\"@type\":\"WebSite\",\"@id\":\"https:\\\/\\\/www.hutter.nl\\\/#website\",\"url\":\"https:\\\/\\\/www.hutter.nl\\\/\",\"name\":\"H\u00fctter Safety\",\"description\":\"Specialist in arbeidsveiligheid sinds 1909\",\"publisher\":{\"@id\":\"https:\\\/\\\/www.hutter.nl\\\/#organization\"},\"potentialAction\":[{\"@type\":\"SearchAction\",\"target\":{\"@type\":\"EntryPoint\",\"urlTemplate\":\"https:\\\/\\\/www.hutter.nl\\\/?s={search_term_string}\"},\"query-input\":{\"@type\":\"PropertyValueSpecification\",\"valueRequired\":true,\"valueName\":\"search_term_string\"}}],\"inLanguage\":\"es\"},{\"@type\":\"Organization\",\"@id\":\"https:\\\/\\\/www.hutter.nl\\\/#organization\",\"name\":\"H\u00fctter Veiligheid B.V.\",\"url\":\"https:\\\/\\\/www.hutter.nl\\\/\",\"logo\":{\"@type\":\"ImageObject\",\"inLanguage\":\"es\",\"@id\":\"https:\\\/\\\/www.hutter.nl\\\/#\\\/schema\\\/logo\\\/image\\\/\",\"url\":\"https:\\\/\\\/www.hutter.nl\\\/wp-content\\\/uploads\\\/2016\\\/10\\\/Hutter_Veiligheid_logo-email.png\",\"contentUrl\":\"https:\\\/\\\/www.hutter.nl\\\/wp-content\\\/uploads\\\/2016\\\/10\\\/Hutter_Veiligheid_logo-email.png\",\"width\":150,\"height\":104,\"caption\":\"H\u00fctter Veiligheid B.V.\"},\"image\":{\"@id\":\"https:\\\/\\\/www.hutter.nl\\\/#\\\/schema\\\/logo\\\/image\\\/\"},\"sameAs\":[\"https:\\\/\\\/x.com\\\/hutter_safety\",\"https:\\\/\\\/www.linkedin.com\\\/company\\\/h\u00fctter-veiligheid-bv?trk=company_logo\"]}]}<\/script>\n<!-- \/ Yoast SEO plugin. -->","yoast_head_json":{"title":"SRL bloqueador antica\u00eddas 15 metros H\u00fctter Safety","description":"El bloque de 15 metros se suministra con un cable de acero galvanizado de 4,5 mm de di\u00e1metro y est\u00e1 aprobado para uso horizontal.","robots":{"index":"index","follow":"follow","max-snippet":"max-snippet:-1","max-image-preview":"max-image-preview:large","max-video-preview":"max-video-preview:-1"},"canonical":"https:\/\/www.hutter.nl\/es\/winkel\/gama\/proteccion-anticaidas\/bloqueadores-anticaidas\/srl-bloqueador-anticaidas-15-metros-hutter-safety\/","og_locale":"es_ES","og_type":"article","og_title":"SRL bloqueador antica\u00eddas 15 metros H\u00fctter Safety","og_description":"El bloque de 15 metros se suministra con un cable de acero galvanizado de 4,5 mm de di\u00e1metro y est\u00e1 aprobado para uso horizontal.","og_url":"https:\/\/www.hutter.nl\/es\/winkel\/gama\/proteccion-anticaidas\/bloqueadores-anticaidas\/srl-bloqueador-anticaidas-15-metros-hutter-safety\/","og_site_name":"H\u00fctter Veiligheid B.V.","article_modified_time":"2025-12-08T08:58:02+00:00","og_image":[{"width":2000,"height":2000,"url":"https:\/\/www.hutter.nl\/wp-content\/uploads\/2019\/01\/HSI-SRL.png","type":"image\/png"}],"twitter_card":"summary_large_image","twitter_site":"@hutter_safety","twitter_misc":{"Tiempo de lectura":"1 minuto"},"schema":{"@context":"https:\/\/schema.org","@graph":[{"@type":"WebPage","@id":"https:\/\/www.hutter.nl\/es\/winkel\/gama\/proteccion-anticaidas\/bloqueadores-anticaidas\/srl-bloqueador-anticaidas-15-metros-hutter-safety\/","url":"https:\/\/www.hutter.nl\/es\/winkel\/gama\/proteccion-anticaidas\/bloqueadores-anticaidas\/srl-bloqueador-anticaidas-15-metros-hutter-safety\/","name":"SRL bloqueador antica\u00eddas 15 metros H\u00fctter Safety","isPartOf":{"@id":"https:\/\/www.hutter.nl\/#website"},"primaryImageOfPage":{"@id":"https:\/\/www.hutter.nl\/es\/winkel\/gama\/proteccion-anticaidas\/bloqueadores-anticaidas\/srl-bloqueador-anticaidas-15-metros-hutter-safety\/#primaryimage"},"image":{"@id":"https:\/\/www.hutter.nl\/es\/winkel\/gama\/proteccion-anticaidas\/bloqueadores-anticaidas\/srl-bloqueador-anticaidas-15-metros-hutter-safety\/#primaryimage"},"thumbnailUrl":"https:\/\/www.hutter.nl\/wp-content\/uploads\/2019\/01\/HSI-SRL.png","datePublished":"2019-01-04T15:16:37+00:00","dateModified":"2025-12-08T08:58:02+00:00","description":"El bloque de 15 metros se suministra con un cable de acero galvanizado de 4,5 mm de di\u00e1metro y est\u00e1 aprobado para uso horizontal.","breadcrumb":{"@id":"https:\/\/www.hutter.nl\/es\/winkel\/gama\/proteccion-anticaidas\/bloqueadores-anticaidas\/srl-bloqueador-anticaidas-15-metros-hutter-safety\/#breadcrumb"},"inLanguage":"es","potentialAction":[{"@type":"ReadAction","target":["https:\/\/www.hutter.nl\/es\/winkel\/gama\/proteccion-anticaidas\/bloqueadores-anticaidas\/srl-bloqueador-anticaidas-15-metros-hutter-safety\/"]}]},{"@type":"ImageObject","inLanguage":"es","@id":"https:\/\/www.hutter.nl\/es\/winkel\/gama\/proteccion-anticaidas\/bloqueadores-anticaidas\/srl-bloqueador-anticaidas-15-metros-hutter-safety\/#primaryimage","url":"https:\/\/www.hutter.nl\/wp-content\/uploads\/2019\/01\/HSI-SRL.png","contentUrl":"https:\/\/www.hutter.nl\/wp-content\/uploads\/2019\/01\/HSI-SRL.png","width":2000,"height":2000,"caption":"hsi srl"},{"@type":"BreadcrumbList","@id":"https:\/\/www.hutter.nl\/es\/winkel\/gama\/proteccion-anticaidas\/bloqueadores-anticaidas\/srl-bloqueador-anticaidas-15-metros-hutter-safety\/#breadcrumb","itemListElement":[{"@type":"ListItem","position":1,"name":"Home","item":"https:\/\/www.hutter.nl\/es\/"},{"@type":"ListItem","position":2,"name":"Winkel","item":"https:\/\/www.hutter.nl\/winkel\/"},{"@type":"ListItem","position":3,"name":"SRL bloqueador antica\u00eddas 15 metros H\u00fctter Safety"}]},{"@type":"WebSite","@id":"https:\/\/www.hutter.nl\/#website","url":"https:\/\/www.hutter.nl\/","name":"H\u00fctter Safety","description":"Specialist in arbeidsveiligheid sinds 1909","publisher":{"@id":"https:\/\/www.hutter.nl\/#organization"},"potentialAction":[{"@type":"SearchAction","target":{"@type":"EntryPoint","urlTemplate":"https:\/\/www.hutter.nl\/?s={search_term_string}"},"query-input":{"@type":"PropertyValueSpecification","valueRequired":true,"valueName":"search_term_string"}}],"inLanguage":"es"},{"@type":"Organization","@id":"https:\/\/www.hutter.nl\/#organization","name":"H\u00fctter Veiligheid B.V.","url":"https:\/\/www.hutter.nl\/","logo":{"@type":"ImageObject","inLanguage":"es","@id":"https:\/\/www.hutter.nl\/#\/schema\/logo\/image\/","url":"https:\/\/www.hutter.nl\/wp-content\/uploads\/2016\/10\/Hutter_Veiligheid_logo-email.png","contentUrl":"https:\/\/www.hutter.nl\/wp-content\/uploads\/2016\/10\/Hutter_Veiligheid_logo-email.png","width":150,"height":104,"caption":"H\u00fctter Veiligheid B.V."},"image":{"@id":"https:\/\/www.hutter.nl\/#\/schema\/logo\/image\/"},"sameAs":["https:\/\/x.com\/hutter_safety","https:\/\/www.linkedin.com\/company\/h\u00fctter-veiligheid-bv?trk=company_logo"]}]}},"_links":{"self":[{"href":"https:\/\/www.hutter.nl\/es\/wp-json\/wp\/v2\/product\/14710","targetHints":{"allow":["GET"]}}],"collection":[{"href":"https:\/\/www.hutter.nl\/es\/wp-json\/wp\/v2\/product"}],"about":[{"href":"https:\/\/www.hutter.nl\/es\/wp-json\/wp\/v2\/types\/product"}],"replies":[{"embeddable":true,"href":"https:\/\/www.hutter.nl\/es\/wp-json\/wp\/v2\/comments?post=14710"}],"wp:featuredmedia":[{"embeddable":true,"href":"https:\/\/www.hutter.nl\/es\/wp-json\/wp\/v2\/media\/14910"}],"wp:attachment":[{"href":"https:\/\/www.hutter.nl\/es\/wp-json\/wp\/v2\/media?parent=14710"}],"wp:term":[{"taxonomy":"product_brand","embeddable":true,"href":"https:\/\/www.hutter.nl\/es\/wp-json\/wp\/v2\/product_brand?post=14710"},{"taxonomy":"product_cat","embeddable":true,"href":"https:\/\/www.hutter.nl\/es\/wp-json\/wp\/v2\/product_cat?post=14710"},{"taxonomy":"product_tag","embeddable":true,"href":"https:\/\/www.hutter.nl\/es\/wp-json\/wp\/v2\/product_tag?post=14710"}],"curies":[{"name":"wp","href":"https:\/\/api.w.org\/{rel}","templated":true}]}}