{"id":14719,"date":"2016-05-31T17:17:10","date_gmt":"2016-05-31T15:17:10","guid":{"rendered":"https:\/\/www.hutter.nl\/catalogue\/sin categor\u00eda\/product\/crusader-scope\/"},"modified":"2016-05-31T17:17:10","modified_gmt":"2016-05-31T15:17:10","slug":"crusader-scope","status":"publish","type":"product","link":"https:\/\/www.hutter.nl\/es\/winkel\/gama\/epi-diversos\/sistemas-de-aire-comprimido\/crusader-scope\/","title":{"rendered":"CRUSADER SCOPE"},"content":{"rendered":"<p><strong>\u00a1UN PRODUCTO \u00daNICO Y ESPECIAL!<\/strong> El Scope Crusader ofrece protecci\u00f3n respiratoria aut\u00f3noma en combinaci\u00f3n con una pantalla facial. La m\u00e1scara ha sido desarrollada especialmente para un confort \u00f3ptimo del usuario y puede utilizarse en, entre otros, trabajos de pintado con pistola y tratamientos ligeros de recubrimiento y superficies.<\/p>\n<p>Lo especial del Crusader es su sistema de control de aire. La m\u00e1scara se conecta a una instalaci\u00f3n de aire comprimido apta para respiraci\u00f3n mediante el regulador Crusader especialmente dise\u00f1ado. La c\u00e1mara de descompresi\u00f3n especial del regulador garantiza un suministro de aire muy silencioso y constante hacia la pantalla facial, que no aumenta aunque se eleve la presi\u00f3n del aire.<\/p>\n<p>El regulador est\u00e1 equipado con un silbato de advertencia que se activa cuando el suministro de aire desciende por debajo de 0,9 bar.<\/p>\n","protected":false},"excerpt":{"rendered":"<p>El exclusivo Crusader Scope garantiza un suministro de aire respirable independiente, regulable y silencioso, y adem\u00e1s cuenta con una conexi\u00f3n para herramientas neum\u00e1ticas, como una pistola de pulverizaci\u00f3n. \u00a1No en vano el Scope Crusader ha sido durante a\u00f1os uno de los *Best Products* de H\u00fctter!<\/p>\n","protected":false},"featured_media":14724,"comment_status":"closed","ping_status":"closed","template":"","meta":[],"product_brand":[],"product_cat":[3242,3302],"product_tag":[3309,3305,2896,3191,2898,3306,3303,3304,3307,3308],"class_list":{"0":"post-14719","1":"product","2":"type-product","3":"status-publish","4":"has-post-thumbnail","6":"product_cat-gama","7":"product_cat-sistemas-de-aire-comprimido","8":"product_tag-camara-de-descompresion","9":"product_tag-crusader-es","10":"product_tag-hoofddorp-es","11":"product_tag-hutter-safety-international","12":"product_tag-hutter-veiligheid-b-v-es","13":"product_tag-instalacion-de-aire-comprimido","14":"product_tag-ma05al000-es","15":"product_tag-proteccion-respiratoria","16":"product_tag-regulateur-es","17":"product_tag-sistema-de-control-de-aire","18":"pa_norm-certificacion-ce-iso-9002-en1835-y-en166b","20":"first","21":"instock","22":"product-type-simple","23":"prodpage-classic"},"yoast_head":"<!-- This site is optimized with the Yoast SEO plugin v27.4 - https:\/\/yoast.com\/product\/yoast-seo-wordpress\/ -->\n<title>CRUSADER SCOPE - H\u00fctter Veiligheid B.V.<\/title>\n<meta name=\"description\" content=\"El Scope Crusader ofrece las mejores prestaciones para una protecci\u00f3n respiratoria continua, independiente y alimentada por aire, basada en una pantalla facial.\" \/>\n<meta name=\"robots\" content=\"index, follow, max-snippet:-1, max-image-preview:large, max-video-preview:-1\" \/>\n<link rel=\"canonical\" href=\"https:\/\/www.hutter.nl\/es\/winkel\/gama\/epi-diversos\/sistemas-de-aire-comprimido\/crusader-scope\/\" \/>\n<meta property=\"og:locale\" content=\"es_ES\" \/>\n<meta property=\"og:type\" content=\"article\" \/>\n<meta property=\"og:title\" content=\"CRUSADER SCOPE - H\u00fctter Veiligheid B.V.\" \/>\n<meta property=\"og:description\" content=\"El Scope Crusader ofrece las mejores prestaciones para una protecci\u00f3n respiratoria continua, independiente y alimentada por aire, basada en una pantalla facial.\" \/>\n<meta property=\"og:url\" content=\"https:\/\/www.hutter.nl\/es\/winkel\/gama\/epi-diversos\/sistemas-de-aire-comprimido\/crusader-scope\/\" \/>\n<meta property=\"og:site_name\" content=\"H\u00fctter Veiligheid B.V.\" \/>\n<meta property=\"og:image\" content=\"https:\/\/www.hutter.nl\/wp-content\/uploads\/2016\/05\/Crusader.png\" \/>\n\t<meta property=\"og:image:width\" content=\"370\" \/>\n\t<meta property=\"og:image:height\" content=\"370\" \/>\n\t<meta property=\"og:image:type\" content=\"image\/png\" \/>\n<meta name=\"twitter:card\" content=\"summary_large_image\" \/>\n<meta name=\"twitter:site\" content=\"@hutter_safety\" \/>\n<meta name=\"twitter:label1\" content=\"Tiempo de lectura\" \/>\n\t<meta name=\"twitter:data1\" content=\"1 minuto\" \/>\n<script type=\"application\/ld+json\" class=\"yoast-schema-graph\">{\"@context\":\"https:\\\/\\\/schema.org\",\"@graph\":[{\"@type\":\"WebPage\",\"@id\":\"https:\\\/\\\/www.hutter.nl\\\/es\\\/winkel\\\/gama\\\/epi-diversos\\\/sistemas-de-aire-comprimido\\\/crusader-scope\\\/\",\"url\":\"https:\\\/\\\/www.hutter.nl\\\/es\\\/winkel\\\/gama\\\/epi-diversos\\\/sistemas-de-aire-comprimido\\\/crusader-scope\\\/\",\"name\":\"CRUSADER SCOPE - H\u00fctter Veiligheid B.V.\",\"isPartOf\":{\"@id\":\"https:\\\/\\\/www.hutter.nl\\\/#website\"},\"primaryImageOfPage\":{\"@id\":\"https:\\\/\\\/www.hutter.nl\\\/es\\\/winkel\\\/gama\\\/epi-diversos\\\/sistemas-de-aire-comprimido\\\/crusader-scope\\\/#primaryimage\"},\"image\":{\"@id\":\"https:\\\/\\\/www.hutter.nl\\\/es\\\/winkel\\\/gama\\\/epi-diversos\\\/sistemas-de-aire-comprimido\\\/crusader-scope\\\/#primaryimage\"},\"thumbnailUrl\":\"https:\\\/\\\/www.hutter.nl\\\/wp-content\\\/uploads\\\/2016\\\/05\\\/Crusader.png\",\"datePublished\":\"2016-05-31T15:17:10+00:00\",\"description\":\"El Scope Crusader ofrece las mejores prestaciones para una protecci\u00f3n respiratoria continua, independiente y alimentada por aire, basada en una pantalla facial.\",\"breadcrumb\":{\"@id\":\"https:\\\/\\\/www.hutter.nl\\\/es\\\/winkel\\\/gama\\\/epi-diversos\\\/sistemas-de-aire-comprimido\\\/crusader-scope\\\/#breadcrumb\"},\"inLanguage\":\"es\",\"potentialAction\":[{\"@type\":\"ReadAction\",\"target\":[\"https:\\\/\\\/www.hutter.nl\\\/es\\\/winkel\\\/gama\\\/epi-diversos\\\/sistemas-de-aire-comprimido\\\/crusader-scope\\\/\"]}]},{\"@type\":\"ImageObject\",\"inLanguage\":\"es\",\"@id\":\"https:\\\/\\\/www.hutter.nl\\\/es\\\/winkel\\\/gama\\\/epi-diversos\\\/sistemas-de-aire-comprimido\\\/crusader-scope\\\/#primaryimage\",\"url\":\"https:\\\/\\\/www.hutter.nl\\\/wp-content\\\/uploads\\\/2016\\\/05\\\/Crusader.png\",\"contentUrl\":\"https:\\\/\\\/www.hutter.nl\\\/wp-content\\\/uploads\\\/2016\\\/05\\\/Crusader.png\",\"width\":370,\"height\":370},{\"@type\":\"BreadcrumbList\",\"@id\":\"https:\\\/\\\/www.hutter.nl\\\/es\\\/winkel\\\/gama\\\/epi-diversos\\\/sistemas-de-aire-comprimido\\\/crusader-scope\\\/#breadcrumb\",\"itemListElement\":[{\"@type\":\"ListItem\",\"position\":1,\"name\":\"Home\",\"item\":\"https:\\\/\\\/www.hutter.nl\\\/es\\\/\"},{\"@type\":\"ListItem\",\"position\":2,\"name\":\"Winkel\",\"item\":\"https:\\\/\\\/www.hutter.nl\\\/winkel\\\/\"},{\"@type\":\"ListItem\",\"position\":3,\"name\":\"CRUSADER SCOPE\"}]},{\"@type\":\"WebSite\",\"@id\":\"https:\\\/\\\/www.hutter.nl\\\/#website\",\"url\":\"https:\\\/\\\/www.hutter.nl\\\/\",\"name\":\"H\u00fctter Safety\",\"description\":\"Specialist in arbeidsveiligheid sinds 1909\",\"publisher\":{\"@id\":\"https:\\\/\\\/www.hutter.nl\\\/#organization\"},\"potentialAction\":[{\"@type\":\"SearchAction\",\"target\":{\"@type\":\"EntryPoint\",\"urlTemplate\":\"https:\\\/\\\/www.hutter.nl\\\/?s={search_term_string}\"},\"query-input\":{\"@type\":\"PropertyValueSpecification\",\"valueRequired\":true,\"valueName\":\"search_term_string\"}}],\"inLanguage\":\"es\"},{\"@type\":\"Organization\",\"@id\":\"https:\\\/\\\/www.hutter.nl\\\/#organization\",\"name\":\"H\u00fctter Veiligheid B.V.\",\"url\":\"https:\\\/\\\/www.hutter.nl\\\/\",\"logo\":{\"@type\":\"ImageObject\",\"inLanguage\":\"es\",\"@id\":\"https:\\\/\\\/www.hutter.nl\\\/#\\\/schema\\\/logo\\\/image\\\/\",\"url\":\"https:\\\/\\\/www.hutter.nl\\\/wp-content\\\/uploads\\\/2016\\\/10\\\/Hutter_Veiligheid_logo-email.png\",\"contentUrl\":\"https:\\\/\\\/www.hutter.nl\\\/wp-content\\\/uploads\\\/2016\\\/10\\\/Hutter_Veiligheid_logo-email.png\",\"width\":150,\"height\":104,\"caption\":\"H\u00fctter Veiligheid B.V.\"},\"image\":{\"@id\":\"https:\\\/\\\/www.hutter.nl\\\/#\\\/schema\\\/logo\\\/image\\\/\"},\"sameAs\":[\"https:\\\/\\\/x.com\\\/hutter_safety\",\"https:\\\/\\\/www.linkedin.com\\\/company\\\/h\u00fctter-veiligheid-bv?trk=company_logo\"]}]}<\/script>\n<!-- \/ Yoast SEO plugin. -->","yoast_head_json":{"title":"CRUSADER SCOPE - H\u00fctter Veiligheid B.V.","description":"El Scope Crusader ofrece las mejores prestaciones para una protecci\u00f3n respiratoria continua, independiente y alimentada por aire, basada en una pantalla facial.","robots":{"index":"index","follow":"follow","max-snippet":"max-snippet:-1","max-image-preview":"max-image-preview:large","max-video-preview":"max-video-preview:-1"},"canonical":"https:\/\/www.hutter.nl\/es\/winkel\/gama\/epi-diversos\/sistemas-de-aire-comprimido\/crusader-scope\/","og_locale":"es_ES","og_type":"article","og_title":"CRUSADER SCOPE - H\u00fctter Veiligheid B.V.","og_description":"El Scope Crusader ofrece las mejores prestaciones para una protecci\u00f3n respiratoria continua, independiente y alimentada por aire, basada en una pantalla facial.","og_url":"https:\/\/www.hutter.nl\/es\/winkel\/gama\/epi-diversos\/sistemas-de-aire-comprimido\/crusader-scope\/","og_site_name":"H\u00fctter Veiligheid B.V.","og_image":[{"width":370,"height":370,"url":"https:\/\/www.hutter.nl\/wp-content\/uploads\/2016\/05\/Crusader.png","type":"image\/png"}],"twitter_card":"summary_large_image","twitter_site":"@hutter_safety","twitter_misc":{"Tiempo de lectura":"1 minuto"},"schema":{"@context":"https:\/\/schema.org","@graph":[{"@type":"WebPage","@id":"https:\/\/www.hutter.nl\/es\/winkel\/gama\/epi-diversos\/sistemas-de-aire-comprimido\/crusader-scope\/","url":"https:\/\/www.hutter.nl\/es\/winkel\/gama\/epi-diversos\/sistemas-de-aire-comprimido\/crusader-scope\/","name":"CRUSADER SCOPE - H\u00fctter Veiligheid B.V.","isPartOf":{"@id":"https:\/\/www.hutter.nl\/#website"},"primaryImageOfPage":{"@id":"https:\/\/www.hutter.nl\/es\/winkel\/gama\/epi-diversos\/sistemas-de-aire-comprimido\/crusader-scope\/#primaryimage"},"image":{"@id":"https:\/\/www.hutter.nl\/es\/winkel\/gama\/epi-diversos\/sistemas-de-aire-comprimido\/crusader-scope\/#primaryimage"},"thumbnailUrl":"https:\/\/www.hutter.nl\/wp-content\/uploads\/2016\/05\/Crusader.png","datePublished":"2016-05-31T15:17:10+00:00","description":"El Scope Crusader ofrece las mejores prestaciones para una protecci\u00f3n respiratoria continua, independiente y alimentada por aire, basada en una pantalla facial.","breadcrumb":{"@id":"https:\/\/www.hutter.nl\/es\/winkel\/gama\/epi-diversos\/sistemas-de-aire-comprimido\/crusader-scope\/#breadcrumb"},"inLanguage":"es","potentialAction":[{"@type":"ReadAction","target":["https:\/\/www.hutter.nl\/es\/winkel\/gama\/epi-diversos\/sistemas-de-aire-comprimido\/crusader-scope\/"]}]},{"@type":"ImageObject","inLanguage":"es","@id":"https:\/\/www.hutter.nl\/es\/winkel\/gama\/epi-diversos\/sistemas-de-aire-comprimido\/crusader-scope\/#primaryimage","url":"https:\/\/www.hutter.nl\/wp-content\/uploads\/2016\/05\/Crusader.png","contentUrl":"https:\/\/www.hutter.nl\/wp-content\/uploads\/2016\/05\/Crusader.png","width":370,"height":370},{"@type":"BreadcrumbList","@id":"https:\/\/www.hutter.nl\/es\/winkel\/gama\/epi-diversos\/sistemas-de-aire-comprimido\/crusader-scope\/#breadcrumb","itemListElement":[{"@type":"ListItem","position":1,"name":"Home","item":"https:\/\/www.hutter.nl\/es\/"},{"@type":"ListItem","position":2,"name":"Winkel","item":"https:\/\/www.hutter.nl\/winkel\/"},{"@type":"ListItem","position":3,"name":"CRUSADER SCOPE"}]},{"@type":"WebSite","@id":"https:\/\/www.hutter.nl\/#website","url":"https:\/\/www.hutter.nl\/","name":"H\u00fctter Safety","description":"Specialist in arbeidsveiligheid sinds 1909","publisher":{"@id":"https:\/\/www.hutter.nl\/#organization"},"potentialAction":[{"@type":"SearchAction","target":{"@type":"EntryPoint","urlTemplate":"https:\/\/www.hutter.nl\/?s={search_term_string}"},"query-input":{"@type":"PropertyValueSpecification","valueRequired":true,"valueName":"search_term_string"}}],"inLanguage":"es"},{"@type":"Organization","@id":"https:\/\/www.hutter.nl\/#organization","name":"H\u00fctter Veiligheid B.V.","url":"https:\/\/www.hutter.nl\/","logo":{"@type":"ImageObject","inLanguage":"es","@id":"https:\/\/www.hutter.nl\/#\/schema\/logo\/image\/","url":"https:\/\/www.hutter.nl\/wp-content\/uploads\/2016\/10\/Hutter_Veiligheid_logo-email.png","contentUrl":"https:\/\/www.hutter.nl\/wp-content\/uploads\/2016\/10\/Hutter_Veiligheid_logo-email.png","width":150,"height":104,"caption":"H\u00fctter Veiligheid B.V."},"image":{"@id":"https:\/\/www.hutter.nl\/#\/schema\/logo\/image\/"},"sameAs":["https:\/\/x.com\/hutter_safety","https:\/\/www.linkedin.com\/company\/h\u00fctter-veiligheid-bv?trk=company_logo"]}]}},"_links":{"self":[{"href":"https:\/\/www.hutter.nl\/es\/wp-json\/wp\/v2\/product\/14719","targetHints":{"allow":["GET"]}}],"collection":[{"href":"https:\/\/www.hutter.nl\/es\/wp-json\/wp\/v2\/product"}],"about":[{"href":"https:\/\/www.hutter.nl\/es\/wp-json\/wp\/v2\/types\/product"}],"replies":[{"embeddable":true,"href":"https:\/\/www.hutter.nl\/es\/wp-json\/wp\/v2\/comments?post=14719"}],"wp:featuredmedia":[{"embeddable":true,"href":"https:\/\/www.hutter.nl\/es\/wp-json\/wp\/v2\/media\/14724"}],"wp:attachment":[{"href":"https:\/\/www.hutter.nl\/es\/wp-json\/wp\/v2\/media?parent=14719"}],"wp:term":[{"taxonomy":"product_brand","embeddable":true,"href":"https:\/\/www.hutter.nl\/es\/wp-json\/wp\/v2\/product_brand?post=14719"},{"taxonomy":"product_cat","embeddable":true,"href":"https:\/\/www.hutter.nl\/es\/wp-json\/wp\/v2\/product_cat?post=14719"},{"taxonomy":"product_tag","embeddable":true,"href":"https:\/\/www.hutter.nl\/es\/wp-json\/wp\/v2\/product_tag?post=14719"}],"curies":[{"name":"wp","href":"https:\/\/api.w.org\/{rel}","templated":true}]}}