{"id":14733,"date":"2016-05-31T17:17:10","date_gmt":"2016-05-31T15:17:10","guid":{"rendered":"https:\/\/www.hutter.nl\/catalogue\/sin categor\u00eda\/product\/panel-de-filtro\/"},"modified":"2016-05-31T17:17:10","modified_gmt":"2016-05-31T15:17:10","slug":"panel-de-filtro","status":"publish","type":"product","link":"https:\/\/www.hutter.nl\/es\/winkel\/gama\/epi-diversos\/sistemas-de-aire-comprimido\/panel-de-filtro\/","title":{"rendered":"PANEL DE FILTRO"},"content":{"rendered":"<p data-start=\"50\" data-end=\"292\">\u00a1ALTAMENTE RECOMENDADO! Este conjunto de filtraci\u00f3n, extremadamente compacto y muy pr\u00e1ctico de transportar, que suministra aire respirable, consta de un prefiltro, un separador de aceite y agua, y un filtro de carb\u00f3n. Altamente recomendado.<\/p>\n<ul data-start=\"293\" data-end=\"488\">\n<li data-start=\"293\" data-end=\"335\">\n<p data-start=\"295\" data-end=\"335\">Juego de filtros ligero y muy compacto<\/p>\n<\/li>\n<li data-start=\"336\" data-end=\"386\">\n<p data-start=\"338\" data-end=\"386\">Bastidor de transporte extremadamente pr\u00e1ctico<\/p>\n<\/li>\n<li data-start=\"387\" data-end=\"441\">\n<p data-start=\"389\" data-end=\"441\">Capacidad de caudal de aire: 840 litros por minuto<\/p>\n<\/li>\n<li data-start=\"442\" data-end=\"488\">\n<p data-start=\"444\" data-end=\"488\">La carcasa del filtro es de hierro fundido<\/p>\n<\/li>\n<\/ul>\n<p data-start=\"490\" data-end=\"1136\">Este panel de filtraci\u00f3n, sumamente compacto y pr\u00e1ctico para filtrar aire de trabajo hasta convertirlo en aire respirable, es ligero y f\u00e1cil de transportar. El aire se filtra en tres fases: polvo, aceite y agua, y vapor\/gas. El conjunto de filtraci\u00f3n consta de un prefiltro, un separador de aceite y agua, un filtro de carb\u00f3n para retener vapores de aceite y otros olores, y un man\u00f3metro. El conjunto est\u00e1 montado en un bastidor de transporte robusto. La unidad est\u00e1 equipada con una entrada y una salida con rosca interna BSP de 1\/2&#8243;. Para varias conexiones se deben a\u00f1adir un bloque de distribuci\u00f3n o una pieza en T y acoplamientos (r\u00e1pidos).<\/p>\n<p data-start=\"1138\" data-end=\"1437\">La capacidad de caudal de aire es de 840 litros por minuto a una presi\u00f3n de 6 bar. No utilizar a temperaturas inferiores a 1,5 \u00b0C. Se retienen part\u00edculas de hasta 0,01 \u00b5. La eficacia del separador de aceite y del filtro de carb\u00f3n activo es de 0,005 ppm. La carcasa del filtro es de hierro fundido.<\/p>\n","protected":false},"excerpt":{"rendered":"<p data-start=\"0\" data-end=\"237\">\u00a1ALTAMENTE RECOMENDADO! Este conjunto de filtraci\u00f3n extremadamente compacto y muy f\u00e1cil de transportar, que suministra aire respirable, consta de un prefiltro, un separador de aceite y agua y un filtro de carb\u00f3n. Altamente recomendado.<\/p>\n<ul data-start=\"239\" data-end=\"420\" data-is-last-node=\"\" data-is-only-node=\"\">\n<li data-start=\"239\" data-end=\"284\">\n<p data-start=\"241\" data-end=\"284\">Juego de filtraci\u00f3n ligero y muy compacto<\/p>\n<\/li>\n<li data-start=\"285\" data-end=\"324\">\n<p data-start=\"287\" data-end=\"324\">Bastidor de transporte muy pr\u00e1ctico<\/p>\n<\/li>\n<li data-start=\"325\" data-end=\"379\">\n<p data-start=\"327\" data-end=\"379\">Capacidad de caudal de aire: 840 litros por minuto<\/p>\n<\/li>\n<li data-start=\"380\" data-end=\"420\" data-is-last-node=\"\">\n<p data-start=\"382\" data-end=\"420\" data-is-last-node=\"\">Carcasa del filtro de hierro fundido<\/p>\n<\/li>\n<\/ul>\n","protected":false},"featured_media":14727,"comment_status":"closed","ping_status":"closed","template":"","meta":[],"product_brand":[],"product_cat":[3242,3302],"product_tag":[3340,3334,3338,3331,3339,3332,3333,3335,3337,3336],"class_list":{"0":"post-14733","1":"product","2":"type-product","3":"status-publish","4":"has-post-thumbnail","6":"product_cat-gama","7":"product_cat-sistemas-de-aire-comprimido","8":"product_tag-bastidor-de-transporte","9":"product_tag-conjunto-de-filtracion","10":"product_tag-filtro-de-carbon","11":"product_tag-ma11te011-es","12":"product_tag-manometro","13":"product_tag-panel-de-filtro","14":"product_tag-pbas-es","15":"product_tag-prefiltro","16":"product_tag-separador-de-aceite","17":"product_tag-separador-de-agua","19":"first","20":"instock","21":"product-type-simple","22":"prodpage-classic"},"yoast_head":"<!-- This site is optimized with the Yoast SEO plugin v27.4 - https:\/\/yoast.com\/product\/yoast-seo-wordpress\/ -->\n<title>PANEL DE FILTRO - H\u00fctter Veiligheid B.V.<\/title>\n<meta name=\"description\" content=\"\u00a1ALTAMENTE RECOMENDADO! Este conjunto de filtraci\u00f3n, extremadamente compacto y muy f\u00e1cil de transportar, que suministra aire respirable, consta de un prefiltro y un separador de aceite y agua.\" \/>\n<meta name=\"robots\" content=\"index, follow, max-snippet:-1, max-image-preview:large, max-video-preview:-1\" \/>\n<link rel=\"canonical\" href=\"https:\/\/www.hutter.nl\/es\/winkel\/gama\/epi-diversos\/sistemas-de-aire-comprimido\/panel-de-filtro\/\" \/>\n<meta property=\"og:locale\" content=\"es_ES\" \/>\n<meta property=\"og:type\" content=\"article\" \/>\n<meta property=\"og:title\" content=\"PANEL DE FILTRO - H\u00fctter Veiligheid B.V.\" \/>\n<meta property=\"og:description\" content=\"\u00a1ALTAMENTE RECOMENDADO! Este conjunto de filtraci\u00f3n, extremadamente compacto y muy f\u00e1cil de transportar, que suministra aire respirable, consta de un prefiltro y un separador de aceite y agua.\" \/>\n<meta property=\"og:url\" content=\"https:\/\/www.hutter.nl\/es\/winkel\/gama\/epi-diversos\/sistemas-de-aire-comprimido\/panel-de-filtro\/\" \/>\n<meta property=\"og:site_name\" content=\"H\u00fctter Veiligheid B.V.\" \/>\n<meta property=\"og:image\" content=\"https:\/\/www.hutter.nl\/wp-content\/uploads\/2016\/05\/filteerpaneel.png\" \/>\n\t<meta property=\"og:image:width\" content=\"370\" \/>\n\t<meta property=\"og:image:height\" content=\"370\" \/>\n\t<meta property=\"og:image:type\" content=\"image\/png\" \/>\n<meta name=\"twitter:card\" content=\"summary_large_image\" \/>\n<meta name=\"twitter:site\" content=\"@hutter_safety\" \/>\n<meta name=\"twitter:label1\" content=\"Tiempo de lectura\" \/>\n\t<meta name=\"twitter:data1\" content=\"1 minuto\" \/>\n<script type=\"application\/ld+json\" class=\"yoast-schema-graph\">{\"@context\":\"https:\\\/\\\/schema.org\",\"@graph\":[{\"@type\":\"WebPage\",\"@id\":\"https:\\\/\\\/www.hutter.nl\\\/es\\\/winkel\\\/gama\\\/epi-diversos\\\/sistemas-de-aire-comprimido\\\/panel-de-filtro\\\/\",\"url\":\"https:\\\/\\\/www.hutter.nl\\\/es\\\/winkel\\\/gama\\\/epi-diversos\\\/sistemas-de-aire-comprimido\\\/panel-de-filtro\\\/\",\"name\":\"PANEL DE FILTRO - H\u00fctter Veiligheid B.V.\",\"isPartOf\":{\"@id\":\"https:\\\/\\\/www.hutter.nl\\\/#website\"},\"primaryImageOfPage\":{\"@id\":\"https:\\\/\\\/www.hutter.nl\\\/es\\\/winkel\\\/gama\\\/epi-diversos\\\/sistemas-de-aire-comprimido\\\/panel-de-filtro\\\/#primaryimage\"},\"image\":{\"@id\":\"https:\\\/\\\/www.hutter.nl\\\/es\\\/winkel\\\/gama\\\/epi-diversos\\\/sistemas-de-aire-comprimido\\\/panel-de-filtro\\\/#primaryimage\"},\"thumbnailUrl\":\"https:\\\/\\\/www.hutter.nl\\\/wp-content\\\/uploads\\\/2016\\\/05\\\/filteerpaneel.png\",\"datePublished\":\"2016-05-31T15:17:10+00:00\",\"description\":\"\u00a1ALTAMENTE RECOMENDADO! Este conjunto de filtraci\u00f3n, extremadamente compacto y muy f\u00e1cil de transportar, que suministra aire respirable, consta de un prefiltro y un separador de aceite y agua.\",\"breadcrumb\":{\"@id\":\"https:\\\/\\\/www.hutter.nl\\\/es\\\/winkel\\\/gama\\\/epi-diversos\\\/sistemas-de-aire-comprimido\\\/panel-de-filtro\\\/#breadcrumb\"},\"inLanguage\":\"es\",\"potentialAction\":[{\"@type\":\"ReadAction\",\"target\":[\"https:\\\/\\\/www.hutter.nl\\\/es\\\/winkel\\\/gama\\\/epi-diversos\\\/sistemas-de-aire-comprimido\\\/panel-de-filtro\\\/\"]}]},{\"@type\":\"ImageObject\",\"inLanguage\":\"es\",\"@id\":\"https:\\\/\\\/www.hutter.nl\\\/es\\\/winkel\\\/gama\\\/epi-diversos\\\/sistemas-de-aire-comprimido\\\/panel-de-filtro\\\/#primaryimage\",\"url\":\"https:\\\/\\\/www.hutter.nl\\\/wp-content\\\/uploads\\\/2016\\\/05\\\/filteerpaneel.png\",\"contentUrl\":\"https:\\\/\\\/www.hutter.nl\\\/wp-content\\\/uploads\\\/2016\\\/05\\\/filteerpaneel.png\",\"width\":370,\"height\":370,\"caption\":\"Panel de filtro\"},{\"@type\":\"BreadcrumbList\",\"@id\":\"https:\\\/\\\/www.hutter.nl\\\/es\\\/winkel\\\/gama\\\/epi-diversos\\\/sistemas-de-aire-comprimido\\\/panel-de-filtro\\\/#breadcrumb\",\"itemListElement\":[{\"@type\":\"ListItem\",\"position\":1,\"name\":\"Home\",\"item\":\"https:\\\/\\\/www.hutter.nl\\\/es\\\/\"},{\"@type\":\"ListItem\",\"position\":2,\"name\":\"Winkel\",\"item\":\"https:\\\/\\\/www.hutter.nl\\\/winkel\\\/\"},{\"@type\":\"ListItem\",\"position\":3,\"name\":\"PANEL DE FILTRO\"}]},{\"@type\":\"WebSite\",\"@id\":\"https:\\\/\\\/www.hutter.nl\\\/#website\",\"url\":\"https:\\\/\\\/www.hutter.nl\\\/\",\"name\":\"H\u00fctter Safety\",\"description\":\"Specialist in arbeidsveiligheid sinds 1909\",\"publisher\":{\"@id\":\"https:\\\/\\\/www.hutter.nl\\\/#organization\"},\"potentialAction\":[{\"@type\":\"SearchAction\",\"target\":{\"@type\":\"EntryPoint\",\"urlTemplate\":\"https:\\\/\\\/www.hutter.nl\\\/?s={search_term_string}\"},\"query-input\":{\"@type\":\"PropertyValueSpecification\",\"valueRequired\":true,\"valueName\":\"search_term_string\"}}],\"inLanguage\":\"es\"},{\"@type\":\"Organization\",\"@id\":\"https:\\\/\\\/www.hutter.nl\\\/#organization\",\"name\":\"H\u00fctter Veiligheid B.V.\",\"url\":\"https:\\\/\\\/www.hutter.nl\\\/\",\"logo\":{\"@type\":\"ImageObject\",\"inLanguage\":\"es\",\"@id\":\"https:\\\/\\\/www.hutter.nl\\\/#\\\/schema\\\/logo\\\/image\\\/\",\"url\":\"https:\\\/\\\/www.hutter.nl\\\/wp-content\\\/uploads\\\/2016\\\/10\\\/Hutter_Veiligheid_logo-email.png\",\"contentUrl\":\"https:\\\/\\\/www.hutter.nl\\\/wp-content\\\/uploads\\\/2016\\\/10\\\/Hutter_Veiligheid_logo-email.png\",\"width\":150,\"height\":104,\"caption\":\"H\u00fctter Veiligheid B.V.\"},\"image\":{\"@id\":\"https:\\\/\\\/www.hutter.nl\\\/#\\\/schema\\\/logo\\\/image\\\/\"},\"sameAs\":[\"https:\\\/\\\/x.com\\\/hutter_safety\",\"https:\\\/\\\/www.linkedin.com\\\/company\\\/h\u00fctter-veiligheid-bv?trk=company_logo\"]}]}<\/script>\n<!-- \/ Yoast SEO plugin. -->","yoast_head_json":{"title":"PANEL DE FILTRO - H\u00fctter Veiligheid B.V.","description":"\u00a1ALTAMENTE RECOMENDADO! Este conjunto de filtraci\u00f3n, extremadamente compacto y muy f\u00e1cil de transportar, que suministra aire respirable, consta de un prefiltro y un separador de aceite y agua.","robots":{"index":"index","follow":"follow","max-snippet":"max-snippet:-1","max-image-preview":"max-image-preview:large","max-video-preview":"max-video-preview:-1"},"canonical":"https:\/\/www.hutter.nl\/es\/winkel\/gama\/epi-diversos\/sistemas-de-aire-comprimido\/panel-de-filtro\/","og_locale":"es_ES","og_type":"article","og_title":"PANEL DE FILTRO - H\u00fctter Veiligheid B.V.","og_description":"\u00a1ALTAMENTE RECOMENDADO! Este conjunto de filtraci\u00f3n, extremadamente compacto y muy f\u00e1cil de transportar, que suministra aire respirable, consta de un prefiltro y un separador de aceite y agua.","og_url":"https:\/\/www.hutter.nl\/es\/winkel\/gama\/epi-diversos\/sistemas-de-aire-comprimido\/panel-de-filtro\/","og_site_name":"H\u00fctter Veiligheid B.V.","og_image":[{"width":370,"height":370,"url":"https:\/\/www.hutter.nl\/wp-content\/uploads\/2016\/05\/filteerpaneel.png","type":"image\/png"}],"twitter_card":"summary_large_image","twitter_site":"@hutter_safety","twitter_misc":{"Tiempo de lectura":"1 minuto"},"schema":{"@context":"https:\/\/schema.org","@graph":[{"@type":"WebPage","@id":"https:\/\/www.hutter.nl\/es\/winkel\/gama\/epi-diversos\/sistemas-de-aire-comprimido\/panel-de-filtro\/","url":"https:\/\/www.hutter.nl\/es\/winkel\/gama\/epi-diversos\/sistemas-de-aire-comprimido\/panel-de-filtro\/","name":"PANEL DE FILTRO - H\u00fctter Veiligheid B.V.","isPartOf":{"@id":"https:\/\/www.hutter.nl\/#website"},"primaryImageOfPage":{"@id":"https:\/\/www.hutter.nl\/es\/winkel\/gama\/epi-diversos\/sistemas-de-aire-comprimido\/panel-de-filtro\/#primaryimage"},"image":{"@id":"https:\/\/www.hutter.nl\/es\/winkel\/gama\/epi-diversos\/sistemas-de-aire-comprimido\/panel-de-filtro\/#primaryimage"},"thumbnailUrl":"https:\/\/www.hutter.nl\/wp-content\/uploads\/2016\/05\/filteerpaneel.png","datePublished":"2016-05-31T15:17:10+00:00","description":"\u00a1ALTAMENTE RECOMENDADO! Este conjunto de filtraci\u00f3n, extremadamente compacto y muy f\u00e1cil de transportar, que suministra aire respirable, consta de un prefiltro y un separador de aceite y agua.","breadcrumb":{"@id":"https:\/\/www.hutter.nl\/es\/winkel\/gama\/epi-diversos\/sistemas-de-aire-comprimido\/panel-de-filtro\/#breadcrumb"},"inLanguage":"es","potentialAction":[{"@type":"ReadAction","target":["https:\/\/www.hutter.nl\/es\/winkel\/gama\/epi-diversos\/sistemas-de-aire-comprimido\/panel-de-filtro\/"]}]},{"@type":"ImageObject","inLanguage":"es","@id":"https:\/\/www.hutter.nl\/es\/winkel\/gama\/epi-diversos\/sistemas-de-aire-comprimido\/panel-de-filtro\/#primaryimage","url":"https:\/\/www.hutter.nl\/wp-content\/uploads\/2016\/05\/filteerpaneel.png","contentUrl":"https:\/\/www.hutter.nl\/wp-content\/uploads\/2016\/05\/filteerpaneel.png","width":370,"height":370,"caption":"Panel de filtro"},{"@type":"BreadcrumbList","@id":"https:\/\/www.hutter.nl\/es\/winkel\/gama\/epi-diversos\/sistemas-de-aire-comprimido\/panel-de-filtro\/#breadcrumb","itemListElement":[{"@type":"ListItem","position":1,"name":"Home","item":"https:\/\/www.hutter.nl\/es\/"},{"@type":"ListItem","position":2,"name":"Winkel","item":"https:\/\/www.hutter.nl\/winkel\/"},{"@type":"ListItem","position":3,"name":"PANEL DE FILTRO"}]},{"@type":"WebSite","@id":"https:\/\/www.hutter.nl\/#website","url":"https:\/\/www.hutter.nl\/","name":"H\u00fctter Safety","description":"Specialist in arbeidsveiligheid sinds 1909","publisher":{"@id":"https:\/\/www.hutter.nl\/#organization"},"potentialAction":[{"@type":"SearchAction","target":{"@type":"EntryPoint","urlTemplate":"https:\/\/www.hutter.nl\/?s={search_term_string}"},"query-input":{"@type":"PropertyValueSpecification","valueRequired":true,"valueName":"search_term_string"}}],"inLanguage":"es"},{"@type":"Organization","@id":"https:\/\/www.hutter.nl\/#organization","name":"H\u00fctter Veiligheid B.V.","url":"https:\/\/www.hutter.nl\/","logo":{"@type":"ImageObject","inLanguage":"es","@id":"https:\/\/www.hutter.nl\/#\/schema\/logo\/image\/","url":"https:\/\/www.hutter.nl\/wp-content\/uploads\/2016\/10\/Hutter_Veiligheid_logo-email.png","contentUrl":"https:\/\/www.hutter.nl\/wp-content\/uploads\/2016\/10\/Hutter_Veiligheid_logo-email.png","width":150,"height":104,"caption":"H\u00fctter Veiligheid B.V."},"image":{"@id":"https:\/\/www.hutter.nl\/#\/schema\/logo\/image\/"},"sameAs":["https:\/\/x.com\/hutter_safety","https:\/\/www.linkedin.com\/company\/h\u00fctter-veiligheid-bv?trk=company_logo"]}]}},"_links":{"self":[{"href":"https:\/\/www.hutter.nl\/es\/wp-json\/wp\/v2\/product\/14733","targetHints":{"allow":["GET"]}}],"collection":[{"href":"https:\/\/www.hutter.nl\/es\/wp-json\/wp\/v2\/product"}],"about":[{"href":"https:\/\/www.hutter.nl\/es\/wp-json\/wp\/v2\/types\/product"}],"replies":[{"embeddable":true,"href":"https:\/\/www.hutter.nl\/es\/wp-json\/wp\/v2\/comments?post=14733"}],"wp:featuredmedia":[{"embeddable":true,"href":"https:\/\/www.hutter.nl\/es\/wp-json\/wp\/v2\/media\/14727"}],"wp:attachment":[{"href":"https:\/\/www.hutter.nl\/es\/wp-json\/wp\/v2\/media?parent=14733"}],"wp:term":[{"taxonomy":"product_brand","embeddable":true,"href":"https:\/\/www.hutter.nl\/es\/wp-json\/wp\/v2\/product_brand?post=14733"},{"taxonomy":"product_cat","embeddable":true,"href":"https:\/\/www.hutter.nl\/es\/wp-json\/wp\/v2\/product_cat?post=14733"},{"taxonomy":"product_tag","embeddable":true,"href":"https:\/\/www.hutter.nl\/es\/wp-json\/wp\/v2\/product_tag?post=14733"}],"curies":[{"name":"wp","href":"https:\/\/api.w.org\/{rel}","templated":true}]}}