{"id":14903,"date":"2025-09-23T16:54:44","date_gmt":"2025-09-23T14:54:44","guid":{"rendered":"https:\/\/www.hutter.nl\/winkel\/sin%20categor\u00eda\/arnes-hsi-basic\/"},"modified":"2025-12-08T09:53:42","modified_gmt":"2025-12-08T08:53:42","slug":"arnes-hsi-basic","status":"publish","type":"product","link":"https:\/\/www.hutter.nl\/es\/winkel\/gama\/proteccion-anticaidas\/arneses\/arnes-hsi-basic\/","title":{"rendered":"Arn\u00e9s Basic+ HSI"},"content":{"rendered":"<p>Un arn\u00e9s ligero de tres puntos con correas ajustables para el pecho y los muslos, mejorado con secciones acolchonadas en los hombros, la espalda y las piernas para mayor comodidad durante su uso prolongado. El arn\u00e9s cuenta con un anillo D dorsal en la espalda y dos bucles de sujeci\u00f3n en el pecho, proporcionando opciones de conexi\u00f3n vers\u00e1tiles y seguras. Este arn\u00e9s ofrece la comodidad de hebillas autom\u00e1ticas, eliminando la necesidad de hebillas manuales.<\/p>\n<p>&nbsp;<\/p>\n<p><strong><img decoding=\"async\" class=\"emoji\" role=\"img\" draggable=\"false\" src=\"https:\/\/s.w.org\/images\/core\/emoji\/17.0.2\/svg\/1f4c4.svg\" alt=\"\ud83d\udcc4\" \/> <a href=\"https:\/\/www.hutter.nl\/wp-content\/uploads\/2025\/10\/TS-ES-HSI-Basic-Harness-2.5.1.pdf\" target=\"_blank\" rel=\"noopener\">Haga clic aqu\u00ed para ver la ficha t\u00e9cnica.<\/a><\/strong><\/p>\n","protected":false},"excerpt":{"rendered":"<p>Este arn\u00e9s de protecci\u00f3n contra ca\u00eddas est\u00e1 dise\u00f1ado para distribuir las fuerzas de impacto de manera uniforme por todo el cuerpo, proporcionando puntos de sujeci\u00f3n seguros para los sistemas de detenci\u00f3n de ca\u00eddas.<\/p>\n","protected":false},"featured_media":14879,"comment_status":"closed","ping_status":"closed","template":"","meta":[],"product_brand":[],"product_cat":[3377],"product_tag":[],"class_list":{"0":"post-14903","1":"product","2":"type-product","3":"status-publish","4":"has-post-thumbnail","6":"product_cat-arneses","8":"first","9":"instock","10":"shipping-taxable","11":"product-type-simple","12":"prodpage-classic"},"yoast_head":"<!-- This site is optimized with the Yoast SEO plugin v27.4 - https:\/\/yoast.com\/product\/yoast-seo-wordpress\/ -->\n<title>Arn\u00e9s Basic+ HSI - H\u00fctter Veiligheid B.V.<\/title>\n<meta name=\"robots\" content=\"index, follow, max-snippet:-1, max-image-preview:large, max-video-preview:-1\" \/>\n<link rel=\"canonical\" href=\"https:\/\/www.hutter.nl\/es\/winkel\/gama\/proteccion-anticaidas\/arneses\/arnes-hsi-basic\/\" \/>\n<meta property=\"og:locale\" content=\"es_ES\" \/>\n<meta property=\"og:type\" content=\"article\" \/>\n<meta property=\"og:title\" content=\"Arn\u00e9s Basic+ HSI - H\u00fctter Veiligheid B.V.\" \/>\n<meta property=\"og:description\" content=\"Este arn\u00e9s de protecci\u00f3n contra ca\u00eddas est\u00e1 dise\u00f1ado para distribuir las fuerzas de impacto de manera uniforme por todo el cuerpo, proporcionando puntos de sujeci\u00f3n seguros para los sistemas de detenci\u00f3n de ca\u00eddas.\" \/>\n<meta property=\"og:url\" content=\"https:\/\/www.hutter.nl\/es\/winkel\/gama\/proteccion-anticaidas\/arneses\/arnes-hsi-basic\/\" \/>\n<meta property=\"og:site_name\" content=\"H\u00fctter Veiligheid B.V.\" \/>\n<meta property=\"article:modified_time\" content=\"2025-12-08T08:53:42+00:00\" \/>\n<meta property=\"og:image\" content=\"https:\/\/www.hutter.nl\/wp-content\/uploads\/2025\/09\/Viraj-Harnas-Basic.png\" \/>\n\t<meta property=\"og:image:width\" content=\"2000\" \/>\n\t<meta property=\"og:image:height\" content=\"2000\" \/>\n\t<meta property=\"og:image:type\" content=\"image\/png\" \/>\n<meta name=\"twitter:card\" content=\"summary_large_image\" \/>\n<meta name=\"twitter:site\" content=\"@hutter_safety\" \/>\n<meta name=\"twitter:label1\" content=\"Tiempo de lectura\" \/>\n\t<meta name=\"twitter:data1\" content=\"1 minuto\" \/>\n<script type=\"application\/ld+json\" class=\"yoast-schema-graph\">{\"@context\":\"https:\\\/\\\/schema.org\",\"@graph\":[{\"@type\":\"WebPage\",\"@id\":\"https:\\\/\\\/www.hutter.nl\\\/es\\\/winkel\\\/gama\\\/proteccion-anticaidas\\\/arneses\\\/arnes-hsi-basic\\\/\",\"url\":\"https:\\\/\\\/www.hutter.nl\\\/es\\\/winkel\\\/gama\\\/proteccion-anticaidas\\\/arneses\\\/arnes-hsi-basic\\\/\",\"name\":\"Arn\u00e9s Basic+ HSI - H\u00fctter Veiligheid B.V.\",\"isPartOf\":{\"@id\":\"https:\\\/\\\/www.hutter.nl\\\/#website\"},\"primaryImageOfPage\":{\"@id\":\"https:\\\/\\\/www.hutter.nl\\\/es\\\/winkel\\\/gama\\\/proteccion-anticaidas\\\/arneses\\\/arnes-hsi-basic\\\/#primaryimage\"},\"image\":{\"@id\":\"https:\\\/\\\/www.hutter.nl\\\/es\\\/winkel\\\/gama\\\/proteccion-anticaidas\\\/arneses\\\/arnes-hsi-basic\\\/#primaryimage\"},\"thumbnailUrl\":\"https:\\\/\\\/www.hutter.nl\\\/wp-content\\\/uploads\\\/2025\\\/09\\\/Viraj-Harnas-Basic.png\",\"datePublished\":\"2025-09-23T14:54:44+00:00\",\"dateModified\":\"2025-12-08T08:53:42+00:00\",\"breadcrumb\":{\"@id\":\"https:\\\/\\\/www.hutter.nl\\\/es\\\/winkel\\\/gama\\\/proteccion-anticaidas\\\/arneses\\\/arnes-hsi-basic\\\/#breadcrumb\"},\"inLanguage\":\"es\",\"potentialAction\":[{\"@type\":\"ReadAction\",\"target\":[\"https:\\\/\\\/www.hutter.nl\\\/es\\\/winkel\\\/gama\\\/proteccion-anticaidas\\\/arneses\\\/arnes-hsi-basic\\\/\"]}]},{\"@type\":\"ImageObject\",\"inLanguage\":\"es\",\"@id\":\"https:\\\/\\\/www.hutter.nl\\\/es\\\/winkel\\\/gama\\\/proteccion-anticaidas\\\/arneses\\\/arnes-hsi-basic\\\/#primaryimage\",\"url\":\"https:\\\/\\\/www.hutter.nl\\\/wp-content\\\/uploads\\\/2025\\\/09\\\/Viraj-Harnas-Basic.png\",\"contentUrl\":\"https:\\\/\\\/www.hutter.nl\\\/wp-content\\\/uploads\\\/2025\\\/09\\\/Viraj-Harnas-Basic.png\",\"width\":2000,\"height\":2000,\"caption\":\"arn\u00e9s basic+ hsi\"},{\"@type\":\"BreadcrumbList\",\"@id\":\"https:\\\/\\\/www.hutter.nl\\\/es\\\/winkel\\\/gama\\\/proteccion-anticaidas\\\/arneses\\\/arnes-hsi-basic\\\/#breadcrumb\",\"itemListElement\":[{\"@type\":\"ListItem\",\"position\":1,\"name\":\"Home\",\"item\":\"https:\\\/\\\/www.hutter.nl\\\/es\\\/\"},{\"@type\":\"ListItem\",\"position\":2,\"name\":\"Winkel\",\"item\":\"https:\\\/\\\/www.hutter.nl\\\/winkel\\\/\"},{\"@type\":\"ListItem\",\"position\":3,\"name\":\"Arn\u00e9s Basic+ HSI\"}]},{\"@type\":\"WebSite\",\"@id\":\"https:\\\/\\\/www.hutter.nl\\\/#website\",\"url\":\"https:\\\/\\\/www.hutter.nl\\\/\",\"name\":\"H\u00fctter Safety\",\"description\":\"Specialist in arbeidsveiligheid sinds 1909\",\"publisher\":{\"@id\":\"https:\\\/\\\/www.hutter.nl\\\/#organization\"},\"potentialAction\":[{\"@type\":\"SearchAction\",\"target\":{\"@type\":\"EntryPoint\",\"urlTemplate\":\"https:\\\/\\\/www.hutter.nl\\\/?s={search_term_string}\"},\"query-input\":{\"@type\":\"PropertyValueSpecification\",\"valueRequired\":true,\"valueName\":\"search_term_string\"}}],\"inLanguage\":\"es\"},{\"@type\":\"Organization\",\"@id\":\"https:\\\/\\\/www.hutter.nl\\\/#organization\",\"name\":\"H\u00fctter Veiligheid B.V.\",\"url\":\"https:\\\/\\\/www.hutter.nl\\\/\",\"logo\":{\"@type\":\"ImageObject\",\"inLanguage\":\"es\",\"@id\":\"https:\\\/\\\/www.hutter.nl\\\/#\\\/schema\\\/logo\\\/image\\\/\",\"url\":\"https:\\\/\\\/www.hutter.nl\\\/wp-content\\\/uploads\\\/2016\\\/10\\\/Hutter_Veiligheid_logo-email.png\",\"contentUrl\":\"https:\\\/\\\/www.hutter.nl\\\/wp-content\\\/uploads\\\/2016\\\/10\\\/Hutter_Veiligheid_logo-email.png\",\"width\":150,\"height\":104,\"caption\":\"H\u00fctter Veiligheid B.V.\"},\"image\":{\"@id\":\"https:\\\/\\\/www.hutter.nl\\\/#\\\/schema\\\/logo\\\/image\\\/\"},\"sameAs\":[\"https:\\\/\\\/x.com\\\/hutter_safety\",\"https:\\\/\\\/www.linkedin.com\\\/company\\\/h\u00fctter-veiligheid-bv?trk=company_logo\"]}]}<\/script>\n<!-- \/ Yoast SEO plugin. -->","yoast_head_json":{"title":"Arn\u00e9s Basic+ HSI - H\u00fctter Veiligheid B.V.","robots":{"index":"index","follow":"follow","max-snippet":"max-snippet:-1","max-image-preview":"max-image-preview:large","max-video-preview":"max-video-preview:-1"},"canonical":"https:\/\/www.hutter.nl\/es\/winkel\/gama\/proteccion-anticaidas\/arneses\/arnes-hsi-basic\/","og_locale":"es_ES","og_type":"article","og_title":"Arn\u00e9s Basic+ HSI - H\u00fctter Veiligheid B.V.","og_description":"Este arn\u00e9s de protecci\u00f3n contra ca\u00eddas est\u00e1 dise\u00f1ado para distribuir las fuerzas de impacto de manera uniforme por todo el cuerpo, proporcionando puntos de sujeci\u00f3n seguros para los sistemas de detenci\u00f3n de ca\u00eddas.","og_url":"https:\/\/www.hutter.nl\/es\/winkel\/gama\/proteccion-anticaidas\/arneses\/arnes-hsi-basic\/","og_site_name":"H\u00fctter Veiligheid B.V.","article_modified_time":"2025-12-08T08:53:42+00:00","og_image":[{"width":2000,"height":2000,"url":"https:\/\/www.hutter.nl\/wp-content\/uploads\/2025\/09\/Viraj-Harnas-Basic.png","type":"image\/png"}],"twitter_card":"summary_large_image","twitter_site":"@hutter_safety","twitter_misc":{"Tiempo de lectura":"1 minuto"},"schema":{"@context":"https:\/\/schema.org","@graph":[{"@type":"WebPage","@id":"https:\/\/www.hutter.nl\/es\/winkel\/gama\/proteccion-anticaidas\/arneses\/arnes-hsi-basic\/","url":"https:\/\/www.hutter.nl\/es\/winkel\/gama\/proteccion-anticaidas\/arneses\/arnes-hsi-basic\/","name":"Arn\u00e9s Basic+ HSI - H\u00fctter Veiligheid B.V.","isPartOf":{"@id":"https:\/\/www.hutter.nl\/#website"},"primaryImageOfPage":{"@id":"https:\/\/www.hutter.nl\/es\/winkel\/gama\/proteccion-anticaidas\/arneses\/arnes-hsi-basic\/#primaryimage"},"image":{"@id":"https:\/\/www.hutter.nl\/es\/winkel\/gama\/proteccion-anticaidas\/arneses\/arnes-hsi-basic\/#primaryimage"},"thumbnailUrl":"https:\/\/www.hutter.nl\/wp-content\/uploads\/2025\/09\/Viraj-Harnas-Basic.png","datePublished":"2025-09-23T14:54:44+00:00","dateModified":"2025-12-08T08:53:42+00:00","breadcrumb":{"@id":"https:\/\/www.hutter.nl\/es\/winkel\/gama\/proteccion-anticaidas\/arneses\/arnes-hsi-basic\/#breadcrumb"},"inLanguage":"es","potentialAction":[{"@type":"ReadAction","target":["https:\/\/www.hutter.nl\/es\/winkel\/gama\/proteccion-anticaidas\/arneses\/arnes-hsi-basic\/"]}]},{"@type":"ImageObject","inLanguage":"es","@id":"https:\/\/www.hutter.nl\/es\/winkel\/gama\/proteccion-anticaidas\/arneses\/arnes-hsi-basic\/#primaryimage","url":"https:\/\/www.hutter.nl\/wp-content\/uploads\/2025\/09\/Viraj-Harnas-Basic.png","contentUrl":"https:\/\/www.hutter.nl\/wp-content\/uploads\/2025\/09\/Viraj-Harnas-Basic.png","width":2000,"height":2000,"caption":"arn\u00e9s basic+ hsi"},{"@type":"BreadcrumbList","@id":"https:\/\/www.hutter.nl\/es\/winkel\/gama\/proteccion-anticaidas\/arneses\/arnes-hsi-basic\/#breadcrumb","itemListElement":[{"@type":"ListItem","position":1,"name":"Home","item":"https:\/\/www.hutter.nl\/es\/"},{"@type":"ListItem","position":2,"name":"Winkel","item":"https:\/\/www.hutter.nl\/winkel\/"},{"@type":"ListItem","position":3,"name":"Arn\u00e9s Basic+ HSI"}]},{"@type":"WebSite","@id":"https:\/\/www.hutter.nl\/#website","url":"https:\/\/www.hutter.nl\/","name":"H\u00fctter Safety","description":"Specialist in arbeidsveiligheid sinds 1909","publisher":{"@id":"https:\/\/www.hutter.nl\/#organization"},"potentialAction":[{"@type":"SearchAction","target":{"@type":"EntryPoint","urlTemplate":"https:\/\/www.hutter.nl\/?s={search_term_string}"},"query-input":{"@type":"PropertyValueSpecification","valueRequired":true,"valueName":"search_term_string"}}],"inLanguage":"es"},{"@type":"Organization","@id":"https:\/\/www.hutter.nl\/#organization","name":"H\u00fctter Veiligheid B.V.","url":"https:\/\/www.hutter.nl\/","logo":{"@type":"ImageObject","inLanguage":"es","@id":"https:\/\/www.hutter.nl\/#\/schema\/logo\/image\/","url":"https:\/\/www.hutter.nl\/wp-content\/uploads\/2016\/10\/Hutter_Veiligheid_logo-email.png","contentUrl":"https:\/\/www.hutter.nl\/wp-content\/uploads\/2016\/10\/Hutter_Veiligheid_logo-email.png","width":150,"height":104,"caption":"H\u00fctter Veiligheid B.V."},"image":{"@id":"https:\/\/www.hutter.nl\/#\/schema\/logo\/image\/"},"sameAs":["https:\/\/x.com\/hutter_safety","https:\/\/www.linkedin.com\/company\/h\u00fctter-veiligheid-bv?trk=company_logo"]}]}},"_links":{"self":[{"href":"https:\/\/www.hutter.nl\/es\/wp-json\/wp\/v2\/product\/14903","targetHints":{"allow":["GET"]}}],"collection":[{"href":"https:\/\/www.hutter.nl\/es\/wp-json\/wp\/v2\/product"}],"about":[{"href":"https:\/\/www.hutter.nl\/es\/wp-json\/wp\/v2\/types\/product"}],"replies":[{"embeddable":true,"href":"https:\/\/www.hutter.nl\/es\/wp-json\/wp\/v2\/comments?post=14903"}],"wp:featuredmedia":[{"embeddable":true,"href":"https:\/\/www.hutter.nl\/es\/wp-json\/wp\/v2\/media\/14879"}],"wp:attachment":[{"href":"https:\/\/www.hutter.nl\/es\/wp-json\/wp\/v2\/media?parent=14903"}],"wp:term":[{"taxonomy":"product_brand","embeddable":true,"href":"https:\/\/www.hutter.nl\/es\/wp-json\/wp\/v2\/product_brand?post=14903"},{"taxonomy":"product_cat","embeddable":true,"href":"https:\/\/www.hutter.nl\/es\/wp-json\/wp\/v2\/product_cat?post=14903"},{"taxonomy":"product_tag","embeddable":true,"href":"https:\/\/www.hutter.nl\/es\/wp-json\/wp\/v2\/product_tag?post=14903"}],"curies":[{"name":"wp","href":"https:\/\/api.w.org\/{rel}","templated":true}]}}