{"id":14905,"date":"2025-09-24T09:54:30","date_gmt":"2025-09-24T07:54:30","guid":{"rendered":"https:\/\/www.hutter.nl\/winkel\/sin%20categor\u00eda\/linea-de-vida-hsi\/"},"modified":"2025-12-08T09:55:38","modified_gmt":"2025-12-08T08:55:38","slug":"linea-de-vida-hsi","status":"publish","type":"product","link":"https:\/\/www.hutter.nl\/es\/winkel\/gama\/proteccion-anticaidas\/lineas-de-vida\/linea-de-vida-hsi\/","title":{"rendered":"L\u00ednea de vida HSI"},"content":{"rendered":"<p>La l\u00ednea de vida simple est\u00e1 dise\u00f1ada para la protecci\u00f3n contra ca\u00eddas y ofrece una conexi\u00f3n segura entre el usuario y un punto de anclaje. Su mecanismo de absorci\u00f3n de energ\u00eda reduce las fuerzas de impacto en caso de una ca\u00edda. Los conectores robustos garantizan una sujeci\u00f3n fiable tanto al punto de anclaje como al arn\u00e9s de seguridad.<\/p>\n<p>&nbsp;<\/p>\n<p><strong><img decoding=\"async\" class=\"emoji\" role=\"img\" draggable=\"false\" src=\"https:\/\/s.w.org\/images\/core\/emoji\/17.0.2\/svg\/1f4c4.svg\" alt=\"\ud83d\udcc4\" \/> <\/strong><strong><a href=\"https:\/\/www.hutter.nl\/wp-content\/uploads\/2025\/10\/TS-ES-Scope-Single-Leg-Lanyard-2.5.1.pdf\" target=\"_blank\" rel=\"noopener\">Haga clic aqu\u00ed para ver la ficha t\u00e9cnica.<\/a><\/strong><\/p>\n","protected":false},"excerpt":{"rendered":"<p>L\u00ednea de vida simple con absorbedor de energ\u00eda integrado. Un extremo de la l\u00ednea est\u00e1 equipado con un mosquet\u00f3n de acero, mientras que el otro extremo cuenta con un gancho rebar. La l\u00ednea est\u00e1 disponible en una longitud de 1,8 metros.<\/p>\n","protected":false},"featured_media":14887,"comment_status":"closed","ping_status":"closed","template":"","meta":[],"product_brand":[],"product_cat":[3378],"product_tag":[],"class_list":{"0":"post-14905","1":"product","2":"type-product","3":"status-publish","4":"has-post-thumbnail","6":"product_cat-lineas-de-vida","8":"first","9":"instock","10":"shipping-taxable","11":"product-type-simple","12":"prodpage-classic"},"yoast_head":"<!-- This site is optimized with the Yoast SEO plugin v27.4 - https:\/\/yoast.com\/product\/yoast-seo-wordpress\/ -->\n<title>L\u00ednea de vida HSI - H\u00fctter Veiligheid B.V.<\/title>\n<meta name=\"description\" content=\"L\u00ednea de vida HSI: l\u00ednea simple con absorbedor de energ\u00eda, conectores robustos y sujeci\u00f3n segura para una protecci\u00f3n antica\u00eddas \u00f3ptima de hasta 1,8 metros.\" \/>\n<meta name=\"robots\" content=\"index, follow, max-snippet:-1, max-image-preview:large, max-video-preview:-1\" \/>\n<link rel=\"canonical\" href=\"https:\/\/www.hutter.nl\/es\/winkel\/gama\/proteccion-anticaidas\/lineas-de-vida\/linea-de-vida-hsi\/\" \/>\n<meta property=\"og:locale\" content=\"es_ES\" \/>\n<meta property=\"og:type\" content=\"article\" \/>\n<meta property=\"og:title\" content=\"L\u00ednea de vida HSI - H\u00fctter Veiligheid B.V.\" \/>\n<meta property=\"og:description\" content=\"L\u00ednea de vida HSI: l\u00ednea simple con absorbedor de energ\u00eda, conectores robustos y sujeci\u00f3n segura para una protecci\u00f3n antica\u00eddas \u00f3ptima de hasta 1,8 metros.\" \/>\n<meta property=\"og:url\" content=\"https:\/\/www.hutter.nl\/es\/winkel\/gama\/proteccion-anticaidas\/lineas-de-vida\/linea-de-vida-hsi\/\" \/>\n<meta property=\"og:site_name\" content=\"H\u00fctter Veiligheid B.V.\" \/>\n<meta property=\"article:modified_time\" content=\"2025-12-08T08:55:38+00:00\" \/>\n<meta property=\"og:image\" content=\"https:\/\/www.hutter.nl\/wp-content\/uploads\/2025\/09\/HSI-Enkele-Vallijn.png\" \/>\n\t<meta property=\"og:image:width\" content=\"2000\" \/>\n\t<meta property=\"og:image:height\" content=\"2000\" \/>\n\t<meta property=\"og:image:type\" content=\"image\/png\" \/>\n<meta name=\"twitter:card\" content=\"summary_large_image\" \/>\n<meta name=\"twitter:site\" content=\"@hutter_safety\" \/>\n<meta name=\"twitter:label1\" content=\"Tiempo de lectura\" \/>\n\t<meta name=\"twitter:data1\" content=\"1 minuto\" \/>\n<script type=\"application\/ld+json\" class=\"yoast-schema-graph\">{\"@context\":\"https:\\\/\\\/schema.org\",\"@graph\":[{\"@type\":\"WebPage\",\"@id\":\"https:\\\/\\\/www.hutter.nl\\\/es\\\/winkel\\\/gama\\\/proteccion-anticaidas\\\/lineas-de-vida\\\/linea-de-vida-hsi\\\/\",\"url\":\"https:\\\/\\\/www.hutter.nl\\\/es\\\/winkel\\\/gama\\\/proteccion-anticaidas\\\/lineas-de-vida\\\/linea-de-vida-hsi\\\/\",\"name\":\"L\u00ednea de vida HSI - H\u00fctter Veiligheid B.V.\",\"isPartOf\":{\"@id\":\"https:\\\/\\\/www.hutter.nl\\\/#website\"},\"primaryImageOfPage\":{\"@id\":\"https:\\\/\\\/www.hutter.nl\\\/es\\\/winkel\\\/gama\\\/proteccion-anticaidas\\\/lineas-de-vida\\\/linea-de-vida-hsi\\\/#primaryimage\"},\"image\":{\"@id\":\"https:\\\/\\\/www.hutter.nl\\\/es\\\/winkel\\\/gama\\\/proteccion-anticaidas\\\/lineas-de-vida\\\/linea-de-vida-hsi\\\/#primaryimage\"},\"thumbnailUrl\":\"https:\\\/\\\/www.hutter.nl\\\/wp-content\\\/uploads\\\/2025\\\/09\\\/HSI-Enkele-Vallijn.png\",\"datePublished\":\"2025-09-24T07:54:30+00:00\",\"dateModified\":\"2025-12-08T08:55:38+00:00\",\"description\":\"L\u00ednea de vida HSI: l\u00ednea simple con absorbedor de energ\u00eda, conectores robustos y sujeci\u00f3n segura para una protecci\u00f3n antica\u00eddas \u00f3ptima de hasta 1,8 metros.\",\"breadcrumb\":{\"@id\":\"https:\\\/\\\/www.hutter.nl\\\/es\\\/winkel\\\/gama\\\/proteccion-anticaidas\\\/lineas-de-vida\\\/linea-de-vida-hsi\\\/#breadcrumb\"},\"inLanguage\":\"es\",\"potentialAction\":[{\"@type\":\"ReadAction\",\"target\":[\"https:\\\/\\\/www.hutter.nl\\\/es\\\/winkel\\\/gama\\\/proteccion-anticaidas\\\/lineas-de-vida\\\/linea-de-vida-hsi\\\/\"]}]},{\"@type\":\"ImageObject\",\"inLanguage\":\"es\",\"@id\":\"https:\\\/\\\/www.hutter.nl\\\/es\\\/winkel\\\/gama\\\/proteccion-anticaidas\\\/lineas-de-vida\\\/linea-de-vida-hsi\\\/#primaryimage\",\"url\":\"https:\\\/\\\/www.hutter.nl\\\/wp-content\\\/uploads\\\/2025\\\/09\\\/HSI-Enkele-Vallijn.png\",\"contentUrl\":\"https:\\\/\\\/www.hutter.nl\\\/wp-content\\\/uploads\\\/2025\\\/09\\\/HSI-Enkele-Vallijn.png\",\"width\":2000,\"height\":2000,\"caption\":\"l\u00ednea de vida hsi\"},{\"@type\":\"BreadcrumbList\",\"@id\":\"https:\\\/\\\/www.hutter.nl\\\/es\\\/winkel\\\/gama\\\/proteccion-anticaidas\\\/lineas-de-vida\\\/linea-de-vida-hsi\\\/#breadcrumb\",\"itemListElement\":[{\"@type\":\"ListItem\",\"position\":1,\"name\":\"Home\",\"item\":\"https:\\\/\\\/www.hutter.nl\\\/es\\\/\"},{\"@type\":\"ListItem\",\"position\":2,\"name\":\"Winkel\",\"item\":\"https:\\\/\\\/www.hutter.nl\\\/winkel\\\/\"},{\"@type\":\"ListItem\",\"position\":3,\"name\":\"L\u00ednea de vida HSI\"}]},{\"@type\":\"WebSite\",\"@id\":\"https:\\\/\\\/www.hutter.nl\\\/#website\",\"url\":\"https:\\\/\\\/www.hutter.nl\\\/\",\"name\":\"H\u00fctter Safety\",\"description\":\"Specialist in arbeidsveiligheid sinds 1909\",\"publisher\":{\"@id\":\"https:\\\/\\\/www.hutter.nl\\\/#organization\"},\"potentialAction\":[{\"@type\":\"SearchAction\",\"target\":{\"@type\":\"EntryPoint\",\"urlTemplate\":\"https:\\\/\\\/www.hutter.nl\\\/?s={search_term_string}\"},\"query-input\":{\"@type\":\"PropertyValueSpecification\",\"valueRequired\":true,\"valueName\":\"search_term_string\"}}],\"inLanguage\":\"es\"},{\"@type\":\"Organization\",\"@id\":\"https:\\\/\\\/www.hutter.nl\\\/#organization\",\"name\":\"H\u00fctter Veiligheid B.V.\",\"url\":\"https:\\\/\\\/www.hutter.nl\\\/\",\"logo\":{\"@type\":\"ImageObject\",\"inLanguage\":\"es\",\"@id\":\"https:\\\/\\\/www.hutter.nl\\\/#\\\/schema\\\/logo\\\/image\\\/\",\"url\":\"https:\\\/\\\/www.hutter.nl\\\/wp-content\\\/uploads\\\/2016\\\/10\\\/Hutter_Veiligheid_logo-email.png\",\"contentUrl\":\"https:\\\/\\\/www.hutter.nl\\\/wp-content\\\/uploads\\\/2016\\\/10\\\/Hutter_Veiligheid_logo-email.png\",\"width\":150,\"height\":104,\"caption\":\"H\u00fctter Veiligheid B.V.\"},\"image\":{\"@id\":\"https:\\\/\\\/www.hutter.nl\\\/#\\\/schema\\\/logo\\\/image\\\/\"},\"sameAs\":[\"https:\\\/\\\/x.com\\\/hutter_safety\",\"https:\\\/\\\/www.linkedin.com\\\/company\\\/h\u00fctter-veiligheid-bv?trk=company_logo\"]}]}<\/script>\n<!-- \/ Yoast SEO plugin. -->","yoast_head_json":{"title":"L\u00ednea de vida HSI - H\u00fctter Veiligheid B.V.","description":"L\u00ednea de vida HSI: l\u00ednea simple con absorbedor de energ\u00eda, conectores robustos y sujeci\u00f3n segura para una protecci\u00f3n antica\u00eddas \u00f3ptima de hasta 1,8 metros.","robots":{"index":"index","follow":"follow","max-snippet":"max-snippet:-1","max-image-preview":"max-image-preview:large","max-video-preview":"max-video-preview:-1"},"canonical":"https:\/\/www.hutter.nl\/es\/winkel\/gama\/proteccion-anticaidas\/lineas-de-vida\/linea-de-vida-hsi\/","og_locale":"es_ES","og_type":"article","og_title":"L\u00ednea de vida HSI - H\u00fctter Veiligheid B.V.","og_description":"L\u00ednea de vida HSI: l\u00ednea simple con absorbedor de energ\u00eda, conectores robustos y sujeci\u00f3n segura para una protecci\u00f3n antica\u00eddas \u00f3ptima de hasta 1,8 metros.","og_url":"https:\/\/www.hutter.nl\/es\/winkel\/gama\/proteccion-anticaidas\/lineas-de-vida\/linea-de-vida-hsi\/","og_site_name":"H\u00fctter Veiligheid B.V.","article_modified_time":"2025-12-08T08:55:38+00:00","og_image":[{"width":2000,"height":2000,"url":"https:\/\/www.hutter.nl\/wp-content\/uploads\/2025\/09\/HSI-Enkele-Vallijn.png","type":"image\/png"}],"twitter_card":"summary_large_image","twitter_site":"@hutter_safety","twitter_misc":{"Tiempo de lectura":"1 minuto"},"schema":{"@context":"https:\/\/schema.org","@graph":[{"@type":"WebPage","@id":"https:\/\/www.hutter.nl\/es\/winkel\/gama\/proteccion-anticaidas\/lineas-de-vida\/linea-de-vida-hsi\/","url":"https:\/\/www.hutter.nl\/es\/winkel\/gama\/proteccion-anticaidas\/lineas-de-vida\/linea-de-vida-hsi\/","name":"L\u00ednea de vida HSI - H\u00fctter Veiligheid B.V.","isPartOf":{"@id":"https:\/\/www.hutter.nl\/#website"},"primaryImageOfPage":{"@id":"https:\/\/www.hutter.nl\/es\/winkel\/gama\/proteccion-anticaidas\/lineas-de-vida\/linea-de-vida-hsi\/#primaryimage"},"image":{"@id":"https:\/\/www.hutter.nl\/es\/winkel\/gama\/proteccion-anticaidas\/lineas-de-vida\/linea-de-vida-hsi\/#primaryimage"},"thumbnailUrl":"https:\/\/www.hutter.nl\/wp-content\/uploads\/2025\/09\/HSI-Enkele-Vallijn.png","datePublished":"2025-09-24T07:54:30+00:00","dateModified":"2025-12-08T08:55:38+00:00","description":"L\u00ednea de vida HSI: l\u00ednea simple con absorbedor de energ\u00eda, conectores robustos y sujeci\u00f3n segura para una protecci\u00f3n antica\u00eddas \u00f3ptima de hasta 1,8 metros.","breadcrumb":{"@id":"https:\/\/www.hutter.nl\/es\/winkel\/gama\/proteccion-anticaidas\/lineas-de-vida\/linea-de-vida-hsi\/#breadcrumb"},"inLanguage":"es","potentialAction":[{"@type":"ReadAction","target":["https:\/\/www.hutter.nl\/es\/winkel\/gama\/proteccion-anticaidas\/lineas-de-vida\/linea-de-vida-hsi\/"]}]},{"@type":"ImageObject","inLanguage":"es","@id":"https:\/\/www.hutter.nl\/es\/winkel\/gama\/proteccion-anticaidas\/lineas-de-vida\/linea-de-vida-hsi\/#primaryimage","url":"https:\/\/www.hutter.nl\/wp-content\/uploads\/2025\/09\/HSI-Enkele-Vallijn.png","contentUrl":"https:\/\/www.hutter.nl\/wp-content\/uploads\/2025\/09\/HSI-Enkele-Vallijn.png","width":2000,"height":2000,"caption":"l\u00ednea de vida hsi"},{"@type":"BreadcrumbList","@id":"https:\/\/www.hutter.nl\/es\/winkel\/gama\/proteccion-anticaidas\/lineas-de-vida\/linea-de-vida-hsi\/#breadcrumb","itemListElement":[{"@type":"ListItem","position":1,"name":"Home","item":"https:\/\/www.hutter.nl\/es\/"},{"@type":"ListItem","position":2,"name":"Winkel","item":"https:\/\/www.hutter.nl\/winkel\/"},{"@type":"ListItem","position":3,"name":"L\u00ednea de vida HSI"}]},{"@type":"WebSite","@id":"https:\/\/www.hutter.nl\/#website","url":"https:\/\/www.hutter.nl\/","name":"H\u00fctter Safety","description":"Specialist in arbeidsveiligheid sinds 1909","publisher":{"@id":"https:\/\/www.hutter.nl\/#organization"},"potentialAction":[{"@type":"SearchAction","target":{"@type":"EntryPoint","urlTemplate":"https:\/\/www.hutter.nl\/?s={search_term_string}"},"query-input":{"@type":"PropertyValueSpecification","valueRequired":true,"valueName":"search_term_string"}}],"inLanguage":"es"},{"@type":"Organization","@id":"https:\/\/www.hutter.nl\/#organization","name":"H\u00fctter Veiligheid B.V.","url":"https:\/\/www.hutter.nl\/","logo":{"@type":"ImageObject","inLanguage":"es","@id":"https:\/\/www.hutter.nl\/#\/schema\/logo\/image\/","url":"https:\/\/www.hutter.nl\/wp-content\/uploads\/2016\/10\/Hutter_Veiligheid_logo-email.png","contentUrl":"https:\/\/www.hutter.nl\/wp-content\/uploads\/2016\/10\/Hutter_Veiligheid_logo-email.png","width":150,"height":104,"caption":"H\u00fctter Veiligheid B.V."},"image":{"@id":"https:\/\/www.hutter.nl\/#\/schema\/logo\/image\/"},"sameAs":["https:\/\/x.com\/hutter_safety","https:\/\/www.linkedin.com\/company\/h\u00fctter-veiligheid-bv?trk=company_logo"]}]}},"_links":{"self":[{"href":"https:\/\/www.hutter.nl\/es\/wp-json\/wp\/v2\/product\/14905","targetHints":{"allow":["GET"]}}],"collection":[{"href":"https:\/\/www.hutter.nl\/es\/wp-json\/wp\/v2\/product"}],"about":[{"href":"https:\/\/www.hutter.nl\/es\/wp-json\/wp\/v2\/types\/product"}],"replies":[{"embeddable":true,"href":"https:\/\/www.hutter.nl\/es\/wp-json\/wp\/v2\/comments?post=14905"}],"wp:featuredmedia":[{"embeddable":true,"href":"https:\/\/www.hutter.nl\/es\/wp-json\/wp\/v2\/media\/14887"}],"wp:attachment":[{"href":"https:\/\/www.hutter.nl\/es\/wp-json\/wp\/v2\/media?parent=14905"}],"wp:term":[{"taxonomy":"product_brand","embeddable":true,"href":"https:\/\/www.hutter.nl\/es\/wp-json\/wp\/v2\/product_brand?post=14905"},{"taxonomy":"product_cat","embeddable":true,"href":"https:\/\/www.hutter.nl\/es\/wp-json\/wp\/v2\/product_cat?post=14905"},{"taxonomy":"product_tag","embeddable":true,"href":"https:\/\/www.hutter.nl\/es\/wp-json\/wp\/v2\/product_tag?post=14905"}],"curies":[{"name":"wp","href":"https:\/\/api.w.org\/{rel}","templated":true}]}}